{"id":454,"date":"2016-10-03T22:13:15","date_gmt":"2016-10-03T21:13:15","guid":{"rendered":"http:\/\/kichiko.net\/?page_id=454"},"modified":"2016-10-03T22:13:21","modified_gmt":"2016-10-03T21:13:21","slug":"ei-hachiko","status":"publish","type":"page","link":"https:\/\/kichiko.net\/?page_id=454","title":{"rendered":"Ei Hachiko"},"content":{"rendered":"<p>Kl. 09:55 . Nr.1 ble en r\u00f8d\u00a0tispe som veide\u00a0190 gr.\u00a0 <span style=\"color: #000000;\"><span class=\"rtb4\">Hun fikk navnet : Kichiko`s\u00a0 Ei Hachiko. Det betyr : Fullkommen Lille Bie.<\/span><\/span><\/p>\n<div class=\"tmpMainPicBox\">\n<div class=\"tmpMainPicSubBox\">\n<div class=\"tmpMainRich\">\n<p><span class=\"rtb4\">Nick : Aria<br \/>\nRase : Shiba<br \/>\nKj\u00f8nn : Tispe<br \/>\nFarge : R\u00f8d<br \/>\nF\u00f8dt : 7\/10-2013<br \/>\nReg.nr : NO54218\/13<br \/>\nHD : A<br \/>\nAD : A<\/span><\/p>\n<p><strong><span class=\"rtb4\"><br \/>\n<\/span><\/strong><span class=\"rtb4\">Eier : Jon Sindre Bakken og Irene Selmer Hennum, Oslo<\/span><\/p>\n<div id=\"attachment_450\" style=\"width: 410px\" class=\"wp-caption alignnone\"><img aria-describedby=\"caption-attachment-450\" loading=\"lazy\" class=\" wp-image-450\" src=\"http:\/\/kichiko.net\/wp-content\/uploads\/2016\/09\/hjAr-400x333.jpg\" alt=\"1 uke \" width=\"400\" height=\"333\" srcset=\"https:\/\/kichiko.net\/wp-content\/uploads\/2016\/09\/hjAr-400x333.jpg 400w, https:\/\/kichiko.net\/wp-content\/uploads\/2016\/09\/hjAr-768x640.jpg 768w, https:\/\/kichiko.net\/wp-content\/uploads\/2016\/09\/hjAr.jpg 960w\" sizes=\"(max-width: 400px) 100vw, 400px\" \/><p id=\"caption-attachment-450\" class=\"wp-caption-text\">1 uke<\/p><\/div>\n<div id=\"attachment_449\" style=\"width: 410px\" class=\"wp-caption alignnone\"><img aria-describedby=\"caption-attachment-449\" loading=\"lazy\" class=\" wp-image-449\" src=\"http:\/\/kichiko.net\/wp-content\/uploads\/2016\/09\/hjA7-400x357.jpg\" alt=\"7 uker \" width=\"400\" height=\"357\" srcset=\"https:\/\/kichiko.net\/wp-content\/uploads\/2016\/09\/hjA7-400x357.jpg 400w, https:\/\/kichiko.net\/wp-content\/uploads\/2016\/09\/hjA7-768x686.jpg 768w, https:\/\/kichiko.net\/wp-content\/uploads\/2016\/09\/hjA7-225x200.jpg 225w, https:\/\/kichiko.net\/wp-content\/uploads\/2016\/09\/hjA7.jpg 960w\" sizes=\"(max-width: 400px) 100vw, 400px\" \/><p id=\"caption-attachment-449\" class=\"wp-caption-text\">7 uker<\/p><\/div>\n<div id=\"attachment_448\" style=\"width: 410px\" class=\"wp-caption alignnone\"><img aria-describedby=\"caption-attachment-448\" loading=\"lazy\" class=\"size-medium wp-image-448\" src=\"http:\/\/kichiko.net\/wp-content\/uploads\/2016\/09\/hjArr-400x331.jpg\" alt=\"Aria med sine nye eiere\" width=\"400\" height=\"331\" srcset=\"https:\/\/kichiko.net\/wp-content\/uploads\/2016\/09\/hjArr-400x331.jpg 400w, https:\/\/kichiko.net\/wp-content\/uploads\/2016\/09\/hjArr-768x636.jpg 768w, https:\/\/kichiko.net\/wp-content\/uploads\/2016\/09\/hjArr-1024x848.jpg 1024w, https:\/\/kichiko.net\/wp-content\/uploads\/2016\/09\/hjArr.jpg 1279w\" sizes=\"(max-width: 400px) 100vw, 400px\" \/><p id=\"caption-attachment-448\" class=\"wp-caption-text\">Aria med sine nye eiere<\/p><\/div>\n<div id=\"attachment_451\" style=\"width: 410px\" class=\"wp-caption alignnone\"><img aria-describedby=\"caption-attachment-451\" loading=\"lazy\" class=\"size-medium wp-image-451\" src=\"http:\/\/kichiko.net\/wp-content\/uploads\/2016\/09\/Hjaaa-400x270.jpg\" alt=\"Aria\" width=\"400\" height=\"270\" srcset=\"https:\/\/kichiko.net\/wp-content\/uploads\/2016\/09\/Hjaaa-400x270.jpg 400w, https:\/\/kichiko.net\/wp-content\/uploads\/2016\/09\/Hjaaa.jpg 466w\" sizes=\"(max-width: 400px) 100vw, 400px\" \/><p id=\"caption-attachment-451\" class=\"wp-caption-text\">Aria<\/p><\/div>\n<\/div>\n<\/div>\n<\/div>\n","protected":false},"excerpt":{"rendered":"<p>Kl. 09:55 . Nr.1 ble en r\u00f8d\u00a0tispe som veide\u00a0190 gr.\u00a0 Hun fikk navnet : Kichiko`s\u00a0 Ei Hachiko. Det betyr : Fullkommen Lille Bie. Nick : Aria Rase : Shiba Kj\u00f8nn : Tispe Farge : R\u00f8d F\u00f8dt : 7\/10-2013 Reg.nr : NO54218\/13 HD : A AD : A Eier : Jon Sindre Bakken og Irene Selmer [&hellip;]<\/p>\n","protected":false},"author":2,"featured_media":0,"parent":125,"menu_order":0,"comment_status":"closed","ping_status":"closed","template":"","meta":[],"_links":{"self":[{"href":"https:\/\/kichiko.net\/index.php?rest_route=\/wp\/v2\/pages\/454"}],"collection":[{"href":"https:\/\/kichiko.net\/index.php?rest_route=\/wp\/v2\/pages"}],"about":[{"href":"https:\/\/kichiko.net\/index.php?rest_route=\/wp\/v2\/types\/page"}],"author":[{"embeddable":true,"href":"https:\/\/kichiko.net\/index.php?rest_route=\/wp\/v2\/users\/2"}],"replies":[{"embeddable":true,"href":"https:\/\/kichiko.net\/index.php?rest_route=%2Fwp%2Fv2%2Fcomments&post=454"}],"version-history":[{"count":1,"href":"https:\/\/kichiko.net\/index.php?rest_route=\/wp\/v2\/pages\/454\/revisions"}],"predecessor-version":[{"id":455,"href":"https:\/\/kichiko.net\/index.php?rest_route=\/wp\/v2\/pages\/454\/revisions\/455"}],"up":[{"embeddable":true,"href":"https:\/\/kichiko.net\/index.php?rest_route=\/wp\/v2\/pages\/125"}],"wp:attachment":[{"href":"https:\/\/kichiko.net\/index.php?rest_route=%2Fwp%2Fv2%2Fmedia&parent=454"}],"curies":[{"name":"wp","href":"https:\/\/api.w.org\/{rel}","templated":true}]}}