{"id":4518,"date":"2022-12-01T22:51:00","date_gmt":"2022-12-01T21:51:00","guid":{"rendered":"http:\/\/kichiko.net\/?page_id=4518"},"modified":"2023-01-18T21:03:42","modified_gmt":"2023-01-18T20:03:42","slug":"kichikos-n-3","status":"publish","type":"page","link":"https:\/\/kichiko.net\/?page_id=4518","title":{"rendered":"Kichiko`s Nano Yon Inu"},"content":{"rendered":"<p>Kl. 22:50. Det ble en r\u00f8d tispe som veide 220 gram og fikk navnet Kichiko`s Nano Yon Inu ( Liten Fire Hund )<\/p>\n<p>Nick : Nora<br \/>Rase : Shiba<br \/>Kj\u00f8nn: Tispe<br \/>Farge : R\u00f8d<br \/>F\u00f8dt: 26\/11-2022<br \/>Reg.nr : NO30508\/23<br \/>HD:<br \/>AD:<br \/>Patella:<br \/>Bitt:<\/p>\n<p>Eier :\u00a0 Hilde Knutsen, Oslo<\/p>\n\n\n<figure class=\"wp-block-image size-large\"><img loading=\"lazy\" width=\"956\" height=\"1024\" src=\"http:\/\/kichiko.net\/wp-content\/uploads\/2022\/12\/gul-956x1024.jpg\" alt=\"\" class=\"wp-image-4543\" srcset=\"https:\/\/kichiko.net\/wp-content\/uploads\/2022\/12\/gul-956x1024.jpg 956w, https:\/\/kichiko.net\/wp-content\/uploads\/2022\/12\/gul-400x428.jpg 400w, https:\/\/kichiko.net\/wp-content\/uploads\/2022\/12\/gul-768x822.jpg 768w, https:\/\/kichiko.net\/wp-content\/uploads\/2022\/12\/gul.jpg 1029w\" sizes=\"(max-width: 956px) 100vw, 956px\" \/><figcaption>Nyf\u00f8dt<\/figcaption><\/figure>\n\n\n\n<figure class=\"wp-block-image size-large\"><img loading=\"lazy\" width=\"917\" height=\"1024\" src=\"http:\/\/kichiko.net\/wp-content\/uploads\/2022\/12\/gul-1-917x1024.jpg\" alt=\"\" class=\"wp-image-4545\" srcset=\"https:\/\/kichiko.net\/wp-content\/uploads\/2022\/12\/gul-1-917x1024.jpg 917w, https:\/\/kichiko.net\/wp-content\/uploads\/2022\/12\/gul-1-400x447.jpg 400w, https:\/\/kichiko.net\/wp-content\/uploads\/2022\/12\/gul-1-768x858.jpg 768w, https:\/\/kichiko.net\/wp-content\/uploads\/2022\/12\/gul-1.jpg 968w\" sizes=\"(max-width: 917px) 100vw, 917px\" \/><figcaption>1 uke<\/figcaption><\/figure>\n\n\n\n<figure class=\"wp-block-image size-large\"><img loading=\"lazy\" width=\"911\" height=\"1024\" src=\"http:\/\/kichiko.net\/wp-content\/uploads\/2022\/12\/gul-2-911x1024.jpg\" alt=\"\" class=\"wp-image-4546\" srcset=\"https:\/\/kichiko.net\/wp-content\/uploads\/2022\/12\/gul-2-911x1024.jpg 911w, https:\/\/kichiko.net\/wp-content\/uploads\/2022\/12\/gul-2-400x450.jpg 400w, https:\/\/kichiko.net\/wp-content\/uploads\/2022\/12\/gul-2-768x863.jpg 768w, https:\/\/kichiko.net\/wp-content\/uploads\/2022\/12\/gul-2-1366x1536.jpg 1366w, https:\/\/kichiko.net\/wp-content\/uploads\/2022\/12\/gul-2.jpg 1715w\" sizes=\"(max-width: 911px) 100vw, 911px\" \/><figcaption>2 uker<\/figcaption><\/figure>\n\n\n\n<figure class=\"wp-block-image size-large\"><img loading=\"lazy\" width=\"1007\" height=\"1024\" src=\"http:\/\/kichiko.net\/wp-content\/uploads\/2022\/12\/gul-3-1007x1024.jpg\" alt=\"\" class=\"wp-image-4579\" srcset=\"https:\/\/kichiko.net\/wp-content\/uploads\/2022\/12\/gul-3-1007x1024.jpg 1007w, https:\/\/kichiko.net\/wp-content\/uploads\/2022\/12\/gul-3-400x407.jpg 400w, https:\/\/kichiko.net\/wp-content\/uploads\/2022\/12\/gul-3-768x781.jpg 768w, https:\/\/kichiko.net\/wp-content\/uploads\/2022\/12\/gul-3-1510x1536.jpg 1510w, https:\/\/kichiko.net\/wp-content\/uploads\/2022\/12\/gul-3.jpg 1803w\" sizes=\"(max-width: 1007px) 100vw, 1007px\" \/><figcaption>3 uker<\/figcaption><\/figure>\n\n\n\n<figure class=\"wp-block-image size-large\"><img loading=\"lazy\" width=\"831\" height=\"1024\" src=\"http:\/\/kichiko.net\/wp-content\/uploads\/2022\/12\/gul-4-831x1024.jpg\" alt=\"\" class=\"wp-image-4580\" srcset=\"https:\/\/kichiko.net\/wp-content\/uploads\/2022\/12\/gul-4-831x1024.jpg 831w, https:\/\/kichiko.net\/wp-content\/uploads\/2022\/12\/gul-4-400x493.jpg 400w, https:\/\/kichiko.net\/wp-content\/uploads\/2022\/12\/gul-4-768x947.jpg 768w, https:\/\/kichiko.net\/wp-content\/uploads\/2022\/12\/gul-4-1246x1536.jpg 1246w, https:\/\/kichiko.net\/wp-content\/uploads\/2022\/12\/gul-4.jpg 1638w\" sizes=\"(max-width: 831px) 100vw, 831px\" \/><figcaption>4 uker<\/figcaption><\/figure>\n\n\n\n<figure class=\"wp-block-image size-large\"><img loading=\"lazy\" width=\"782\" height=\"1024\" src=\"http:\/\/kichiko.net\/wp-content\/uploads\/2023\/01\/Gul-782x1024.jpg\" alt=\"\" class=\"wp-image-4594\" srcset=\"https:\/\/kichiko.net\/wp-content\/uploads\/2023\/01\/Gul-782x1024.jpg 782w, https:\/\/kichiko.net\/wp-content\/uploads\/2023\/01\/Gul-400x524.jpg 400w, https:\/\/kichiko.net\/wp-content\/uploads\/2023\/01\/Gul-768x1006.jpg 768w, https:\/\/kichiko.net\/wp-content\/uploads\/2023\/01\/Gul.jpg 1053w\" sizes=\"(max-width: 782px) 100vw, 782px\" \/><figcaption>5 uker<\/figcaption><\/figure>\n\n\n\n<figure class=\"wp-block-image size-large\"><img loading=\"lazy\" width=\"912\" height=\"1024\" src=\"http:\/\/kichiko.net\/wp-content\/uploads\/2023\/01\/gul-1-912x1024.jpg\" alt=\"\" class=\"wp-image-4597\" srcset=\"https:\/\/kichiko.net\/wp-content\/uploads\/2023\/01\/gul-1-912x1024.jpg 912w, https:\/\/kichiko.net\/wp-content\/uploads\/2023\/01\/gul-1-400x449.jpg 400w, https:\/\/kichiko.net\/wp-content\/uploads\/2023\/01\/gul-1-768x862.jpg 768w, https:\/\/kichiko.net\/wp-content\/uploads\/2023\/01\/gul-1-1368x1536.jpg 1368w, https:\/\/kichiko.net\/wp-content\/uploads\/2023\/01\/gul-1.jpg 1716w\" sizes=\"(max-width: 912px) 100vw, 912px\" \/><figcaption>6 uker<\/figcaption><\/figure>\n\n\n\n<figure class=\"wp-block-image size-large\"><img loading=\"lazy\" width=\"701\" height=\"1024\" src=\"http:\/\/kichiko.net\/wp-content\/uploads\/2023\/01\/Nora-701x1024.jpg\" alt=\"\" class=\"wp-image-4619\" srcset=\"https:\/\/kichiko.net\/wp-content\/uploads\/2023\/01\/Nora-701x1024.jpg 701w, https:\/\/kichiko.net\/wp-content\/uploads\/2023\/01\/Nora-400x584.jpg 400w, https:\/\/kichiko.net\/wp-content\/uploads\/2023\/01\/Nora-768x1122.jpg 768w, https:\/\/kichiko.net\/wp-content\/uploads\/2023\/01\/Nora-1052x1536.jpg 1052w, https:\/\/kichiko.net\/wp-content\/uploads\/2023\/01\/Nora.jpg 1402w\" sizes=\"(max-width: 701px) 100vw, 701px\" \/><figcaption>7 uker<\/figcaption><\/figure>\n","protected":false},"excerpt":{"rendered":"<p>Kl. 22:50. Det ble en r\u00f8d tispe som veide 220 gram og fikk navnet Kichiko`s Nano Yon Inu ( Liten Fire Hund ) Nick : NoraRase : ShibaKj\u00f8nn: TispeFarge : R\u00f8dF\u00f8dt: 26\/11-2022Reg.nr : NO30508\/23HD:AD:Patella:Bitt: Eier :\u00a0 Hilde Knutsen, Oslo<\/p>\n","protected":false},"author":2,"featured_media":0,"parent":4510,"menu_order":4,"comment_status":"closed","ping_status":"closed","template":"","meta":[],"_links":{"self":[{"href":"https:\/\/kichiko.net\/index.php?rest_route=\/wp\/v2\/pages\/4518"}],"collection":[{"href":"https:\/\/kichiko.net\/index.php?rest_route=\/wp\/v2\/pages"}],"about":[{"href":"https:\/\/kichiko.net\/index.php?rest_route=\/wp\/v2\/types\/page"}],"author":[{"embeddable":true,"href":"https:\/\/kichiko.net\/index.php?rest_route=\/wp\/v2\/users\/2"}],"replies":[{"embeddable":true,"href":"https:\/\/kichiko.net\/index.php?rest_route=%2Fwp%2Fv2%2Fcomments&post=4518"}],"version-history":[{"count":9,"href":"https:\/\/kichiko.net\/index.php?rest_route=\/wp\/v2\/pages\/4518\/revisions"}],"predecessor-version":[{"id":4620,"href":"https:\/\/kichiko.net\/index.php?rest_route=\/wp\/v2\/pages\/4518\/revisions\/4620"}],"up":[{"embeddable":true,"href":"https:\/\/kichiko.net\/index.php?rest_route=\/wp\/v2\/pages\/4510"}],"wp:attachment":[{"href":"https:\/\/kichiko.net\/index.php?rest_route=%2Fwp%2Fv2%2Fmedia&parent=4518"}],"curies":[{"name":"wp","href":"https:\/\/api.w.org\/{rel}","templated":true}]}}