{"id":4516,"date":"2022-12-01T22:50:28","date_gmt":"2022-12-01T21:50:28","guid":{"rendered":"http:\/\/kichiko.net\/?page_id=4516"},"modified":"2025-02-08T00:47:10","modified_gmt":"2025-02-07T23:47:10","slug":"kichikos-n-2","status":"publish","type":"page","link":"https:\/\/kichiko.net\/?page_id=4516","title":{"rendered":"Kichiko`s Nano San Inu"},"content":{"rendered":"<p>Kl. 21:34. Det ble en r\u00f8d tispe som veide 208 gram og fikk navnet Kichiko`s Nano San Inu ( Liten Tre Hund )<\/p>\n<p>Nick : Kita<br>Rase : Shiba<br>Kj\u00f8nn: Tispe<br>Farge : R\u00f8d<br>F\u00f8dt: 26\/11-2022<br>Reg.nr : NO30507\/23<br>HD:<br>AD:<br>Patella:<br>Bitt<\/p>\n\n\n<p>Eier: Sandra Larsen, Bjerkreim<\/p>\n\n\n\n<figure class=\"wp-block-image size-large\"><img loading=\"lazy\" width=\"890\" height=\"1024\" src=\"http:\/\/kichiko.net\/wp-content\/uploads\/2022\/12\/rod-890x1024.jpg\" alt=\"\" class=\"wp-image-4539\" srcset=\"https:\/\/kichiko.net\/wp-content\/uploads\/2022\/12\/rod-890x1024.jpg 890w, https:\/\/kichiko.net\/wp-content\/uploads\/2022\/12\/rod-400x460.jpg 400w, https:\/\/kichiko.net\/wp-content\/uploads\/2022\/12\/rod-768x884.jpg 768w, https:\/\/kichiko.net\/wp-content\/uploads\/2022\/12\/rod.jpg 1037w\" sizes=\"(max-width: 890px) 100vw, 890px\" \/><figcaption>Nyf\u00f8dt<\/figcaption><\/figure>\n\n\n\n<figure class=\"wp-block-image size-large\"><img loading=\"lazy\" width=\"828\" height=\"1024\" src=\"http:\/\/kichiko.net\/wp-content\/uploads\/2022\/12\/rod-1-828x1024.jpg\" alt=\"\" class=\"wp-image-4540\" srcset=\"https:\/\/kichiko.net\/wp-content\/uploads\/2022\/12\/rod-1-828x1024.jpg 828w, https:\/\/kichiko.net\/wp-content\/uploads\/2022\/12\/rod-1-400x495.jpg 400w, https:\/\/kichiko.net\/wp-content\/uploads\/2022\/12\/rod-1-768x950.jpg 768w, https:\/\/kichiko.net\/wp-content\/uploads\/2022\/12\/rod-1.jpg 948w\" sizes=\"(max-width: 828px) 100vw, 828px\" \/><figcaption>1 uke<\/figcaption><\/figure>\n\n\n\n<figure class=\"wp-block-image size-large\"><img loading=\"lazy\" width=\"852\" height=\"1024\" src=\"http:\/\/kichiko.net\/wp-content\/uploads\/2022\/12\/rod-2-852x1024.jpg\" alt=\"\" class=\"wp-image-4541\" srcset=\"https:\/\/kichiko.net\/wp-content\/uploads\/2022\/12\/rod-2-852x1024.jpg 852w, https:\/\/kichiko.net\/wp-content\/uploads\/2022\/12\/rod-2-400x481.jpg 400w, https:\/\/kichiko.net\/wp-content\/uploads\/2022\/12\/rod-2-768x923.jpg 768w, https:\/\/kichiko.net\/wp-content\/uploads\/2022\/12\/rod-2.jpg 1106w\" sizes=\"(max-width: 852px) 100vw, 852px\" \/><figcaption>2 uker<\/figcaption><\/figure>\n\n\n\n<figure class=\"wp-block-image size-large\"><img loading=\"lazy\" width=\"883\" height=\"1024\" src=\"http:\/\/kichiko.net\/wp-content\/uploads\/2022\/12\/rod-3-883x1024.jpg\" alt=\"\" class=\"wp-image-4574\" srcset=\"https:\/\/kichiko.net\/wp-content\/uploads\/2022\/12\/rod-3-883x1024.jpg 883w, https:\/\/kichiko.net\/wp-content\/uploads\/2022\/12\/rod-3-400x464.jpg 400w, https:\/\/kichiko.net\/wp-content\/uploads\/2022\/12\/rod-3-768x890.jpg 768w, https:\/\/kichiko.net\/wp-content\/uploads\/2022\/12\/rod-3-1325x1536.jpg 1325w, https:\/\/kichiko.net\/wp-content\/uploads\/2022\/12\/rod-3.jpg 1689w\" sizes=\"(max-width: 883px) 100vw, 883px\" \/><figcaption>3 uker<\/figcaption><\/figure>\n\n\n\n<figure class=\"wp-block-image size-large\"><img loading=\"lazy\" width=\"868\" height=\"1024\" src=\"http:\/\/kichiko.net\/wp-content\/uploads\/2022\/12\/rod-4-868x1024.jpg\" alt=\"\" class=\"wp-image-4576\" srcset=\"https:\/\/kichiko.net\/wp-content\/uploads\/2022\/12\/rod-4-868x1024.jpg 868w, https:\/\/kichiko.net\/wp-content\/uploads\/2022\/12\/rod-4-400x472.jpg 400w, https:\/\/kichiko.net\/wp-content\/uploads\/2022\/12\/rod-4-768x906.jpg 768w, https:\/\/kichiko.net\/wp-content\/uploads\/2022\/12\/rod-4-1302x1536.jpg 1302w, https:\/\/kichiko.net\/wp-content\/uploads\/2022\/12\/rod-4.jpg 1656w\" sizes=\"(max-width: 868px) 100vw, 868px\" \/><figcaption>4 uker<\/figcaption><\/figure>\n\n\n\n<figure class=\"wp-block-image size-large\"><img loading=\"lazy\" width=\"809\" height=\"1024\" src=\"http:\/\/kichiko.net\/wp-content\/uploads\/2023\/01\/Rod-809x1024.jpg\" alt=\"\" class=\"wp-image-4592\" srcset=\"https:\/\/kichiko.net\/wp-content\/uploads\/2023\/01\/Rod-809x1024.jpg 809w, https:\/\/kichiko.net\/wp-content\/uploads\/2023\/01\/Rod-400x506.jpg 400w, https:\/\/kichiko.net\/wp-content\/uploads\/2023\/01\/Rod-768x972.jpg 768w, https:\/\/kichiko.net\/wp-content\/uploads\/2023\/01\/Rod.jpg 1097w\" sizes=\"(max-width: 809px) 100vw, 809px\" \/><figcaption>5 uker<\/figcaption><\/figure>\n\n\n\n<figure class=\"wp-block-image size-large\"><img loading=\"lazy\" width=\"737\" height=\"1024\" src=\"http:\/\/kichiko.net\/wp-content\/uploads\/2023\/01\/rod-1-737x1024.jpg\" alt=\"\" class=\"wp-image-4606\" srcset=\"https:\/\/kichiko.net\/wp-content\/uploads\/2023\/01\/rod-1-737x1024.jpg 737w, https:\/\/kichiko.net\/wp-content\/uploads\/2023\/01\/rod-1-400x556.jpg 400w, https:\/\/kichiko.net\/wp-content\/uploads\/2023\/01\/rod-1-768x1067.jpg 768w, https:\/\/kichiko.net\/wp-content\/uploads\/2023\/01\/rod-1-1105x1536.jpg 1105w, https:\/\/kichiko.net\/wp-content\/uploads\/2023\/01\/rod-1-1474x2048.jpg 1474w, https:\/\/kichiko.net\/wp-content\/uploads\/2023\/01\/rod-1.jpg 1543w\" sizes=\"(max-width: 737px) 100vw, 737px\" \/><figcaption>6 uker<\/figcaption><\/figure>\n\n\n\n<figure class=\"wp-block-image size-large\"><img loading=\"lazy\" width=\"672\" height=\"1024\" src=\"http:\/\/kichiko.net\/wp-content\/uploads\/2023\/01\/Kita-672x1024.jpg\" alt=\"\" class=\"wp-image-4617\" srcset=\"https:\/\/kichiko.net\/wp-content\/uploads\/2023\/01\/Kita-672x1024.jpg 672w, https:\/\/kichiko.net\/wp-content\/uploads\/2023\/01\/Kita-394x600.jpg 394w, https:\/\/kichiko.net\/wp-content\/uploads\/2023\/01\/Kita-768x1170.jpg 768w, https:\/\/kichiko.net\/wp-content\/uploads\/2023\/01\/Kita-1008x1536.jpg 1008w, https:\/\/kichiko.net\/wp-content\/uploads\/2023\/01\/Kita.jpg 1344w\" sizes=\"(max-width: 672px) 100vw, 672px\" \/><figcaption>7 uker<\/figcaption><\/figure>\n","protected":false},"excerpt":{"rendered":"<p>Kl. 21:34. Det ble en r\u00f8d tispe som veide 208 gram og fikk navnet Kichiko`s Nano San Inu ( Liten Tre Hund ) Nick : KitaRase : ShibaKj\u00f8nn: TispeFarge : R\u00f8dF\u00f8dt: 26\/11-2022Reg.nr : NO30507\/23HD:AD:Patella:Bitt Eier: Sandra Larsen, Bjerkreim<\/p>\n","protected":false},"author":2,"featured_media":0,"parent":4510,"menu_order":3,"comment_status":"closed","ping_status":"closed","template":"","meta":[],"_links":{"self":[{"href":"https:\/\/kichiko.net\/index.php?rest_route=\/wp\/v2\/pages\/4516"}],"collection":[{"href":"https:\/\/kichiko.net\/index.php?rest_route=\/wp\/v2\/pages"}],"about":[{"href":"https:\/\/kichiko.net\/index.php?rest_route=\/wp\/v2\/types\/page"}],"author":[{"embeddable":true,"href":"https:\/\/kichiko.net\/index.php?rest_route=\/wp\/v2\/users\/2"}],"replies":[{"embeddable":true,"href":"https:\/\/kichiko.net\/index.php?rest_route=%2Fwp%2Fv2%2Fcomments&post=4516"}],"version-history":[{"count":9,"href":"https:\/\/kichiko.net\/index.php?rest_route=\/wp\/v2\/pages\/4516\/revisions"}],"predecessor-version":[{"id":5561,"href":"https:\/\/kichiko.net\/index.php?rest_route=\/wp\/v2\/pages\/4516\/revisions\/5561"}],"up":[{"embeddable":true,"href":"https:\/\/kichiko.net\/index.php?rest_route=\/wp\/v2\/pages\/4510"}],"wp:attachment":[{"href":"https:\/\/kichiko.net\/index.php?rest_route=%2Fwp%2Fv2%2Fmedia&parent=4516"}],"curies":[{"name":"wp","href":"https:\/\/api.w.org\/{rel}","templated":true}]}}