{"id":4399,"date":"2022-10-16T10:11:21","date_gmt":"2022-10-16T09:11:21","guid":{"rendered":"http:\/\/kichiko.net\/?page_id=4399"},"modified":"2024-04-19T10:42:17","modified_gmt":"2024-04-19T09:42:17","slug":"kichikos-m-3","status":"publish","type":"page","link":"https:\/\/kichiko.net\/?page_id=4399","title":{"rendered":"Magical Shiro"},"content":{"rendered":"\n<p>Kl. 22:25. Det ble en r\u00f8d hann som veide 240 gram og fikk navnet Kichiko`s Magical Shiro Den fjerde s\u00f8nn )<\/p>\n\n\n\n<p>Nick : Shiro<br>Rase : Shiba<br>Kj\u00f8nn: Hann<br>Farge : R\u00f8d<br>F\u00f8dt: 04\/10-2022<br>Reg.nr : NO60457\/22<br>HD: A\/A<br>AD: 0\/0<br>Patella:<br>Bitt:<\/p>\n\n\n\n<p>Eier :&nbsp; Olav Karlstad, Surnadal<\/p>\n\n\n\n<figure class=\"wp-block-image size-large\"><img loading=\"lazy\" width=\"1024\" height=\"1003\" src=\"http:\/\/kichiko.net\/wp-content\/uploads\/2022\/10\/h1-1024x1003.jpg\" alt=\"\" class=\"wp-image-4415\" srcset=\"https:\/\/kichiko.net\/wp-content\/uploads\/2022\/10\/h1-1024x1003.jpg 1024w, https:\/\/kichiko.net\/wp-content\/uploads\/2022\/10\/h1-400x392.jpg 400w, https:\/\/kichiko.net\/wp-content\/uploads\/2022\/10\/h1-768x752.jpg 768w, https:\/\/kichiko.net\/wp-content\/uploads\/2022\/10\/h1-1536x1504.jpg 1536w, https:\/\/kichiko.net\/wp-content\/uploads\/2022\/10\/h1.jpg 1962w\" sizes=\"(max-width: 1024px) 100vw, 1024px\" \/><figcaption>Nyf\u00f8dt<\/figcaption><\/figure>\n\n\n\n<figure class=\"wp-block-image size-large\"><img loading=\"lazy\" width=\"768\" height=\"1024\" src=\"http:\/\/kichiko.net\/wp-content\/uploads\/2022\/10\/h1-1-768x1024.jpg\" alt=\"\" class=\"wp-image-4417\" srcset=\"https:\/\/kichiko.net\/wp-content\/uploads\/2022\/10\/h1-1-768x1024.jpg 768w, https:\/\/kichiko.net\/wp-content\/uploads\/2022\/10\/h1-1-400x533.jpg 400w, https:\/\/kichiko.net\/wp-content\/uploads\/2022\/10\/h1-1-1152x1536.jpg 1152w, https:\/\/kichiko.net\/wp-content\/uploads\/2022\/10\/h1-1-1536x2048.jpg 1536w, https:\/\/kichiko.net\/wp-content\/uploads\/2022\/10\/h1-1-scaled.jpg 1920w\" sizes=\"(max-width: 768px) 100vw, 768px\" \/><figcaption>1 uke <\/figcaption><\/figure>\n\n\n\n<figure class=\"wp-block-image size-large\"><img loading=\"lazy\" width=\"764\" height=\"1024\" src=\"http:\/\/kichiko.net\/wp-content\/uploads\/2022\/11\/h1-764x1024.jpg\" alt=\"\" class=\"wp-image-4462\" srcset=\"https:\/\/kichiko.net\/wp-content\/uploads\/2022\/11\/h1-764x1024.jpg 764w, https:\/\/kichiko.net\/wp-content\/uploads\/2022\/11\/h1-400x536.jpg 400w, https:\/\/kichiko.net\/wp-content\/uploads\/2022\/11\/h1-768x1029.jpg 768w, https:\/\/kichiko.net\/wp-content\/uploads\/2022\/11\/h1-1146x1536.jpg 1146w, https:\/\/kichiko.net\/wp-content\/uploads\/2022\/11\/h1.jpg 1528w\" sizes=\"(max-width: 764px) 100vw, 764px\" \/><figcaption>2 uker<\/figcaption><\/figure>\n\n\n\n<figure class=\"wp-block-image size-large\"><img loading=\"lazy\" width=\"829\" height=\"1024\" src=\"http:\/\/kichiko.net\/wp-content\/uploads\/2022\/11\/h1-1-829x1024.jpg\" alt=\"\" class=\"wp-image-4464\" srcset=\"https:\/\/kichiko.net\/wp-content\/uploads\/2022\/11\/h1-1-829x1024.jpg 829w, https:\/\/kichiko.net\/wp-content\/uploads\/2022\/11\/h1-1-400x494.jpg 400w, https:\/\/kichiko.net\/wp-content\/uploads\/2022\/11\/h1-1-768x948.jpg 768w, https:\/\/kichiko.net\/wp-content\/uploads\/2022\/11\/h1-1-1244x1536.jpg 1244w, https:\/\/kichiko.net\/wp-content\/uploads\/2022\/11\/h1-1.jpg 1636w\" sizes=\"(max-width: 829px) 100vw, 829px\" \/><figcaption>3 uker<\/figcaption><\/figure>\n\n\n\n<figure class=\"wp-block-image size-large\"><img loading=\"lazy\" width=\"892\" height=\"1024\" src=\"http:\/\/kichiko.net\/wp-content\/uploads\/2022\/11\/h1-2-892x1024.jpg\" alt=\"\" class=\"wp-image-4465\" srcset=\"https:\/\/kichiko.net\/wp-content\/uploads\/2022\/11\/h1-2-892x1024.jpg 892w, https:\/\/kichiko.net\/wp-content\/uploads\/2022\/11\/h1-2-400x459.jpg 400w, https:\/\/kichiko.net\/wp-content\/uploads\/2022\/11\/h1-2-768x882.jpg 768w, https:\/\/kichiko.net\/wp-content\/uploads\/2022\/11\/h1-2-1337x1536.jpg 1337w, https:\/\/kichiko.net\/wp-content\/uploads\/2022\/11\/h1-2.jpg 1697w\" sizes=\"(max-width: 892px) 100vw, 892px\" \/><figcaption>4 uker<\/figcaption><\/figure>\n\n\n\n<figure class=\"wp-block-image size-large\"><img loading=\"lazy\" width=\"772\" height=\"1024\" src=\"http:\/\/kichiko.net\/wp-content\/uploads\/2022\/11\/h1-3-772x1024.jpg\" alt=\"\" class=\"wp-image-4466\" srcset=\"https:\/\/kichiko.net\/wp-content\/uploads\/2022\/11\/h1-3-772x1024.jpg 772w, https:\/\/kichiko.net\/wp-content\/uploads\/2022\/11\/h1-3-400x530.jpg 400w, https:\/\/kichiko.net\/wp-content\/uploads\/2022\/11\/h1-3-768x1018.jpg 768w, https:\/\/kichiko.net\/wp-content\/uploads\/2022\/11\/h1-3-1158x1536.jpg 1158w, https:\/\/kichiko.net\/wp-content\/uploads\/2022\/11\/h1-3-1544x2048.jpg 1544w, https:\/\/kichiko.net\/wp-content\/uploads\/2022\/11\/h1-3.jpg 1579w\" sizes=\"(max-width: 772px) 100vw, 772px\" \/><figcaption>5 uker<\/figcaption><\/figure>\n\n\n\n<p><\/p>\n\n\n\n<figure class=\"wp-block-image size-large\"><img loading=\"lazy\" width=\"816\" height=\"1024\" src=\"http:\/\/kichiko.net\/wp-content\/uploads\/2022\/11\/h2-5-816x1024.jpg\" alt=\"\" class=\"wp-image-4488\" srcset=\"https:\/\/kichiko.net\/wp-content\/uploads\/2022\/11\/h2-5-816x1024.jpg 816w, https:\/\/kichiko.net\/wp-content\/uploads\/2022\/11\/h2-5-400x502.jpg 400w, https:\/\/kichiko.net\/wp-content\/uploads\/2022\/11\/h2-5-768x963.jpg 768w, https:\/\/kichiko.net\/wp-content\/uploads\/2022\/11\/h2-5-1224x1536.jpg 1224w, https:\/\/kichiko.net\/wp-content\/uploads\/2022\/11\/h2-5.jpg 1623w\" sizes=\"(max-width: 816px) 100vw, 816px\" \/><figcaption>6 uker<\/figcaption><\/figure>\n\n\n\n<figure class=\"wp-block-image size-large\"><img loading=\"lazy\" width=\"727\" height=\"1024\" src=\"http:\/\/kichiko.net\/wp-content\/uploads\/2022\/11\/h1-4-727x1024.jpg\" alt=\"\" class=\"wp-image-4489\" srcset=\"https:\/\/kichiko.net\/wp-content\/uploads\/2022\/11\/h1-4-727x1024.jpg 727w, https:\/\/kichiko.net\/wp-content\/uploads\/2022\/11\/h1-4-400x563.jpg 400w, https:\/\/kichiko.net\/wp-content\/uploads\/2022\/11\/h1-4-768x1081.jpg 768w, https:\/\/kichiko.net\/wp-content\/uploads\/2022\/11\/h1-4-1091x1536.jpg 1091w, https:\/\/kichiko.net\/wp-content\/uploads\/2022\/11\/h1-4-1455x2048.jpg 1455w, https:\/\/kichiko.net\/wp-content\/uploads\/2022\/11\/h1-4-scaled.jpg 1818w\" sizes=\"(max-width: 727px) 100vw, 727px\" \/><figcaption>7 uker<\/figcaption><\/figure>\n\n\n\n<figure class=\"wp-block-image size-large\"><img loading=\"lazy\" width=\"768\" height=\"1024\" src=\"http:\/\/kichiko.net\/wp-content\/uploads\/2022\/11\/316421720_10160565068841241_1416693263352238611_n-768x1024.jpg\" alt=\"\" class=\"wp-image-4505\" srcset=\"https:\/\/kichiko.net\/wp-content\/uploads\/2022\/11\/316421720_10160565068841241_1416693263352238611_n-768x1024.jpg 768w, https:\/\/kichiko.net\/wp-content\/uploads\/2022\/11\/316421720_10160565068841241_1416693263352238611_n-400x533.jpg 400w, https:\/\/kichiko.net\/wp-content\/uploads\/2022\/11\/316421720_10160565068841241_1416693263352238611_n-1152x1536.jpg 1152w, https:\/\/kichiko.net\/wp-content\/uploads\/2022\/11\/316421720_10160565068841241_1416693263352238611_n.jpg 1536w\" sizes=\"(max-width: 768px) 100vw, 768px\" \/><figcaption>Shiro med sin nye pappa<\/figcaption><\/figure>\n","protected":false},"excerpt":{"rendered":"<p>Kl. 22:25. Det ble en r\u00f8d hann som veide 240 gram og fikk navnet Kichiko`s Magical Shiro Den fjerde s\u00f8nn ) Nick : ShiroRase : ShibaKj\u00f8nn: HannFarge : R\u00f8dF\u00f8dt: 04\/10-2022Reg.nr : NO60457\/22HD: A\/AAD: 0\/0Patella:Bitt: Eier :&nbsp; Olav Karlstad, Surnadal<\/p>\n","protected":false},"author":2,"featured_media":0,"parent":4390,"menu_order":3,"comment_status":"closed","ping_status":"closed","template":"","meta":[],"_links":{"self":[{"href":"https:\/\/kichiko.net\/index.php?rest_route=\/wp\/v2\/pages\/4399"}],"collection":[{"href":"https:\/\/kichiko.net\/index.php?rest_route=\/wp\/v2\/pages"}],"about":[{"href":"https:\/\/kichiko.net\/index.php?rest_route=\/wp\/v2\/types\/page"}],"author":[{"embeddable":true,"href":"https:\/\/kichiko.net\/index.php?rest_route=\/wp\/v2\/users\/2"}],"replies":[{"embeddable":true,"href":"https:\/\/kichiko.net\/index.php?rest_route=%2Fwp%2Fv2%2Fcomments&post=4399"}],"version-history":[{"count":7,"href":"https:\/\/kichiko.net\/index.php?rest_route=\/wp\/v2\/pages\/4399\/revisions"}],"predecessor-version":[{"id":5160,"href":"https:\/\/kichiko.net\/index.php?rest_route=\/wp\/v2\/pages\/4399\/revisions\/5160"}],"up":[{"embeddable":true,"href":"https:\/\/kichiko.net\/index.php?rest_route=\/wp\/v2\/pages\/4390"}],"wp:attachment":[{"href":"https:\/\/kichiko.net\/index.php?rest_route=%2Fwp%2Fv2%2Fmedia&parent=4399"}],"curies":[{"name":"wp","href":"https:\/\/api.w.org\/{rel}","templated":true}]}}