{"id":4395,"date":"2022-10-16T10:10:01","date_gmt":"2022-10-16T09:10:01","guid":{"rendered":"http:\/\/kichiko.net\/?page_id=4395"},"modified":"2022-11-29T22:11:26","modified_gmt":"2022-11-29T21:11:26","slug":"kichikos-m","status":"publish","type":"page","link":"https:\/\/kichiko.net\/?page_id=4395","title":{"rendered":"Magical Etsuko"},"content":{"rendered":"\n<p>Kl. 22:17. Det ble en r\u00f8d tispe som veide 245 gram og fikk navnet Kichiko`s Magical Etsuko ( Frydefull jente )<\/p>\n\n\n\n<p>Nick : Inari<br>Rase : Shiba<br>Kj\u00f8nn: Tispe<br>Farge : R\u00f8d<br>F\u00f8dt: 04\/10-2022<br>Reg.nr : NO60455\/22<br>HD:<br>AD:<br>Patella:<br>Bitt:<\/p>\n\n\n\n<p>Eier :&nbsp;Lise Guzowski Geicke og Vebj\u00f8rn Lien, Spikkestad<\/p>\n\n\n\n<figure class=\"wp-block-image size-large\"><img loading=\"lazy\" width=\"1024\" height=\"972\" src=\"http:\/\/kichiko.net\/wp-content\/uploads\/2022\/10\/t1-1024x972.jpg\" alt=\"\" class=\"wp-image-4408\" srcset=\"https:\/\/kichiko.net\/wp-content\/uploads\/2022\/10\/t1-1024x972.jpg 1024w, https:\/\/kichiko.net\/wp-content\/uploads\/2022\/10\/t1-400x380.jpg 400w, https:\/\/kichiko.net\/wp-content\/uploads\/2022\/10\/t1-768x729.jpg 768w, https:\/\/kichiko.net\/wp-content\/uploads\/2022\/10\/t1-1536x1458.jpg 1536w, https:\/\/kichiko.net\/wp-content\/uploads\/2022\/10\/t1-2048x1945.jpg 2048w\" sizes=\"(max-width: 1024px) 100vw, 1024px\" \/><figcaption>Nyf\u00f8dt<\/figcaption><\/figure>\n\n\n\n<figure class=\"wp-block-image size-large\"><img loading=\"lazy\" width=\"768\" height=\"1024\" src=\"http:\/\/kichiko.net\/wp-content\/uploads\/2022\/10\/t1-1-768x1024.jpg\" alt=\"\" class=\"wp-image-4409\" srcset=\"https:\/\/kichiko.net\/wp-content\/uploads\/2022\/10\/t1-1-768x1024.jpg 768w, https:\/\/kichiko.net\/wp-content\/uploads\/2022\/10\/t1-1-400x533.jpg 400w, https:\/\/kichiko.net\/wp-content\/uploads\/2022\/10\/t1-1-1152x1536.jpg 1152w, https:\/\/kichiko.net\/wp-content\/uploads\/2022\/10\/t1-1.jpg 1170w\" sizes=\"(max-width: 768px) 100vw, 768px\" \/><figcaption>1 uke<\/figcaption><\/figure>\n\n\n\n<figure class=\"wp-block-image size-large\"><img loading=\"lazy\" width=\"864\" height=\"1024\" src=\"http:\/\/kichiko.net\/wp-content\/uploads\/2022\/11\/t1-864x1024.jpg\" alt=\"\" class=\"wp-image-4450\" srcset=\"https:\/\/kichiko.net\/wp-content\/uploads\/2022\/11\/t1-864x1024.jpg 864w, https:\/\/kichiko.net\/wp-content\/uploads\/2022\/11\/t1-400x474.jpg 400w, https:\/\/kichiko.net\/wp-content\/uploads\/2022\/11\/t1-768x910.jpg 768w, https:\/\/kichiko.net\/wp-content\/uploads\/2022\/11\/t1-1296x1536.jpg 1296w, https:\/\/kichiko.net\/wp-content\/uploads\/2022\/11\/t1.jpg 1666w\" sizes=\"(max-width: 864px) 100vw, 864px\" \/><figcaption>2 uker<\/figcaption><\/figure>\n\n\n\n<figure class=\"wp-block-image size-large\"><img loading=\"lazy\" width=\"862\" height=\"1024\" src=\"http:\/\/kichiko.net\/wp-content\/uploads\/2022\/11\/t1-1-862x1024.jpg\" alt=\"\" class=\"wp-image-4452\" srcset=\"https:\/\/kichiko.net\/wp-content\/uploads\/2022\/11\/t1-1-862x1024.jpg 862w, https:\/\/kichiko.net\/wp-content\/uploads\/2022\/11\/t1-1-400x475.jpg 400w, https:\/\/kichiko.net\/wp-content\/uploads\/2022\/11\/t1-1-768x912.jpg 768w, https:\/\/kichiko.net\/wp-content\/uploads\/2022\/11\/t1-1-1293x1536.jpg 1293w, https:\/\/kichiko.net\/wp-content\/uploads\/2022\/11\/t1-1.jpg 1668w\" sizes=\"(max-width: 862px) 100vw, 862px\" \/><figcaption>3 uker<\/figcaption><\/figure>\n\n\n\n<figure class=\"wp-block-image size-large\"><img loading=\"lazy\" width=\"844\" height=\"1024\" src=\"http:\/\/kichiko.net\/wp-content\/uploads\/2022\/11\/t1-2-844x1024.jpg\" alt=\"\" class=\"wp-image-4453\" srcset=\"https:\/\/kichiko.net\/wp-content\/uploads\/2022\/11\/t1-2-844x1024.jpg 844w, https:\/\/kichiko.net\/wp-content\/uploads\/2022\/11\/t1-2-400x485.jpg 400w, https:\/\/kichiko.net\/wp-content\/uploads\/2022\/11\/t1-2-768x932.jpg 768w, https:\/\/kichiko.net\/wp-content\/uploads\/2022\/11\/t1-2-1266x1536.jpg 1266w, https:\/\/kichiko.net\/wp-content\/uploads\/2022\/11\/t1-2.jpg 1651w\" sizes=\"(max-width: 844px) 100vw, 844px\" \/><figcaption>4 uker<\/figcaption><\/figure>\n\n\n\n<figure class=\"wp-block-image size-large\"><img loading=\"lazy\" width=\"815\" height=\"1024\" src=\"http:\/\/kichiko.net\/wp-content\/uploads\/2022\/11\/t1-3-815x1024.jpg\" alt=\"\" class=\"wp-image-4454\" srcset=\"https:\/\/kichiko.net\/wp-content\/uploads\/2022\/11\/t1-3-815x1024.jpg 815w, https:\/\/kichiko.net\/wp-content\/uploads\/2022\/11\/t1-3-400x503.jpg 400w, https:\/\/kichiko.net\/wp-content\/uploads\/2022\/11\/t1-3-768x965.jpg 768w, https:\/\/kichiko.net\/wp-content\/uploads\/2022\/11\/t1-3-1222x1536.jpg 1222w, https:\/\/kichiko.net\/wp-content\/uploads\/2022\/11\/t1-3.jpg 1622w\" sizes=\"(max-width: 815px) 100vw, 815px\" \/><figcaption>5 uker<\/figcaption><\/figure>\n\n\n\n<figure class=\"wp-block-image size-large\"><img loading=\"lazy\" width=\"745\" height=\"1024\" src=\"http:\/\/kichiko.net\/wp-content\/uploads\/2022\/11\/315521597_10160495654511241_8256706077413538544_n-745x1024.jpg\" alt=\"\" class=\"wp-image-4481\" srcset=\"https:\/\/kichiko.net\/wp-content\/uploads\/2022\/11\/315521597_10160495654511241_8256706077413538544_n-745x1024.jpg 745w, https:\/\/kichiko.net\/wp-content\/uploads\/2022\/11\/315521597_10160495654511241_8256706077413538544_n-400x550.jpg 400w, https:\/\/kichiko.net\/wp-content\/uploads\/2022\/11\/315521597_10160495654511241_8256706077413538544_n-768x1056.jpg 768w, https:\/\/kichiko.net\/wp-content\/uploads\/2022\/11\/315521597_10160495654511241_8256706077413538544_n-1118x1536.jpg 1118w, https:\/\/kichiko.net\/wp-content\/uploads\/2022\/11\/315521597_10160495654511241_8256706077413538544_n.jpg 1490w\" sizes=\"(max-width: 745px) 100vw, 745px\" \/><figcaption>6 uker<\/figcaption><\/figure>\n\n\n\n<figure class=\"wp-block-image size-large\"><img loading=\"lazy\" width=\"795\" height=\"1024\" src=\"http:\/\/kichiko.net\/wp-content\/uploads\/2022\/11\/316111290_1634909523571215_6471269769042260277_n-795x1024.jpg\" alt=\"\" class=\"wp-image-4482\" srcset=\"https:\/\/kichiko.net\/wp-content\/uploads\/2022\/11\/316111290_1634909523571215_6471269769042260277_n-795x1024.jpg 795w, https:\/\/kichiko.net\/wp-content\/uploads\/2022\/11\/316111290_1634909523571215_6471269769042260277_n-400x515.jpg 400w, https:\/\/kichiko.net\/wp-content\/uploads\/2022\/11\/316111290_1634909523571215_6471269769042260277_n-768x989.jpg 768w, https:\/\/kichiko.net\/wp-content\/uploads\/2022\/11\/316111290_1634909523571215_6471269769042260277_n-1193x1536.jpg 1193w, https:\/\/kichiko.net\/wp-content\/uploads\/2022\/11\/316111290_1634909523571215_6471269769042260277_n-1591x2048.jpg 1591w, https:\/\/kichiko.net\/wp-content\/uploads\/2022\/11\/316111290_1634909523571215_6471269769042260277_n.jpg 1719w\" sizes=\"(max-width: 795px) 100vw, 795px\" \/><figcaption>7 uker<\/figcaption><\/figure>\n\n\n\n<figure class=\"wp-block-image size-large\"><img loading=\"lazy\" width=\"768\" height=\"1024\" src=\"http:\/\/kichiko.net\/wp-content\/uploads\/2022\/11\/316134950_10160561088431241_8579098424496218309_n-768x1024.jpg\" alt=\"\" class=\"wp-image-4501\" srcset=\"https:\/\/kichiko.net\/wp-content\/uploads\/2022\/11\/316134950_10160561088431241_8579098424496218309_n-768x1024.jpg 768w, https:\/\/kichiko.net\/wp-content\/uploads\/2022\/11\/316134950_10160561088431241_8579098424496218309_n-400x533.jpg 400w, https:\/\/kichiko.net\/wp-content\/uploads\/2022\/11\/316134950_10160561088431241_8579098424496218309_n-1152x1536.jpg 1152w, https:\/\/kichiko.net\/wp-content\/uploads\/2022\/11\/316134950_10160561088431241_8579098424496218309_n.jpg 1536w\" sizes=\"(max-width: 768px) 100vw, 768px\" \/><figcaption>Inari med sin nye familie<\/figcaption><\/figure>\n","protected":false},"excerpt":{"rendered":"<p>Kl. 22:17. Det ble en r\u00f8d tispe som veide 245 gram og fikk navnet Kichiko`s Magical Etsuko ( Frydefull jente ) Nick : InariRase : ShibaKj\u00f8nn: TispeFarge : R\u00f8dF\u00f8dt: 04\/10-2022Reg.nr : NO60455\/22HD:AD:Patella:Bitt: Eier :&nbsp;Lise Guzowski Geicke og Vebj\u00f8rn Lien, Spikkestad<\/p>\n","protected":false},"author":2,"featured_media":0,"parent":4390,"menu_order":1,"comment_status":"closed","ping_status":"closed","template":"","meta":[],"_links":{"self":[{"href":"https:\/\/kichiko.net\/index.php?rest_route=\/wp\/v2\/pages\/4395"}],"collection":[{"href":"https:\/\/kichiko.net\/index.php?rest_route=\/wp\/v2\/pages"}],"about":[{"href":"https:\/\/kichiko.net\/index.php?rest_route=\/wp\/v2\/types\/page"}],"author":[{"embeddable":true,"href":"https:\/\/kichiko.net\/index.php?rest_route=\/wp\/v2\/users\/2"}],"replies":[{"embeddable":true,"href":"https:\/\/kichiko.net\/index.php?rest_route=%2Fwp%2Fv2%2Fcomments&post=4395"}],"version-history":[{"count":6,"href":"https:\/\/kichiko.net\/index.php?rest_route=\/wp\/v2\/pages\/4395\/revisions"}],"predecessor-version":[{"id":4502,"href":"https:\/\/kichiko.net\/index.php?rest_route=\/wp\/v2\/pages\/4395\/revisions\/4502"}],"up":[{"embeddable":true,"href":"https:\/\/kichiko.net\/index.php?rest_route=\/wp\/v2\/pages\/4390"}],"wp:attachment":[{"href":"https:\/\/kichiko.net\/index.php?rest_route=%2Fwp%2Fv2%2Fmedia&parent=4395"}],"curies":[{"name":"wp","href":"https:\/\/api.w.org\/{rel}","templated":true}]}}