{"id":4218,"date":"2022-06-28T20:40:03","date_gmt":"2022-06-28T19:40:03","guid":{"rendered":"http:\/\/kichiko.net\/?page_id=4218"},"modified":"2023-10-31T22:27:53","modified_gmt":"2023-10-31T21:27:53","slug":"keep-me-tough","status":"publish","type":"page","link":"https:\/\/kichiko.net\/?page_id=4218","title":{"rendered":"Keep Me Tough"},"content":{"rendered":"\n<p>Kl.00:05. Det ble en r\u00f8d hann som veide 280 gram og fikk navnet Kichiko`s Keep Me Tough<\/p>\n\n\n\n<p>Nick : Enzo<br>Rase : Shiba<br>Kj\u00f8nn: Hann<br>Farge : R\u00f8d<br>F\u00f8dt:02\/6-2022<br>Reg.nr : NO48423\/22<br>HD: C\/C<br>AD: 0\/0<br>Patella:<br>Bitt:<\/p>\n\n\n\n<p>Eier : Sandra S\u00f8rb\u00f8 og Marc Denni Hain, Tau<\/p>\n\n\n\n<figure class=\"wp-block-image size-large\"><img loading=\"lazy\" width=\"994\" height=\"1024\" src=\"http:\/\/kichiko.net\/wp-content\/uploads\/2022\/07\/h1-994x1024.jpg\" alt=\"\" class=\"wp-image-4261\" srcset=\"https:\/\/kichiko.net\/wp-content\/uploads\/2022\/07\/h1-994x1024.jpg 994w, https:\/\/kichiko.net\/wp-content\/uploads\/2022\/07\/h1-400x412.jpg 400w, https:\/\/kichiko.net\/wp-content\/uploads\/2022\/07\/h1-768x791.jpg 768w, https:\/\/kichiko.net\/wp-content\/uploads\/2022\/07\/h1-1491x1536.jpg 1491w, https:\/\/kichiko.net\/wp-content\/uploads\/2022\/07\/h1.jpg 1988w\" sizes=\"(max-width: 994px) 100vw, 994px\" \/><figcaption>Nyf\u00f8dt<\/figcaption><\/figure>\n\n\n\n<figure class=\"wp-block-image size-large\"><img loading=\"lazy\" width=\"752\" height=\"1024\" src=\"http:\/\/kichiko.net\/wp-content\/uploads\/2022\/07\/h1-1-752x1024.jpg\" alt=\"\" class=\"wp-image-4262\" srcset=\"https:\/\/kichiko.net\/wp-content\/uploads\/2022\/07\/h1-1-752x1024.jpg 752w, https:\/\/kichiko.net\/wp-content\/uploads\/2022\/07\/h1-1-400x545.jpg 400w, https:\/\/kichiko.net\/wp-content\/uploads\/2022\/07\/h1-1-768x1046.jpg 768w, https:\/\/kichiko.net\/wp-content\/uploads\/2022\/07\/h1-1-1128x1536.jpg 1128w, https:\/\/kichiko.net\/wp-content\/uploads\/2022\/07\/h1-1.jpg 1504w\" sizes=\"(max-width: 752px) 100vw, 752px\" \/><figcaption>1 uke <\/figcaption><\/figure>\n\n\n\n<figure class=\"wp-block-image size-large\"><img loading=\"lazy\" width=\"829\" height=\"1024\" src=\"http:\/\/kichiko.net\/wp-content\/uploads\/2022\/07\/h1-2-829x1024.jpg\" alt=\"\" class=\"wp-image-4263\" srcset=\"https:\/\/kichiko.net\/wp-content\/uploads\/2022\/07\/h1-2-829x1024.jpg 829w, https:\/\/kichiko.net\/wp-content\/uploads\/2022\/07\/h1-2-400x494.jpg 400w, https:\/\/kichiko.net\/wp-content\/uploads\/2022\/07\/h1-2-768x949.jpg 768w, https:\/\/kichiko.net\/wp-content\/uploads\/2022\/07\/h1-2-1244x1536.jpg 1244w, https:\/\/kichiko.net\/wp-content\/uploads\/2022\/07\/h1-2.jpg 1658w\" sizes=\"(max-width: 829px) 100vw, 829px\" \/><figcaption>2 uker<\/figcaption><\/figure>\n\n\n\n<figure class=\"wp-block-image size-large\"><img loading=\"lazy\" width=\"1024\" height=\"994\" src=\"http:\/\/kichiko.net\/wp-content\/uploads\/2022\/07\/h1-3-1024x994.jpg\" alt=\"\" class=\"wp-image-4264\" srcset=\"https:\/\/kichiko.net\/wp-content\/uploads\/2022\/07\/h1-3-1024x994.jpg 1024w, https:\/\/kichiko.net\/wp-content\/uploads\/2022\/07\/h1-3-400x388.jpg 400w, https:\/\/kichiko.net\/wp-content\/uploads\/2022\/07\/h1-3-768x746.jpg 768w, https:\/\/kichiko.net\/wp-content\/uploads\/2022\/07\/h1-3-1536x1491.jpg 1536w, https:\/\/kichiko.net\/wp-content\/uploads\/2022\/07\/h1-3.jpg 2048w\" sizes=\"(max-width: 1024px) 100vw, 1024px\" \/><figcaption>3 uker<\/figcaption><\/figure>\n\n\n\n<figure class=\"wp-block-image size-large\"><img loading=\"lazy\" width=\"635\" height=\"1024\" src=\"http:\/\/kichiko.net\/wp-content\/uploads\/2022\/07\/hen-635x1024.jpg\" alt=\"\" class=\"wp-image-4265\" srcset=\"https:\/\/kichiko.net\/wp-content\/uploads\/2022\/07\/hen-635x1024.jpg 635w, https:\/\/kichiko.net\/wp-content\/uploads\/2022\/07\/hen-372x600.jpg 372w, https:\/\/kichiko.net\/wp-content\/uploads\/2022\/07\/hen-768x1238.jpg 768w, https:\/\/kichiko.net\/wp-content\/uploads\/2022\/07\/hen-953x1536.jpg 953w, https:\/\/kichiko.net\/wp-content\/uploads\/2022\/07\/hen.jpg 1270w\" sizes=\"(max-width: 635px) 100vw, 635px\" \/><figcaption>4 uker<\/figcaption><\/figure>\n\n\n\n<figure class=\"wp-block-image size-large\"><img loading=\"lazy\" width=\"716\" height=\"1024\" src=\"http:\/\/kichiko.net\/wp-content\/uploads\/2022\/07\/h1-4-716x1024.jpg\" alt=\"\" class=\"wp-image-4266\" srcset=\"https:\/\/kichiko.net\/wp-content\/uploads\/2022\/07\/h1-4-716x1024.jpg 716w, https:\/\/kichiko.net\/wp-content\/uploads\/2022\/07\/h1-4-400x572.jpg 400w, https:\/\/kichiko.net\/wp-content\/uploads\/2022\/07\/h1-4-768x1098.jpg 768w, https:\/\/kichiko.net\/wp-content\/uploads\/2022\/07\/h1-4-1074x1536.jpg 1074w, https:\/\/kichiko.net\/wp-content\/uploads\/2022\/07\/h1-4.jpg 1432w\" sizes=\"(max-width: 716px) 100vw, 716px\" \/><figcaption>5 uker<\/figcaption><\/figure>\n\n\n\n<figure class=\"wp-block-image size-large\"><img loading=\"lazy\" width=\"801\" height=\"1024\" src=\"http:\/\/kichiko.net\/wp-content\/uploads\/2022\/07\/h1-10-801x1024.jpg\" alt=\"\" class=\"wp-image-4327\" srcset=\"https:\/\/kichiko.net\/wp-content\/uploads\/2022\/07\/h1-10-801x1024.jpg 801w, https:\/\/kichiko.net\/wp-content\/uploads\/2022\/07\/h1-10-400x511.jpg 400w, https:\/\/kichiko.net\/wp-content\/uploads\/2022\/07\/h1-10-768x982.jpg 768w, https:\/\/kichiko.net\/wp-content\/uploads\/2022\/07\/h1-10-1202x1536.jpg 1202w, https:\/\/kichiko.net\/wp-content\/uploads\/2022\/07\/h1-10.jpg 1602w\" sizes=\"(max-width: 801px) 100vw, 801px\" \/><figcaption>6 uker<\/figcaption><\/figure>\n\n\n\n<figure class=\"wp-block-image size-large\"><img loading=\"lazy\" width=\"720\" height=\"1024\" src=\"http:\/\/kichiko.net\/wp-content\/uploads\/2022\/07\/h1-11-720x1024.jpg\" alt=\"\" class=\"wp-image-4339\" srcset=\"https:\/\/kichiko.net\/wp-content\/uploads\/2022\/07\/h1-11-720x1024.jpg 720w, https:\/\/kichiko.net\/wp-content\/uploads\/2022\/07\/h1-11-400x569.jpg 400w, https:\/\/kichiko.net\/wp-content\/uploads\/2022\/07\/h1-11-768x1092.jpg 768w, https:\/\/kichiko.net\/wp-content\/uploads\/2022\/07\/h1-11-1080x1536.jpg 1080w, https:\/\/kichiko.net\/wp-content\/uploads\/2022\/07\/h1-11.jpg 1440w\" sizes=\"(max-width: 720px) 100vw, 720px\" \/><figcaption>7 uker<\/figcaption><\/figure>\n\n\n\n<figure class=\"wp-block-image size-large\"><img loading=\"lazy\" width=\"872\" height=\"1024\" src=\"http:\/\/kichiko.net\/wp-content\/uploads\/2022\/07\/295057592_10160242999751241_6025494621126958059_n-872x1024.jpg\" alt=\"\" class=\"wp-image-4362\" srcset=\"https:\/\/kichiko.net\/wp-content\/uploads\/2022\/07\/295057592_10160242999751241_6025494621126958059_n-872x1024.jpg 872w, https:\/\/kichiko.net\/wp-content\/uploads\/2022\/07\/295057592_10160242999751241_6025494621126958059_n-400x470.jpg 400w, https:\/\/kichiko.net\/wp-content\/uploads\/2022\/07\/295057592_10160242999751241_6025494621126958059_n-768x902.jpg 768w, https:\/\/kichiko.net\/wp-content\/uploads\/2022\/07\/295057592_10160242999751241_6025494621126958059_n-1308x1536.jpg 1308w, https:\/\/kichiko.net\/wp-content\/uploads\/2022\/07\/295057592_10160242999751241_6025494621126958059_n.jpg 1744w\" sizes=\"(max-width: 872px) 100vw, 872px\" \/><figcaption>8 uker<\/figcaption><\/figure>\n\n\n\n<figure class=\"wp-block-image size-large\"><img loading=\"lazy\" width=\"623\" height=\"1024\" src=\"http:\/\/kichiko.net\/wp-content\/uploads\/2022\/07\/294782110_10160242749211241_4708100603594509400_n-623x1024.jpg\" alt=\"\" class=\"wp-image-4364\" srcset=\"https:\/\/kichiko.net\/wp-content\/uploads\/2022\/07\/294782110_10160242749211241_4708100603594509400_n-623x1024.jpg 623w, https:\/\/kichiko.net\/wp-content\/uploads\/2022\/07\/294782110_10160242749211241_4708100603594509400_n-365x600.jpg 365w, https:\/\/kichiko.net\/wp-content\/uploads\/2022\/07\/294782110_10160242749211241_4708100603594509400_n-768x1262.jpg 768w, https:\/\/kichiko.net\/wp-content\/uploads\/2022\/07\/294782110_10160242749211241_4708100603594509400_n-935x1536.jpg 935w, https:\/\/kichiko.net\/wp-content\/uploads\/2022\/07\/294782110_10160242749211241_4708100603594509400_n.jpg 1246w\" sizes=\"(max-width: 623px) 100vw, 623px\" \/><figcaption>Enzo med sine nye eiere, Sandra og Marc<\/figcaption><\/figure>\n","protected":false},"excerpt":{"rendered":"<p>Kl.00:05. Det ble en r\u00f8d hann som veide 280 gram og fikk navnet Kichiko`s Keep Me Tough Nick : EnzoRase : ShibaKj\u00f8nn: HannFarge : R\u00f8dF\u00f8dt:02\/6-2022Reg.nr : NO48423\/22HD: C\/CAD: 0\/0Patella:Bitt: Eier : Sandra S\u00f8rb\u00f8 og Marc Denni Hain, Tau<\/p>\n","protected":false},"author":2,"featured_media":0,"parent":4203,"menu_order":2,"comment_status":"closed","ping_status":"closed","template":"","meta":[],"_links":{"self":[{"href":"https:\/\/kichiko.net\/index.php?rest_route=\/wp\/v2\/pages\/4218"}],"collection":[{"href":"https:\/\/kichiko.net\/index.php?rest_route=\/wp\/v2\/pages"}],"about":[{"href":"https:\/\/kichiko.net\/index.php?rest_route=\/wp\/v2\/types\/page"}],"author":[{"embeddable":true,"href":"https:\/\/kichiko.net\/index.php?rest_route=\/wp\/v2\/users\/2"}],"replies":[{"embeddable":true,"href":"https:\/\/kichiko.net\/index.php?rest_route=%2Fwp%2Fv2%2Fcomments&post=4218"}],"version-history":[{"count":6,"href":"https:\/\/kichiko.net\/index.php?rest_route=\/wp\/v2\/pages\/4218\/revisions"}],"predecessor-version":[{"id":4933,"href":"https:\/\/kichiko.net\/index.php?rest_route=\/wp\/v2\/pages\/4218\/revisions\/4933"}],"up":[{"embeddable":true,"href":"https:\/\/kichiko.net\/index.php?rest_route=\/wp\/v2\/pages\/4203"}],"wp:attachment":[{"href":"https:\/\/kichiko.net\/index.php?rest_route=%2Fwp%2Fv2%2Fmedia&parent=4218"}],"curies":[{"name":"wp","href":"https:\/\/api.w.org\/{rel}","templated":true}]}}