{"id":4200,"date":"2022-06-27T12:40:08","date_gmt":"2022-06-27T11:40:08","guid":{"rendered":"http:\/\/kichiko.net\/?page_id=4200"},"modified":"2023-10-31T22:30:20","modified_gmt":"2023-10-31T21:30:20","slug":"loyal-gaara","status":"publish","type":"page","link":"https:\/\/kichiko.net\/?page_id=4200","title":{"rendered":"Loyal Gin"},"content":{"rendered":"\n<p>Kl. 14:00. Det ble en r\u00f8d tispe som veide 275 gram og fikk navnet Kichiko`s Loyal Gin<\/p>\n\n\n\n<p>Nick :  Saki<br>Rase : Shiba<br>Kj\u00f8nn: Tispe<br>Farge : R\u00f8d<br>F\u00f8dt: 05\/6-2022<br>Reg.nr : NO48426\/22<br>HD: D\/D<br>AD: 0\/0<br>Patella: 3 ( operert )<br>Bitt:<\/p>\n\n\n\n<p>Eier : Tale Annesdatter Aasheim, Bergen<\/p>\n\n\n\n<figure class=\"wp-block-image size-large\"><img loading=\"lazy\" width=\"1024\" height=\"829\" src=\"http:\/\/kichiko.net\/wp-content\/uploads\/2022\/07\/t2-1024x829.jpg\" alt=\"\" class=\"wp-image-4313\" srcset=\"https:\/\/kichiko.net\/wp-content\/uploads\/2022\/07\/t2-1024x829.jpg 1024w, https:\/\/kichiko.net\/wp-content\/uploads\/2022\/07\/t2-400x324.jpg 400w, https:\/\/kichiko.net\/wp-content\/uploads\/2022\/07\/t2-768x622.jpg 768w, https:\/\/kichiko.net\/wp-content\/uploads\/2022\/07\/t2-1536x1244.jpg 1536w, https:\/\/kichiko.net\/wp-content\/uploads\/2022\/07\/t2.jpg 2048w\" sizes=\"(max-width: 1024px) 100vw, 1024px\" \/><figcaption>Nyf\u00f8dt<\/figcaption><\/figure>\n\n\n\n<figure class=\"wp-block-image size-large\"><img loading=\"lazy\" width=\"909\" height=\"1024\" src=\"http:\/\/kichiko.net\/wp-content\/uploads\/2022\/07\/t2-1-909x1024.jpg\" alt=\"\" class=\"wp-image-4314\" srcset=\"https:\/\/kichiko.net\/wp-content\/uploads\/2022\/07\/t2-1-909x1024.jpg 909w, https:\/\/kichiko.net\/wp-content\/uploads\/2022\/07\/t2-1-400x451.jpg 400w, https:\/\/kichiko.net\/wp-content\/uploads\/2022\/07\/t2-1-768x865.jpg 768w, https:\/\/kichiko.net\/wp-content\/uploads\/2022\/07\/t2-1-1364x1536.jpg 1364w, https:\/\/kichiko.net\/wp-content\/uploads\/2022\/07\/t2-1.jpg 1818w\" sizes=\"(max-width: 909px) 100vw, 909px\" \/><figcaption>1 uke<\/figcaption><\/figure>\n\n\n\n<figure class=\"wp-block-image size-large\"><img loading=\"lazy\" width=\"1007\" height=\"1024\" src=\"http:\/\/kichiko.net\/wp-content\/uploads\/2022\/07\/t2-2-1007x1024.jpg\" alt=\"\" class=\"wp-image-4315\" srcset=\"https:\/\/kichiko.net\/wp-content\/uploads\/2022\/07\/t2-2-1007x1024.jpg 1007w, https:\/\/kichiko.net\/wp-content\/uploads\/2022\/07\/t2-2-400x407.jpg 400w, https:\/\/kichiko.net\/wp-content\/uploads\/2022\/07\/t2-2-768x781.jpg 768w, https:\/\/kichiko.net\/wp-content\/uploads\/2022\/07\/t2-2-1511x1536.jpg 1511w, https:\/\/kichiko.net\/wp-content\/uploads\/2022\/07\/t2-2.jpg 2014w\" sizes=\"(max-width: 1007px) 100vw, 1007px\" \/><\/figure>\n\n\n\n<p>2 uker<\/p>\n\n\n\n<figure class=\"wp-block-image size-large\"><img loading=\"lazy\" width=\"778\" height=\"1024\" src=\"http:\/\/kichiko.net\/wp-content\/uploads\/2022\/07\/t2-4-778x1024.jpg\" alt=\"\" class=\"wp-image-4317\" srcset=\"https:\/\/kichiko.net\/wp-content\/uploads\/2022\/07\/t2-4-778x1024.jpg 778w, https:\/\/kichiko.net\/wp-content\/uploads\/2022\/07\/t2-4-400x526.jpg 400w, https:\/\/kichiko.net\/wp-content\/uploads\/2022\/07\/t2-4-768x1011.jpg 768w, https:\/\/kichiko.net\/wp-content\/uploads\/2022\/07\/t2-4-1167x1536.jpg 1167w, https:\/\/kichiko.net\/wp-content\/uploads\/2022\/07\/t2-4.jpg 1556w\" sizes=\"(max-width: 778px) 100vw, 778px\" \/><figcaption>3 uker<\/figcaption><\/figure>\n\n\n\n<figure class=\"wp-block-image size-large\"><img loading=\"lazy\" width=\"773\" height=\"1024\" src=\"http:\/\/kichiko.net\/wp-content\/uploads\/2022\/07\/t2-5-773x1024.jpg\" alt=\"\" class=\"wp-image-4318\" srcset=\"https:\/\/kichiko.net\/wp-content\/uploads\/2022\/07\/t2-5-773x1024.jpg 773w, https:\/\/kichiko.net\/wp-content\/uploads\/2022\/07\/t2-5-400x530.jpg 400w, https:\/\/kichiko.net\/wp-content\/uploads\/2022\/07\/t2-5-768x1017.jpg 768w, https:\/\/kichiko.net\/wp-content\/uploads\/2022\/07\/t2-5-1160x1536.jpg 1160w, https:\/\/kichiko.net\/wp-content\/uploads\/2022\/07\/t2-5.jpg 1546w\" sizes=\"(max-width: 773px) 100vw, 773px\" \/><figcaption>4 uker<\/figcaption><\/figure>\n\n\n\n<figure class=\"wp-block-image size-large\"><img loading=\"lazy\" width=\"690\" height=\"1024\" src=\"http:\/\/kichiko.net\/wp-content\/uploads\/2022\/07\/lilla-690x1024.jpg\" alt=\"\" class=\"wp-image-4319\" srcset=\"https:\/\/kichiko.net\/wp-content\/uploads\/2022\/07\/lilla-690x1024.jpg 690w, https:\/\/kichiko.net\/wp-content\/uploads\/2022\/07\/lilla-400x594.jpg 400w, https:\/\/kichiko.net\/wp-content\/uploads\/2022\/07\/lilla-768x1140.jpg 768w, https:\/\/kichiko.net\/wp-content\/uploads\/2022\/07\/lilla-1035x1536.jpg 1035w, https:\/\/kichiko.net\/wp-content\/uploads\/2022\/07\/lilla.jpg 1380w\" sizes=\"(max-width: 690px) 100vw, 690px\" \/><figcaption>5 uker<\/figcaption><\/figure>\n\n\n\n<figure class=\"wp-block-image size-large\"><img loading=\"lazy\" width=\"698\" height=\"1024\" src=\"http:\/\/kichiko.net\/wp-content\/uploads\/2022\/07\/lilla-1-698x1024.jpg\" alt=\"\" class=\"wp-image-4356\" srcset=\"https:\/\/kichiko.net\/wp-content\/uploads\/2022\/07\/lilla-1-698x1024.jpg 698w, https:\/\/kichiko.net\/wp-content\/uploads\/2022\/07\/lilla-1-400x587.jpg 400w, https:\/\/kichiko.net\/wp-content\/uploads\/2022\/07\/lilla-1-768x1127.jpg 768w, https:\/\/kichiko.net\/wp-content\/uploads\/2022\/07\/lilla-1-1047x1536.jpg 1047w, https:\/\/kichiko.net\/wp-content\/uploads\/2022\/07\/lilla-1.jpg 1396w\" sizes=\"(max-width: 698px) 100vw, 698px\" \/><figcaption>6 uker<\/figcaption><\/figure>\n\n\n\n<figure class=\"wp-block-image size-large\"><img loading=\"lazy\" width=\"749\" height=\"1024\" src=\"http:\/\/kichiko.net\/wp-content\/uploads\/2022\/07\/lilla-2-749x1024.jpg\" alt=\"\" class=\"wp-image-4358\" srcset=\"https:\/\/kichiko.net\/wp-content\/uploads\/2022\/07\/lilla-2-749x1024.jpg 749w, https:\/\/kichiko.net\/wp-content\/uploads\/2022\/07\/lilla-2-400x547.jpg 400w, https:\/\/kichiko.net\/wp-content\/uploads\/2022\/07\/lilla-2-768x1050.jpg 768w, https:\/\/kichiko.net\/wp-content\/uploads\/2022\/07\/lilla-2-1124x1536.jpg 1124w, https:\/\/kichiko.net\/wp-content\/uploads\/2022\/07\/lilla-2.jpg 1498w\" sizes=\"(max-width: 749px) 100vw, 749px\" \/><figcaption>7 uker<\/figcaption><\/figure>\n","protected":false},"excerpt":{"rendered":"<p>Kl. 14:00. Det ble en r\u00f8d tispe som veide 275 gram og fikk navnet Kichiko`s Loyal Gin Nick : SakiRase : ShibaKj\u00f8nn: TispeFarge : R\u00f8dF\u00f8dt: 05\/6-2022Reg.nr : NO48426\/22HD: D\/DAD: 0\/0Patella: 3 ( operert )Bitt: Eier : Tale Annesdatter Aasheim, Bergen 2 uker<\/p>\n","protected":false},"author":2,"featured_media":0,"parent":4188,"menu_order":4,"comment_status":"closed","ping_status":"closed","template":"","meta":[],"_links":{"self":[{"href":"https:\/\/kichiko.net\/index.php?rest_route=\/wp\/v2\/pages\/4200"}],"collection":[{"href":"https:\/\/kichiko.net\/index.php?rest_route=\/wp\/v2\/pages"}],"about":[{"href":"https:\/\/kichiko.net\/index.php?rest_route=\/wp\/v2\/types\/page"}],"author":[{"embeddable":true,"href":"https:\/\/kichiko.net\/index.php?rest_route=\/wp\/v2\/users\/2"}],"replies":[{"embeddable":true,"href":"https:\/\/kichiko.net\/index.php?rest_route=%2Fwp%2Fv2%2Fcomments&post=4200"}],"version-history":[{"count":6,"href":"https:\/\/kichiko.net\/index.php?rest_route=\/wp\/v2\/pages\/4200\/revisions"}],"predecessor-version":[{"id":4936,"href":"https:\/\/kichiko.net\/index.php?rest_route=\/wp\/v2\/pages\/4200\/revisions\/4936"}],"up":[{"embeddable":true,"href":"https:\/\/kichiko.net\/index.php?rest_route=\/wp\/v2\/pages\/4188"}],"wp:attachment":[{"href":"https:\/\/kichiko.net\/index.php?rest_route=%2Fwp%2Fv2%2Fmedia&parent=4200"}],"curies":[{"name":"wp","href":"https:\/\/api.w.org\/{rel}","templated":true}]}}