{"id":4195,"date":"2022-06-27T12:37:53","date_gmt":"2022-06-27T11:37:53","guid":{"rendered":"http:\/\/kichiko.net\/?page_id=4195"},"modified":"2023-07-14T23:22:19","modified_gmt":"2023-07-14T22:22:19","slug":"loyal-takeo","status":"publish","type":"page","link":"https:\/\/kichiko.net\/?page_id=4195","title":{"rendered":"Loyal Takeo"},"content":{"rendered":"\n<p>Kl. 14:00. Det ble en r\u00f8d hann som veide 285 gram og fikk navnet Kichiko`s Loyal Takeo<\/p>\n\n\n\n<p>Nick : Rex<br>Rase : Shiba<br>Kj\u00f8nn: Hann<br>Farge : R\u00f8d<br>F\u00f8dt: 05\/6-2022<br>Reg.nr : NO48427\/22<br>HD: B\/C<br>AD: 0\/0<br>Patella:<br>Bitt:<\/p>\n\n\n\n<p>Eier : Gagan Singh, Finstadjordet<\/p>\n\n\n\n<figure class=\"wp-block-image size-large\"><img loading=\"lazy\" width=\"1024\" height=\"1000\" src=\"http:\/\/kichiko.net\/wp-content\/uploads\/2022\/07\/h2-6-1024x1000.jpg\" alt=\"\" class=\"wp-image-4304\" srcset=\"https:\/\/kichiko.net\/wp-content\/uploads\/2022\/07\/h2-6-1024x1000.jpg 1024w, https:\/\/kichiko.net\/wp-content\/uploads\/2022\/07\/h2-6-400x391.jpg 400w, https:\/\/kichiko.net\/wp-content\/uploads\/2022\/07\/h2-6-768x750.jpg 768w, https:\/\/kichiko.net\/wp-content\/uploads\/2022\/07\/h2-6-1536x1500.jpg 1536w, https:\/\/kichiko.net\/wp-content\/uploads\/2022\/07\/h2-6.jpg 1953w\" sizes=\"(max-width: 1024px) 100vw, 1024px\" \/><figcaption>Nyf\u00f8dt<\/figcaption><\/figure>\n\n\n\n<figure class=\"wp-block-image size-large\"><img loading=\"lazy\" width=\"927\" height=\"1024\" src=\"http:\/\/kichiko.net\/wp-content\/uploads\/2022\/07\/h2-7-927x1024.jpg\" alt=\"\" class=\"wp-image-4306\" srcset=\"https:\/\/kichiko.net\/wp-content\/uploads\/2022\/07\/h2-7-927x1024.jpg 927w, https:\/\/kichiko.net\/wp-content\/uploads\/2022\/07\/h2-7-400x442.jpg 400w, https:\/\/kichiko.net\/wp-content\/uploads\/2022\/07\/h2-7-768x848.jpg 768w, https:\/\/kichiko.net\/wp-content\/uploads\/2022\/07\/h2-7-1391x1536.jpg 1391w, https:\/\/kichiko.net\/wp-content\/uploads\/2022\/07\/h2-7.jpg 1854w\" sizes=\"(max-width: 927px) 100vw, 927px\" \/><figcaption>1 uke<\/figcaption><\/figure>\n\n\n\n<figure class=\"wp-block-image size-large\"><img loading=\"lazy\" width=\"925\" height=\"1024\" src=\"http:\/\/kichiko.net\/wp-content\/uploads\/2022\/07\/h2-8-925x1024.jpg\" alt=\"\" class=\"wp-image-4307\" srcset=\"https:\/\/kichiko.net\/wp-content\/uploads\/2022\/07\/h2-8-925x1024.jpg 925w, https:\/\/kichiko.net\/wp-content\/uploads\/2022\/07\/h2-8-400x443.jpg 400w, https:\/\/kichiko.net\/wp-content\/uploads\/2022\/07\/h2-8-768x850.jpg 768w, https:\/\/kichiko.net\/wp-content\/uploads\/2022\/07\/h2-8-1388x1536.jpg 1388w, https:\/\/kichiko.net\/wp-content\/uploads\/2022\/07\/h2-8.jpg 1850w\" sizes=\"(max-width: 925px) 100vw, 925px\" \/><figcaption>2 uker<\/figcaption><\/figure>\n\n\n\n<figure class=\"wp-block-image size-large\"><img loading=\"lazy\" width=\"840\" height=\"1024\" src=\"http:\/\/kichiko.net\/wp-content\/uploads\/2022\/07\/h2-9-840x1024.jpg\" alt=\"\" class=\"wp-image-4308\" srcset=\"https:\/\/kichiko.net\/wp-content\/uploads\/2022\/07\/h2-9-840x1024.jpg 840w, https:\/\/kichiko.net\/wp-content\/uploads\/2022\/07\/h2-9-400x488.jpg 400w, https:\/\/kichiko.net\/wp-content\/uploads\/2022\/07\/h2-9-768x936.jpg 768w, https:\/\/kichiko.net\/wp-content\/uploads\/2022\/07\/h2-9-1260x1536.jpg 1260w, https:\/\/kichiko.net\/wp-content\/uploads\/2022\/07\/h2-9.jpg 1680w\" sizes=\"(max-width: 840px) 100vw, 840px\" \/><figcaption>3 uker<\/figcaption><\/figure>\n\n\n\n<figure class=\"wp-block-image size-large\"><img loading=\"lazy\" width=\"638\" height=\"1024\" src=\"http:\/\/kichiko.net\/wp-content\/uploads\/2022\/07\/h2-10-638x1024.jpg\" alt=\"\" class=\"wp-image-4309\" srcset=\"https:\/\/kichiko.net\/wp-content\/uploads\/2022\/07\/h2-10-638x1024.jpg 638w, https:\/\/kichiko.net\/wp-content\/uploads\/2022\/07\/h2-10-374x600.jpg 374w, https:\/\/kichiko.net\/wp-content\/uploads\/2022\/07\/h2-10-768x1233.jpg 768w, https:\/\/kichiko.net\/wp-content\/uploads\/2022\/07\/h2-10-957x1536.jpg 957w, https:\/\/kichiko.net\/wp-content\/uploads\/2022\/07\/h2-10.jpg 1276w\" sizes=\"(max-width: 638px) 100vw, 638px\" \/><figcaption>4 uker<\/figcaption><\/figure>\n\n\n\n<figure class=\"wp-block-image size-large\"><img loading=\"lazy\" width=\"664\" height=\"1024\" src=\"http:\/\/kichiko.net\/wp-content\/uploads\/2022\/07\/bla-664x1024.jpg\" alt=\"\" class=\"wp-image-4310\" srcset=\"https:\/\/kichiko.net\/wp-content\/uploads\/2022\/07\/bla-664x1024.jpg 664w, https:\/\/kichiko.net\/wp-content\/uploads\/2022\/07\/bla-389x600.jpg 389w, https:\/\/kichiko.net\/wp-content\/uploads\/2022\/07\/bla-768x1184.jpg 768w, https:\/\/kichiko.net\/wp-content\/uploads\/2022\/07\/bla-996x1536.jpg 996w, https:\/\/kichiko.net\/wp-content\/uploads\/2022\/07\/bla.jpg 1328w\" sizes=\"(max-width: 664px) 100vw, 664px\" \/><figcaption>5 uker<\/figcaption><\/figure>\n\n\n\n<figure class=\"wp-block-image size-large\"><img loading=\"lazy\" width=\"575\" height=\"1024\" src=\"http:\/\/kichiko.net\/wp-content\/uploads\/2022\/07\/bla-1-575x1024.jpg\" alt=\"\" class=\"wp-image-4353\" srcset=\"https:\/\/kichiko.net\/wp-content\/uploads\/2022\/07\/bla-1-575x1024.jpg 575w, https:\/\/kichiko.net\/wp-content\/uploads\/2022\/07\/bla-1-337x600.jpg 337w, https:\/\/kichiko.net\/wp-content\/uploads\/2022\/07\/bla-1-768x1368.jpg 768w, https:\/\/kichiko.net\/wp-content\/uploads\/2022\/07\/bla-1-863x1536.jpg 863w, https:\/\/kichiko.net\/wp-content\/uploads\/2022\/07\/bla-1.jpg 1150w\" sizes=\"(max-width: 575px) 100vw, 575px\" \/><figcaption>6 uker<\/figcaption><\/figure>\n\n\n\n<figure class=\"wp-block-image size-large\"><img loading=\"lazy\" width=\"769\" height=\"1024\" src=\"http:\/\/kichiko.net\/wp-content\/uploads\/2022\/07\/bla-2-769x1024.jpg\" alt=\"\" class=\"wp-image-4354\" srcset=\"https:\/\/kichiko.net\/wp-content\/uploads\/2022\/07\/bla-2-769x1024.jpg 769w, https:\/\/kichiko.net\/wp-content\/uploads\/2022\/07\/bla-2-400x533.jpg 400w, https:\/\/kichiko.net\/wp-content\/uploads\/2022\/07\/bla-2-768x1023.jpg 768w, https:\/\/kichiko.net\/wp-content\/uploads\/2022\/07\/bla-2-1154x1536.jpg 1154w, https:\/\/kichiko.net\/wp-content\/uploads\/2022\/07\/bla-2.jpg 1538w\" sizes=\"(max-width: 769px) 100vw, 769px\" \/><figcaption>7 uker<\/figcaption><\/figure>\n","protected":false},"excerpt":{"rendered":"<p>Kl. 14:00. Det ble en r\u00f8d hann som veide 285 gram og fikk navnet Kichiko`s Loyal Takeo Nick : RexRase : ShibaKj\u00f8nn: HannFarge : R\u00f8dF\u00f8dt: 05\/6-2022Reg.nr : NO48427\/22HD: B\/CAD: 0\/0Patella:Bitt: Eier : Gagan Singh, Finstadjordet<\/p>\n","protected":false},"author":2,"featured_media":0,"parent":4188,"menu_order":3,"comment_status":"closed","ping_status":"closed","template":"","meta":[],"_links":{"self":[{"href":"https:\/\/kichiko.net\/index.php?rest_route=\/wp\/v2\/pages\/4195"}],"collection":[{"href":"https:\/\/kichiko.net\/index.php?rest_route=\/wp\/v2\/pages"}],"about":[{"href":"https:\/\/kichiko.net\/index.php?rest_route=\/wp\/v2\/types\/page"}],"author":[{"embeddable":true,"href":"https:\/\/kichiko.net\/index.php?rest_route=\/wp\/v2\/users\/2"}],"replies":[{"embeddable":true,"href":"https:\/\/kichiko.net\/index.php?rest_route=%2Fwp%2Fv2%2Fcomments&post=4195"}],"version-history":[{"count":8,"href":"https:\/\/kichiko.net\/index.php?rest_route=\/wp\/v2\/pages\/4195\/revisions"}],"predecessor-version":[{"id":4644,"href":"https:\/\/kichiko.net\/index.php?rest_route=\/wp\/v2\/pages\/4195\/revisions\/4644"}],"up":[{"embeddable":true,"href":"https:\/\/kichiko.net\/index.php?rest_route=\/wp\/v2\/pages\/4188"}],"wp:attachment":[{"href":"https:\/\/kichiko.net\/index.php?rest_route=%2Fwp%2Fv2%2Fmedia&parent=4195"}],"curies":[{"name":"wp","href":"https:\/\/api.w.org\/{rel}","templated":true}]}}