{"id":4192,"date":"2022-06-27T12:36:51","date_gmt":"2022-06-27T11:36:51","guid":{"rendered":"http:\/\/kichiko.net\/?page_id=4192"},"modified":"2023-07-14T23:29:41","modified_gmt":"2023-07-14T22:29:41","slug":"loyal-gin","status":"publish","type":"page","link":"https:\/\/kichiko.net\/?page_id=4192","title":{"rendered":"Loyal Gaara"},"content":{"rendered":"\n<p>Kl. 14:00. Det ble en r\u00f8d hann som veide 275 gram og fikk navnet Kichiko`s Loyal Gaara<\/p>\n\n\n\n<p>Nick : Neko<br>Rase : Shiba<br>Kj\u00f8nn: Hann<br>Farge : R\u00f8d<br>F\u00f8dt: 05\/6-2022<br>Reg.nr : NO48428\/22<br>HD: B\/B<br>AD: 0\/0<br>Patella:<br>Bitt:<br>\u00d8yelyst med gonioskopi: Intet p\u00e5vist<\/p>\n\n\n\n<p>Eier : Marius Nilsen Tufte og Ingvild St\u00f8len, Oslo<\/p>\n\n\n\n<figure class=\"wp-block-image size-large\"><img loading=\"lazy\" width=\"895\" height=\"1024\" src=\"http:\/\/kichiko.net\/wp-content\/uploads\/2022\/07\/h1-5-895x1024.jpg\" alt=\"\" class=\"wp-image-4296\" srcset=\"https:\/\/kichiko.net\/wp-content\/uploads\/2022\/07\/h1-5-895x1024.jpg 895w, https:\/\/kichiko.net\/wp-content\/uploads\/2022\/07\/h1-5-400x458.jpg 400w, https:\/\/kichiko.net\/wp-content\/uploads\/2022\/07\/h1-5-768x879.jpg 768w, https:\/\/kichiko.net\/wp-content\/uploads\/2022\/07\/h1-5-1343x1536.jpg 1343w, https:\/\/kichiko.net\/wp-content\/uploads\/2022\/07\/h1-5.jpg 1790w\" sizes=\"(max-width: 895px) 100vw, 895px\" \/><figcaption>Nyf\u00f8dt<\/figcaption><\/figure>\n\n\n\n<figure class=\"wp-block-image size-large\"><img loading=\"lazy\" width=\"814\" height=\"1024\" src=\"http:\/\/kichiko.net\/wp-content\/uploads\/2022\/07\/h1-6-814x1024.jpg\" alt=\"\" class=\"wp-image-4297\" srcset=\"https:\/\/kichiko.net\/wp-content\/uploads\/2022\/07\/h1-6-814x1024.jpg 814w, https:\/\/kichiko.net\/wp-content\/uploads\/2022\/07\/h1-6-400x503.jpg 400w, https:\/\/kichiko.net\/wp-content\/uploads\/2022\/07\/h1-6-768x966.jpg 768w, https:\/\/kichiko.net\/wp-content\/uploads\/2022\/07\/h1-6-1221x1536.jpg 1221w, https:\/\/kichiko.net\/wp-content\/uploads\/2022\/07\/h1-6.jpg 1628w\" sizes=\"(max-width: 814px) 100vw, 814px\" \/><figcaption>1 uke<\/figcaption><\/figure>\n\n\n\n<figure class=\"wp-block-image size-large\"><img loading=\"lazy\" width=\"829\" height=\"1024\" src=\"http:\/\/kichiko.net\/wp-content\/uploads\/2022\/07\/h1-7-829x1024.jpg\" alt=\"\" class=\"wp-image-4298\" srcset=\"https:\/\/kichiko.net\/wp-content\/uploads\/2022\/07\/h1-7-829x1024.jpg 829w, https:\/\/kichiko.net\/wp-content\/uploads\/2022\/07\/h1-7-400x494.jpg 400w, https:\/\/kichiko.net\/wp-content\/uploads\/2022\/07\/h1-7-768x949.jpg 768w, https:\/\/kichiko.net\/wp-content\/uploads\/2022\/07\/h1-7-1244x1536.jpg 1244w, https:\/\/kichiko.net\/wp-content\/uploads\/2022\/07\/h1-7.jpg 1658w\" sizes=\"(max-width: 829px) 100vw, 829px\" \/><figcaption>2 uker<\/figcaption><\/figure>\n\n\n\n<figure class=\"wp-block-image size-large\"><img loading=\"lazy\" width=\"1024\" height=\"1003\" src=\"http:\/\/kichiko.net\/wp-content\/uploads\/2022\/07\/h1-8-1024x1003.jpg\" alt=\"\" class=\"wp-image-4299\" srcset=\"https:\/\/kichiko.net\/wp-content\/uploads\/2022\/07\/h1-8-1024x1003.jpg 1024w, https:\/\/kichiko.net\/wp-content\/uploads\/2022\/07\/h1-8-400x392.jpg 400w, https:\/\/kichiko.net\/wp-content\/uploads\/2022\/07\/h1-8-768x752.jpg 768w, https:\/\/kichiko.net\/wp-content\/uploads\/2022\/07\/h1-8-1536x1505.jpg 1536w, https:\/\/kichiko.net\/wp-content\/uploads\/2022\/07\/h1-8.jpg 2048w\" sizes=\"(max-width: 1024px) 100vw, 1024px\" \/><figcaption>3 uker<\/figcaption><\/figure>\n\n\n\n<figure class=\"wp-block-image size-large\"><img loading=\"lazy\" width=\"603\" height=\"1024\" src=\"http:\/\/kichiko.net\/wp-content\/uploads\/2022\/07\/h1-9-603x1024.jpg\" alt=\"\" class=\"wp-image-4300\" srcset=\"https:\/\/kichiko.net\/wp-content\/uploads\/2022\/07\/h1-9-603x1024.jpg 603w, https:\/\/kichiko.net\/wp-content\/uploads\/2022\/07\/h1-9-353x600.jpg 353w, https:\/\/kichiko.net\/wp-content\/uploads\/2022\/07\/h1-9-768x1304.jpg 768w, https:\/\/kichiko.net\/wp-content\/uploads\/2022\/07\/h1-9-905x1536.jpg 905w, https:\/\/kichiko.net\/wp-content\/uploads\/2022\/07\/h1-9.jpg 1206w\" sizes=\"(max-width: 603px) 100vw, 603px\" \/><figcaption>4 uker<\/figcaption><\/figure>\n\n\n\n<figure class=\"wp-block-image size-large\"><img loading=\"lazy\" width=\"721\" height=\"1024\" src=\"http:\/\/kichiko.net\/wp-content\/uploads\/2022\/07\/gronn-721x1024.jpg\" alt=\"\" class=\"wp-image-4301\" srcset=\"https:\/\/kichiko.net\/wp-content\/uploads\/2022\/07\/gronn-721x1024.jpg 721w, https:\/\/kichiko.net\/wp-content\/uploads\/2022\/07\/gronn-400x568.jpg 400w, https:\/\/kichiko.net\/wp-content\/uploads\/2022\/07\/gronn-768x1091.jpg 768w, https:\/\/kichiko.net\/wp-content\/uploads\/2022\/07\/gronn-1082x1536.jpg 1082w, https:\/\/kichiko.net\/wp-content\/uploads\/2022\/07\/gronn.jpg 1442w\" sizes=\"(max-width: 721px) 100vw, 721px\" \/><figcaption>5 uker<\/figcaption><\/figure>\n\n\n\n<figure class=\"wp-block-image size-large\"><img loading=\"lazy\" width=\"513\" height=\"1024\" src=\"http:\/\/kichiko.net\/wp-content\/uploads\/2022\/07\/gronn-1-513x1024.jpg\" alt=\"\" class=\"wp-image-4350\" srcset=\"https:\/\/kichiko.net\/wp-content\/uploads\/2022\/07\/gronn-1-513x1024.jpg 513w, https:\/\/kichiko.net\/wp-content\/uploads\/2022\/07\/gronn-1-301x600.jpg 301w, https:\/\/kichiko.net\/wp-content\/uploads\/2022\/07\/gronn-1-768x1533.jpg 768w, https:\/\/kichiko.net\/wp-content\/uploads\/2022\/07\/gronn-1-770x1536.jpg 770w, https:\/\/kichiko.net\/wp-content\/uploads\/2022\/07\/gronn-1.jpg 1026w\" sizes=\"(max-width: 513px) 100vw, 513px\" \/><figcaption>6 uker<\/figcaption><\/figure>\n\n\n\n<figure class=\"wp-block-image size-large\"><img loading=\"lazy\" width=\"739\" height=\"1024\" src=\"http:\/\/kichiko.net\/wp-content\/uploads\/2022\/07\/gronn-2-739x1024.jpg\" alt=\"\" class=\"wp-image-4351\" srcset=\"https:\/\/kichiko.net\/wp-content\/uploads\/2022\/07\/gronn-2-739x1024.jpg 739w, https:\/\/kichiko.net\/wp-content\/uploads\/2022\/07\/gronn-2-400x554.jpg 400w, https:\/\/kichiko.net\/wp-content\/uploads\/2022\/07\/gronn-2-768x1064.jpg 768w, https:\/\/kichiko.net\/wp-content\/uploads\/2022\/07\/gronn-2-1109x1536.jpg 1109w, https:\/\/kichiko.net\/wp-content\/uploads\/2022\/07\/gronn-2.jpg 1478w\" sizes=\"(max-width: 739px) 100vw, 739px\" \/><figcaption>7 uker<\/figcaption><\/figure>\n\n\n\n<figure class=\"wp-block-image size-large\"><img loading=\"lazy\" width=\"594\" height=\"1024\" src=\"http:\/\/kichiko.net\/wp-content\/uploads\/2022\/07\/295723054_5216549788413949_1492598855715054044_n-594x1024.jpg\" alt=\"\" class=\"wp-image-4371\" srcset=\"https:\/\/kichiko.net\/wp-content\/uploads\/2022\/07\/295723054_5216549788413949_1492598855715054044_n-594x1024.jpg 594w, https:\/\/kichiko.net\/wp-content\/uploads\/2022\/07\/295723054_5216549788413949_1492598855715054044_n-348x600.jpg 348w, https:\/\/kichiko.net\/wp-content\/uploads\/2022\/07\/295723054_5216549788413949_1492598855715054044_n-768x1323.jpg 768w, https:\/\/kichiko.net\/wp-content\/uploads\/2022\/07\/295723054_5216549788413949_1492598855715054044_n-891x1536.jpg 891w, https:\/\/kichiko.net\/wp-content\/uploads\/2022\/07\/295723054_5216549788413949_1492598855715054044_n-1189x2048.jpg 1189w, https:\/\/kichiko.net\/wp-content\/uploads\/2022\/07\/295723054_5216549788413949_1492598855715054044_n-scaled.jpg 1486w\" sizes=\"(max-width: 594px) 100vw, 594px\" \/><figcaption>Neko med sine nye eiere, Marius og Ingvild<\/figcaption><\/figure>\n","protected":false},"excerpt":{"rendered":"<p>Kl. 14:00. Det ble en r\u00f8d hann som veide 275 gram og fikk navnet Kichiko`s Loyal Gaara Nick : NekoRase : ShibaKj\u00f8nn: HannFarge : R\u00f8dF\u00f8dt: 05\/6-2022Reg.nr : NO48428\/22HD: B\/BAD: 0\/0Patella:Bitt:\u00d8yelyst med gonioskopi: Intet p\u00e5vist Eier : Marius Nilsen Tufte og Ingvild St\u00f8len, Oslo<\/p>\n","protected":false},"author":2,"featured_media":0,"parent":4188,"menu_order":2,"comment_status":"closed","ping_status":"closed","template":"","meta":[],"_links":{"self":[{"href":"https:\/\/kichiko.net\/index.php?rest_route=\/wp\/v2\/pages\/4192"}],"collection":[{"href":"https:\/\/kichiko.net\/index.php?rest_route=\/wp\/v2\/pages"}],"about":[{"href":"https:\/\/kichiko.net\/index.php?rest_route=\/wp\/v2\/types\/page"}],"author":[{"embeddable":true,"href":"https:\/\/kichiko.net\/index.php?rest_route=\/wp\/v2\/users\/2"}],"replies":[{"embeddable":true,"href":"https:\/\/kichiko.net\/index.php?rest_route=%2Fwp%2Fv2%2Fcomments&post=4192"}],"version-history":[{"count":7,"href":"https:\/\/kichiko.net\/index.php?rest_route=\/wp\/v2\/pages\/4192\/revisions"}],"predecessor-version":[{"id":4650,"href":"https:\/\/kichiko.net\/index.php?rest_route=\/wp\/v2\/pages\/4192\/revisions\/4650"}],"up":[{"embeddable":true,"href":"https:\/\/kichiko.net\/index.php?rest_route=\/wp\/v2\/pages\/4188"}],"wp:attachment":[{"href":"https:\/\/kichiko.net\/index.php?rest_route=%2Fwp%2Fv2%2Fmedia&parent=4192"}],"curies":[{"name":"wp","href":"https:\/\/api.w.org\/{rel}","templated":true}]}}