{"id":4190,"date":"2022-06-27T12:35:51","date_gmt":"2022-06-27T11:35:51","guid":{"rendered":"http:\/\/kichiko.net\/?page_id=4190"},"modified":"2022-07-29T21:06:43","modified_gmt":"2022-07-29T20:06:43","slug":"kichikos-l","status":"publish","type":"page","link":"https:\/\/kichiko.net\/?page_id=4190","title":{"rendered":"Loyal Sakura"},"content":{"rendered":"\n<p>Kl. 13:00. Det ble en r\u00f8d tispe som veide 265 gram og fikk navnet Kichiko`s Loyal Sakura<\/p>\n\n\n\n<p>Nick : Sammi<br>Rase : Shiba<br>Kj\u00f8nn: Tispe<br>Farge : R\u00f8d<br>F\u00f8dt: 05\/6-2022<br>Reg.nr : NO48425\/22<br>HD:<br>AD:<br>Patella:<br>Bitt:<\/p>\n\n\n\n<p>Eier : Halvor Tobiassen \u00d8i, Horten<\/p>\n\n\n\n<figure class=\"wp-block-image size-large\"><img loading=\"lazy\" width=\"885\" height=\"1024\" src=\"http:\/\/kichiko.net\/wp-content\/uploads\/2022\/07\/t1-885x1024.jpg\" alt=\"\" class=\"wp-image-4287\" srcset=\"https:\/\/kichiko.net\/wp-content\/uploads\/2022\/07\/t1-885x1024.jpg 885w, https:\/\/kichiko.net\/wp-content\/uploads\/2022\/07\/t1-400x463.jpg 400w, https:\/\/kichiko.net\/wp-content\/uploads\/2022\/07\/t1-768x889.jpg 768w, https:\/\/kichiko.net\/wp-content\/uploads\/2022\/07\/t1-1328x1536.jpg 1328w, https:\/\/kichiko.net\/wp-content\/uploads\/2022\/07\/t1.jpg 1770w\" sizes=\"(max-width: 885px) 100vw, 885px\" \/><figcaption>Nyf\u00f8dt<\/figcaption><\/figure>\n\n\n\n<figure class=\"wp-block-image size-large\"><img loading=\"lazy\" width=\"1024\" height=\"971\" src=\"http:\/\/kichiko.net\/wp-content\/uploads\/2022\/07\/t1-1-1024x971.jpg\" alt=\"\" class=\"wp-image-4288\" srcset=\"https:\/\/kichiko.net\/wp-content\/uploads\/2022\/07\/t1-1-1024x971.jpg 1024w, https:\/\/kichiko.net\/wp-content\/uploads\/2022\/07\/t1-1-400x379.jpg 400w, https:\/\/kichiko.net\/wp-content\/uploads\/2022\/07\/t1-1-768x728.jpg 768w, https:\/\/kichiko.net\/wp-content\/uploads\/2022\/07\/t1-1-1536x1457.jpg 1536w, https:\/\/kichiko.net\/wp-content\/uploads\/2022\/07\/t1-1.jpg 2048w\" sizes=\"(max-width: 1024px) 100vw, 1024px\" \/><figcaption>1 uke<\/figcaption><\/figure>\n\n\n\n<figure class=\"wp-block-image size-large\"><img loading=\"lazy\" width=\"1024\" height=\"958\" src=\"http:\/\/kichiko.net\/wp-content\/uploads\/2022\/07\/t1-2-1024x958.jpg\" alt=\"\" class=\"wp-image-4289\" srcset=\"https:\/\/kichiko.net\/wp-content\/uploads\/2022\/07\/t1-2-1024x958.jpg 1024w, https:\/\/kichiko.net\/wp-content\/uploads\/2022\/07\/t1-2-400x374.jpg 400w, https:\/\/kichiko.net\/wp-content\/uploads\/2022\/07\/t1-2-768x719.jpg 768w, https:\/\/kichiko.net\/wp-content\/uploads\/2022\/07\/t1-2-1536x1437.jpg 1536w, https:\/\/kichiko.net\/wp-content\/uploads\/2022\/07\/t1-2.jpg 2048w\" sizes=\"(max-width: 1024px) 100vw, 1024px\" \/><figcaption>2 uker<\/figcaption><\/figure>\n\n\n\n<figure class=\"wp-block-image size-large\"><img loading=\"lazy\" width=\"1024\" height=\"949\" src=\"http:\/\/kichiko.net\/wp-content\/uploads\/2022\/07\/t1-3-1024x949.jpg\" alt=\"\" class=\"wp-image-4290\" srcset=\"https:\/\/kichiko.net\/wp-content\/uploads\/2022\/07\/t1-3-1024x949.jpg 1024w, https:\/\/kichiko.net\/wp-content\/uploads\/2022\/07\/t1-3-400x371.jpg 400w, https:\/\/kichiko.net\/wp-content\/uploads\/2022\/07\/t1-3-768x712.jpg 768w, https:\/\/kichiko.net\/wp-content\/uploads\/2022\/07\/t1-3-1536x1424.jpg 1536w, https:\/\/kichiko.net\/wp-content\/uploads\/2022\/07\/t1-3.jpg 2048w\" sizes=\"(max-width: 1024px) 100vw, 1024px\" \/><figcaption>3 uker<\/figcaption><\/figure>\n\n\n\n<figure class=\"wp-block-image size-large\"><img loading=\"lazy\" width=\"939\" height=\"1024\" src=\"http:\/\/kichiko.net\/wp-content\/uploads\/2022\/07\/t1-4-939x1024.jpg\" alt=\"\" class=\"wp-image-4291\" srcset=\"https:\/\/kichiko.net\/wp-content\/uploads\/2022\/07\/t1-4-939x1024.jpg 939w, https:\/\/kichiko.net\/wp-content\/uploads\/2022\/07\/t1-4-400x436.jpg 400w, https:\/\/kichiko.net\/wp-content\/uploads\/2022\/07\/t1-4-768x838.jpg 768w, https:\/\/kichiko.net\/wp-content\/uploads\/2022\/07\/t1-4-1409x1536.jpg 1409w, https:\/\/kichiko.net\/wp-content\/uploads\/2022\/07\/t1-4.jpg 1878w\" sizes=\"(max-width: 939px) 100vw, 939px\" \/><figcaption>4 uker<\/figcaption><\/figure>\n\n\n\n<figure class=\"wp-block-image size-large\"><img loading=\"lazy\" width=\"749\" height=\"1024\" src=\"http:\/\/kichiko.net\/wp-content\/uploads\/2022\/07\/gul-749x1024.jpg\" alt=\"\" class=\"wp-image-4292\" srcset=\"https:\/\/kichiko.net\/wp-content\/uploads\/2022\/07\/gul-749x1024.jpg 749w, https:\/\/kichiko.net\/wp-content\/uploads\/2022\/07\/gul-400x547.jpg 400w, https:\/\/kichiko.net\/wp-content\/uploads\/2022\/07\/gul-768x1050.jpg 768w, https:\/\/kichiko.net\/wp-content\/uploads\/2022\/07\/gul-1124x1536.jpg 1124w, https:\/\/kichiko.net\/wp-content\/uploads\/2022\/07\/gul.jpg 1498w\" sizes=\"(max-width: 749px) 100vw, 749px\" \/><figcaption>5 uker<\/figcaption><\/figure>\n\n\n\n<figure class=\"wp-block-image size-large\"><img loading=\"lazy\" width=\"669\" height=\"1024\" src=\"http:\/\/kichiko.net\/wp-content\/uploads\/2022\/07\/gul-1-669x1024.jpg\" alt=\"\" class=\"wp-image-4346\" srcset=\"https:\/\/kichiko.net\/wp-content\/uploads\/2022\/07\/gul-1-669x1024.jpg 669w, https:\/\/kichiko.net\/wp-content\/uploads\/2022\/07\/gul-1-392x600.jpg 392w, https:\/\/kichiko.net\/wp-content\/uploads\/2022\/07\/gul-1-768x1176.jpg 768w, https:\/\/kichiko.net\/wp-content\/uploads\/2022\/07\/gul-1-1004x1536.jpg 1004w, https:\/\/kichiko.net\/wp-content\/uploads\/2022\/07\/gul-1.jpg 1338w\" sizes=\"(max-width: 669px) 100vw, 669px\" \/><figcaption>6 uker<\/figcaption><\/figure>\n\n\n\n<figure class=\"wp-block-image size-large\"><img loading=\"lazy\" width=\"706\" height=\"1024\" src=\"http:\/\/kichiko.net\/wp-content\/uploads\/2022\/07\/gul-2-706x1024.jpg\" alt=\"\" class=\"wp-image-4347\" srcset=\"https:\/\/kichiko.net\/wp-content\/uploads\/2022\/07\/gul-2-706x1024.jpg 706w, https:\/\/kichiko.net\/wp-content\/uploads\/2022\/07\/gul-2-400x580.jpg 400w, https:\/\/kichiko.net\/wp-content\/uploads\/2022\/07\/gul-2-768x1114.jpg 768w, https:\/\/kichiko.net\/wp-content\/uploads\/2022\/07\/gul-2-1059x1536.jpg 1059w, https:\/\/kichiko.net\/wp-content\/uploads\/2022\/07\/gul-2.jpg 1412w\" sizes=\"(max-width: 706px) 100vw, 706px\" \/><figcaption>7 uker<\/figcaption><\/figure>\n\n\n\n<figure class=\"wp-block-image size-large\"><img loading=\"lazy\" width=\"627\" height=\"1024\" src=\"http:\/\/kichiko.net\/wp-content\/uploads\/2022\/07\/294132037_3879467715612322_1477821056150514077_n-627x1024.jpg\" alt=\"\" class=\"wp-image-4369\" srcset=\"https:\/\/kichiko.net\/wp-content\/uploads\/2022\/07\/294132037_3879467715612322_1477821056150514077_n-627x1024.jpg 627w, https:\/\/kichiko.net\/wp-content\/uploads\/2022\/07\/294132037_3879467715612322_1477821056150514077_n-367x600.jpg 367w, https:\/\/kichiko.net\/wp-content\/uploads\/2022\/07\/294132037_3879467715612322_1477821056150514077_n-768x1255.jpg 768w, https:\/\/kichiko.net\/wp-content\/uploads\/2022\/07\/294132037_3879467715612322_1477821056150514077_n-940x1536.jpg 940w, https:\/\/kichiko.net\/wp-content\/uploads\/2022\/07\/294132037_3879467715612322_1477821056150514077_n-1253x2048.jpg 1253w, https:\/\/kichiko.net\/wp-content\/uploads\/2022\/07\/294132037_3879467715612322_1477821056150514077_n-scaled.jpg 1567w\" sizes=\"(max-width: 627px) 100vw, 627px\" \/><figcaption>Sammi med sin nye eier<\/figcaption><\/figure>\n","protected":false},"excerpt":{"rendered":"<p>Kl. 13:00. Det ble en r\u00f8d tispe som veide 265 gram og fikk navnet Kichiko`s Loyal Sakura Nick : SammiRase : ShibaKj\u00f8nn: TispeFarge : R\u00f8dF\u00f8dt: 05\/6-2022Reg.nr : NO48425\/22HD:AD:Patella:Bitt: Eier : Halvor Tobiassen \u00d8i, Horten<\/p>\n","protected":false},"author":2,"featured_media":0,"parent":4188,"menu_order":0,"comment_status":"closed","ping_status":"closed","template":"","meta":[],"_links":{"self":[{"href":"https:\/\/kichiko.net\/index.php?rest_route=\/wp\/v2\/pages\/4190"}],"collection":[{"href":"https:\/\/kichiko.net\/index.php?rest_route=\/wp\/v2\/pages"}],"about":[{"href":"https:\/\/kichiko.net\/index.php?rest_route=\/wp\/v2\/types\/page"}],"author":[{"embeddable":true,"href":"https:\/\/kichiko.net\/index.php?rest_route=\/wp\/v2\/users\/2"}],"replies":[{"embeddable":true,"href":"https:\/\/kichiko.net\/index.php?rest_route=%2Fwp%2Fv2%2Fcomments&post=4190"}],"version-history":[{"count":6,"href":"https:\/\/kichiko.net\/index.php?rest_route=\/wp\/v2\/pages\/4190\/revisions"}],"predecessor-version":[{"id":4370,"href":"https:\/\/kichiko.net\/index.php?rest_route=\/wp\/v2\/pages\/4190\/revisions\/4370"}],"up":[{"embeddable":true,"href":"https:\/\/kichiko.net\/index.php?rest_route=\/wp\/v2\/pages\/4188"}],"wp:attachment":[{"href":"https:\/\/kichiko.net\/index.php?rest_route=%2Fwp%2Fv2%2Fmedia&parent=4190"}],"curies":[{"name":"wp","href":"https:\/\/api.w.org\/{rel}","templated":true}]}}