{"id":4149,"date":"2022-06-10T22:15:54","date_gmt":"2022-06-10T21:15:54","guid":{"rendered":"http:\/\/kichiko.net\/?page_id=4149"},"modified":"2022-07-24T22:45:01","modified_gmt":"2022-07-24T21:45:01","slug":"kichikos-just-me","status":"publish","type":"page","link":"https:\/\/kichiko.net\/?page_id=4149","title":{"rendered":"Just Me"},"content":{"rendered":"\n<p>Kl.23:15. Det ble en r\u00f8d tispe som veide 215 gram og fikk navnet Kichiko&laquo;s Just Me<\/p>\n\n\n\n<p>Nick : Kira<br>Rase : Shiba<br>Kj\u00f8nn: Tispe<br>Farge : R\u00f8d<br>F\u00f8dt:31\/5-2022<br>Reg.nr : NO48421\/22<br>HD:<br>AD:<br>Patella:<br>Bitt:<\/p>\n\n\n\n<p>Eier : Sylvi Becher, Spikkestad<\/p>\n\n\n\n<p><\/p>\n\n\n\n<figure class=\"wp-block-image\"><img loading=\"lazy\" width=\"960\" height=\"1024\" src=\"http:\/\/kichiko.net\/wp-content\/uploads\/2022\/06\/285680674_10160151263581241_3562718628497582108_n-960x1024.jpg\" alt=\"\" class=\"wp-image-4150\" srcset=\"https:\/\/kichiko.net\/wp-content\/uploads\/2022\/06\/285680674_10160151263581241_3562718628497582108_n-960x1024.jpg 960w, https:\/\/kichiko.net\/wp-content\/uploads\/2022\/06\/285680674_10160151263581241_3562718628497582108_n-400x427.jpg 400w, https:\/\/kichiko.net\/wp-content\/uploads\/2022\/06\/285680674_10160151263581241_3562718628497582108_n-768x819.jpg 768w, https:\/\/kichiko.net\/wp-content\/uploads\/2022\/06\/285680674_10160151263581241_3562718628497582108_n.jpg 1889w\" sizes=\"(max-width: 960px) 100vw, 960px\" \/><figcaption>Nyf\u00f8dt<br><\/figcaption><\/figure>\n\n\n\n<figure class=\"wp-block-image\"><img loading=\"lazy\" width=\"768\" height=\"1024\" src=\"http:\/\/kichiko.net\/wp-content\/uploads\/2022\/06\/284138255_10160159891311241_8143507584472024816_n-1-768x1024.jpg\" alt=\"\" class=\"wp-image-4151\" srcset=\"https:\/\/kichiko.net\/wp-content\/uploads\/2022\/06\/284138255_10160159891311241_8143507584472024816_n-1-768x1024.jpg 768w, https:\/\/kichiko.net\/wp-content\/uploads\/2022\/06\/284138255_10160159891311241_8143507584472024816_n-1-400x533.jpg 400w, https:\/\/kichiko.net\/wp-content\/uploads\/2022\/06\/284138255_10160159891311241_8143507584472024816_n-1.jpg 843w\" sizes=\"(max-width: 768px) 100vw, 768px\" \/><figcaption>1 uke<br><\/figcaption><\/figure>\n\n\n\n<figure class=\"wp-block-image\"><img loading=\"lazy\" width=\"773\" height=\"1024\" src=\"http:\/\/kichiko.net\/wp-content\/uploads\/2022\/06\/2-uker-773x1024.jpg\" alt=\"\" class=\"wp-image-4181\" srcset=\"https:\/\/kichiko.net\/wp-content\/uploads\/2022\/06\/2-uker-773x1024.jpg 773w, https:\/\/kichiko.net\/wp-content\/uploads\/2022\/06\/2-uker-400x530.jpg 400w, https:\/\/kichiko.net\/wp-content\/uploads\/2022\/06\/2-uker-768x1017.jpg 768w, https:\/\/kichiko.net\/wp-content\/uploads\/2022\/06\/2-uker.jpg 1546w\" sizes=\"(max-width: 773px) 100vw, 773px\" \/><figcaption>2 uker <br><\/figcaption><\/figure>\n\n\n\n<figure class=\"wp-block-image\"><img loading=\"lazy\" width=\"927\" height=\"1024\" src=\"http:\/\/kichiko.net\/wp-content\/uploads\/2022\/06\/3-uker-927x1024.jpg\" alt=\"\" class=\"wp-image-4182\" srcset=\"https:\/\/kichiko.net\/wp-content\/uploads\/2022\/06\/3-uker-927x1024.jpg 927w, https:\/\/kichiko.net\/wp-content\/uploads\/2022\/06\/3-uker-400x442.jpg 400w, https:\/\/kichiko.net\/wp-content\/uploads\/2022\/06\/3-uker-768x848.jpg 768w, https:\/\/kichiko.net\/wp-content\/uploads\/2022\/06\/3-uker.jpg 1854w\" sizes=\"(max-width: 927px) 100vw, 927px\" \/><figcaption>3 uker <\/figcaption><\/figure>\n\n\n\n<figure class=\"wp-block-image size-large\"><img loading=\"lazy\" width=\"679\" height=\"1024\" src=\"http:\/\/kichiko.net\/wp-content\/uploads\/2022\/07\/4-uker-679x1024.jpg\" alt=\"\" class=\"wp-image-4230\" srcset=\"https:\/\/kichiko.net\/wp-content\/uploads\/2022\/07\/4-uker-679x1024.jpg 679w, https:\/\/kichiko.net\/wp-content\/uploads\/2022\/07\/4-uker-398x600.jpg 398w, https:\/\/kichiko.net\/wp-content\/uploads\/2022\/07\/4-uker-768x1158.jpg 768w, https:\/\/kichiko.net\/wp-content\/uploads\/2022\/07\/4-uker-1019x1536.jpg 1019w, https:\/\/kichiko.net\/wp-content\/uploads\/2022\/07\/4-uker.jpg 1358w\" sizes=\"(max-width: 679px) 100vw, 679px\" \/><figcaption>4 uker<\/figcaption><\/figure>\n\n\n\n<figure class=\"wp-block-image size-large\"><img loading=\"lazy\" width=\"898\" height=\"1024\" src=\"http:\/\/kichiko.net\/wp-content\/uploads\/2022\/07\/5-uker-898x1024.jpg\" alt=\"\" class=\"wp-image-4231\" srcset=\"https:\/\/kichiko.net\/wp-content\/uploads\/2022\/07\/5-uker-898x1024.jpg 898w, https:\/\/kichiko.net\/wp-content\/uploads\/2022\/07\/5-uker-400x456.jpg 400w, https:\/\/kichiko.net\/wp-content\/uploads\/2022\/07\/5-uker-768x876.jpg 768w, https:\/\/kichiko.net\/wp-content\/uploads\/2022\/07\/5-uker-1347x1536.jpg 1347w, https:\/\/kichiko.net\/wp-content\/uploads\/2022\/07\/5-uker.jpg 1588w\" sizes=\"(max-width: 898px) 100vw, 898px\" \/><figcaption>5 uker<\/figcaption><\/figure>\n\n\n\n<figure class=\"wp-block-image size-large\"><img loading=\"lazy\" width=\"1002\" height=\"1024\" src=\"http:\/\/kichiko.net\/wp-content\/uploads\/2022\/07\/6-uker-1002x1024.jpg\" alt=\"\" class=\"wp-image-4232\" srcset=\"https:\/\/kichiko.net\/wp-content\/uploads\/2022\/07\/6-uker-1002x1024.jpg 1002w, https:\/\/kichiko.net\/wp-content\/uploads\/2022\/07\/6-uker-400x409.jpg 400w, https:\/\/kichiko.net\/wp-content\/uploads\/2022\/07\/6-uker-768x785.jpg 768w, https:\/\/kichiko.net\/wp-content\/uploads\/2022\/07\/6-uker-1503x1536.jpg 1503w, https:\/\/kichiko.net\/wp-content\/uploads\/2022\/07\/6-uker.jpg 2004w\" sizes=\"(max-width: 1002px) 100vw, 1002px\" \/><figcaption>6 uker<\/figcaption><\/figure>\n\n\n\n<figure class=\"wp-block-image size-large\"><img loading=\"lazy\" width=\"885\" height=\"1024\" src=\"http:\/\/kichiko.net\/wp-content\/uploads\/2022\/07\/293620311_10160232742766241_74233597477948285_n-885x1024.jpg\" alt=\"\" class=\"wp-image-4332\" srcset=\"https:\/\/kichiko.net\/wp-content\/uploads\/2022\/07\/293620311_10160232742766241_74233597477948285_n-885x1024.jpg 885w, https:\/\/kichiko.net\/wp-content\/uploads\/2022\/07\/293620311_10160232742766241_74233597477948285_n-400x463.jpg 400w, https:\/\/kichiko.net\/wp-content\/uploads\/2022\/07\/293620311_10160232742766241_74233597477948285_n-768x889.jpg 768w, https:\/\/kichiko.net\/wp-content\/uploads\/2022\/07\/293620311_10160232742766241_74233597477948285_n-1328x1536.jpg 1328w, https:\/\/kichiko.net\/wp-content\/uploads\/2022\/07\/293620311_10160232742766241_74233597477948285_n.jpg 1770w\" sizes=\"(max-width: 885px) 100vw, 885px\" \/><figcaption>7 uker<\/figcaption><\/figure>\n\n\n\n<figure class=\"wp-block-image size-large\"><img loading=\"lazy\" width=\"768\" height=\"1024\" src=\"http:\/\/kichiko.net\/wp-content\/uploads\/2022\/07\/294376415_10160237176406241_3405762181565577308_n-768x1024.jpg\" alt=\"\" class=\"wp-image-4333\" srcset=\"https:\/\/kichiko.net\/wp-content\/uploads\/2022\/07\/294376415_10160237176406241_3405762181565577308_n-768x1024.jpg 768w, https:\/\/kichiko.net\/wp-content\/uploads\/2022\/07\/294376415_10160237176406241_3405762181565577308_n-400x533.jpg 400w, https:\/\/kichiko.net\/wp-content\/uploads\/2022\/07\/294376415_10160237176406241_3405762181565577308_n-1152x1536.jpg 1152w, https:\/\/kichiko.net\/wp-content\/uploads\/2022\/07\/294376415_10160237176406241_3405762181565577308_n.jpg 1536w\" sizes=\"(max-width: 768px) 100vw, 768px\" \/><figcaption>Kira og hennes nye eier<\/figcaption><\/figure>\n","protected":false},"excerpt":{"rendered":"<p>Kl.23:15. Det ble en r\u00f8d tispe som veide 215 gram og fikk navnet Kichiko&laquo;s Just Me Nick : KiraRase : ShibaKj\u00f8nn: TispeFarge : R\u00f8dF\u00f8dt:31\/5-2022Reg.nr : NO48421\/22HD:AD:Patella:Bitt: Eier : Sylvi Becher, Spikkestad<\/p>\n","protected":false},"author":2,"featured_media":0,"parent":4143,"menu_order":0,"comment_status":"closed","ping_status":"closed","template":"","meta":[],"_links":{"self":[{"href":"https:\/\/kichiko.net\/index.php?rest_route=\/wp\/v2\/pages\/4149"}],"collection":[{"href":"https:\/\/kichiko.net\/index.php?rest_route=\/wp\/v2\/pages"}],"about":[{"href":"https:\/\/kichiko.net\/index.php?rest_route=\/wp\/v2\/types\/page"}],"author":[{"embeddable":true,"href":"https:\/\/kichiko.net\/index.php?rest_route=\/wp\/v2\/users\/2"}],"replies":[{"embeddable":true,"href":"https:\/\/kichiko.net\/index.php?rest_route=%2Fwp%2Fv2%2Fcomments&post=4149"}],"version-history":[{"count":6,"href":"https:\/\/kichiko.net\/index.php?rest_route=\/wp\/v2\/pages\/4149\/revisions"}],"predecessor-version":[{"id":4334,"href":"https:\/\/kichiko.net\/index.php?rest_route=\/wp\/v2\/pages\/4149\/revisions\/4334"}],"up":[{"embeddable":true,"href":"https:\/\/kichiko.net\/index.php?rest_route=\/wp\/v2\/pages\/4143"}],"wp:attachment":[{"href":"https:\/\/kichiko.net\/index.php?rest_route=%2Fwp%2Fv2%2Fmedia&parent=4149"}],"curies":[{"name":"wp","href":"https:\/\/api.w.org\/{rel}","templated":true}]}}