{"id":4069,"date":"2022-05-06T23:07:08","date_gmt":"2022-05-06T22:07:08","guid":{"rendered":"http:\/\/kichiko.net\/?page_id=4069"},"modified":"2023-10-31T22:28:47","modified_gmt":"2023-10-31T21:28:47","slug":"kichikos-i-2","status":"publish","type":"page","link":"https:\/\/kichiko.net\/?page_id=4069","title":{"rendered":"Incredible Inu Ni"},"content":{"rendered":"\n<p>Kl.06:45. Nr 2 ble en r\u00f8d tispe som veide 300 gram og fikk navnet Kichiko`s Incredible Inu Ni<\/p>\n\n\n\n<p>Nick : Mochi<br>Rase : Shiba<br>Kj\u00f8nn: Tispe<br>Farge : R\u00f8d<br>F\u00f8dt: 12\/4-2022<br>Reg.nr : NO43618\/22<br>HD: C\/C<br>AD: 0\/0<br>Patella:<br>Bitt:<br>\u00d8yelyst med gonioskopi: Intet p\u00e5vist<\/p>\n\n\n\n<p>Eier : Tram Nguyen og Duy Le, Drammen<\/p>\n\n\n\n<figure class=\"wp-block-image\"><img loading=\"lazy\" width=\"1024\" height=\"1024\" src=\"http:\/\/kichiko.net\/wp-content\/uploads\/2022\/05\/t1-1024x1024.jpg\" alt=\"\" class=\"wp-image-4070\" srcset=\"https:\/\/kichiko.net\/wp-content\/uploads\/2022\/05\/t1-1024x1024.jpg 1024w, https:\/\/kichiko.net\/wp-content\/uploads\/2022\/05\/t1-150x150.jpg 150w, https:\/\/kichiko.net\/wp-content\/uploads\/2022\/05\/t1-400x400.jpg 400w, https:\/\/kichiko.net\/wp-content\/uploads\/2022\/05\/t1-768x767.jpg 768w, https:\/\/kichiko.net\/wp-content\/uploads\/2022\/05\/t1.jpg 2048w\" sizes=\"(max-width: 1024px) 100vw, 1024px\" \/><figcaption>Nyf\u00f8dt<br><\/figcaption><\/figure>\n\n\n\n<figure class=\"wp-block-image\"><img loading=\"lazy\" width=\"897\" height=\"1024\" src=\"http:\/\/kichiko.net\/wp-content\/uploads\/2022\/05\/t1-1-897x1024.jpg\" alt=\"\" class=\"wp-image-4071\" srcset=\"https:\/\/kichiko.net\/wp-content\/uploads\/2022\/05\/t1-1-897x1024.jpg 897w, https:\/\/kichiko.net\/wp-content\/uploads\/2022\/05\/t1-1-400x457.jpg 400w, https:\/\/kichiko.net\/wp-content\/uploads\/2022\/05\/t1-1-768x877.jpg 768w, https:\/\/kichiko.net\/wp-content\/uploads\/2022\/05\/t1-1.jpg 1794w\" sizes=\"(max-width: 897px) 100vw, 897px\" \/><figcaption>1 uke<br><\/figcaption><\/figure>\n\n\n\n<figure class=\"wp-block-image\"><img loading=\"lazy\" width=\"773\" height=\"1024\" src=\"http:\/\/kichiko.net\/wp-content\/uploads\/2022\/05\/t1-2-773x1024.jpg\" alt=\"\" class=\"wp-image-4072\" srcset=\"https:\/\/kichiko.net\/wp-content\/uploads\/2022\/05\/t1-2-773x1024.jpg 773w, https:\/\/kichiko.net\/wp-content\/uploads\/2022\/05\/t1-2-400x530.jpg 400w, https:\/\/kichiko.net\/wp-content\/uploads\/2022\/05\/t1-2-768x1017.jpg 768w, https:\/\/kichiko.net\/wp-content\/uploads\/2022\/05\/t1-2.jpg 1546w\" sizes=\"(max-width: 773px) 100vw, 773px\" \/><figcaption>2 uker<br><\/figcaption><\/figure>\n\n\n\n<figure class=\"wp-block-image\"><img loading=\"lazy\" width=\"720\" height=\"1024\" src=\"http:\/\/kichiko.net\/wp-content\/uploads\/2022\/05\/t1-3-720x1024.jpg\" alt=\"\" class=\"wp-image-4073\" srcset=\"https:\/\/kichiko.net\/wp-content\/uploads\/2022\/05\/t1-3-720x1024.jpg 720w, https:\/\/kichiko.net\/wp-content\/uploads\/2022\/05\/t1-3-400x569.jpg 400w, https:\/\/kichiko.net\/wp-content\/uploads\/2022\/05\/t1-3-768x1092.jpg 768w, https:\/\/kichiko.net\/wp-content\/uploads\/2022\/05\/t1-3.jpg 1440w\" sizes=\"(max-width: 720px) 100vw, 720px\" \/><figcaption>3 uker <br><br><\/figcaption><\/figure>\n\n\n\n<figure class=\"wp-block-image\"><img loading=\"lazy\" width=\"813\" height=\"1024\" src=\"http:\/\/kichiko.net\/wp-content\/uploads\/2022\/05\/t1-7-813x1024.jpg\" alt=\"\" class=\"wp-image-4119\" srcset=\"https:\/\/kichiko.net\/wp-content\/uploads\/2022\/05\/t1-7-813x1024.jpg 813w, https:\/\/kichiko.net\/wp-content\/uploads\/2022\/05\/t1-7-400x504.jpg 400w, https:\/\/kichiko.net\/wp-content\/uploads\/2022\/05\/t1-7-768x967.jpg 768w, https:\/\/kichiko.net\/wp-content\/uploads\/2022\/05\/t1-7.jpg 1626w\" sizes=\"(max-width: 813px) 100vw, 813px\" \/><figcaption>4 uker<br><\/figcaption><\/figure>\n\n\n\n<figure class=\"wp-block-image\"><img loading=\"lazy\" width=\"774\" height=\"1024\" src=\"http:\/\/kichiko.net\/wp-content\/uploads\/2022\/05\/t1-8-774x1024.jpg\" alt=\"\" class=\"wp-image-4125\" srcset=\"https:\/\/kichiko.net\/wp-content\/uploads\/2022\/05\/t1-8-774x1024.jpg 774w, https:\/\/kichiko.net\/wp-content\/uploads\/2022\/05\/t1-8-400x529.jpg 400w, https:\/\/kichiko.net\/wp-content\/uploads\/2022\/05\/t1-8-768x1016.jpg 768w, https:\/\/kichiko.net\/wp-content\/uploads\/2022\/05\/t1-8.jpg 1548w\" sizes=\"(max-width: 774px) 100vw, 774px\" \/><figcaption>5 uker<br><\/figcaption><\/figure>\n\n\n\n<figure class=\"wp-block-image\"><img loading=\"lazy\" width=\"805\" height=\"1024\" src=\"http:\/\/kichiko.net\/wp-content\/uploads\/2022\/05\/t1-9-805x1024.jpg\" alt=\"\" class=\"wp-image-4126\" srcset=\"https:\/\/kichiko.net\/wp-content\/uploads\/2022\/05\/t1-9-805x1024.jpg 805w, https:\/\/kichiko.net\/wp-content\/uploads\/2022\/05\/t1-9-400x509.jpg 400w, https:\/\/kichiko.net\/wp-content\/uploads\/2022\/05\/t1-9-768x977.jpg 768w, https:\/\/kichiko.net\/wp-content\/uploads\/2022\/05\/t1-9.jpg 1610w\" sizes=\"(max-width: 805px) 100vw, 805px\" \/><figcaption>6 uker<\/figcaption><\/figure>\n","protected":false},"excerpt":{"rendered":"<p>Kl.06:45. Nr 2 ble en r\u00f8d tispe som veide 300 gram og fikk navnet Kichiko`s Incredible Inu Ni Nick : MochiRase : ShibaKj\u00f8nn: TispeFarge : R\u00f8dF\u00f8dt: 12\/4-2022Reg.nr : NO43618\/22HD: C\/CAD: 0\/0Patella:Bitt:\u00d8yelyst med gonioskopi: Intet p\u00e5vist Eier : Tram Nguyen og Duy Le, Drammen<\/p>\n","protected":false},"author":2,"featured_media":0,"parent":4057,"menu_order":2,"comment_status":"closed","ping_status":"closed","template":"","meta":[],"_links":{"self":[{"href":"https:\/\/kichiko.net\/index.php?rest_route=\/wp\/v2\/pages\/4069"}],"collection":[{"href":"https:\/\/kichiko.net\/index.php?rest_route=\/wp\/v2\/pages"}],"about":[{"href":"https:\/\/kichiko.net\/index.php?rest_route=\/wp\/v2\/types\/page"}],"author":[{"embeddable":true,"href":"https:\/\/kichiko.net\/index.php?rest_route=\/wp\/v2\/users\/2"}],"replies":[{"embeddable":true,"href":"https:\/\/kichiko.net\/index.php?rest_route=%2Fwp%2Fv2%2Fcomments&post=4069"}],"version-history":[{"count":11,"href":"https:\/\/kichiko.net\/index.php?rest_route=\/wp\/v2\/pages\/4069\/revisions"}],"predecessor-version":[{"id":4934,"href":"https:\/\/kichiko.net\/index.php?rest_route=\/wp\/v2\/pages\/4069\/revisions\/4934"}],"up":[{"embeddable":true,"href":"https:\/\/kichiko.net\/index.php?rest_route=\/wp\/v2\/pages\/4057"}],"wp:attachment":[{"href":"https:\/\/kichiko.net\/index.php?rest_route=%2Fwp%2Fv2%2Fmedia&parent=4069"}],"curies":[{"name":"wp","href":"https:\/\/api.w.org\/{rel}","templated":true}]}}