{"id":4060,"date":"2022-05-06T22:58:59","date_gmt":"2022-05-06T21:58:59","guid":{"rendered":"http:\/\/kichiko.net\/?page_id=4060"},"modified":"2022-10-16T11:37:48","modified_gmt":"2022-10-16T10:37:48","slug":"kichikos-i","status":"publish","type":"page","link":"https:\/\/kichiko.net\/?page_id=4060","title":{"rendered":"Incredible Inu Ichi"},"content":{"rendered":"\n<p>Kl.06:30. Nr 1 ble en r\u00f8d hann som veide 325 gram og fikk navnet Kichiko`s Incredible Inu Ichi<\/p>\n\n\n\n<p>Nick : Chiba<br>Rase : Shiba<br>Kj\u00f8nn: Hannhund<br>Farge : R\u00f8d<br>F\u00f8dt: 12\/4-2022<br>Reg.nr : NO43617\/22<br>HD:<br>AD:<br>Patella:<br>Bitt:<\/p>\n\n\n\n<p>Eier : Mius Ebonoogi, Oslo<\/p>\n\n\n\n<figure class=\"wp-block-image\"><img loading=\"lazy\" width=\"963\" height=\"1024\" src=\"http:\/\/kichiko.net\/wp-content\/uploads\/2022\/05\/h-963x1024.jpg\" alt=\"\" class=\"wp-image-4063\" srcset=\"https:\/\/kichiko.net\/wp-content\/uploads\/2022\/05\/h-963x1024.jpg 963w, https:\/\/kichiko.net\/wp-content\/uploads\/2022\/05\/h-400x425.jpg 400w, https:\/\/kichiko.net\/wp-content\/uploads\/2022\/05\/h-768x817.jpg 768w, https:\/\/kichiko.net\/wp-content\/uploads\/2022\/05\/h.jpg 1926w\" sizes=\"(max-width: 963px) 100vw, 963px\" \/><figcaption>Nyf\u00f8dt<br><\/figcaption><\/figure>\n\n\n\n<figure class=\"wp-block-image\"><img loading=\"lazy\" width=\"687\" height=\"1024\" src=\"http:\/\/kichiko.net\/wp-content\/uploads\/2022\/05\/h-1-687x1024.jpg\" alt=\"\" class=\"wp-image-4064\" srcset=\"https:\/\/kichiko.net\/wp-content\/uploads\/2022\/05\/h-1-687x1024.jpg 687w, https:\/\/kichiko.net\/wp-content\/uploads\/2022\/05\/h-1-400x596.jpg 400w, https:\/\/kichiko.net\/wp-content\/uploads\/2022\/05\/h-1-768x1145.jpg 768w, https:\/\/kichiko.net\/wp-content\/uploads\/2022\/05\/h-1.jpg 1374w\" sizes=\"(max-width: 687px) 100vw, 687px\" \/><figcaption>1 uke<br><\/figcaption><\/figure>\n\n\n\n<figure class=\"wp-block-image\"><img loading=\"lazy\" width=\"985\" height=\"1024\" src=\"http:\/\/kichiko.net\/wp-content\/uploads\/2022\/05\/h-2-985x1024.jpg\" alt=\"\" class=\"wp-image-4065\" srcset=\"https:\/\/kichiko.net\/wp-content\/uploads\/2022\/05\/h-2-985x1024.jpg 985w, https:\/\/kichiko.net\/wp-content\/uploads\/2022\/05\/h-2-400x416.jpg 400w, https:\/\/kichiko.net\/wp-content\/uploads\/2022\/05\/h-2-768x798.jpg 768w, https:\/\/kichiko.net\/wp-content\/uploads\/2022\/05\/h-2.jpg 1970w\" sizes=\"(max-width: 985px) 100vw, 985px\" \/><figcaption>2 uker<br><\/figcaption><\/figure>\n\n\n\n<figure class=\"wp-block-image\"><img loading=\"lazy\" width=\"778\" height=\"1024\" src=\"http:\/\/kichiko.net\/wp-content\/uploads\/2022\/05\/h-3-778x1024.jpg\" alt=\"\" class=\"wp-image-4066\" srcset=\"https:\/\/kichiko.net\/wp-content\/uploads\/2022\/05\/h-3-778x1024.jpg 778w, https:\/\/kichiko.net\/wp-content\/uploads\/2022\/05\/h-3-400x526.jpg 400w, https:\/\/kichiko.net\/wp-content\/uploads\/2022\/05\/h-3-768x1011.jpg 768w, https:\/\/kichiko.net\/wp-content\/uploads\/2022\/05\/h-3.jpg 1556w\" sizes=\"(max-width: 778px) 100vw, 778px\" \/><figcaption>3 uker<br><\/figcaption><\/figure>\n\n\n\n<figure class=\"wp-block-image\"><img loading=\"lazy\" width=\"988\" height=\"1024\" src=\"http:\/\/kichiko.net\/wp-content\/uploads\/2022\/05\/hann-988x1024.jpg\" alt=\"\" class=\"wp-image-4106\" srcset=\"https:\/\/kichiko.net\/wp-content\/uploads\/2022\/05\/hann-988x1024.jpg 988w, https:\/\/kichiko.net\/wp-content\/uploads\/2022\/05\/hann-400x415.jpg 400w, https:\/\/kichiko.net\/wp-content\/uploads\/2022\/05\/hann-768x796.jpg 768w, https:\/\/kichiko.net\/wp-content\/uploads\/2022\/05\/hann.jpg 1976w\" sizes=\"(max-width: 988px) 100vw, 988px\" \/><figcaption>4 uker<br><\/figcaption><\/figure>\n\n\n\n<figure class=\"wp-block-image\"><img loading=\"lazy\" width=\"723\" height=\"1024\" src=\"http:\/\/kichiko.net\/wp-content\/uploads\/2022\/05\/h-4-723x1024.jpg\" alt=\"\" class=\"wp-image-4122\" srcset=\"https:\/\/kichiko.net\/wp-content\/uploads\/2022\/05\/h-4-723x1024.jpg 723w, https:\/\/kichiko.net\/wp-content\/uploads\/2022\/05\/h-4-400x567.jpg 400w, https:\/\/kichiko.net\/wp-content\/uploads\/2022\/05\/h-4-768x1088.jpg 768w, https:\/\/kichiko.net\/wp-content\/uploads\/2022\/05\/h-4.jpg 1446w\" sizes=\"(max-width: 723px) 100vw, 723px\" \/><figcaption>5 uker<br><\/figcaption><\/figure>\n\n\n\n<figure class=\"wp-block-image\"><img loading=\"lazy\" width=\"741\" height=\"1024\" src=\"http:\/\/kichiko.net\/wp-content\/uploads\/2022\/05\/h-5-741x1024.jpg\" alt=\"\" class=\"wp-image-4123\" srcset=\"https:\/\/kichiko.net\/wp-content\/uploads\/2022\/05\/h-5-741x1024.jpg 741w, https:\/\/kichiko.net\/wp-content\/uploads\/2022\/05\/h-5-400x553.jpg 400w, https:\/\/kichiko.net\/wp-content\/uploads\/2022\/05\/h-5-768x1061.jpg 768w, https:\/\/kichiko.net\/wp-content\/uploads\/2022\/05\/h-5.jpg 1482w\" sizes=\"(max-width: 741px) 100vw, 741px\" \/><figcaption>6 uker<\/figcaption><\/figure>\n","protected":false},"excerpt":{"rendered":"<p>Kl.06:30. Nr 1 ble en r\u00f8d hann som veide 325 gram og fikk navnet Kichiko`s Incredible Inu Ichi Nick : ChibaRase : ShibaKj\u00f8nn: HannhundFarge : R\u00f8dF\u00f8dt: 12\/4-2022Reg.nr : NO43617\/22HD:AD:Patella:Bitt: Eier : Mius Ebonoogi, Oslo<\/p>\n","protected":false},"author":2,"featured_media":0,"parent":4057,"menu_order":1,"comment_status":"closed","ping_status":"closed","template":"","meta":[],"_links":{"self":[{"href":"https:\/\/kichiko.net\/index.php?rest_route=\/wp\/v2\/pages\/4060"}],"collection":[{"href":"https:\/\/kichiko.net\/index.php?rest_route=\/wp\/v2\/pages"}],"about":[{"href":"https:\/\/kichiko.net\/index.php?rest_route=\/wp\/v2\/types\/page"}],"author":[{"embeddable":true,"href":"https:\/\/kichiko.net\/index.php?rest_route=\/wp\/v2\/users\/2"}],"replies":[{"embeddable":true,"href":"https:\/\/kichiko.net\/index.php?rest_route=%2Fwp%2Fv2%2Fcomments&post=4060"}],"version-history":[{"count":8,"href":"https:\/\/kichiko.net\/index.php?rest_route=\/wp\/v2\/pages\/4060\/revisions"}],"predecessor-version":[{"id":4425,"href":"https:\/\/kichiko.net\/index.php?rest_route=\/wp\/v2\/pages\/4060\/revisions\/4425"}],"up":[{"embeddable":true,"href":"https:\/\/kichiko.net\/index.php?rest_route=\/wp\/v2\/pages\/4057"}],"wp:attachment":[{"href":"https:\/\/kichiko.net\/index.php?rest_route=%2Fwp%2Fv2%2Fmedia&parent=4060"}],"curies":[{"name":"wp","href":"https:\/\/api.w.org\/{rel}","templated":true}]}}