{"id":3791,"date":"2021-10-07T21:45:12","date_gmt":"2021-10-07T20:45:12","guid":{"rendered":"http:\/\/kichiko.net\/?page_id=3791"},"modified":"2022-10-28T13:25:03","modified_gmt":"2022-10-28T12:25:03","slug":"kichikos-h-4","status":"publish","type":"page","link":"https:\/\/kichiko.net\/?page_id=3791","title":{"rendered":"Handsome Buddy"},"content":{"rendered":"\n<p>Kl.06:45. Nr 5 ble en r\u00f8d hann som veide 273 gram og fikk navnet Kichiko`s Handsome Buddy<br><\/p>\n\n\n\n<p>Nick : Hassel<\/p>\n\n\n\n<p>Rase : Shiba<br>Kj\u00f8nn: Hannhund<br>Farge : R\u00f8d<br>F\u00f8dt: 4\/10-2021<br>Reg.nr : NO65837\/21<br>HD: C\/C<br>AD: 1\/1<br>Patella: 0\/0<br>\u00d8yenlyst: Intet p\u00e5vist<br>Bitt:<\/p>\n\n\n\n<p>Eier : Silje H\u00f8idal, Brandbu<\/p>\n\n\n\n<figure class=\"wp-block-image\"><img loading=\"lazy\" width=\"882\" height=\"960\" src=\"http:\/\/kichiko.net\/wp-content\/uploads\/2021\/10\/H5.jpg\" alt=\"\" class=\"wp-image-3792\" srcset=\"https:\/\/kichiko.net\/wp-content\/uploads\/2021\/10\/H5.jpg 882w, https:\/\/kichiko.net\/wp-content\/uploads\/2021\/10\/H5-400x435.jpg 400w, https:\/\/kichiko.net\/wp-content\/uploads\/2021\/10\/H5-768x836.jpg 768w\" sizes=\"(max-width: 882px) 100vw, 882px\" \/><figcaption>Nyf\u00f8dt<br><\/figcaption><\/figure>\n\n\n\n<figure class=\"wp-block-image\"><img loading=\"lazy\" width=\"864\" height=\"960\" src=\"http:\/\/kichiko.net\/wp-content\/uploads\/2021\/10\/h5.jpg\" alt=\"\" class=\"wp-image-3853\" srcset=\"https:\/\/kichiko.net\/wp-content\/uploads\/2021\/10\/h5.jpg 864w, https:\/\/kichiko.net\/wp-content\/uploads\/2021\/10\/h5-400x444.jpg 400w, https:\/\/kichiko.net\/wp-content\/uploads\/2021\/10\/h5-768x853.jpg 768w\" sizes=\"(max-width: 864px) 100vw, 864px\" \/><figcaption>1 uke <br><\/figcaption><\/figure>\n\n\n\n<figure class=\"wp-block-image\"><img loading=\"lazy\" width=\"944\" height=\"960\" src=\"http:\/\/kichiko.net\/wp-content\/uploads\/2021\/10\/h5-1.jpg\" alt=\"\" class=\"wp-image-3854\" srcset=\"https:\/\/kichiko.net\/wp-content\/uploads\/2021\/10\/h5-1.jpg 944w, https:\/\/kichiko.net\/wp-content\/uploads\/2021\/10\/h5-1-400x407.jpg 400w, https:\/\/kichiko.net\/wp-content\/uploads\/2021\/10\/h5-1-768x781.jpg 768w\" sizes=\"(max-width: 944px) 100vw, 944px\" \/><figcaption>2 uker<br><\/figcaption><\/figure>\n\n\n\n<figure class=\"wp-block-image\"><img loading=\"lazy\" width=\"786\" height=\"960\" src=\"http:\/\/kichiko.net\/wp-content\/uploads\/2021\/11\/5.jpg\" alt=\"\" class=\"wp-image-3919\" srcset=\"https:\/\/kichiko.net\/wp-content\/uploads\/2021\/11\/5.jpg 786w, https:\/\/kichiko.net\/wp-content\/uploads\/2021\/11\/5-400x489.jpg 400w, https:\/\/kichiko.net\/wp-content\/uploads\/2021\/11\/5-768x938.jpg 768w\" sizes=\"(max-width: 786px) 100vw, 786px\" \/><figcaption>3 uker<br><\/figcaption><\/figure>\n\n\n\n<figure class=\"wp-block-image\"><img loading=\"lazy\" width=\"764\" height=\"960\" src=\"http:\/\/kichiko.net\/wp-content\/uploads\/2021\/11\/h5.jpg\" alt=\"\" class=\"wp-image-3920\" srcset=\"https:\/\/kichiko.net\/wp-content\/uploads\/2021\/11\/h5.jpg 764w, https:\/\/kichiko.net\/wp-content\/uploads\/2021\/11\/h5-400x503.jpg 400w\" sizes=\"(max-width: 764px) 100vw, 764px\" \/><figcaption>4 uker<br><\/figcaption><\/figure>\n\n\n\n<figure class=\"wp-block-image\"><img loading=\"lazy\" width=\"696\" height=\"960\" src=\"http:\/\/kichiko.net\/wp-content\/uploads\/2021\/11\/h5-1.jpg\" alt=\"\" class=\"wp-image-3945\" srcset=\"https:\/\/kichiko.net\/wp-content\/uploads\/2021\/11\/h5-1.jpg 696w, https:\/\/kichiko.net\/wp-content\/uploads\/2021\/11\/h5-1-400x552.jpg 400w\" sizes=\"(max-width: 696px) 100vw, 696px\" \/><figcaption>5 uker<br><br><\/figcaption><\/figure>\n\n\n\n<figure class=\"wp-block-image\"><img loading=\"lazy\" width=\"791\" height=\"1024\" src=\"http:\/\/kichiko.net\/wp-content\/uploads\/2021\/11\/5-1-791x1024.jpg\" alt=\"\" class=\"wp-image-3986\" srcset=\"https:\/\/kichiko.net\/wp-content\/uploads\/2021\/11\/5-1-791x1024.jpg 791w, https:\/\/kichiko.net\/wp-content\/uploads\/2021\/11\/5-1-400x518.jpg 400w, https:\/\/kichiko.net\/wp-content\/uploads\/2021\/11\/5-1-768x994.jpg 768w, https:\/\/kichiko.net\/wp-content\/uploads\/2021\/11\/5-1.jpg 1582w\" sizes=\"(max-width: 791px) 100vw, 791px\" \/><figcaption>6 uker<br><\/figcaption><\/figure>\n\n\n\n<figure class=\"wp-block-image\"><img loading=\"lazy\" width=\"786\" height=\"1024\" src=\"http:\/\/kichiko.net\/wp-content\/uploads\/2021\/11\/5-2-786x1024.jpg\" alt=\"\" class=\"wp-image-4005\" srcset=\"https:\/\/kichiko.net\/wp-content\/uploads\/2021\/11\/5-2-786x1024.jpg 786w, https:\/\/kichiko.net\/wp-content\/uploads\/2021\/11\/5-2-400x521.jpg 400w, https:\/\/kichiko.net\/wp-content\/uploads\/2021\/11\/5-2-768x1001.jpg 768w, https:\/\/kichiko.net\/wp-content\/uploads\/2021\/11\/5-2.jpg 1667w\" sizes=\"(max-width: 786px) 100vw, 786px\" \/><figcaption>7 uker<br><\/figcaption><\/figure>\n\n\n\n<figure class=\"wp-block-image\"><img loading=\"lazy\" width=\"681\" height=\"1024\" src=\"http:\/\/kichiko.net\/wp-content\/uploads\/2021\/11\/hassel-681x1024.jpg\" alt=\"\" class=\"wp-image-4006\" srcset=\"https:\/\/kichiko.net\/wp-content\/uploads\/2021\/11\/hassel-681x1024.jpg 681w, https:\/\/kichiko.net\/wp-content\/uploads\/2021\/11\/hassel-400x600.jpg 400w, https:\/\/kichiko.net\/wp-content\/uploads\/2021\/11\/hassel-768x1155.jpg 768w, https:\/\/kichiko.net\/wp-content\/uploads\/2021\/11\/hassel.jpg 1362w\" sizes=\"(max-width: 681px) 100vw, 681px\" \/><figcaption>Hassel med sine nye eiere<\/figcaption><\/figure>\n","protected":false},"excerpt":{"rendered":"<p>Kl.06:45. Nr 5 ble en r\u00f8d hann som veide 273 gram og fikk navnet Kichiko`s Handsome Buddy Nick : Hassel Rase : ShibaKj\u00f8nn: HannhundFarge : R\u00f8dF\u00f8dt: 4\/10-2021Reg.nr : NO65837\/21HD: C\/CAD: 1\/1Patella: 0\/0\u00d8yenlyst: Intet p\u00e5vistBitt: Eier : Silje H\u00f8idal, Brandbu<\/p>\n","protected":false},"author":2,"featured_media":0,"parent":3768,"menu_order":5,"comment_status":"closed","ping_status":"closed","template":"","meta":[],"_links":{"self":[{"href":"https:\/\/kichiko.net\/index.php?rest_route=\/wp\/v2\/pages\/3791"}],"collection":[{"href":"https:\/\/kichiko.net\/index.php?rest_route=\/wp\/v2\/pages"}],"about":[{"href":"https:\/\/kichiko.net\/index.php?rest_route=\/wp\/v2\/types\/page"}],"author":[{"embeddable":true,"href":"https:\/\/kichiko.net\/index.php?rest_route=\/wp\/v2\/users\/2"}],"replies":[{"embeddable":true,"href":"https:\/\/kichiko.net\/index.php?rest_route=%2Fwp%2Fv2%2Fcomments&post=3791"}],"version-history":[{"count":8,"href":"https:\/\/kichiko.net\/index.php?rest_route=\/wp\/v2\/pages\/3791\/revisions"}],"predecessor-version":[{"id":4439,"href":"https:\/\/kichiko.net\/index.php?rest_route=\/wp\/v2\/pages\/3791\/revisions\/4439"}],"up":[{"embeddable":true,"href":"https:\/\/kichiko.net\/index.php?rest_route=\/wp\/v2\/pages\/3768"}],"wp:attachment":[{"href":"https:\/\/kichiko.net\/index.php?rest_route=%2Fwp%2Fv2%2Fmedia&parent=3791"}],"curies":[{"name":"wp","href":"https:\/\/api.w.org\/{rel}","templated":true}]}}