{"id":3787,"date":"2021-10-07T21:43:22","date_gmt":"2021-10-07T20:43:22","guid":{"rendered":"http:\/\/kichiko.net\/?page_id=3787"},"modified":"2022-10-13T23:06:01","modified_gmt":"2022-10-13T22:06:01","slug":"kichikos-h-3","status":"publish","type":"page","link":"https:\/\/kichiko.net\/?page_id=3787","title":{"rendered":"Handsome Companion"},"content":{"rendered":"\n<p>Kl.06:15 Nr 4 ble en r\u00f8d hann som veide 278 gram og fikk navnet Kichiko`s Handsome Companion<br><\/p>\n\n\n\n<p>Nick : Marco<\/p>\n\n\n\n<p>Rase : Shiba<br>Kj\u00f8nn: Hannhund<br>Farge : R\u00f8d<br>F\u00f8dt: 4\/10-2021<br>Reg.nr : NO65836\/21<br>HD:<br>AD:<br>Patella:<br>Bitt:<\/p>\n\n\n\n<p>Eier : Linn Forsman, Ulsteinvik<\/p>\n\n\n\n<p><\/p>\n\n\n\n<p>Avlivet 14\/9-2022<\/p>\n\n\n\n<figure class=\"wp-block-image\"><img loading=\"lazy\" width=\"906\" height=\"960\" src=\"http:\/\/kichiko.net\/wp-content\/uploads\/2021\/10\/H4.jpg\" alt=\"\" class=\"wp-image-3788\" srcset=\"https:\/\/kichiko.net\/wp-content\/uploads\/2021\/10\/H4.jpg 906w, https:\/\/kichiko.net\/wp-content\/uploads\/2021\/10\/H4-400x424.jpg 400w, https:\/\/kichiko.net\/wp-content\/uploads\/2021\/10\/H4-768x814.jpg 768w\" sizes=\"(max-width: 906px) 100vw, 906px\" \/><figcaption>Nyf\u00f8dt<br><\/figcaption><\/figure>\n\n\n\n<figure class=\"wp-block-image\"><img loading=\"lazy\" width=\"948\" height=\"960\" src=\"http:\/\/kichiko.net\/wp-content\/uploads\/2021\/10\/h4.jpg\" alt=\"\" class=\"wp-image-3850\" srcset=\"https:\/\/kichiko.net\/wp-content\/uploads\/2021\/10\/h4.jpg 948w, https:\/\/kichiko.net\/wp-content\/uploads\/2021\/10\/h4-400x405.jpg 400w, https:\/\/kichiko.net\/wp-content\/uploads\/2021\/10\/h4-768x778.jpg 768w\" sizes=\"(max-width: 948px) 100vw, 948px\" \/><figcaption>1 uke <br><\/figcaption><\/figure>\n\n\n\n<figure class=\"wp-block-image\"><img loading=\"lazy\" width=\"742\" height=\"960\" src=\"http:\/\/kichiko.net\/wp-content\/uploads\/2021\/10\/h4-1.jpg\" alt=\"\" class=\"wp-image-3851\" srcset=\"https:\/\/kichiko.net\/wp-content\/uploads\/2021\/10\/h4-1.jpg 742w, https:\/\/kichiko.net\/wp-content\/uploads\/2021\/10\/h4-1-400x518.jpg 400w\" sizes=\"(max-width: 742px) 100vw, 742px\" \/><figcaption>2 uker<br><\/figcaption><\/figure>\n\n\n\n<figure class=\"wp-block-image\"><img loading=\"lazy\" width=\"706\" height=\"960\" src=\"http:\/\/kichiko.net\/wp-content\/uploads\/2021\/11\/4.jpg\" alt=\"\" class=\"wp-image-3916\" srcset=\"https:\/\/kichiko.net\/wp-content\/uploads\/2021\/11\/4.jpg 706w, https:\/\/kichiko.net\/wp-content\/uploads\/2021\/11\/4-400x544.jpg 400w\" sizes=\"(max-width: 706px) 100vw, 706px\" \/><figcaption>3 uker<br><\/figcaption><\/figure>\n\n\n\n<figure class=\"wp-block-image\"><img loading=\"lazy\" width=\"892\" height=\"960\" src=\"http:\/\/kichiko.net\/wp-content\/uploads\/2021\/11\/h4.jpg\" alt=\"\" class=\"wp-image-3917\" srcset=\"https:\/\/kichiko.net\/wp-content\/uploads\/2021\/11\/h4.jpg 892w, https:\/\/kichiko.net\/wp-content\/uploads\/2021\/11\/h4-400x430.jpg 400w, https:\/\/kichiko.net\/wp-content\/uploads\/2021\/11\/h4-768x827.jpg 768w\" sizes=\"(max-width: 892px) 100vw, 892px\" \/><figcaption>4 uker<br><\/figcaption><\/figure>\n\n\n\n<figure class=\"wp-block-image\"><img loading=\"lazy\" width=\"646\" height=\"960\" src=\"http:\/\/kichiko.net\/wp-content\/uploads\/2021\/11\/h4-1.jpg\" alt=\"\" class=\"wp-image-3943\" srcset=\"https:\/\/kichiko.net\/wp-content\/uploads\/2021\/11\/h4-1.jpg 646w, https:\/\/kichiko.net\/wp-content\/uploads\/2021\/11\/h4-1-400x594.jpg 400w\" sizes=\"(max-width: 646px) 100vw, 646px\" \/><figcaption>5 uker<br><\/figcaption><\/figure>\n\n\n\n<figure class=\"wp-block-image\"><img loading=\"lazy\" width=\"787\" height=\"1024\" src=\"http:\/\/kichiko.net\/wp-content\/uploads\/2021\/11\/4-1-787x1024.jpg\" alt=\"\" class=\"wp-image-3984\" srcset=\"https:\/\/kichiko.net\/wp-content\/uploads\/2021\/11\/4-1-787x1024.jpg 787w, https:\/\/kichiko.net\/wp-content\/uploads\/2021\/11\/4-1-400x520.jpg 400w, https:\/\/kichiko.net\/wp-content\/uploads\/2021\/11\/4-1-768x999.jpg 768w, https:\/\/kichiko.net\/wp-content\/uploads\/2021\/11\/4-1.jpg 1574w\" sizes=\"(max-width: 787px) 100vw, 787px\" \/><figcaption>6 uker<br><\/figcaption><\/figure>\n\n\n\n<figure class=\"wp-block-image\"><img loading=\"lazy\" width=\"716\" height=\"1024\" src=\"http:\/\/kichiko.net\/wp-content\/uploads\/2021\/11\/4-2-716x1024.jpg\" alt=\"\" class=\"wp-image-4002\" srcset=\"https:\/\/kichiko.net\/wp-content\/uploads\/2021\/11\/4-2-716x1024.jpg 716w, https:\/\/kichiko.net\/wp-content\/uploads\/2021\/11\/4-2-400x572.jpg 400w, https:\/\/kichiko.net\/wp-content\/uploads\/2021\/11\/4-2-768x1099.jpg 768w, https:\/\/kichiko.net\/wp-content\/uploads\/2021\/11\/4-2.jpg 1370w\" sizes=\"(max-width: 716px) 100vw, 716px\" \/><figcaption>7 uker<br><\/figcaption><\/figure>\n\n\n\n<figure class=\"wp-block-image\"><img loading=\"lazy\" width=\"648\" height=\"1024\" src=\"http:\/\/kichiko.net\/wp-content\/uploads\/2021\/11\/marco-648x1024.jpg\" alt=\"\" class=\"wp-image-4003\" srcset=\"https:\/\/kichiko.net\/wp-content\/uploads\/2021\/11\/marco-648x1024.jpg 648w, https:\/\/kichiko.net\/wp-content\/uploads\/2021\/11\/marco-380x600.jpg 380w, https:\/\/kichiko.net\/wp-content\/uploads\/2021\/11\/marco-768x1214.jpg 768w, https:\/\/kichiko.net\/wp-content\/uploads\/2021\/11\/marco.jpg 1296w\" sizes=\"(max-width: 648px) 100vw, 648px\" \/><figcaption>Marco med sine nye eiere<\/figcaption><\/figure>\n","protected":false},"excerpt":{"rendered":"<p>Kl.06:15 Nr 4 ble en r\u00f8d hann som veide 278 gram og fikk navnet Kichiko`s Handsome Companion Nick : Marco Rase : ShibaKj\u00f8nn: HannhundFarge : R\u00f8dF\u00f8dt: 4\/10-2021Reg.nr : NO65836\/21HD:AD:Patella:Bitt: Eier : Linn Forsman, Ulsteinvik Avlivet 14\/9-2022<\/p>\n","protected":false},"author":2,"featured_media":0,"parent":3768,"menu_order":4,"comment_status":"closed","ping_status":"closed","template":"","meta":[],"_links":{"self":[{"href":"https:\/\/kichiko.net\/index.php?rest_route=\/wp\/v2\/pages\/3787"}],"collection":[{"href":"https:\/\/kichiko.net\/index.php?rest_route=\/wp\/v2\/pages"}],"about":[{"href":"https:\/\/kichiko.net\/index.php?rest_route=\/wp\/v2\/types\/page"}],"author":[{"embeddable":true,"href":"https:\/\/kichiko.net\/index.php?rest_route=\/wp\/v2\/users\/2"}],"replies":[{"embeddable":true,"href":"https:\/\/kichiko.net\/index.php?rest_route=%2Fwp%2Fv2%2Fcomments&post=3787"}],"version-history":[{"count":9,"href":"https:\/\/kichiko.net\/index.php?rest_route=\/wp\/v2\/pages\/3787\/revisions"}],"predecessor-version":[{"id":4389,"href":"https:\/\/kichiko.net\/index.php?rest_route=\/wp\/v2\/pages\/3787\/revisions\/4389"}],"up":[{"embeddable":true,"href":"https:\/\/kichiko.net\/index.php?rest_route=\/wp\/v2\/pages\/3768"}],"wp:attachment":[{"href":"https:\/\/kichiko.net\/index.php?rest_route=%2Fwp%2Fv2%2Fmedia&parent=3787"}],"curies":[{"name":"wp","href":"https:\/\/api.w.org\/{rel}","templated":true}]}}