{"id":3743,"date":"2021-09-27T19:50:05","date_gmt":"2021-09-27T18:50:05","guid":{"rendered":"http:\/\/kichiko.net\/?page_id=3743"},"modified":"2022-10-28T13:30:04","modified_gmt":"2022-10-28T12:30:04","slug":"kichikos-g-2","status":"publish","type":"page","link":"https:\/\/kichiko.net\/?page_id=3743","title":{"rendered":"Greatest Love Of All"},"content":{"rendered":"\n<p>Kl.21:48 Nr 2 ble en r\u00f8d tispe som veide 270 gram og fikk navnet Kichiko`s Greatest Love Of All<br><\/p>\n\n\n\n<p>Nick : Tanuki<\/p>\n\n\n\n<p>Rase : Shiba<br>Kj\u00f8nn: Tispe<br>Farge : R\u00f8d<br>F\u00f8dt: 25\/9-2021<br>Reg.nr : NO64728\/21<br>HD: A\/A<br>AD: 1\/1<br>Patella:<br>Bitt:<\/p>\n\n\n\n<p>Eier : Lene og Tim \u00d8degaard, Oslo<\/p>\n\n\n\n<figure class=\"wp-block-image\"><img loading=\"lazy\" width=\"936\" height=\"960\" src=\"http:\/\/kichiko.net\/wp-content\/uploads\/2021\/09\/Tispe-2.jpg\" alt=\"\" class=\"wp-image-3744\" srcset=\"https:\/\/kichiko.net\/wp-content\/uploads\/2021\/09\/Tispe-2.jpg 936w, https:\/\/kichiko.net\/wp-content\/uploads\/2021\/09\/Tispe-2-400x410.jpg 400w, https:\/\/kichiko.net\/wp-content\/uploads\/2021\/09\/Tispe-2-768x788.jpg 768w\" sizes=\"(max-width: 936px) 100vw, 936px\" \/><figcaption>Nyf\u00f8dt<br><\/figcaption><\/figure>\n\n\n\n<figure class=\"wp-block-image\"><img loading=\"lazy\" width=\"916\" height=\"960\" src=\"http:\/\/kichiko.net\/wp-content\/uploads\/2021\/10\/t2.jpg\" alt=\"\" class=\"wp-image-3822\" srcset=\"https:\/\/kichiko.net\/wp-content\/uploads\/2021\/10\/t2.jpg 916w, https:\/\/kichiko.net\/wp-content\/uploads\/2021\/10\/t2-400x419.jpg 400w, https:\/\/kichiko.net\/wp-content\/uploads\/2021\/10\/t2-768x805.jpg 768w\" sizes=\"(max-width: 916px) 100vw, 916px\" \/><figcaption>1 uke<br><\/figcaption><\/figure>\n\n\n\n<figure class=\"wp-block-image\"><img loading=\"lazy\" width=\"916\" height=\"960\" src=\"http:\/\/kichiko.net\/wp-content\/uploads\/2021\/10\/t2-1.jpg\" alt=\"\" class=\"wp-image-3823\" srcset=\"https:\/\/kichiko.net\/wp-content\/uploads\/2021\/10\/t2-1.jpg 916w, https:\/\/kichiko.net\/wp-content\/uploads\/2021\/10\/t2-1-400x419.jpg 400w, https:\/\/kichiko.net\/wp-content\/uploads\/2021\/10\/t2-1-768x805.jpg 768w\" sizes=\"(max-width: 916px) 100vw, 916px\" \/><figcaption>2 uker<br><\/figcaption><\/figure>\n\n\n\n<figure class=\"wp-block-image\"><img loading=\"lazy\" width=\"958\" height=\"960\" src=\"http:\/\/kichiko.net\/wp-content\/uploads\/2021\/10\/t2-2.jpg\" alt=\"\" class=\"wp-image-3824\" srcset=\"https:\/\/kichiko.net\/wp-content\/uploads\/2021\/10\/t2-2.jpg 958w, https:\/\/kichiko.net\/wp-content\/uploads\/2021\/10\/t2-2-150x150.jpg 150w, https:\/\/kichiko.net\/wp-content\/uploads\/2021\/10\/t2-2-400x401.jpg 400w, https:\/\/kichiko.net\/wp-content\/uploads\/2021\/10\/t2-2-768x770.jpg 768w\" sizes=\"(max-width: 958px) 100vw, 958px\" \/><figcaption>3 uker<br><\/figcaption><\/figure>\n\n\n\n<figure class=\"wp-block-image\"><img loading=\"lazy\" width=\"772\" height=\"960\" src=\"http:\/\/kichiko.net\/wp-content\/uploads\/2021\/10\/2-2.jpg\" alt=\"\" class=\"wp-image-3892\" srcset=\"https:\/\/kichiko.net\/wp-content\/uploads\/2021\/10\/2-2.jpg 772w, https:\/\/kichiko.net\/wp-content\/uploads\/2021\/10\/2-2-400x497.jpg 400w, https:\/\/kichiko.net\/wp-content\/uploads\/2021\/10\/2-2-768x955.jpg 768w\" sizes=\"(max-width: 772px) 100vw, 772px\" \/><figcaption>4 uker<br><\/figcaption><\/figure>\n\n\n\n<figure class=\"wp-block-image\"><img loading=\"lazy\" width=\"600\" height=\"960\" src=\"http:\/\/kichiko.net\/wp-content\/uploads\/2021\/10\/t2-3.jpg\" alt=\"\" class=\"wp-image-3893\" srcset=\"https:\/\/kichiko.net\/wp-content\/uploads\/2021\/10\/t2-3.jpg 600w, https:\/\/kichiko.net\/wp-content\/uploads\/2021\/10\/t2-3-375x600.jpg 375w\" sizes=\"(max-width: 600px) 100vw, 600px\" \/><figcaption>5 uker<br><\/figcaption><\/figure>\n\n\n\n<figure class=\"wp-block-image\"><img loading=\"lazy\" width=\"634\" height=\"960\" src=\"http:\/\/kichiko.net\/wp-content\/uploads\/2021\/11\/t2.jpg\" alt=\"\" class=\"wp-image-3957\" srcset=\"https:\/\/kichiko.net\/wp-content\/uploads\/2021\/11\/t2.jpg 634w, https:\/\/kichiko.net\/wp-content\/uploads\/2021\/11\/t2-396x600.jpg 396w\" sizes=\"(max-width: 634px) 100vw, 634px\" \/><figcaption>6 uker<br><\/figcaption><\/figure>\n\n\n\n<figure class=\"wp-block-image\"><img loading=\"lazy\" width=\"768\" height=\"1024\" src=\"http:\/\/kichiko.net\/wp-content\/uploads\/2021\/11\/2-2-768x1024.jpg\" alt=\"\" class=\"wp-image-3958\" srcset=\"https:\/\/kichiko.net\/wp-content\/uploads\/2021\/11\/2-2-768x1024.jpg 768w, https:\/\/kichiko.net\/wp-content\/uploads\/2021\/11\/2-2-400x533.jpg 400w\" sizes=\"(max-width: 768px) 100vw, 768px\" \/><figcaption>7 uker<br><\/figcaption><\/figure>\n\n\n\n<figure class=\"wp-block-image\"><img loading=\"lazy\" width=\"500\" height=\"898\" src=\"http:\/\/kichiko.net\/wp-content\/uploads\/2021\/11\/255645312_10159782464766241_1274258701723570098_n.jpg\" alt=\"\" class=\"wp-image-3959\" srcset=\"https:\/\/kichiko.net\/wp-content\/uploads\/2021\/11\/255645312_10159782464766241_1274258701723570098_n.jpg 500w, https:\/\/kichiko.net\/wp-content\/uploads\/2021\/11\/255645312_10159782464766241_1274258701723570098_n-334x600.jpg 334w\" sizes=\"(max-width: 500px) 100vw, 500px\" \/><figcaption>Tanuki med sine nye eiere<\/figcaption><\/figure>\n","protected":false},"excerpt":{"rendered":"<p>Kl.21:48 Nr 2 ble en r\u00f8d tispe som veide 270 gram og fikk navnet Kichiko`s Greatest Love Of All Nick : Tanuki Rase : ShibaKj\u00f8nn: TispeFarge : R\u00f8dF\u00f8dt: 25\/9-2021Reg.nr : NO64728\/21HD: A\/AAD: 1\/1Patella:Bitt: Eier : Lene og Tim \u00d8degaard, Oslo<\/p>\n","protected":false},"author":2,"featured_media":0,"parent":3735,"menu_order":2,"comment_status":"closed","ping_status":"closed","template":"","meta":[],"_links":{"self":[{"href":"https:\/\/kichiko.net\/index.php?rest_route=\/wp\/v2\/pages\/3743"}],"collection":[{"href":"https:\/\/kichiko.net\/index.php?rest_route=\/wp\/v2\/pages"}],"about":[{"href":"https:\/\/kichiko.net\/index.php?rest_route=\/wp\/v2\/types\/page"}],"author":[{"embeddable":true,"href":"https:\/\/kichiko.net\/index.php?rest_route=\/wp\/v2\/users\/2"}],"replies":[{"embeddable":true,"href":"https:\/\/kichiko.net\/index.php?rest_route=%2Fwp%2Fv2%2Fcomments&post=3743"}],"version-history":[{"count":8,"href":"https:\/\/kichiko.net\/index.php?rest_route=\/wp\/v2\/pages\/3743\/revisions"}],"predecessor-version":[{"id":4442,"href":"https:\/\/kichiko.net\/index.php?rest_route=\/wp\/v2\/pages\/3743\/revisions\/4442"}],"up":[{"embeddable":true,"href":"https:\/\/kichiko.net\/index.php?rest_route=\/wp\/v2\/pages\/3735"}],"wp:attachment":[{"href":"https:\/\/kichiko.net\/index.php?rest_route=%2Fwp%2Fv2%2Fmedia&parent=3743"}],"curies":[{"name":"wp","href":"https:\/\/api.w.org\/{rel}","templated":true}]}}