{"id":3739,"date":"2021-09-27T19:47:58","date_gmt":"2021-09-27T18:47:58","guid":{"rendered":"http:\/\/kichiko.net\/?page_id=3739"},"modified":"2022-10-28T13:29:21","modified_gmt":"2022-10-28T12:29:21","slug":"kichikos-g","status":"publish","type":"page","link":"https:\/\/kichiko.net\/?page_id=3739","title":{"rendered":"Greatest Girl Of All"},"content":{"rendered":"\n<p>Kl.1930. Nr 1 ble en r\u00f8d tispe som veide 290 gram og fikk navnet Kichiko`s Greatest Girl Of All<br><\/p>\n\n\n\n<p>Nick : Nova<\/p>\n\n\n\n<p>Rase : Shiba<br>Kj\u00f8nn: Tispe<br>Farge : R\u00f8d<br>F\u00f8dt: 25\/9-2021<br>Reg.nr : NO64727\/21<br>HD: A\/B<br>AD: 0\/0<br>Patella:<br>Bitt:<\/p>\n\n\n\n<p>Eier : Linda Jeanette Skimten, Morten Andre Vangen og Ken Robin Skimten, R\u00e6lingen<\/p>\n\n\n\n<figure class=\"wp-block-image\"><img loading=\"lazy\" width=\"960\" height=\"940\" src=\"http:\/\/kichiko.net\/wp-content\/uploads\/2021\/09\/Tispe1.jpg\" alt=\"\" class=\"wp-image-3740\" srcset=\"https:\/\/kichiko.net\/wp-content\/uploads\/2021\/09\/Tispe1.jpg 960w, https:\/\/kichiko.net\/wp-content\/uploads\/2021\/09\/Tispe1-400x392.jpg 400w, https:\/\/kichiko.net\/wp-content\/uploads\/2021\/09\/Tispe1-768x752.jpg 768w\" sizes=\"(max-width: 960px) 100vw, 960px\" \/><figcaption>Nyf\u00f8dt<br><\/figcaption><\/figure>\n\n\n\n<figure class=\"wp-block-image\"><img loading=\"lazy\" width=\"960\" height=\"894\" src=\"http:\/\/kichiko.net\/wp-content\/uploads\/2021\/10\/t1.jpg\" alt=\"\" class=\"wp-image-3817\" srcset=\"https:\/\/kichiko.net\/wp-content\/uploads\/2021\/10\/t1.jpg 960w, https:\/\/kichiko.net\/wp-content\/uploads\/2021\/10\/t1-400x373.jpg 400w, https:\/\/kichiko.net\/wp-content\/uploads\/2021\/10\/t1-768x715.jpg 768w\" sizes=\"(max-width: 960px) 100vw, 960px\" \/><figcaption>1 uke<br><\/figcaption><\/figure>\n\n\n\n<figure class=\"wp-block-image\"><img loading=\"lazy\" width=\"844\" height=\"960\" src=\"http:\/\/kichiko.net\/wp-content\/uploads\/2021\/10\/t1-1.jpg\" alt=\"\" class=\"wp-image-3818\" srcset=\"https:\/\/kichiko.net\/wp-content\/uploads\/2021\/10\/t1-1.jpg 844w, https:\/\/kichiko.net\/wp-content\/uploads\/2021\/10\/t1-1-400x455.jpg 400w, https:\/\/kichiko.net\/wp-content\/uploads\/2021\/10\/t1-1-768x874.jpg 768w\" sizes=\"(max-width: 844px) 100vw, 844px\" \/><figcaption>2 uker<br><br><\/figcaption><\/figure>\n\n\n\n<figure class=\"wp-block-image\"><img loading=\"lazy\" width=\"794\" height=\"960\" src=\"http:\/\/kichiko.net\/wp-content\/uploads\/2021\/10\/t1-2.jpg\" alt=\"\" class=\"wp-image-3820\" srcset=\"https:\/\/kichiko.net\/wp-content\/uploads\/2021\/10\/t1-2.jpg 794w, https:\/\/kichiko.net\/wp-content\/uploads\/2021\/10\/t1-2-400x484.jpg 400w, https:\/\/kichiko.net\/wp-content\/uploads\/2021\/10\/t1-2-768x929.jpg 768w\" sizes=\"(max-width: 794px) 100vw, 794px\" \/><figcaption>3 uker<br><\/figcaption><\/figure>\n\n\n\n<figure class=\"wp-block-image\"><img loading=\"lazy\" width=\"646\" height=\"960\" src=\"http:\/\/kichiko.net\/wp-content\/uploads\/2021\/10\/1-2.jpg\" alt=\"\" class=\"wp-image-3889\" srcset=\"https:\/\/kichiko.net\/wp-content\/uploads\/2021\/10\/1-2.jpg 646w, https:\/\/kichiko.net\/wp-content\/uploads\/2021\/10\/1-2-400x594.jpg 400w\" sizes=\"(max-width: 646px) 100vw, 646px\" \/><figcaption>4 uker<br><\/figcaption><\/figure>\n\n\n\n<figure class=\"wp-block-image\"><img loading=\"lazy\" width=\"642\" height=\"960\" src=\"http:\/\/kichiko.net\/wp-content\/uploads\/2021\/10\/T1.jpg\" alt=\"\" class=\"wp-image-3890\" srcset=\"https:\/\/kichiko.net\/wp-content\/uploads\/2021\/10\/T1.jpg 642w, https:\/\/kichiko.net\/wp-content\/uploads\/2021\/10\/T1-400x598.jpg 400w\" sizes=\"(max-width: 642px) 100vw, 642px\" \/><figcaption>5 uker<br><\/figcaption><\/figure>\n\n\n\n<figure class=\"wp-block-image\"><img loading=\"lazy\" width=\"572\" height=\"960\" src=\"http:\/\/kichiko.net\/wp-content\/uploads\/2021\/11\/t1.jpg\" alt=\"\" class=\"wp-image-3954\" srcset=\"https:\/\/kichiko.net\/wp-content\/uploads\/2021\/11\/t1.jpg 572w, https:\/\/kichiko.net\/wp-content\/uploads\/2021\/11\/t1-358x600.jpg 358w\" sizes=\"(max-width: 572px) 100vw, 572px\" \/><figcaption>6 uker<br><\/figcaption><\/figure>\n\n\n\n<figure class=\"wp-block-image\"><img loading=\"lazy\" width=\"768\" height=\"1024\" src=\"http:\/\/kichiko.net\/wp-content\/uploads\/2021\/11\/1-2-768x1024.jpg\" alt=\"\" class=\"wp-image-3955\" srcset=\"https:\/\/kichiko.net\/wp-content\/uploads\/2021\/11\/1-2-768x1024.jpg 768w, https:\/\/kichiko.net\/wp-content\/uploads\/2021\/11\/1-2-400x533.jpg 400w\" sizes=\"(max-width: 768px) 100vw, 768px\" \/><figcaption>7 uker<br><\/figcaption><\/figure>\n\n\n\n<figure class=\"wp-block-image\"><img loading=\"lazy\" width=\"640\" height=\"1024\" src=\"http:\/\/kichiko.net\/wp-content\/uploads\/2021\/11\/Nova-640x1024.jpg\" alt=\"\" class=\"wp-image-4010\" srcset=\"https:\/\/kichiko.net\/wp-content\/uploads\/2021\/11\/Nova-640x1024.jpg 640w, https:\/\/kichiko.net\/wp-content\/uploads\/2021\/11\/Nova-375x600.jpg 375w, https:\/\/kichiko.net\/wp-content\/uploads\/2021\/11\/Nova-768x1229.jpg 768w, https:\/\/kichiko.net\/wp-content\/uploads\/2021\/11\/Nova.jpg 1280w\" sizes=\"(max-width: 640px) 100vw, 640px\" \/><figcaption>Nova med sine nye eiere<\/figcaption><\/figure>\n","protected":false},"excerpt":{"rendered":"<p>Kl.1930. Nr 1 ble en r\u00f8d tispe som veide 290 gram og fikk navnet Kichiko`s Greatest Girl Of All Nick : Nova Rase : ShibaKj\u00f8nn: TispeFarge : R\u00f8dF\u00f8dt: 25\/9-2021Reg.nr : NO64727\/21HD: A\/BAD: 0\/0Patella:Bitt: Eier : Linda Jeanette Skimten, Morten Andre Vangen og Ken Robin Skimten, R\u00e6lingen<\/p>\n","protected":false},"author":2,"featured_media":0,"parent":3735,"menu_order":1,"comment_status":"closed","ping_status":"closed","template":"","meta":[],"_links":{"self":[{"href":"https:\/\/kichiko.net\/index.php?rest_route=\/wp\/v2\/pages\/3739"}],"collection":[{"href":"https:\/\/kichiko.net\/index.php?rest_route=\/wp\/v2\/pages"}],"about":[{"href":"https:\/\/kichiko.net\/index.php?rest_route=\/wp\/v2\/types\/page"}],"author":[{"embeddable":true,"href":"https:\/\/kichiko.net\/index.php?rest_route=\/wp\/v2\/users\/2"}],"replies":[{"embeddable":true,"href":"https:\/\/kichiko.net\/index.php?rest_route=%2Fwp%2Fv2%2Fcomments&post=3739"}],"version-history":[{"count":9,"href":"https:\/\/kichiko.net\/index.php?rest_route=\/wp\/v2\/pages\/3739\/revisions"}],"predecessor-version":[{"id":4441,"href":"https:\/\/kichiko.net\/index.php?rest_route=\/wp\/v2\/pages\/3739\/revisions\/4441"}],"up":[{"embeddable":true,"href":"https:\/\/kichiko.net\/index.php?rest_route=\/wp\/v2\/pages\/3735"}],"wp:attachment":[{"href":"https:\/\/kichiko.net\/index.php?rest_route=%2Fwp%2Fv2%2Fmedia&parent=3739"}],"curies":[{"name":"wp","href":"https:\/\/api.w.org\/{rel}","templated":true}]}}