{"id":3704,"date":"2021-09-20T20:08:44","date_gmt":"2021-09-20T19:08:44","guid":{"rendered":"http:\/\/kichiko.net\/?page_id=3704"},"modified":"2022-08-18T21:35:21","modified_gmt":"2022-08-18T20:35:21","slug":"isko","status":"publish","type":"page","link":"https:\/\/kichiko.net\/?page_id=3704","title":{"rendered":"Isko"},"content":{"rendered":"\n<figure class=\"wp-block-image\"><img loading=\"lazy\" width=\"856\" height=\"960\" src=\"http:\/\/kichiko.net\/wp-content\/uploads\/2021\/09\/Isko.jpg\" alt=\"\" class=\"wp-image-3705\" srcset=\"https:\/\/kichiko.net\/wp-content\/uploads\/2021\/09\/Isko.jpg 856w, https:\/\/kichiko.net\/wp-content\/uploads\/2021\/09\/Isko-400x449.jpg 400w, https:\/\/kichiko.net\/wp-content\/uploads\/2021\/09\/Isko-768x861.jpg 768w\" sizes=\"(max-width: 856px) 100vw, 856px\" \/><\/figure>\n\n\n\n<p> Navn :\u00a0 Kichiko`s Valuable CallHimWhatever<br>Nick :\u00a0Isko<br>Rase : Shiba<br>Kj\u00f8nn: Hann<br>Farge : R\u00f8d<br>F\u00f8dt: 5\/11-19<br>Reg.nr :\u00a0NO59444\/19<br>Oppdretter :Hilde Schyttelvik<br>HD : B\/B<br>AD: 0\/0<br>Bitt : Korrekt og Fulltannet <\/p>\n","protected":false},"excerpt":{"rendered":"<p>Navn :\u00a0 Kichiko`s Valuable CallHimWhateverNick :\u00a0IskoRase : ShibaKj\u00f8nn: HannFarge : R\u00f8dF\u00f8dt: 5\/11-19Reg.nr :\u00a0NO59444\/19Oppdretter :Hilde SchyttelvikHD : B\/BAD: 0\/0Bitt : Korrekt og Fulltannet<\/p>\n","protected":false},"author":2,"featured_media":0,"parent":2015,"menu_order":11,"comment_status":"closed","ping_status":"closed","template":"","meta":[],"_links":{"self":[{"href":"https:\/\/kichiko.net\/index.php?rest_route=\/wp\/v2\/pages\/3704"}],"collection":[{"href":"https:\/\/kichiko.net\/index.php?rest_route=\/wp\/v2\/pages"}],"about":[{"href":"https:\/\/kichiko.net\/index.php?rest_route=\/wp\/v2\/types\/page"}],"author":[{"embeddable":true,"href":"https:\/\/kichiko.net\/index.php?rest_route=\/wp\/v2\/users\/2"}],"replies":[{"embeddable":true,"href":"https:\/\/kichiko.net\/index.php?rest_route=%2Fwp%2Fv2%2Fcomments&post=3704"}],"version-history":[{"count":3,"href":"https:\/\/kichiko.net\/index.php?rest_route=\/wp\/v2\/pages\/3704\/revisions"}],"predecessor-version":[{"id":4377,"href":"https:\/\/kichiko.net\/index.php?rest_route=\/wp\/v2\/pages\/3704\/revisions\/4377"}],"up":[{"embeddable":true,"href":"https:\/\/kichiko.net\/index.php?rest_route=\/wp\/v2\/pages\/2015"}],"wp:attachment":[{"href":"https:\/\/kichiko.net\/index.php?rest_route=%2Fwp%2Fv2%2Fmedia&parent=3704"}],"curies":[{"name":"wp","href":"https:\/\/api.w.org\/{rel}","templated":true}]}}