{"id":3590,"date":"2021-06-21T23:19:26","date_gmt":"2021-06-21T22:19:26","guid":{"rendered":"http:\/\/kichiko.net\/?page_id=3590"},"modified":"2022-10-13T22:54:50","modified_gmt":"2022-10-13T21:54:50","slug":"kichikos-e-5","status":"publish","type":"page","link":"https:\/\/kichiko.net\/?page_id=3590","title":{"rendered":"Eager To Boss"},"content":{"rendered":"\n<p>Kl.&nbsp;03:10 ble det f\u00f8dt en&nbsp;r\u00f8d hann p\u00e5 290 gram. Han fikk navnet Kichiko`s Eager To Boss<\/p>\n\n\n\n<p>Nick : Timmi<br>Rase : Shiba<br>Kj\u00f8nn : Hann<br>Farge : R\u00f8d<br>F\u00f8dt :\u00a027\/5-2021<br>Reg.nr : NO51665\/21<br>HD : E\/E<br>AD : 0\/0<br>Patella : <br>\u00d8yenlyst intet p\u00e5vist<br>Bitt :<\/p>\n\n\n\n<p>Eiere: Maria Schmidt Carlsen og Jon Petter Broe, Fjellhamar<\/p>\n\n\n\n<figure class=\"wp-block-image\"><img loading=\"lazy\" width=\"720\" height=\"960\" src=\"http:\/\/kichiko.net\/wp-content\/uploads\/2021\/06\/5.jpg\" alt=\"\" class=\"wp-image-3616\" srcset=\"https:\/\/kichiko.net\/wp-content\/uploads\/2021\/06\/5.jpg 720w, https:\/\/kichiko.net\/wp-content\/uploads\/2021\/06\/5-400x533.jpg 400w\" sizes=\"(max-width: 720px) 100vw, 720px\" \/><figcaption>Nyf\u00f8dt<br><\/figcaption><\/figure>\n\n\n\n<figure class=\"wp-block-image\"><img loading=\"lazy\" width=\"960\" height=\"858\" src=\"http:\/\/kichiko.net\/wp-content\/uploads\/2021\/06\/5-1.jpg\" alt=\"\" class=\"wp-image-3617\" srcset=\"https:\/\/kichiko.net\/wp-content\/uploads\/2021\/06\/5-1.jpg 960w, https:\/\/kichiko.net\/wp-content\/uploads\/2021\/06\/5-1-400x358.jpg 400w, https:\/\/kichiko.net\/wp-content\/uploads\/2021\/06\/5-1-768x686.jpg 768w\" sizes=\"(max-width: 960px) 100vw, 960px\" \/><figcaption>1 uke <br><\/figcaption><\/figure>\n\n\n\n<figure class=\"wp-block-image\"><img loading=\"lazy\" width=\"948\" height=\"960\" src=\"http:\/\/kichiko.net\/wp-content\/uploads\/2021\/06\/5-2.jpg\" alt=\"\" class=\"wp-image-3618\" srcset=\"https:\/\/kichiko.net\/wp-content\/uploads\/2021\/06\/5-2.jpg 948w, https:\/\/kichiko.net\/wp-content\/uploads\/2021\/06\/5-2-400x405.jpg 400w, https:\/\/kichiko.net\/wp-content\/uploads\/2021\/06\/5-2-768x778.jpg 768w\" sizes=\"(max-width: 948px) 100vw, 948px\" \/><figcaption>2 uker <br><\/figcaption><\/figure>\n\n\n\n<figure class=\"wp-block-image\"><img loading=\"lazy\" width=\"672\" height=\"960\" src=\"http:\/\/kichiko.net\/wp-content\/uploads\/2021\/06\/5-3.jpg\" alt=\"\" class=\"wp-image-3619\" srcset=\"https:\/\/kichiko.net\/wp-content\/uploads\/2021\/06\/5-3.jpg 672w, https:\/\/kichiko.net\/wp-content\/uploads\/2021\/06\/5-3-400x571.jpg 400w\" sizes=\"(max-width: 672px) 100vw, 672px\" \/><figcaption>3 uker <br><\/figcaption><\/figure>\n\n\n\n<figure class=\"wp-block-image\"><img loading=\"lazy\" width=\"812\" height=\"960\" src=\"http:\/\/kichiko.net\/wp-content\/uploads\/2021\/06\/5-4.jpg\" alt=\"\" class=\"wp-image-3631\" srcset=\"https:\/\/kichiko.net\/wp-content\/uploads\/2021\/06\/5-4.jpg 812w, https:\/\/kichiko.net\/wp-content\/uploads\/2021\/06\/5-4-400x473.jpg 400w, https:\/\/kichiko.net\/wp-content\/uploads\/2021\/06\/5-4-768x908.jpg 768w\" sizes=\"(max-width: 812px) 100vw, 812px\" \/><figcaption>4 uker<br><\/figcaption><\/figure>\n\n\n\n<figure class=\"wp-block-image\"><img loading=\"lazy\" width=\"800\" height=\"960\" src=\"http:\/\/kichiko.net\/wp-content\/uploads\/2021\/07\/5.jpg\" alt=\"\" class=\"wp-image-3660\" srcset=\"https:\/\/kichiko.net\/wp-content\/uploads\/2021\/07\/5.jpg 800w, https:\/\/kichiko.net\/wp-content\/uploads\/2021\/07\/5-400x480.jpg 400w, https:\/\/kichiko.net\/wp-content\/uploads\/2021\/07\/5-768x922.jpg 768w\" sizes=\"(max-width: 800px) 100vw, 800px\" \/><figcaption>5 uker<br><\/figcaption><\/figure>\n\n\n\n<figure class=\"wp-block-image\"><img loading=\"lazy\" width=\"724\" height=\"960\" src=\"http:\/\/kichiko.net\/wp-content\/uploads\/2021\/07\/5-1.jpg\" alt=\"\" class=\"wp-image-3661\" srcset=\"https:\/\/kichiko.net\/wp-content\/uploads\/2021\/07\/5-1.jpg 724w, https:\/\/kichiko.net\/wp-content\/uploads\/2021\/07\/5-1-400x530.jpg 400w\" sizes=\"(max-width: 724px) 100vw, 724px\" \/><figcaption>6 uker<br><\/figcaption><\/figure>\n\n\n\n<figure class=\"wp-block-image\"><img loading=\"lazy\" width=\"622\" height=\"960\" src=\"http:\/\/kichiko.net\/wp-content\/uploads\/2021\/07\/5-2.jpg\" alt=\"\" class=\"wp-image-3662\" srcset=\"https:\/\/kichiko.net\/wp-content\/uploads\/2021\/07\/5-2.jpg 622w, https:\/\/kichiko.net\/wp-content\/uploads\/2021\/07\/5-2-389x600.jpg 389w\" sizes=\"(max-width: 622px) 100vw, 622px\" \/><figcaption>7 uker<br><\/figcaption><\/figure>\n\n\n\n<figure class=\"wp-block-image\"><img loading=\"lazy\" width=\"662\" height=\"960\" src=\"http:\/\/kichiko.net\/wp-content\/uploads\/2021\/07\/5-3.jpg\" alt=\"\" class=\"wp-image-3679\" srcset=\"https:\/\/kichiko.net\/wp-content\/uploads\/2021\/07\/5-3.jpg 662w, https:\/\/kichiko.net\/wp-content\/uploads\/2021\/07\/5-3-400x580.jpg 400w\" sizes=\"(max-width: 662px) 100vw, 662px\" \/><figcaption>8 uker<br><\/figcaption><\/figure>\n\n\n\n<figure class=\"wp-block-image\"><img loading=\"lazy\" width=\"600\" height=\"960\" src=\"http:\/\/kichiko.net\/wp-content\/uploads\/2021\/07\/221607540_10159552130046241_295119022725277928_n.jpg\" alt=\"\" class=\"wp-image-3680\" srcset=\"https:\/\/kichiko.net\/wp-content\/uploads\/2021\/07\/221607540_10159552130046241_295119022725277928_n.jpg 600w, https:\/\/kichiko.net\/wp-content\/uploads\/2021\/07\/221607540_10159552130046241_295119022725277928_n-375x600.jpg 375w\" sizes=\"(max-width: 600px) 100vw, 600px\" \/><figcaption>Timmi med sine nye eiere<\/figcaption><\/figure>\n","protected":false},"excerpt":{"rendered":"<p>Kl.&nbsp;03:10 ble det f\u00f8dt en&nbsp;r\u00f8d hann p\u00e5 290 gram. Han fikk navnet Kichiko`s Eager To Boss Nick : TimmiRase : ShibaKj\u00f8nn : HannFarge : R\u00f8dF\u00f8dt :\u00a027\/5-2021Reg.nr : NO51665\/21HD : E\/EAD : 0\/0Patella : \u00d8yenlyst intet p\u00e5vistBitt : Eiere: Maria Schmidt Carlsen og Jon Petter Broe, Fjellhamar<\/p>\n","protected":false},"author":2,"featured_media":0,"parent":3567,"menu_order":5,"comment_status":"closed","ping_status":"closed","template":"","meta":[],"_links":{"self":[{"href":"https:\/\/kichiko.net\/index.php?rest_route=\/wp\/v2\/pages\/3590"}],"collection":[{"href":"https:\/\/kichiko.net\/index.php?rest_route=\/wp\/v2\/pages"}],"about":[{"href":"https:\/\/kichiko.net\/index.php?rest_route=\/wp\/v2\/types\/page"}],"author":[{"embeddable":true,"href":"https:\/\/kichiko.net\/index.php?rest_route=\/wp\/v2\/users\/2"}],"replies":[{"embeddable":true,"href":"https:\/\/kichiko.net\/index.php?rest_route=%2Fwp%2Fv2%2Fcomments&post=3590"}],"version-history":[{"count":9,"href":"https:\/\/kichiko.net\/index.php?rest_route=\/wp\/v2\/pages\/3590\/revisions"}],"predecessor-version":[{"id":4383,"href":"https:\/\/kichiko.net\/index.php?rest_route=\/wp\/v2\/pages\/3590\/revisions\/4383"}],"up":[{"embeddable":true,"href":"https:\/\/kichiko.net\/index.php?rest_route=\/wp\/v2\/pages\/3567"}],"wp:attachment":[{"href":"https:\/\/kichiko.net\/index.php?rest_route=%2Fwp%2Fv2%2Fmedia&parent=3590"}],"curies":[{"name":"wp","href":"https:\/\/api.w.org\/{rel}","templated":true}]}}