{"id":3578,"date":"2021-06-21T23:15:02","date_gmt":"2021-06-21T22:15:02","guid":{"rendered":"http:\/\/kichiko.net\/?page_id=3578"},"modified":"2022-10-13T22:59:22","modified_gmt":"2022-10-13T21:59:22","slug":"kichikos-e-2","status":"publish","type":"page","link":"https:\/\/kichiko.net\/?page_id=3578","title":{"rendered":"Eager To Hide"},"content":{"rendered":"\n<p>Kl.&nbsp;01:35 ble det f\u00f8dt en&nbsp;r\u00f8d hann p\u00e5 295 gram. Han fikk navnet Kichiko`s Eager To Hide<\/p>\n\n\n\n<p>Nick : Kovu<br>Rase : Shiba<br>Kj\u00f8nn : Hann<br>Farge : R\u00f8d<br>F\u00f8dt :\u00a027\/5-2021<br>Reg.nr : NO51662\/21<br>HD : C\/C<br>AD : 0\/0<br>Patella : 1<br>Bitt :<\/p>\n\n\n\n<p>\u00d8yenlyst med gonioskopi intet p\u00e5vist<\/p>\n\n\n\n<p>Eiere: Sanna Ingulstad, Skien<\/p>\n\n\n\n<figure class=\"wp-block-image\"><img loading=\"lazy\" width=\"720\" height=\"960\" src=\"http:\/\/kichiko.net\/wp-content\/uploads\/2021\/06\/2.jpg\" alt=\"\" class=\"wp-image-3599\" srcset=\"https:\/\/kichiko.net\/wp-content\/uploads\/2021\/06\/2.jpg 720w, https:\/\/kichiko.net\/wp-content\/uploads\/2021\/06\/2-400x533.jpg 400w\" sizes=\"(max-width: 720px) 100vw, 720px\" \/><figcaption>Nyf\u00f8dt<br><\/figcaption><\/figure>\n\n\n\n<figure class=\"wp-block-image\"><img loading=\"lazy\" width=\"960\" height=\"858\" src=\"http:\/\/kichiko.net\/wp-content\/uploads\/2021\/06\/2-1.jpg\" alt=\"\" class=\"wp-image-3600\" srcset=\"https:\/\/kichiko.net\/wp-content\/uploads\/2021\/06\/2-1.jpg 960w, https:\/\/kichiko.net\/wp-content\/uploads\/2021\/06\/2-1-400x358.jpg 400w, https:\/\/kichiko.net\/wp-content\/uploads\/2021\/06\/2-1-768x686.jpg 768w\" sizes=\"(max-width: 960px) 100vw, 960px\" \/><figcaption>1 uke<br><\/figcaption><\/figure>\n\n\n\n<figure class=\"wp-block-image\"><img loading=\"lazy\" width=\"890\" height=\"960\" src=\"http:\/\/kichiko.net\/wp-content\/uploads\/2021\/06\/2-2.jpg\" alt=\"\" class=\"wp-image-3601\" srcset=\"https:\/\/kichiko.net\/wp-content\/uploads\/2021\/06\/2-2.jpg 890w, https:\/\/kichiko.net\/wp-content\/uploads\/2021\/06\/2-2-400x431.jpg 400w, https:\/\/kichiko.net\/wp-content\/uploads\/2021\/06\/2-2-768x828.jpg 768w\" sizes=\"(max-width: 890px) 100vw, 890px\" \/><figcaption>2 uker<br><\/figcaption><\/figure>\n\n\n\n<figure class=\"wp-block-image\"><img loading=\"lazy\" width=\"880\" height=\"960\" src=\"http:\/\/kichiko.net\/wp-content\/uploads\/2021\/06\/h2.jpg\" alt=\"\" class=\"wp-image-3602\" srcset=\"https:\/\/kichiko.net\/wp-content\/uploads\/2021\/06\/h2.jpg 880w, https:\/\/kichiko.net\/wp-content\/uploads\/2021\/06\/h2-400x436.jpg 400w, https:\/\/kichiko.net\/wp-content\/uploads\/2021\/06\/h2-768x838.jpg 768w\" sizes=\"(max-width: 880px) 100vw, 880px\" \/><figcaption>3 uker<br><\/figcaption><\/figure>\n\n\n\n<figure class=\"wp-block-image\"><img loading=\"lazy\" width=\"710\" height=\"960\" src=\"http:\/\/kichiko.net\/wp-content\/uploads\/2021\/06\/2-3.jpg\" alt=\"\" class=\"wp-image-3625\" srcset=\"https:\/\/kichiko.net\/wp-content\/uploads\/2021\/06\/2-3.jpg 710w, https:\/\/kichiko.net\/wp-content\/uploads\/2021\/06\/2-3-400x541.jpg 400w\" sizes=\"(max-width: 710px) 100vw, 710px\" \/><figcaption>4 uker<br><\/figcaption><\/figure>\n\n\n\n<figure class=\"wp-block-image\"><img loading=\"lazy\" width=\"738\" height=\"960\" src=\"http:\/\/kichiko.net\/wp-content\/uploads\/2021\/07\/2.jpg\" alt=\"\" class=\"wp-image-3644\" srcset=\"https:\/\/kichiko.net\/wp-content\/uploads\/2021\/07\/2.jpg 738w, https:\/\/kichiko.net\/wp-content\/uploads\/2021\/07\/2-400x520.jpg 400w\" sizes=\"(max-width: 738px) 100vw, 738px\" \/><figcaption>5 uker<br><\/figcaption><\/figure>\n\n\n\n<figure class=\"wp-block-image\"><img loading=\"lazy\" width=\"712\" height=\"960\" src=\"http:\/\/kichiko.net\/wp-content\/uploads\/2021\/07\/2-1.jpg\" alt=\"\" class=\"wp-image-3645\" srcset=\"https:\/\/kichiko.net\/wp-content\/uploads\/2021\/07\/2-1.jpg 712w, https:\/\/kichiko.net\/wp-content\/uploads\/2021\/07\/2-1-400x539.jpg 400w\" sizes=\"(max-width: 712px) 100vw, 712px\" \/><figcaption>6 uker<br><\/figcaption><\/figure>\n\n\n\n<figure class=\"wp-block-image\"><img loading=\"lazy\" width=\"656\" height=\"960\" src=\"http:\/\/kichiko.net\/wp-content\/uploads\/2021\/07\/2-2.jpg\" alt=\"\" class=\"wp-image-3646\" srcset=\"https:\/\/kichiko.net\/wp-content\/uploads\/2021\/07\/2-2.jpg 656w, https:\/\/kichiko.net\/wp-content\/uploads\/2021\/07\/2-2-400x585.jpg 400w\" sizes=\"(max-width: 656px) 100vw, 656px\" \/><figcaption>7 uker<br><\/figcaption><\/figure>\n\n\n\n<figure class=\"wp-block-image\"><img loading=\"lazy\" width=\"632\" height=\"960\" src=\"http:\/\/kichiko.net\/wp-content\/uploads\/2021\/07\/2-3.jpg\" alt=\"\" class=\"wp-image-3671\" srcset=\"https:\/\/kichiko.net\/wp-content\/uploads\/2021\/07\/2-3.jpg 632w, https:\/\/kichiko.net\/wp-content\/uploads\/2021\/07\/2-3-395x600.jpg 395w\" sizes=\"(max-width: 632px) 100vw, 632px\" \/><figcaption>8 uker<br><br><\/figcaption><\/figure>\n\n\n\n<figure class=\"wp-block-image\"><img loading=\"lazy\" width=\"960\" height=\"946\" src=\"http:\/\/kichiko.net\/wp-content\/uploads\/2021\/08\/223622066_10159558701441241_4608901601998935724_n.jpg\" alt=\"\" class=\"wp-image-3683\" srcset=\"https:\/\/kichiko.net\/wp-content\/uploads\/2021\/08\/223622066_10159558701441241_4608901601998935724_n.jpg 960w, https:\/\/kichiko.net\/wp-content\/uploads\/2021\/08\/223622066_10159558701441241_4608901601998935724_n-400x394.jpg 400w, https:\/\/kichiko.net\/wp-content\/uploads\/2021\/08\/223622066_10159558701441241_4608901601998935724_n-768x757.jpg 768w\" sizes=\"(max-width: 960px) 100vw, 960px\" \/><figcaption>Kovu med sine nye eiere<\/figcaption><\/figure>\n","protected":false},"excerpt":{"rendered":"<p>Kl.&nbsp;01:35 ble det f\u00f8dt en&nbsp;r\u00f8d hann p\u00e5 295 gram. Han fikk navnet Kichiko`s Eager To Hide Nick : KovuRase : ShibaKj\u00f8nn : HannFarge : R\u00f8dF\u00f8dt :\u00a027\/5-2021Reg.nr : NO51662\/21HD : C\/CAD : 0\/0Patella : 1Bitt : \u00d8yenlyst med gonioskopi intet p\u00e5vist Eiere: Sanna Ingulstad, Skien<\/p>\n","protected":false},"author":2,"featured_media":0,"parent":3567,"menu_order":2,"comment_status":"closed","ping_status":"closed","template":"","meta":[],"_links":{"self":[{"href":"https:\/\/kichiko.net\/index.php?rest_route=\/wp\/v2\/pages\/3578"}],"collection":[{"href":"https:\/\/kichiko.net\/index.php?rest_route=\/wp\/v2\/pages"}],"about":[{"href":"https:\/\/kichiko.net\/index.php?rest_route=\/wp\/v2\/types\/page"}],"author":[{"embeddable":true,"href":"https:\/\/kichiko.net\/index.php?rest_route=\/wp\/v2\/users\/2"}],"replies":[{"embeddable":true,"href":"https:\/\/kichiko.net\/index.php?rest_route=%2Fwp%2Fv2%2Fcomments&post=3578"}],"version-history":[{"count":10,"href":"https:\/\/kichiko.net\/index.php?rest_route=\/wp\/v2\/pages\/3578\/revisions"}],"predecessor-version":[{"id":4387,"href":"https:\/\/kichiko.net\/index.php?rest_route=\/wp\/v2\/pages\/3578\/revisions\/4387"}],"up":[{"embeddable":true,"href":"https:\/\/kichiko.net\/index.php?rest_route=\/wp\/v2\/pages\/3567"}],"wp:attachment":[{"href":"https:\/\/kichiko.net\/index.php?rest_route=%2Fwp%2Fv2%2Fmedia&parent=3578"}],"curies":[{"name":"wp","href":"https:\/\/api.w.org\/{rel}","templated":true}]}}