{"id":3574,"date":"2021-06-21T23:13:12","date_gmt":"2021-06-21T22:13:12","guid":{"rendered":"http:\/\/kichiko.net\/?page_id=3574"},"modified":"2023-07-14T23:26:36","modified_gmt":"2023-07-14T22:26:36","slug":"kichikos-e","status":"publish","type":"page","link":"https:\/\/kichiko.net\/?page_id=3574","title":{"rendered":"Eager To Run"},"content":{"rendered":"\n<p>Kl.&nbsp;01:30 ble det f\u00f8dt en&nbsp;r\u00f8d hann p\u00e5 282 gram. Han fikk navnet Kichiko`s Eager To Run<\/p>\n\n\n\n<p>Nick : Siko<br>Rase : Shiba<br>Kj\u00f8nn : Hann<br>Farge : R\u00f8d<br>F\u00f8dt :\u00a027\/5-2021<br>Reg.nr : NO51661\/21<br>HD : B\/B<br>AD : 0\/0<br>Patella :<br>Bitt :<\/p>\n\n\n\n<p>Eiere: Parbhat og Lise-Lotte David, Nesttun<\/p>\n\n\n\n<p><\/p>\n\n\n\n<figure class=\"wp-block-image\"><img loading=\"lazy\" width=\"720\" height=\"960\" src=\"http:\/\/kichiko.net\/wp-content\/uploads\/2021\/06\/1.jpg\" alt=\"\" class=\"wp-image-3594\" srcset=\"https:\/\/kichiko.net\/wp-content\/uploads\/2021\/06\/1.jpg 720w, https:\/\/kichiko.net\/wp-content\/uploads\/2021\/06\/1-400x533.jpg 400w\" sizes=\"(max-width: 720px) 100vw, 720px\" \/><figcaption>Nyf\u00f8dt<br><\/figcaption><\/figure>\n\n\n\n<figure class=\"wp-block-image\"><img loading=\"lazy\" width=\"960\" height=\"800\" src=\"http:\/\/kichiko.net\/wp-content\/uploads\/2021\/06\/1-1.jpg\" alt=\"\" class=\"wp-image-3595\" srcset=\"https:\/\/kichiko.net\/wp-content\/uploads\/2021\/06\/1-1.jpg 960w, https:\/\/kichiko.net\/wp-content\/uploads\/2021\/06\/1-1-400x333.jpg 400w, https:\/\/kichiko.net\/wp-content\/uploads\/2021\/06\/1-1-768x640.jpg 768w\" sizes=\"(max-width: 960px) 100vw, 960px\" \/><figcaption>1 uke<br><\/figcaption><\/figure>\n\n\n\n<figure class=\"wp-block-image\"><img loading=\"lazy\" width=\"660\" height=\"960\" src=\"http:\/\/kichiko.net\/wp-content\/uploads\/2021\/06\/1-2.jpg\" alt=\"\" class=\"wp-image-3596\" srcset=\"https:\/\/kichiko.net\/wp-content\/uploads\/2021\/06\/1-2.jpg 660w, https:\/\/kichiko.net\/wp-content\/uploads\/2021\/06\/1-2-400x582.jpg 400w\" sizes=\"(max-width: 660px) 100vw, 660px\" \/><figcaption>2 uker<br><br><\/figcaption><\/figure>\n\n\n\n<figure class=\"wp-block-image\"><img loading=\"lazy\" width=\"960\" height=\"960\" src=\"http:\/\/kichiko.net\/wp-content\/uploads\/2021\/06\/201173423_10159473715396241_478235730338858420_n.jpg\" alt=\"\" class=\"wp-image-3604\" srcset=\"https:\/\/kichiko.net\/wp-content\/uploads\/2021\/06\/201173423_10159473715396241_478235730338858420_n.jpg 960w, https:\/\/kichiko.net\/wp-content\/uploads\/2021\/06\/201173423_10159473715396241_478235730338858420_n-150x150.jpg 150w, https:\/\/kichiko.net\/wp-content\/uploads\/2021\/06\/201173423_10159473715396241_478235730338858420_n-400x400.jpg 400w, https:\/\/kichiko.net\/wp-content\/uploads\/2021\/06\/201173423_10159473715396241_478235730338858420_n-768x768.jpg 768w\" sizes=\"(max-width: 960px) 100vw, 960px\" \/><figcaption>3 uker<br><\/figcaption><\/figure>\n\n\n\n<figure class=\"wp-block-image\"><img loading=\"lazy\" width=\"922\" height=\"960\" src=\"http:\/\/kichiko.net\/wp-content\/uploads\/2021\/06\/1-3.jpg\" alt=\"\" class=\"wp-image-3623\" srcset=\"https:\/\/kichiko.net\/wp-content\/uploads\/2021\/06\/1-3.jpg 922w, https:\/\/kichiko.net\/wp-content\/uploads\/2021\/06\/1-3-400x416.jpg 400w, https:\/\/kichiko.net\/wp-content\/uploads\/2021\/06\/1-3-768x800.jpg 768w\" sizes=\"(max-width: 922px) 100vw, 922px\" \/><figcaption>4 uker<br><\/figcaption><\/figure>\n\n\n\n<figure class=\"wp-block-image\"><img loading=\"lazy\" width=\"726\" height=\"960\" src=\"http:\/\/kichiko.net\/wp-content\/uploads\/2021\/07\/1.jpg\" alt=\"\" class=\"wp-image-3640\" srcset=\"https:\/\/kichiko.net\/wp-content\/uploads\/2021\/07\/1.jpg 726w, https:\/\/kichiko.net\/wp-content\/uploads\/2021\/07\/1-400x529.jpg 400w\" sizes=\"(max-width: 726px) 100vw, 726px\" \/><figcaption>5 uker<br><\/figcaption><\/figure>\n\n\n\n<figure class=\"wp-block-image\"><img loading=\"lazy\" width=\"584\" height=\"960\" src=\"http:\/\/kichiko.net\/wp-content\/uploads\/2021\/07\/1-1.jpg\" alt=\"\" class=\"wp-image-3641\" srcset=\"https:\/\/kichiko.net\/wp-content\/uploads\/2021\/07\/1-1.jpg 584w, https:\/\/kichiko.net\/wp-content\/uploads\/2021\/07\/1-1-365x600.jpg 365w\" sizes=\"(max-width: 584px) 100vw, 584px\" \/><figcaption>6 uker<br><\/figcaption><\/figure>\n\n\n\n<figure class=\"wp-block-image\"><img loading=\"lazy\" width=\"589\" height=\"960\" src=\"http:\/\/kichiko.net\/wp-content\/uploads\/2021\/07\/212256576_537412563967452_1725452280934577773_n.jpg\" alt=\"\" class=\"wp-image-3642\" srcset=\"https:\/\/kichiko.net\/wp-content\/uploads\/2021\/07\/212256576_537412563967452_1725452280934577773_n.jpg 589w, https:\/\/kichiko.net\/wp-content\/uploads\/2021\/07\/212256576_537412563967452_1725452280934577773_n-368x600.jpg 368w\" sizes=\"(max-width: 589px) 100vw, 589px\" \/><figcaption>7 uker<br><\/figcaption><\/figure>\n\n\n\n<figure class=\"wp-block-image\"><img loading=\"lazy\" width=\"572\" height=\"960\" src=\"http:\/\/kichiko.net\/wp-content\/uploads\/2021\/07\/1-2.jpg\" alt=\"\" class=\"wp-image-3668\" srcset=\"https:\/\/kichiko.net\/wp-content\/uploads\/2021\/07\/1-2.jpg 572w, https:\/\/kichiko.net\/wp-content\/uploads\/2021\/07\/1-2-358x600.jpg 358w\" sizes=\"(max-width: 572px) 100vw, 572px\" \/><figcaption>8 uker<br><\/figcaption><\/figure>\n\n\n\n<figure class=\"wp-block-image\"><img loading=\"lazy\" width=\"712\" height=\"960\" src=\"http:\/\/kichiko.net\/wp-content\/uploads\/2021\/07\/221954820_10159553653821241_5417259438545870492_n.jpg\" alt=\"\" class=\"wp-image-3669\" srcset=\"https:\/\/kichiko.net\/wp-content\/uploads\/2021\/07\/221954820_10159553653821241_5417259438545870492_n.jpg 712w, https:\/\/kichiko.net\/wp-content\/uploads\/2021\/07\/221954820_10159553653821241_5417259438545870492_n-400x539.jpg 400w\" sizes=\"(max-width: 712px) 100vw, 712px\" \/><figcaption>Siko med sin nye familie<\/figcaption><\/figure>\n","protected":false},"excerpt":{"rendered":"<p>Kl.&nbsp;01:30 ble det f\u00f8dt en&nbsp;r\u00f8d hann p\u00e5 282 gram. Han fikk navnet Kichiko`s Eager To Run Nick : SikoRase : ShibaKj\u00f8nn : HannFarge : R\u00f8dF\u00f8dt :\u00a027\/5-2021Reg.nr : NO51661\/21HD : B\/BAD : 0\/0Patella :Bitt : Eiere: Parbhat og Lise-Lotte David, Nesttun<\/p>\n","protected":false},"author":2,"featured_media":0,"parent":3567,"menu_order":1,"comment_status":"closed","ping_status":"closed","template":"","meta":[],"_links":{"self":[{"href":"https:\/\/kichiko.net\/index.php?rest_route=\/wp\/v2\/pages\/3574"}],"collection":[{"href":"https:\/\/kichiko.net\/index.php?rest_route=\/wp\/v2\/pages"}],"about":[{"href":"https:\/\/kichiko.net\/index.php?rest_route=\/wp\/v2\/types\/page"}],"author":[{"embeddable":true,"href":"https:\/\/kichiko.net\/index.php?rest_route=\/wp\/v2\/users\/2"}],"replies":[{"embeddable":true,"href":"https:\/\/kichiko.net\/index.php?rest_route=%2Fwp%2Fv2%2Fcomments&post=3574"}],"version-history":[{"count":9,"href":"https:\/\/kichiko.net\/index.php?rest_route=\/wp\/v2\/pages\/3574\/revisions"}],"predecessor-version":[{"id":4647,"href":"https:\/\/kichiko.net\/index.php?rest_route=\/wp\/v2\/pages\/3574\/revisions\/4647"}],"up":[{"embeddable":true,"href":"https:\/\/kichiko.net\/index.php?rest_route=\/wp\/v2\/pages\/3567"}],"wp:attachment":[{"href":"https:\/\/kichiko.net\/index.php?rest_route=%2Fwp%2Fv2%2Fmedia&parent=3574"}],"curies":[{"name":"wp","href":"https:\/\/api.w.org\/{rel}","templated":true}]}}