{"id":341,"date":"2016-10-02T23:43:15","date_gmt":"2016-10-02T22:43:15","guid":{"rendered":"http:\/\/kichiko.net\/?page_id=341"},"modified":"2022-02-22T21:23:45","modified_gmt":"2022-02-22T20:23:45","slug":"chibi-enshi","status":"publish","type":"page","link":"https:\/\/kichiko.net\/?page_id=341","title":{"rendered":"Chibi Enshi"},"content":{"rendered":"<p><span class=\"rtb4\" style=\"color: #000000;\">Kl. 12:45. Nr.3 ble en\u00a0r\u00f8d hann som veide 235 gr.<br \/>\n<\/span><span style=\"color: #000000;\"><span class=\"rtb4\">Han fikk navnet: Kichiko`s Chibi Enshi som betyr &laquo;Liten sjarmerende type&raquo;<br \/>\n<\/span><\/span><\/p>\n<hr \/>\n<p><span class=\"rtb4\"><span style=\"color: #000000;\">Nick : Anton<br \/>\nRase : Shiba<br \/>\nKj\u00f8nn: Hannhund<br \/>\nFarge : R\u00f8d<br \/>\nF\u00f8dt: 5\/9-2012<br \/>\nD\u00f8d : 23\/5-2014<br \/>\nReg.nr : NO50972\/12<br \/>\nHD: B<br \/>\nAD: A<br \/>\nPatella: 0\/1 ( H\u00f8yre kne )<br \/>\nBitt: Korrekt<\/span><\/span><\/p>\n<p>Eier : Ivar Ulsand og Bente Schyttelvik, V\u00e5g\u00e5<\/p>\n<p>D\u00f8d<\/p>\n<div id=\"attachment_343\" style=\"width: 410px\" class=\"wp-caption alignnone\"><img aria-describedby=\"caption-attachment-343\" loading=\"lazy\" class=\" wp-image-343\" src=\"http:\/\/kichiko.net\/wp-content\/uploads\/2016\/10\/hjaa-300x300.jpg\" alt=\"1 uke\" width=\"400\" height=\"400\" srcset=\"https:\/\/kichiko.net\/wp-content\/uploads\/2016\/10\/hjaa-300x300.jpg 300w, https:\/\/kichiko.net\/wp-content\/uploads\/2016\/10\/hjaa-150x150.jpg 150w, https:\/\/kichiko.net\/wp-content\/uploads\/2016\/10\/hjaa-768x767.jpg 768w, https:\/\/kichiko.net\/wp-content\/uploads\/2016\/10\/hjaa-1024x1022.jpg 1024w, https:\/\/kichiko.net\/wp-content\/uploads\/2016\/10\/hjaa.jpg 1280w\" sizes=\"(max-width: 400px) 100vw, 400px\" \/><p id=\"caption-attachment-343\" class=\"wp-caption-text\">1 uke<\/p><\/div>\n<div id=\"attachment_344\" style=\"width: 410px\" class=\"wp-caption alignnone\"><img aria-describedby=\"caption-attachment-344\" loading=\"lazy\" class=\" wp-image-344\" src=\"http:\/\/kichiko.net\/wp-content\/uploads\/2016\/10\/hjaaa-300x285.jpg\" alt=\"8 uker \" width=\"400\" height=\"380\" srcset=\"https:\/\/kichiko.net\/wp-content\/uploads\/2016\/10\/hjaaa-300x285.jpg 300w, https:\/\/kichiko.net\/wp-content\/uploads\/2016\/10\/hjaaa-768x730.jpg 768w, https:\/\/kichiko.net\/wp-content\/uploads\/2016\/10\/hjaaa-1024x974.jpg 1024w, https:\/\/kichiko.net\/wp-content\/uploads\/2016\/10\/hjaaa.jpg 1280w\" sizes=\"(max-width: 400px) 100vw, 400px\" \/><p id=\"caption-attachment-344\" class=\"wp-caption-text\">8 uker<\/p><\/div>\n<div id=\"attachment_342\" style=\"width: 410px\" class=\"wp-caption alignnone\"><img aria-describedby=\"caption-attachment-342\" loading=\"lazy\" class=\" wp-image-342\" src=\"http:\/\/kichiko.net\/wp-content\/uploads\/2016\/10\/HjA.jpg\" alt=\"Anton\" width=\"400\" height=\"400\" srcset=\"https:\/\/kichiko.net\/wp-content\/uploads\/2016\/10\/HjA.jpg 285w, https:\/\/kichiko.net\/wp-content\/uploads\/2016\/10\/HjA-150x150.jpg 150w\" sizes=\"(max-width: 400px) 100vw, 400px\" \/><p id=\"caption-attachment-342\" class=\"wp-caption-text\">Anton<\/p><\/div>\n","protected":false},"excerpt":{"rendered":"<p>Kl. 12:45. Nr.3 ble en\u00a0r\u00f8d hann som veide 235 gr. Han fikk navnet: Kichiko`s Chibi Enshi som betyr &laquo;Liten sjarmerende type&raquo; Nick : Anton Rase : Shiba Kj\u00f8nn: Hannhund Farge : R\u00f8d F\u00f8dt: 5\/9-2012 D\u00f8d : 23\/5-2014 Reg.nr : NO50972\/12 HD: B AD: A Patella: 0\/1 ( H\u00f8yre kne ) Bitt: Korrekt Eier : Ivar [&hellip;]<\/p>\n","protected":false},"author":2,"featured_media":0,"parent":50,"menu_order":0,"comment_status":"closed","ping_status":"closed","template":"","meta":[],"_links":{"self":[{"href":"https:\/\/kichiko.net\/index.php?rest_route=\/wp\/v2\/pages\/341"}],"collection":[{"href":"https:\/\/kichiko.net\/index.php?rest_route=\/wp\/v2\/pages"}],"about":[{"href":"https:\/\/kichiko.net\/index.php?rest_route=\/wp\/v2\/types\/page"}],"author":[{"embeddable":true,"href":"https:\/\/kichiko.net\/index.php?rest_route=\/wp\/v2\/users\/2"}],"replies":[{"embeddable":true,"href":"https:\/\/kichiko.net\/index.php?rest_route=%2Fwp%2Fv2%2Fcomments&post=341"}],"version-history":[{"count":3,"href":"https:\/\/kichiko.net\/index.php?rest_route=\/wp\/v2\/pages\/341\/revisions"}],"predecessor-version":[{"id":4050,"href":"https:\/\/kichiko.net\/index.php?rest_route=\/wp\/v2\/pages\/341\/revisions\/4050"}],"up":[{"embeddable":true,"href":"https:\/\/kichiko.net\/index.php?rest_route=\/wp\/v2\/pages\/50"}],"wp:attachment":[{"href":"https:\/\/kichiko.net\/index.php?rest_route=%2Fwp%2Fv2%2Fmedia&parent=341"}],"curies":[{"name":"wp","href":"https:\/\/api.w.org\/{rel}","templated":true}]}}