{"id":3399,"date":"2021-01-11T21:40:20","date_gmt":"2021-01-11T20:40:20","guid":{"rendered":"http:\/\/kichiko.net\/?page_id=3399"},"modified":"2021-01-26T10:42:26","modified_gmt":"2021-01-26T09:42:26","slug":"kichikos-d-ii-4","status":"publish","type":"page","link":"https:\/\/kichiko.net\/?page_id=3399","title":{"rendered":"Kichiko`s D"},"content":{"rendered":"\n<p>Kl.&nbsp;10:06 ble det f\u00f8dt en&nbsp;r\u00f8d hann p\u00e5 260 gram. Han fikk navnet Kichiko`s D<\/p>\n\n\n\n<p>Nick :<br>Rase : Shiba<br>Kj\u00f8nn : Hann<br>Farge : R\u00f8d<br>F\u00f8dt :\u00a011\/1-2020<br>D\u00f8d: 19\/1-2021<br>D\u00f8de av underutviklet tarm<\/p>\n\n\n\n<p><\/p>\n\n\n\n<figure class=\"wp-block-image\"><img loading=\"lazy\" width=\"868\" height=\"960\" src=\"http:\/\/kichiko.net\/wp-content\/uploads\/2021\/01\/H2.jpg\" alt=\"\" class=\"wp-image-3409\" srcset=\"https:\/\/kichiko.net\/wp-content\/uploads\/2021\/01\/H2.jpg 868w, https:\/\/kichiko.net\/wp-content\/uploads\/2021\/01\/H2-400x442.jpg 400w, https:\/\/kichiko.net\/wp-content\/uploads\/2021\/01\/H2-768x849.jpg 768w\" sizes=\"(max-width: 868px) 100vw, 868px\" \/><\/figure>\n","protected":false},"excerpt":{"rendered":"<p>Kl.&nbsp;10:06 ble det f\u00f8dt en&nbsp;r\u00f8d hann p\u00e5 260 gram. Han fikk navnet Kichiko`s D Nick :Rase : ShibaKj\u00f8nn : HannFarge : R\u00f8dF\u00f8dt :\u00a011\/1-2020D\u00f8d: 19\/1-2021D\u00f8de av underutviklet tarm<\/p>\n","protected":false},"author":2,"featured_media":0,"parent":3386,"menu_order":4,"comment_status":"closed","ping_status":"closed","template":"","meta":[],"_links":{"self":[{"href":"https:\/\/kichiko.net\/index.php?rest_route=\/wp\/v2\/pages\/3399"}],"collection":[{"href":"https:\/\/kichiko.net\/index.php?rest_route=\/wp\/v2\/pages"}],"about":[{"href":"https:\/\/kichiko.net\/index.php?rest_route=\/wp\/v2\/types\/page"}],"author":[{"embeddable":true,"href":"https:\/\/kichiko.net\/index.php?rest_route=\/wp\/v2\/users\/2"}],"replies":[{"embeddable":true,"href":"https:\/\/kichiko.net\/index.php?rest_route=%2Fwp%2Fv2%2Fcomments&post=3399"}],"version-history":[{"count":3,"href":"https:\/\/kichiko.net\/index.php?rest_route=\/wp\/v2\/pages\/3399\/revisions"}],"predecessor-version":[{"id":3421,"href":"https:\/\/kichiko.net\/index.php?rest_route=\/wp\/v2\/pages\/3399\/revisions\/3421"}],"up":[{"embeddable":true,"href":"https:\/\/kichiko.net\/index.php?rest_route=\/wp\/v2\/pages\/3386"}],"wp:attachment":[{"href":"https:\/\/kichiko.net\/index.php?rest_route=%2Fwp%2Fv2%2Fmedia&parent=3399"}],"curies":[{"name":"wp","href":"https:\/\/api.w.org\/{rel}","templated":true}]}}