{"id":3395,"date":"2021-01-11T21:39:18","date_gmt":"2021-01-11T20:39:18","guid":{"rendered":"http:\/\/kichiko.net\/?page_id=3395"},"modified":"2022-02-01T21:10:01","modified_gmt":"2022-02-01T20:10:01","slug":"kichikos-d-ii-2","status":"publish","type":"page","link":"https:\/\/kichiko.net\/?page_id=3395","title":{"rendered":"Diamond Fever"},"content":{"rendered":"\n<p>Kl.&nbsp;09:16 ble det f\u00f8dt en&nbsp;r\u00f8d tispe p\u00e5 260 gram. Hun fikk navnet Kichiko`s Diamond Fever<\/p>\n\n\n\n<p>Nick : Dixie<br>Rase : Shiba<br>Kj\u00f8nn : Tispe<br>Farge : R\u00f8d<br>F\u00f8dt :\u00a011\/1-2021<br>Reg.nr : NO33815\/21<br>HD : A\/A<br>AD : 0\/0<br>Patella :<br>Bitt : Korrekt<\/p>\n\n\n\n<p>Eier : Ida og Vilde Selv\u00e6r, \u00c5ros<\/p>\n\n\n\n<figure class=\"wp-block-image\"><img loading=\"lazy\" width=\"830\" height=\"960\" src=\"http:\/\/kichiko.net\/wp-content\/uploads\/2021\/01\/T2.jpg\" alt=\"\" class=\"wp-image-3404\" srcset=\"https:\/\/kichiko.net\/wp-content\/uploads\/2021\/01\/T2.jpg 830w, https:\/\/kichiko.net\/wp-content\/uploads\/2021\/01\/T2-400x463.jpg 400w, https:\/\/kichiko.net\/wp-content\/uploads\/2021\/01\/T2-768x888.jpg 768w\" sizes=\"(max-width: 830px) 100vw, 830px\" \/><figcaption>Nyf\u00f8dt<br><\/figcaption><\/figure>\n\n\n\n<figure class=\"wp-block-image\"><img loading=\"lazy\" width=\"948\" height=\"960\" src=\"http:\/\/kichiko.net\/wp-content\/uploads\/2021\/01\/T2-1.jpg\" alt=\"\" class=\"wp-image-3425\" srcset=\"https:\/\/kichiko.net\/wp-content\/uploads\/2021\/01\/T2-1.jpg 948w, https:\/\/kichiko.net\/wp-content\/uploads\/2021\/01\/T2-1-400x405.jpg 400w, https:\/\/kichiko.net\/wp-content\/uploads\/2021\/01\/T2-1-768x778.jpg 768w\" sizes=\"(max-width: 948px) 100vw, 948px\" \/><figcaption>1 uke<br><\/figcaption><\/figure>\n\n\n\n<figure class=\"wp-block-image\"><img loading=\"lazy\" width=\"954\" height=\"960\" src=\"http:\/\/kichiko.net\/wp-content\/uploads\/2021\/01\/T2-2.jpg\" alt=\"\" class=\"wp-image-3427\" srcset=\"https:\/\/kichiko.net\/wp-content\/uploads\/2021\/01\/T2-2.jpg 954w, https:\/\/kichiko.net\/wp-content\/uploads\/2021\/01\/T2-2-150x150.jpg 150w, https:\/\/kichiko.net\/wp-content\/uploads\/2021\/01\/T2-2-400x403.jpg 400w, https:\/\/kichiko.net\/wp-content\/uploads\/2021\/01\/T2-2-768x773.jpg 768w\" sizes=\"(max-width: 954px) 100vw, 954px\" \/><figcaption>2 uker<br><\/figcaption><\/figure>\n\n\n\n<figure class=\"wp-block-image\"><img loading=\"lazy\" width=\"712\" height=\"960\" src=\"http:\/\/kichiko.net\/wp-content\/uploads\/2021\/02\/t2.jpg\" alt=\"\" class=\"wp-image-3465\" srcset=\"https:\/\/kichiko.net\/wp-content\/uploads\/2021\/02\/t2.jpg 712w, https:\/\/kichiko.net\/wp-content\/uploads\/2021\/02\/t2-400x539.jpg 400w\" sizes=\"(max-width: 712px) 100vw, 712px\" \/><figcaption>3 uker <br><\/figcaption><\/figure>\n\n\n\n<figure class=\"wp-block-image\"><img loading=\"lazy\" width=\"588\" height=\"960\" src=\"http:\/\/kichiko.net\/wp-content\/uploads\/2021\/02\/T2.jpg\" alt=\"\" class=\"wp-image-3474\" srcset=\"https:\/\/kichiko.net\/wp-content\/uploads\/2021\/02\/T2.jpg 588w, https:\/\/kichiko.net\/wp-content\/uploads\/2021\/02\/T2-368x600.jpg 368w\" sizes=\"(max-width: 588px) 100vw, 588px\" \/><figcaption>4 uker<br><\/figcaption><\/figure>\n\n\n\n<figure class=\"wp-block-image\"><img loading=\"lazy\" width=\"602\" height=\"960\" src=\"http:\/\/kichiko.net\/wp-content\/uploads\/2021\/02\/t2-1.jpg\" alt=\"\" class=\"wp-image-3482\" srcset=\"https:\/\/kichiko.net\/wp-content\/uploads\/2021\/02\/t2-1.jpg 602w, https:\/\/kichiko.net\/wp-content\/uploads\/2021\/02\/t2-1-376x600.jpg 376w\" sizes=\"(max-width: 602px) 100vw, 602px\" \/><figcaption>5 uker<br><\/figcaption><\/figure>\n\n\n\n<figure class=\"wp-block-image\"><img loading=\"lazy\" width=\"720\" height=\"960\" src=\"http:\/\/kichiko.net\/wp-content\/uploads\/2021\/02\/153854677_10159181853661241_3761592863893619384_n.jpg\" alt=\"\" class=\"wp-image-3515\" srcset=\"https:\/\/kichiko.net\/wp-content\/uploads\/2021\/02\/153854677_10159181853661241_3761592863893619384_n.jpg 720w, https:\/\/kichiko.net\/wp-content\/uploads\/2021\/02\/153854677_10159181853661241_3761592863893619384_n-400x533.jpg 400w\" sizes=\"(max-width: 720px) 100vw, 720px\" \/><figcaption>6 uker<br><\/figcaption><\/figure>\n\n\n\n<figure class=\"wp-block-image\"><img loading=\"lazy\" width=\"546\" height=\"960\" src=\"http:\/\/kichiko.net\/wp-content\/uploads\/2021\/03\/t2.jpg\" alt=\"\" class=\"wp-image-3538\" srcset=\"https:\/\/kichiko.net\/wp-content\/uploads\/2021\/03\/t2.jpg 546w, https:\/\/kichiko.net\/wp-content\/uploads\/2021\/03\/t2-341x600.jpg 341w\" sizes=\"(max-width: 546px) 100vw, 546px\" \/><figcaption>7 uker<br><\/figcaption><\/figure>\n\n\n\n<figure class=\"wp-block-image\"><img loading=\"lazy\" width=\"686\" height=\"960\" src=\"http:\/\/kichiko.net\/wp-content\/uploads\/2021\/03\/157989462_10159216624751241_2844963944061409249_n.jpg\" alt=\"\" class=\"wp-image-3547\" srcset=\"https:\/\/kichiko.net\/wp-content\/uploads\/2021\/03\/157989462_10159216624751241_2844963944061409249_n.jpg 686w, https:\/\/kichiko.net\/wp-content\/uploads\/2021\/03\/157989462_10159216624751241_2844963944061409249_n-400x560.jpg 400w\" sizes=\"(max-width: 686px) 100vw, 686px\" \/><figcaption>Dixie med sine nye eiere, Vilde og Ida<\/figcaption><\/figure>\n","protected":false},"excerpt":{"rendered":"<p>Kl.&nbsp;09:16 ble det f\u00f8dt en&nbsp;r\u00f8d tispe p\u00e5 260 gram. Hun fikk navnet Kichiko`s Diamond Fever Nick : DixieRase : ShibaKj\u00f8nn : TispeFarge : R\u00f8dF\u00f8dt :\u00a011\/1-2021Reg.nr : NO33815\/21HD : A\/AAD : 0\/0Patella :Bitt : Korrekt Eier : Ida og Vilde Selv\u00e6r, \u00c5ros<\/p>\n","protected":false},"author":2,"featured_media":0,"parent":3386,"menu_order":2,"comment_status":"closed","ping_status":"closed","template":"","meta":[],"_links":{"self":[{"href":"https:\/\/kichiko.net\/index.php?rest_route=\/wp\/v2\/pages\/3395"}],"collection":[{"href":"https:\/\/kichiko.net\/index.php?rest_route=\/wp\/v2\/pages"}],"about":[{"href":"https:\/\/kichiko.net\/index.php?rest_route=\/wp\/v2\/types\/page"}],"author":[{"embeddable":true,"href":"https:\/\/kichiko.net\/index.php?rest_route=\/wp\/v2\/users\/2"}],"replies":[{"embeddable":true,"href":"https:\/\/kichiko.net\/index.php?rest_route=%2Fwp%2Fv2%2Fcomments&post=3395"}],"version-history":[{"count":16,"href":"https:\/\/kichiko.net\/index.php?rest_route=\/wp\/v2\/pages\/3395\/revisions"}],"predecessor-version":[{"id":4041,"href":"https:\/\/kichiko.net\/index.php?rest_route=\/wp\/v2\/pages\/3395\/revisions\/4041"}],"up":[{"embeddable":true,"href":"https:\/\/kichiko.net\/index.php?rest_route=\/wp\/v2\/pages\/3386"}],"wp:attachment":[{"href":"https:\/\/kichiko.net\/index.php?rest_route=%2Fwp%2Fv2%2Fmedia&parent=3395"}],"curies":[{"name":"wp","href":"https:\/\/api.w.org\/{rel}","templated":true}]}}