{"id":3393,"date":"2021-01-11T21:38:47","date_gmt":"2021-01-11T20:38:47","guid":{"rendered":"http:\/\/kichiko.net\/?page_id=3393"},"modified":"2022-02-01T21:08:59","modified_gmt":"2022-02-01T20:08:59","slug":"kichikos-d-ii","status":"publish","type":"page","link":"https:\/\/kichiko.net\/?page_id=3393","title":{"rendered":"Diamond Lover"},"content":{"rendered":"\n<p>Kl.&nbsp;08:50 ble det f\u00f8dt en&nbsp;r\u00f8d tispe p\u00e5 250 gram. Hun fikk navnet Kichiko`s Diamond Lover<\/p>\n\n\n\n<p>Nick : Bambi<br>Rase : Shiba<br>Kj\u00f8nn : Tispe<br>Farge : R\u00f8d<br>F\u00f8dt :\u00a011\/1-2021<br>Reg.nr : NO33816\/21<br>HD : A\/A<br>AD : 0\/0<br>Patella : 0\/0<br>Bitt : Korrekt<\/p>\n\n\n\n<p>Eier : Vilde Rognlien og Jonas Nettli, Heggedal<\/p>\n\n\n\n<figure class=\"wp-block-image\"><img loading=\"lazy\" width=\"886\" height=\"960\" src=\"http:\/\/kichiko.net\/wp-content\/uploads\/2021\/01\/t1.jpg\" alt=\"\" class=\"wp-image-3402\" srcset=\"https:\/\/kichiko.net\/wp-content\/uploads\/2021\/01\/t1.jpg 886w, https:\/\/kichiko.net\/wp-content\/uploads\/2021\/01\/t1-400x433.jpg 400w, https:\/\/kichiko.net\/wp-content\/uploads\/2021\/01\/t1-768x832.jpg 768w\" sizes=\"(max-width: 886px) 100vw, 886px\" \/><figcaption>Nyf\u00f8dt<br><\/figcaption><\/figure>\n\n\n\n<figure class=\"wp-block-image\"><img loading=\"lazy\" width=\"888\" height=\"960\" src=\"http:\/\/kichiko.net\/wp-content\/uploads\/2021\/01\/T1.jpg\" alt=\"\" class=\"wp-image-3422\" srcset=\"https:\/\/kichiko.net\/wp-content\/uploads\/2021\/01\/T1.jpg 888w, https:\/\/kichiko.net\/wp-content\/uploads\/2021\/01\/T1-400x432.jpg 400w, https:\/\/kichiko.net\/wp-content\/uploads\/2021\/01\/T1-768x830.jpg 768w\" sizes=\"(max-width: 888px) 100vw, 888px\" \/><figcaption>1 uke<br><\/figcaption><\/figure>\n\n\n\n<figure class=\"wp-block-image\"><img loading=\"lazy\" width=\"960\" height=\"846\" src=\"http:\/\/kichiko.net\/wp-content\/uploads\/2021\/01\/T1-1.jpg\" alt=\"\" class=\"wp-image-3423\" srcset=\"https:\/\/kichiko.net\/wp-content\/uploads\/2021\/01\/T1-1.jpg 960w, https:\/\/kichiko.net\/wp-content\/uploads\/2021\/01\/T1-1-400x353.jpg 400w, https:\/\/kichiko.net\/wp-content\/uploads\/2021\/01\/T1-1-768x677.jpg 768w\" sizes=\"(max-width: 960px) 100vw, 960px\" \/><figcaption>2 uker<br><\/figcaption><\/figure>\n\n\n\n<figure class=\"wp-block-image\"><img loading=\"lazy\" width=\"862\" height=\"960\" src=\"http:\/\/kichiko.net\/wp-content\/uploads\/2021\/02\/145005742_10159120812406241_9095578096379344631_n.jpg\" alt=\"\" class=\"wp-image-3461\" srcset=\"https:\/\/kichiko.net\/wp-content\/uploads\/2021\/02\/145005742_10159120812406241_9095578096379344631_n.jpg 862w, https:\/\/kichiko.net\/wp-content\/uploads\/2021\/02\/145005742_10159120812406241_9095578096379344631_n-400x445.jpg 400w, https:\/\/kichiko.net\/wp-content\/uploads\/2021\/02\/145005742_10159120812406241_9095578096379344631_n-768x855.jpg 768w\" sizes=\"(max-width: 862px) 100vw, 862px\" \/><figcaption>3 uker<br><\/figcaption><\/figure>\n\n\n\n<figure class=\"wp-block-image\"><img loading=\"lazy\" width=\"752\" height=\"960\" src=\"http:\/\/kichiko.net\/wp-content\/uploads\/2021\/02\/T1.jpg\" alt=\"\" class=\"wp-image-3472\" srcset=\"https:\/\/kichiko.net\/wp-content\/uploads\/2021\/02\/T1.jpg 752w, https:\/\/kichiko.net\/wp-content\/uploads\/2021\/02\/T1-400x511.jpg 400w\" sizes=\"(max-width: 752px) 100vw, 752px\" \/><figcaption>4 uker<br><\/figcaption><\/figure>\n\n\n\n<figure class=\"wp-block-image\"><img loading=\"lazy\" width=\"630\" height=\"960\" src=\"http:\/\/kichiko.net\/wp-content\/uploads\/2021\/02\/t1.jpg\" alt=\"\" class=\"wp-image-3480\" srcset=\"https:\/\/kichiko.net\/wp-content\/uploads\/2021\/02\/t1.jpg 630w, https:\/\/kichiko.net\/wp-content\/uploads\/2021\/02\/t1-394x600.jpg 394w\" sizes=\"(max-width: 630px) 100vw, 630px\" \/><figcaption>5 uker<br><\/figcaption><\/figure>\n\n\n\n<figure class=\"wp-block-image\"><img loading=\"lazy\" width=\"720\" height=\"960\" src=\"http:\/\/kichiko.net\/wp-content\/uploads\/2021\/02\/152712151_10159181853516241_2668065092943021275_n.jpg\" alt=\"\" class=\"wp-image-3513\" srcset=\"https:\/\/kichiko.net\/wp-content\/uploads\/2021\/02\/152712151_10159181853516241_2668065092943021275_n.jpg 720w, https:\/\/kichiko.net\/wp-content\/uploads\/2021\/02\/152712151_10159181853516241_2668065092943021275_n-400x533.jpg 400w\" sizes=\"(max-width: 720px) 100vw, 720px\" \/><figcaption>6 uker<br><\/figcaption><\/figure>\n\n\n\n<figure class=\"wp-block-image\"><img loading=\"lazy\" width=\"608\" height=\"960\" src=\"http:\/\/kichiko.net\/wp-content\/uploads\/2021\/03\/t1.jpg\" alt=\"\" class=\"wp-image-3536\" srcset=\"https:\/\/kichiko.net\/wp-content\/uploads\/2021\/03\/t1.jpg 608w, https:\/\/kichiko.net\/wp-content\/uploads\/2021\/03\/t1-380x600.jpg 380w\" sizes=\"(max-width: 608px) 100vw, 608px\" \/><figcaption>7 uker<br><\/figcaption><\/figure>\n\n\n\n<figure class=\"wp-block-image\"><img loading=\"lazy\" width=\"604\" height=\"960\" src=\"http:\/\/kichiko.net\/wp-content\/uploads\/2021\/03\/157916230_10159216442461241_3797370985006231144_n.jpg\" alt=\"\" class=\"wp-image-3549\" srcset=\"https:\/\/kichiko.net\/wp-content\/uploads\/2021\/03\/157916230_10159216442461241_3797370985006231144_n.jpg 604w, https:\/\/kichiko.net\/wp-content\/uploads\/2021\/03\/157916230_10159216442461241_3797370985006231144_n-378x600.jpg 378w\" sizes=\"(max-width: 604px) 100vw, 604px\" \/><figcaption>Bambi med sine nye eiere, Jonas og Vilde <\/figcaption><\/figure>\n","protected":false},"excerpt":{"rendered":"<p>Kl.&nbsp;08:50 ble det f\u00f8dt en&nbsp;r\u00f8d tispe p\u00e5 250 gram. Hun fikk navnet Kichiko`s Diamond Lover Nick : BambiRase : ShibaKj\u00f8nn : TispeFarge : R\u00f8dF\u00f8dt :\u00a011\/1-2021Reg.nr : NO33816\/21HD : A\/AAD : 0\/0Patella : 0\/0Bitt : Korrekt Eier : Vilde Rognlien og Jonas Nettli, Heggedal<\/p>\n","protected":false},"author":2,"featured_media":0,"parent":3386,"menu_order":1,"comment_status":"closed","ping_status":"closed","template":"","meta":[],"_links":{"self":[{"href":"https:\/\/kichiko.net\/index.php?rest_route=\/wp\/v2\/pages\/3393"}],"collection":[{"href":"https:\/\/kichiko.net\/index.php?rest_route=\/wp\/v2\/pages"}],"about":[{"href":"https:\/\/kichiko.net\/index.php?rest_route=\/wp\/v2\/types\/page"}],"author":[{"embeddable":true,"href":"https:\/\/kichiko.net\/index.php?rest_route=\/wp\/v2\/users\/2"}],"replies":[{"embeddable":true,"href":"https:\/\/kichiko.net\/index.php?rest_route=%2Fwp%2Fv2%2Fcomments&post=3393"}],"version-history":[{"count":16,"href":"https:\/\/kichiko.net\/index.php?rest_route=\/wp\/v2\/pages\/3393\/revisions"}],"predecessor-version":[{"id":4040,"href":"https:\/\/kichiko.net\/index.php?rest_route=\/wp\/v2\/pages\/3393\/revisions\/4040"}],"up":[{"embeddable":true,"href":"https:\/\/kichiko.net\/index.php?rest_route=\/wp\/v2\/pages\/3386"}],"wp:attachment":[{"href":"https:\/\/kichiko.net\/index.php?rest_route=%2Fwp%2Fv2%2Fmedia&parent=3393"}],"curies":[{"name":"wp","href":"https:\/\/api.w.org\/{rel}","templated":true}]}}