{"id":3380,"date":"2021-01-07T23:02:01","date_gmt":"2021-01-07T22:02:01","guid":{"rendered":"http:\/\/kichiko.net\/?page_id=3380"},"modified":"2022-01-27T19:51:05","modified_gmt":"2022-01-27T18:51:05","slug":"kichikos-c-2","status":"publish","type":"page","link":"https:\/\/kichiko.net\/?page_id=3380","title":{"rendered":"Catch Her If You Can"},"content":{"rendered":"\n<p>Kl.&nbsp;19:34 ble det f\u00f8dt en&nbsp;r\u00f8d tispe p\u00e5 200 gram. Hun fikk navnet Kichiko`s Catch Her If You Can<\/p>\n\n\n\n<p>Nick : Mana<br>Rase : Shiba<br>Kj\u00f8nn : Tispe<br>Farge : R\u00f8d<br>F\u00f8dt :\u00a031\/12-2020<br>Reg.nr : NO33024\/21<br>HD : C\/C<br>AD : 0\/0<br>Patella : 0\/0<br>\u00d8yenlyst med gonioskopi, intet p\u00e5vist<br>Bitt : Korrekt og fulltannet<\/p>\n\n\n\n<p>Eier : Pia Marie Lorentsen Hagander og Erfan Hesam, Oslo<\/p>\n\n\n\n<figure class=\"wp-block-image\"><img loading=\"lazy\" width=\"960\" height=\"794\" src=\"http:\/\/kichiko.net\/wp-content\/uploads\/2021\/01\/134351386_10159019347231241_2544669677902011363_n.jpg\" alt=\"\" class=\"wp-image-3382\" srcset=\"https:\/\/kichiko.net\/wp-content\/uploads\/2021\/01\/134351386_10159019347231241_2544669677902011363_n.jpg 960w, https:\/\/kichiko.net\/wp-content\/uploads\/2021\/01\/134351386_10159019347231241_2544669677902011363_n-400x331.jpg 400w, https:\/\/kichiko.net\/wp-content\/uploads\/2021\/01\/134351386_10159019347231241_2544669677902011363_n-768x635.jpg 768w\" sizes=\"(max-width: 960px) 100vw, 960px\" \/><figcaption>Nyf\u00f8dt<br><\/figcaption><\/figure>\n\n\n\n<figure class=\"wp-block-image\"><img loading=\"lazy\" width=\"838\" height=\"960\" src=\"http:\/\/kichiko.net\/wp-content\/uploads\/2021\/01\/136173475_10159040561031241_4626489506535270386_n-1.jpg\" alt=\"\" class=\"wp-image-3383\" srcset=\"https:\/\/kichiko.net\/wp-content\/uploads\/2021\/01\/136173475_10159040561031241_4626489506535270386_n-1.jpg 838w, https:\/\/kichiko.net\/wp-content\/uploads\/2021\/01\/136173475_10159040561031241_4626489506535270386_n-1-400x458.jpg 400w, https:\/\/kichiko.net\/wp-content\/uploads\/2021\/01\/136173475_10159040561031241_4626489506535270386_n-1-768x880.jpg 768w\" sizes=\"(max-width: 838px) 100vw, 838px\" \/><figcaption>1 uke<br><\/figcaption><\/figure>\n\n\n\n<figure class=\"wp-block-image\"><img loading=\"lazy\" width=\"752\" height=\"960\" src=\"http:\/\/kichiko.net\/wp-content\/uploads\/2021\/01\/137574903_10159057723281241_7143496088327148538_n.jpg\" alt=\"\" class=\"wp-image-3414\" srcset=\"https:\/\/kichiko.net\/wp-content\/uploads\/2021\/01\/137574903_10159057723281241_7143496088327148538_n.jpg 752w, https:\/\/kichiko.net\/wp-content\/uploads\/2021\/01\/137574903_10159057723281241_7143496088327148538_n-400x511.jpg 400w\" sizes=\"(max-width: 752px) 100vw, 752px\" \/><figcaption>2 uker<br><\/figcaption><\/figure>\n\n\n\n<figure class=\"wp-block-image\"><img loading=\"lazy\" width=\"960\" height=\"930\" src=\"http:\/\/kichiko.net\/wp-content\/uploads\/2021\/01\/140879834_10159077547886241_6119903291678455438_n.jpg\" alt=\"\" class=\"wp-image-3440\" srcset=\"https:\/\/kichiko.net\/wp-content\/uploads\/2021\/01\/140879834_10159077547886241_6119903291678455438_n.jpg 960w, https:\/\/kichiko.net\/wp-content\/uploads\/2021\/01\/140879834_10159077547886241_6119903291678455438_n-400x388.jpg 400w, https:\/\/kichiko.net\/wp-content\/uploads\/2021\/01\/140879834_10159077547886241_6119903291678455438_n-768x744.jpg 768w\" sizes=\"(max-width: 960px) 100vw, 960px\" \/><figcaption>3 uker<br><\/figcaption><\/figure>\n\n\n\n<figure class=\"wp-block-image\"><img loading=\"lazy\" width=\"776\" height=\"960\" src=\"http:\/\/kichiko.net\/wp-content\/uploads\/2021\/01\/143054410_10159105359796241_2713269053415411513_n.jpg\" alt=\"\" class=\"wp-image-3447\" srcset=\"https:\/\/kichiko.net\/wp-content\/uploads\/2021\/01\/143054410_10159105359796241_2713269053415411513_n.jpg 776w, https:\/\/kichiko.net\/wp-content\/uploads\/2021\/01\/143054410_10159105359796241_2713269053415411513_n-400x495.jpg 400w, https:\/\/kichiko.net\/wp-content\/uploads\/2021\/01\/143054410_10159105359796241_2713269053415411513_n-768x950.jpg 768w\" sizes=\"(max-width: 776px) 100vw, 776px\" \/><figcaption>4 uker<br><\/figcaption><\/figure>\n\n\n\n<figure class=\"wp-block-image\"><img loading=\"lazy\" width=\"628\" height=\"960\" src=\"http:\/\/kichiko.net\/wp-content\/uploads\/2021\/02\/145783094_10159128109826241_8379775976642732211_n.jpg\" alt=\"\" class=\"wp-image-3500\" srcset=\"https:\/\/kichiko.net\/wp-content\/uploads\/2021\/02\/145783094_10159128109826241_8379775976642732211_n.jpg 628w, https:\/\/kichiko.net\/wp-content\/uploads\/2021\/02\/145783094_10159128109826241_8379775976642732211_n-393x600.jpg 393w\" sizes=\"(max-width: 628px) 100vw, 628px\" \/><figcaption>5 uker<br><\/figcaption><\/figure>\n\n\n\n<figure class=\"wp-block-image\"><img loading=\"lazy\" width=\"654\" height=\"960\" src=\"http:\/\/kichiko.net\/wp-content\/uploads\/2021\/02\/148610018_10159149485901241_787282733739179143_n.jpg\" alt=\"\" class=\"wp-image-3501\" srcset=\"https:\/\/kichiko.net\/wp-content\/uploads\/2021\/02\/148610018_10159149485901241_787282733739179143_n.jpg 654w, https:\/\/kichiko.net\/wp-content\/uploads\/2021\/02\/148610018_10159149485901241_787282733739179143_n-400x587.jpg 400w\" sizes=\"(max-width: 654px) 100vw, 654px\" \/><figcaption>6 uker<br><\/figcaption><\/figure>\n\n\n\n<figure class=\"wp-block-image\"><img loading=\"lazy\" width=\"648\" height=\"960\" src=\"http:\/\/kichiko.net\/wp-content\/uploads\/2021\/02\/151253294_10159169547286241_5256270516294744690_n.jpg\" alt=\"\" class=\"wp-image-3502\" srcset=\"https:\/\/kichiko.net\/wp-content\/uploads\/2021\/02\/151253294_10159169547286241_5256270516294744690_n.jpg 648w, https:\/\/kichiko.net\/wp-content\/uploads\/2021\/02\/151253294_10159169547286241_5256270516294744690_n-400x593.jpg 400w\" sizes=\"(max-width: 648px) 100vw, 648px\" \/><figcaption>7 uker<br><\/figcaption><\/figure>\n\n\n\n<figure class=\"wp-block-image\"><img loading=\"lazy\" width=\"568\" height=\"963\" src=\"http:\/\/kichiko.net\/wp-content\/uploads\/2021\/02\/152969081_740147446938010_266139731289269865_n.jpg\" alt=\"\" class=\"wp-image-3510\" srcset=\"https:\/\/kichiko.net\/wp-content\/uploads\/2021\/02\/152969081_740147446938010_266139731289269865_n.jpg 568w, https:\/\/kichiko.net\/wp-content\/uploads\/2021\/02\/152969081_740147446938010_266139731289269865_n-354x600.jpg 354w\" sizes=\"(max-width: 568px) 100vw, 568px\" \/><figcaption>8 uker<br><\/figcaption><\/figure>\n\n\n\n<figure class=\"wp-block-image\"><img loading=\"lazy\" width=\"590\" height=\"960\" src=\"http:\/\/kichiko.net\/wp-content\/uploads\/2021\/03\/154506722_10159193202856241_2712835576667308222_n.jpg\" alt=\"\" class=\"wp-image-3526\" srcset=\"https:\/\/kichiko.net\/wp-content\/uploads\/2021\/03\/154506722_10159193202856241_2712835576667308222_n.jpg 590w, https:\/\/kichiko.net\/wp-content\/uploads\/2021\/03\/154506722_10159193202856241_2712835576667308222_n-369x600.jpg 369w\" sizes=\"(max-width: 590px) 100vw, 590px\" \/><figcaption>Mana med sine nye eiere<\/figcaption><\/figure>\n","protected":false},"excerpt":{"rendered":"<p>Kl.&nbsp;19:34 ble det f\u00f8dt en&nbsp;r\u00f8d tispe p\u00e5 200 gram. Hun fikk navnet Kichiko`s Catch Her If You Can Nick : ManaRase : ShibaKj\u00f8nn : TispeFarge : R\u00f8dF\u00f8dt :\u00a031\/12-2020Reg.nr : NO33024\/21HD : C\/CAD : 0\/0Patella : 0\/0\u00d8yenlyst med gonioskopi, intet p\u00e5vistBitt : Korrekt og fulltannet Eier : Pia Marie Lorentsen Hagander og Erfan Hesam, Oslo<\/p>\n","protected":false},"author":2,"featured_media":0,"parent":3365,"menu_order":2,"comment_status":"closed","ping_status":"closed","template":"","meta":[],"_links":{"self":[{"href":"https:\/\/kichiko.net\/index.php?rest_route=\/wp\/v2\/pages\/3380"}],"collection":[{"href":"https:\/\/kichiko.net\/index.php?rest_route=\/wp\/v2\/pages"}],"about":[{"href":"https:\/\/kichiko.net\/index.php?rest_route=\/wp\/v2\/types\/page"}],"author":[{"embeddable":true,"href":"https:\/\/kichiko.net\/index.php?rest_route=\/wp\/v2\/users\/2"}],"replies":[{"embeddable":true,"href":"https:\/\/kichiko.net\/index.php?rest_route=%2Fwp%2Fv2%2Fcomments&post=3380"}],"version-history":[{"count":11,"href":"https:\/\/kichiko.net\/index.php?rest_route=\/wp\/v2\/pages\/3380\/revisions"}],"predecessor-version":[{"id":4036,"href":"https:\/\/kichiko.net\/index.php?rest_route=\/wp\/v2\/pages\/3380\/revisions\/4036"}],"up":[{"embeddable":true,"href":"https:\/\/kichiko.net\/index.php?rest_route=\/wp\/v2\/pages\/3365"}],"wp:attachment":[{"href":"https:\/\/kichiko.net\/index.php?rest_route=%2Fwp%2Fv2%2Fmedia&parent=3380"}],"curies":[{"name":"wp","href":"https:\/\/api.w.org\/{rel}","templated":true}]}}