{"id":320,"date":"2016-10-02T23:27:14","date_gmt":"2016-10-02T22:27:14","guid":{"rendered":"http:\/\/kichiko.net\/?page_id=320"},"modified":"2025-02-09T22:42:12","modified_gmt":"2025-02-09T21:42:12","slug":"banzai-kawai-misako","status":"publish","type":"page","link":"https:\/\/kichiko.net\/?page_id=320","title":{"rendered":"Banzai Kawai Misako"},"content":{"rendered":"<p><span class=\"rtb3\"><span style=\"color: #000000;\">Kl. 00:45.\u00a0Nr.4 ble en r\u00f8d\/sesam tispe som veide 275 gr.<\/span> <\/span><span style=\"color: #000000;\"><span class=\"rtb3\">Hun fikk navnet &laquo;Kichiko`s Banzai Kawai Misako&raquo;. Det betyr : Hurra S\u00f8t\/god Trofast jente<\/span>.<br \/>\n<\/span><\/p>\n<p>Nick : Gira<br \/>\nRase : Shiba<br \/>\n<span class=\"rtb4\" style=\"color: #000000;\">Kj\u00f8nn: Tispe<br \/>\nFarge : R\u00f8d<br \/>\nF\u00f8dt:\u00a017\/5-2011<br \/>\nReg.nr : NO41339\/11<br \/>\nHD: A<br \/>\nAD: A<br \/>\nPatella: 0 (Fri)<br \/>\nBitt: Korrekt<\/span><\/p>\n<p>Eier : Katrine Svendsen, Mosby<\/p>\n<p>D\u00f8d<\/p>\n<div id=\"attachment_321\" style=\"width: 410px\" class=\"wp-caption alignnone\"><img aria-describedby=\"caption-attachment-321\" loading=\"lazy\" class=\" wp-image-321\" src=\"http:\/\/kichiko.net\/wp-content\/uploads\/2016\/10\/hjg-300x242.jpg\" alt=\"1 uke\" width=\"400\" height=\"323\" srcset=\"https:\/\/kichiko.net\/wp-content\/uploads\/2016\/10\/hjg-300x242.jpg 300w, https:\/\/kichiko.net\/wp-content\/uploads\/2016\/10\/hjg-768x620.jpg 768w, https:\/\/kichiko.net\/wp-content\/uploads\/2016\/10\/hjg-1024x827.jpg 1024w, https:\/\/kichiko.net\/wp-content\/uploads\/2016\/10\/hjg.jpg 1241w\" sizes=\"(max-width: 400px) 100vw, 400px\" \/><p id=\"caption-attachment-321\" class=\"wp-caption-text\">1 uke<\/p><\/div>\n<p><img loading=\"lazy\" class=\"alignnone wp-image-322\" src=\"http:\/\/kichiko.net\/wp-content\/uploads\/2016\/10\/hjgg-218x300.jpg\" alt=\"hjgg\" width=\"400\" height=\"550\" \/><\/p>\n<p>Gira med sin nye eier og hundevenn<\/p>\n<div id=\"attachment_323\" style=\"width: 410px\" class=\"wp-caption alignnone\"><img aria-describedby=\"caption-attachment-323\" loading=\"lazy\" class=\" wp-image-323\" src=\"http:\/\/kichiko.net\/wp-content\/uploads\/2016\/10\/hjggg-241x300.jpg\" alt=\"Gira\" width=\"400\" height=\"498\" srcset=\"https:\/\/kichiko.net\/wp-content\/uploads\/2016\/10\/hjggg-241x300.jpg 241w, https:\/\/kichiko.net\/wp-content\/uploads\/2016\/10\/hjggg.jpg 407w\" sizes=\"(max-width: 400px) 100vw, 400px\" \/><p id=\"caption-attachment-323\" class=\"wp-caption-text\">Gira<\/p><\/div>\n","protected":false},"excerpt":{"rendered":"<p>Kl. 00:45.\u00a0Nr.4 ble en r\u00f8d\/sesam tispe som veide 275 gr. Hun fikk navnet &laquo;Kichiko`s Banzai Kawai Misako&raquo;. Det betyr : Hurra S\u00f8t\/god Trofast jente. Nick : Gira Rase : Shiba Kj\u00f8nn: Tispe Farge : R\u00f8d F\u00f8dt:\u00a017\/5-2011 Reg.nr : NO41339\/11 HD: A AD: A Patella: 0 (Fri) Bitt: Korrekt Eier : Katrine Svendsen, Mosby D\u00f8d Gira [&hellip;]<\/p>\n","protected":false},"author":2,"featured_media":0,"parent":48,"menu_order":0,"comment_status":"closed","ping_status":"closed","template":"","meta":[],"_links":{"self":[{"href":"https:\/\/kichiko.net\/index.php?rest_route=\/wp\/v2\/pages\/320"}],"collection":[{"href":"https:\/\/kichiko.net\/index.php?rest_route=\/wp\/v2\/pages"}],"about":[{"href":"https:\/\/kichiko.net\/index.php?rest_route=\/wp\/v2\/types\/page"}],"author":[{"embeddable":true,"href":"https:\/\/kichiko.net\/index.php?rest_route=\/wp\/v2\/users\/2"}],"replies":[{"embeddable":true,"href":"https:\/\/kichiko.net\/index.php?rest_route=%2Fwp%2Fv2%2Fcomments&post=320"}],"version-history":[{"count":3,"href":"https:\/\/kichiko.net\/index.php?rest_route=\/wp\/v2\/pages\/320\/revisions"}],"predecessor-version":[{"id":5715,"href":"https:\/\/kichiko.net\/index.php?rest_route=\/wp\/v2\/pages\/320\/revisions\/5715"}],"up":[{"embeddable":true,"href":"https:\/\/kichiko.net\/index.php?rest_route=\/wp\/v2\/pages\/48"}],"wp:attachment":[{"href":"https:\/\/kichiko.net\/index.php?rest_route=%2Fwp%2Fv2%2Fmedia&parent=320"}],"curies":[{"name":"wp","href":"https:\/\/api.w.org\/{rel}","templated":true}]}}