{"id":3113,"date":"2020-10-13T16:10:02","date_gmt":"2020-10-13T15:10:02","guid":{"rendered":"http:\/\/kichiko.net\/?page_id=3113"},"modified":"2021-10-28T21:29:50","modified_gmt":"2021-10-28T20:29:50","slug":"kichikos-b-4","status":"publish","type":"page","link":"https:\/\/kichiko.net\/?page_id=3113","title":{"rendered":"Beautyful Young And Proud"},"content":{"rendered":"\n<p>Kl. 01:15 . Nr.4 ble en r\u00f8d hann som veide 250 gr.<\/p>\n\n\n\n<p>Nick : Attila<br>Rase : Shiba<br>Kj\u00f8nn : Hann<br>Farge : R\u00f8d<br>F\u00f8dt : 7\/10-2020<br>Reg.nr : NO59232\/20<br>HD : A\/A<br>AD : 0\/0<\/p>\n\n\n\n<p>Eier :&nbsp;Mia L\u00f8kken og Trym Even Joakimsen, Oslo<\/p>\n\n\n\n<figure class=\"wp-block-image\"><img loading=\"lazy\" width=\"960\" height=\"864\" src=\"http:\/\/kichiko.net\/wp-content\/uploads\/2020\/10\/h3.jpg\" alt=\"\" class=\"wp-image-3137\" srcset=\"https:\/\/kichiko.net\/wp-content\/uploads\/2020\/10\/h3.jpg 960w, https:\/\/kichiko.net\/wp-content\/uploads\/2020\/10\/h3-400x360.jpg 400w, https:\/\/kichiko.net\/wp-content\/uploads\/2020\/10\/h3-768x691.jpg 768w\" sizes=\"(max-width: 960px) 100vw, 960px\" \/><figcaption>Nyf\u00f8dt<br><\/figcaption><\/figure>\n\n\n\n<figure class=\"wp-block-image\"><img loading=\"lazy\" width=\"836\" height=\"960\" src=\"http:\/\/kichiko.net\/wp-content\/uploads\/2020\/10\/H3-1.jpg\" alt=\"\" class=\"wp-image-3152\" srcset=\"https:\/\/kichiko.net\/wp-content\/uploads\/2020\/10\/H3-1.jpg 836w, https:\/\/kichiko.net\/wp-content\/uploads\/2020\/10\/H3-1-400x459.jpg 400w, https:\/\/kichiko.net\/wp-content\/uploads\/2020\/10\/H3-1-768x882.jpg 768w\" sizes=\"(max-width: 836px) 100vw, 836px\" \/><figcaption>1 uke<br><\/figcaption><\/figure>\n\n\n\n<figure class=\"wp-block-image\"><img loading=\"lazy\" width=\"754\" height=\"960\" src=\"http:\/\/kichiko.net\/wp-content\/uploads\/2020\/10\/H3-2.jpg\" alt=\"\" class=\"wp-image-3223\" srcset=\"https:\/\/kichiko.net\/wp-content\/uploads\/2020\/10\/H3-2.jpg 754w, https:\/\/kichiko.net\/wp-content\/uploads\/2020\/10\/H3-2-400x509.jpg 400w\" sizes=\"(max-width: 754px) 100vw, 754px\" \/><figcaption>2 uker<br><\/figcaption><\/figure>\n\n\n\n<figure class=\"wp-block-image\"><img loading=\"lazy\" width=\"726\" height=\"960\" src=\"http:\/\/kichiko.net\/wp-content\/uploads\/2020\/10\/h3-2.jpg\" alt=\"\" class=\"wp-image-3235\" srcset=\"https:\/\/kichiko.net\/wp-content\/uploads\/2020\/10\/h3-2.jpg 726w, https:\/\/kichiko.net\/wp-content\/uploads\/2020\/10\/h3-2-400x529.jpg 400w\" sizes=\"(max-width: 726px) 100vw, 726px\" \/><figcaption>3 uker<br><\/figcaption><\/figure>\n\n\n\n<figure class=\"wp-block-image\"><img loading=\"lazy\" width=\"766\" height=\"960\" src=\"http:\/\/kichiko.net\/wp-content\/uploads\/2020\/11\/h3.jpg\" alt=\"\" class=\"wp-image-3275\" srcset=\"https:\/\/kichiko.net\/wp-content\/uploads\/2020\/11\/h3.jpg 766w, https:\/\/kichiko.net\/wp-content\/uploads\/2020\/11\/h3-400x501.jpg 400w\" sizes=\"(max-width: 766px) 100vw, 766px\" \/><figcaption>4 uker<br><\/figcaption><\/figure>\n\n\n\n<figure class=\"wp-block-image\"><img loading=\"lazy\" width=\"708\" height=\"960\" src=\"http:\/\/kichiko.net\/wp-content\/uploads\/2020\/11\/h3-2.jpg\" alt=\"\" class=\"wp-image-3307\" srcset=\"https:\/\/kichiko.net\/wp-content\/uploads\/2020\/11\/h3-2.jpg 708w, https:\/\/kichiko.net\/wp-content\/uploads\/2020\/11\/h3-2-400x542.jpg 400w\" sizes=\"(max-width: 708px) 100vw, 708px\" \/><figcaption>5 uker<br><\/figcaption><\/figure>\n\n\n\n<figure class=\"wp-block-image\"><img loading=\"lazy\" width=\"960\" height=\"948\" src=\"http:\/\/kichiko.net\/wp-content\/uploads\/2020\/11\/h3-4.jpg\" alt=\"\" class=\"wp-image-3342\" srcset=\"https:\/\/kichiko.net\/wp-content\/uploads\/2020\/11\/h3-4.jpg 960w, https:\/\/kichiko.net\/wp-content\/uploads\/2020\/11\/h3-4-400x395.jpg 400w, https:\/\/kichiko.net\/wp-content\/uploads\/2020\/11\/h3-4-768x758.jpg 768w\" sizes=\"(max-width: 960px) 100vw, 960px\" \/><figcaption>6 uker<br><br><\/figcaption><\/figure>\n\n\n\n<figure class=\"wp-block-image\"><img loading=\"lazy\" width=\"724\" height=\"960\" src=\"http:\/\/kichiko.net\/wp-content\/uploads\/2020\/12\/h3.jpg\" alt=\"\" class=\"wp-image-3361\" srcset=\"https:\/\/kichiko.net\/wp-content\/uploads\/2020\/12\/h3.jpg 724w, https:\/\/kichiko.net\/wp-content\/uploads\/2020\/12\/h3-400x530.jpg 400w\" sizes=\"(max-width: 724px) 100vw, 724px\" \/><figcaption>7 uker<br><\/figcaption><\/figure>\n\n\n\n<figure class=\"wp-block-image\"><img loading=\"lazy\" width=\"632\" height=\"960\" src=\"http:\/\/kichiko.net\/wp-content\/uploads\/2020\/12\/128552893_10158941052291241_6176598826984405861_n-1.jpg\" alt=\"\" class=\"wp-image-3362\" srcset=\"https:\/\/kichiko.net\/wp-content\/uploads\/2020\/12\/128552893_10158941052291241_6176598826984405861_n-1.jpg 632w, https:\/\/kichiko.net\/wp-content\/uploads\/2020\/12\/128552893_10158941052291241_6176598826984405861_n-1-395x600.jpg 395w\" sizes=\"(max-width: 632px) 100vw, 632px\" \/><figcaption>Attila med sine nye eiere<\/figcaption><\/figure>\n","protected":false},"excerpt":{"rendered":"<p>Kl. 01:15 . Nr.4 ble en r\u00f8d hann som veide 250 gr. Nick : AttilaRase : ShibaKj\u00f8nn : HannFarge : R\u00f8dF\u00f8dt : 7\/10-2020Reg.nr : NO59232\/20HD : A\/AAD : 0\/0 Eier :&nbsp;Mia L\u00f8kken og Trym Even Joakimsen, Oslo<\/p>\n","protected":false},"author":2,"featured_media":0,"parent":3101,"menu_order":4,"comment_status":"closed","ping_status":"closed","template":"","meta":[],"_links":{"self":[{"href":"https:\/\/kichiko.net\/index.php?rest_route=\/wp\/v2\/pages\/3113"}],"collection":[{"href":"https:\/\/kichiko.net\/index.php?rest_route=\/wp\/v2\/pages"}],"about":[{"href":"https:\/\/kichiko.net\/index.php?rest_route=\/wp\/v2\/types\/page"}],"author":[{"embeddable":true,"href":"https:\/\/kichiko.net\/index.php?rest_route=\/wp\/v2\/users\/2"}],"replies":[{"embeddable":true,"href":"https:\/\/kichiko.net\/index.php?rest_route=%2Fwp%2Fv2%2Fcomments&post=3113"}],"version-history":[{"count":13,"href":"https:\/\/kichiko.net\/index.php?rest_route=\/wp\/v2\/pages\/3113\/revisions"}],"predecessor-version":[{"id":3867,"href":"https:\/\/kichiko.net\/index.php?rest_route=\/wp\/v2\/pages\/3113\/revisions\/3867"}],"up":[{"embeddable":true,"href":"https:\/\/kichiko.net\/index.php?rest_route=\/wp\/v2\/pages\/3101"}],"wp:attachment":[{"href":"https:\/\/kichiko.net\/index.php?rest_route=%2Fwp%2Fv2%2Fmedia&parent=3113"}],"curies":[{"name":"wp","href":"https:\/\/api.w.org\/{rel}","templated":true}]}}