{"id":3111,"date":"2020-10-13T16:09:36","date_gmt":"2020-10-13T15:09:36","guid":{"rendered":"http:\/\/kichiko.net\/?page_id=3111"},"modified":"2021-12-10T21:41:12","modified_gmt":"2021-12-10T20:41:12","slug":"kichikos-b-3","status":"publish","type":"page","link":"https:\/\/kichiko.net\/?page_id=3111","title":{"rendered":"Beautyful Tokyo Girl"},"content":{"rendered":"\n<p>Kl. 00:45 . Nr.3 ble en r\u00f8d tispe som veide 230 gr.&nbsp;&nbsp;<\/p>\n\n\n\n<p>Nick : Cairo<br>Rase : Shiba<br>Kj\u00f8nn : Tispe<br>Farge : R\u00f8d<br>F\u00f8dt : 7\/10-2020<br>Reg.nr : NO59233\/20<br>HD : B\/B<br>AD : 0\/0<\/p>\n\n\n\n<p>Eier :&nbsp;Sarah Klinge R\u00f8nning Hansen, Oslo<\/p>\n\n\n\n<figure class=\"wp-block-image\"><img loading=\"lazy\" width=\"960\" height=\"876\" src=\"http:\/\/kichiko.net\/wp-content\/uploads\/2020\/10\/t.jpg\" alt=\"\" class=\"wp-image-3133\" srcset=\"https:\/\/kichiko.net\/wp-content\/uploads\/2020\/10\/t.jpg 960w, https:\/\/kichiko.net\/wp-content\/uploads\/2020\/10\/t-400x365.jpg 400w, https:\/\/kichiko.net\/wp-content\/uploads\/2020\/10\/t-768x701.jpg 768w\" sizes=\"(max-width: 960px) 100vw, 960px\" \/><figcaption>Nyf\u00f8dt<br><\/figcaption><\/figure>\n\n\n\n<figure class=\"wp-block-image\"><img loading=\"lazy\" width=\"804\" height=\"960\" src=\"http:\/\/kichiko.net\/wp-content\/uploads\/2020\/10\/T.jpg\" alt=\"\" class=\"wp-image-3150\" srcset=\"https:\/\/kichiko.net\/wp-content\/uploads\/2020\/10\/T.jpg 804w, https:\/\/kichiko.net\/wp-content\/uploads\/2020\/10\/T-400x478.jpg 400w, https:\/\/kichiko.net\/wp-content\/uploads\/2020\/10\/T-768x917.jpg 768w\" sizes=\"(max-width: 804px) 100vw, 804px\" \/><figcaption>1 uke<br><\/figcaption><\/figure>\n\n\n\n<figure class=\"wp-block-image\"><img loading=\"lazy\" width=\"730\" height=\"960\" src=\"http:\/\/kichiko.net\/wp-content\/uploads\/2020\/10\/T-1.jpg\" alt=\"\" class=\"wp-image-3221\" srcset=\"https:\/\/kichiko.net\/wp-content\/uploads\/2020\/10\/T-1.jpg 730w, https:\/\/kichiko.net\/wp-content\/uploads\/2020\/10\/T-1-400x526.jpg 400w\" sizes=\"(max-width: 730px) 100vw, 730px\" \/><figcaption>2 uker<br><\/figcaption><\/figure>\n\n\n\n<figure class=\"wp-block-image\"><img loading=\"lazy\" width=\"814\" height=\"960\" src=\"http:\/\/kichiko.net\/wp-content\/uploads\/2020\/10\/t-1.jpg\" alt=\"\" class=\"wp-image-3233\" srcset=\"https:\/\/kichiko.net\/wp-content\/uploads\/2020\/10\/t-1.jpg 814w, https:\/\/kichiko.net\/wp-content\/uploads\/2020\/10\/t-1-400x472.jpg 400w, https:\/\/kichiko.net\/wp-content\/uploads\/2020\/10\/t-1-768x906.jpg 768w\" sizes=\"(max-width: 814px) 100vw, 814px\" \/><figcaption>3 uker<br><br><\/figcaption><\/figure>\n\n\n\n<figure class=\"wp-block-image\"><img loading=\"lazy\" width=\"774\" height=\"960\" src=\"http:\/\/kichiko.net\/wp-content\/uploads\/2020\/11\/t.jpg\" alt=\"\" class=\"wp-image-3273\" srcset=\"https:\/\/kichiko.net\/wp-content\/uploads\/2020\/11\/t.jpg 774w, https:\/\/kichiko.net\/wp-content\/uploads\/2020\/11\/t-400x496.jpg 400w, https:\/\/kichiko.net\/wp-content\/uploads\/2020\/11\/t-768x953.jpg 768w\" sizes=\"(max-width: 774px) 100vw, 774px\" \/><figcaption>4 uker<br><br><\/figcaption><\/figure>\n\n\n\n<figure class=\"wp-block-image\"><img loading=\"lazy\" width=\"814\" height=\"960\" src=\"http:\/\/kichiko.net\/wp-content\/uploads\/2020\/11\/t-1.jpg\" alt=\"\" class=\"wp-image-3309\" srcset=\"https:\/\/kichiko.net\/wp-content\/uploads\/2020\/11\/t-1.jpg 814w, https:\/\/kichiko.net\/wp-content\/uploads\/2020\/11\/t-1-400x472.jpg 400w, https:\/\/kichiko.net\/wp-content\/uploads\/2020\/11\/t-1-768x906.jpg 768w\" sizes=\"(max-width: 814px) 100vw, 814px\" \/><figcaption>5 uker<br><\/figcaption><\/figure>\n\n\n\n<figure class=\"wp-block-image\"><img loading=\"lazy\" width=\"932\" height=\"960\" src=\"http:\/\/kichiko.net\/wp-content\/uploads\/2020\/11\/t-2.jpg\" alt=\"\" class=\"wp-image-3340\" srcset=\"https:\/\/kichiko.net\/wp-content\/uploads\/2020\/11\/t-2.jpg 932w, https:\/\/kichiko.net\/wp-content\/uploads\/2020\/11\/t-2-400x412.jpg 400w, https:\/\/kichiko.net\/wp-content\/uploads\/2020\/11\/t-2-768x791.jpg 768w\" sizes=\"(max-width: 932px) 100vw, 932px\" \/><figcaption>6 uker<br><\/figcaption><\/figure>\n\n\n\n<figure class=\"wp-block-image\"><img loading=\"lazy\" width=\"786\" height=\"960\" src=\"http:\/\/kichiko.net\/wp-content\/uploads\/2020\/12\/t.jpg\" alt=\"\" class=\"wp-image-3356\" srcset=\"https:\/\/kichiko.net\/wp-content\/uploads\/2020\/12\/t.jpg 786w, https:\/\/kichiko.net\/wp-content\/uploads\/2020\/12\/t-400x489.jpg 400w, https:\/\/kichiko.net\/wp-content\/uploads\/2020\/12\/t-768x938.jpg 768w\" sizes=\"(max-width: 786px) 100vw, 786px\" \/><figcaption>7 uker<br><\/figcaption><\/figure>\n\n\n\n<figure class=\"wp-block-image\"><img loading=\"lazy\" width=\"612\" height=\"960\" src=\"http:\/\/kichiko.net\/wp-content\/uploads\/2020\/12\/128062326_10158937858881241_6763812425397981342_n.jpg\" alt=\"\" class=\"wp-image-3358\" srcset=\"https:\/\/kichiko.net\/wp-content\/uploads\/2020\/12\/128062326_10158937858881241_6763812425397981342_n.jpg 612w, https:\/\/kichiko.net\/wp-content\/uploads\/2020\/12\/128062326_10158937858881241_6763812425397981342_n-383x600.jpg 383w\" sizes=\"(max-width: 612px) 100vw, 612px\" \/><figcaption>Cairo med sin nye familie<\/figcaption><\/figure>\n","protected":false},"excerpt":{"rendered":"<p>Kl. 00:45 . Nr.3 ble en r\u00f8d tispe som veide 230 gr.&nbsp;&nbsp; Nick : CairoRase : ShibaKj\u00f8nn : TispeFarge : R\u00f8dF\u00f8dt : 7\/10-2020Reg.nr : NO59233\/20HD : B\/BAD : 0\/0 Eier :&nbsp;Sarah Klinge R\u00f8nning Hansen, Oslo<\/p>\n","protected":false},"author":2,"featured_media":0,"parent":3101,"menu_order":3,"comment_status":"closed","ping_status":"closed","template":"","meta":[],"_links":{"self":[{"href":"https:\/\/kichiko.net\/index.php?rest_route=\/wp\/v2\/pages\/3111"}],"collection":[{"href":"https:\/\/kichiko.net\/index.php?rest_route=\/wp\/v2\/pages"}],"about":[{"href":"https:\/\/kichiko.net\/index.php?rest_route=\/wp\/v2\/types\/page"}],"author":[{"embeddable":true,"href":"https:\/\/kichiko.net\/index.php?rest_route=\/wp\/v2\/users\/2"}],"replies":[{"embeddable":true,"href":"https:\/\/kichiko.net\/index.php?rest_route=%2Fwp%2Fv2%2Fcomments&post=3111"}],"version-history":[{"count":15,"href":"https:\/\/kichiko.net\/index.php?rest_route=\/wp\/v2\/pages\/3111\/revisions"}],"predecessor-version":[{"id":4022,"href":"https:\/\/kichiko.net\/index.php?rest_route=\/wp\/v2\/pages\/3111\/revisions\/4022"}],"up":[{"embeddable":true,"href":"https:\/\/kichiko.net\/index.php?rest_route=\/wp\/v2\/pages\/3101"}],"wp:attachment":[{"href":"https:\/\/kichiko.net\/index.php?rest_route=%2Fwp%2Fv2%2Fmedia&parent=3111"}],"curies":[{"name":"wp","href":"https:\/\/api.w.org\/{rel}","templated":true}]}}