{"id":3109,"date":"2020-10-13T16:09:13","date_gmt":"2020-10-13T15:09:13","guid":{"rendered":"http:\/\/kichiko.net\/?page_id=3109"},"modified":"2021-12-10T21:43:00","modified_gmt":"2021-12-10T20:43:00","slug":"kichikos-b-2","status":"publish","type":"page","link":"https:\/\/kichiko.net\/?page_id=3109","title":{"rendered":"Beautyful Happy Nation"},"content":{"rendered":"\n<p>Kl. 00:15 . Nr.2 ble en r\u00f8d hann som veide 259 gr.&nbsp;&nbsp;<\/p>\n\n\n\n<p>Nick : Niko<br>Rase : Shiba<br>Kj\u00f8nn : Hann<br>Farge : R\u00f8d<br>F\u00f8dt : 7\/10-2020<br>Reg.nr : NO59231\/20<br>HD : C\/C<br>AD : 0\/0<br>\u00d8yenlyst inkl. gonioskopi: Intet p\u00e5vist<\/p>\n\n\n\n<p>Eier :&nbsp;Linn Holthe, Lier<\/p>\n\n\n\n<figure class=\"wp-block-image\"><img loading=\"lazy\" width=\"880\" height=\"960\" src=\"http:\/\/kichiko.net\/wp-content\/uploads\/2020\/10\/h2.jpg\" alt=\"\" class=\"wp-image-3130\" srcset=\"https:\/\/kichiko.net\/wp-content\/uploads\/2020\/10\/h2.jpg 880w, https:\/\/kichiko.net\/wp-content\/uploads\/2020\/10\/h2-400x436.jpg 400w, https:\/\/kichiko.net\/wp-content\/uploads\/2020\/10\/h2-768x838.jpg 768w\" sizes=\"(max-width: 880px) 100vw, 880px\" \/><figcaption>Nyf\u00f8dt<br><\/figcaption><\/figure>\n\n\n\n<figure class=\"wp-block-image\"><img loading=\"lazy\" width=\"882\" height=\"960\" src=\"http:\/\/kichiko.net\/wp-content\/uploads\/2020\/10\/H2-3.jpg\" alt=\"\" class=\"wp-image-3148\" srcset=\"https:\/\/kichiko.net\/wp-content\/uploads\/2020\/10\/H2-3.jpg 882w, https:\/\/kichiko.net\/wp-content\/uploads\/2020\/10\/H2-3-400x435.jpg 400w, https:\/\/kichiko.net\/wp-content\/uploads\/2020\/10\/H2-3-768x836.jpg 768w\" sizes=\"(max-width: 882px) 100vw, 882px\" \/><figcaption>1 uke<br><\/figcaption><\/figure>\n\n\n\n<figure class=\"wp-block-image\"><img loading=\"lazy\" width=\"720\" height=\"960\" src=\"http:\/\/kichiko.net\/wp-content\/uploads\/2020\/10\/H2-7.jpg\" alt=\"\" class=\"wp-image-3219\" srcset=\"https:\/\/kichiko.net\/wp-content\/uploads\/2020\/10\/H2-7.jpg 720w, https:\/\/kichiko.net\/wp-content\/uploads\/2020\/10\/H2-7-400x533.jpg 400w\" sizes=\"(max-width: 720px) 100vw, 720px\" \/><figcaption>2 uker<br><\/figcaption><\/figure>\n\n\n\n<figure class=\"wp-block-image\"><img loading=\"lazy\" width=\"784\" height=\"960\" src=\"http:\/\/kichiko.net\/wp-content\/uploads\/2020\/10\/h2-2.jpg\" alt=\"\" class=\"wp-image-3231\" srcset=\"https:\/\/kichiko.net\/wp-content\/uploads\/2020\/10\/h2-2.jpg 784w, https:\/\/kichiko.net\/wp-content\/uploads\/2020\/10\/h2-2-400x490.jpg 400w, https:\/\/kichiko.net\/wp-content\/uploads\/2020\/10\/h2-2-768x940.jpg 768w\" sizes=\"(max-width: 784px) 100vw, 784px\" \/><figcaption>3 uker<br><\/figcaption><\/figure>\n\n\n\n<figure class=\"wp-block-image\"><img loading=\"lazy\" width=\"672\" height=\"960\" src=\"http:\/\/kichiko.net\/wp-content\/uploads\/2020\/11\/h2.jpg\" alt=\"\" class=\"wp-image-3271\" srcset=\"https:\/\/kichiko.net\/wp-content\/uploads\/2020\/11\/h2.jpg 672w, https:\/\/kichiko.net\/wp-content\/uploads\/2020\/11\/h2-400x571.jpg 400w\" sizes=\"(max-width: 672px) 100vw, 672px\" \/><figcaption>4 uker<br><\/figcaption><\/figure>\n\n\n\n<figure class=\"wp-block-image\"><img loading=\"lazy\" width=\"838\" height=\"960\" src=\"http:\/\/kichiko.net\/wp-content\/uploads\/2020\/11\/h2-2.jpg\" alt=\"\" class=\"wp-image-3303\" srcset=\"https:\/\/kichiko.net\/wp-content\/uploads\/2020\/11\/h2-2.jpg 838w, https:\/\/kichiko.net\/wp-content\/uploads\/2020\/11\/h2-2-400x458.jpg 400w, https:\/\/kichiko.net\/wp-content\/uploads\/2020\/11\/h2-2-768x880.jpg 768w\" sizes=\"(max-width: 838px) 100vw, 838px\" \/><figcaption>5 uker<br><\/figcaption><\/figure>\n\n\n\n<figure class=\"wp-block-image\"><img loading=\"lazy\" width=\"814\" height=\"960\" src=\"http:\/\/kichiko.net\/wp-content\/uploads\/2020\/11\/h2-4.jpg\" alt=\"\" class=\"wp-image-3338\" srcset=\"https:\/\/kichiko.net\/wp-content\/uploads\/2020\/11\/h2-4.jpg 814w, https:\/\/kichiko.net\/wp-content\/uploads\/2020\/11\/h2-4-400x472.jpg 400w, https:\/\/kichiko.net\/wp-content\/uploads\/2020\/11\/h2-4-768x906.jpg 768w\" sizes=\"(max-width: 814px) 100vw, 814px\" \/><figcaption>6 uker<br><\/figcaption><\/figure>\n\n\n\n<figure class=\"wp-block-image\"><img loading=\"lazy\" width=\"682\" height=\"960\" src=\"http:\/\/kichiko.net\/wp-content\/uploads\/2020\/12\/h2.jpg\" alt=\"\" class=\"wp-image-3353\" srcset=\"https:\/\/kichiko.net\/wp-content\/uploads\/2020\/12\/h2.jpg 682w, https:\/\/kichiko.net\/wp-content\/uploads\/2020\/12\/h2-400x563.jpg 400w\" sizes=\"(max-width: 682px) 100vw, 682px\" \/><figcaption>7 uker<br><\/figcaption><\/figure>\n\n\n\n<figure class=\"wp-block-image\"><img loading=\"lazy\" width=\"720\" height=\"960\" src=\"http:\/\/kichiko.net\/wp-content\/uploads\/2020\/12\/128115984_10158937857286241_5420019002133948333_n.jpg\" alt=\"\" class=\"wp-image-3354\" srcset=\"https:\/\/kichiko.net\/wp-content\/uploads\/2020\/12\/128115984_10158937857286241_5420019002133948333_n.jpg 720w, https:\/\/kichiko.net\/wp-content\/uploads\/2020\/12\/128115984_10158937857286241_5420019002133948333_n-400x533.jpg 400w\" sizes=\"(max-width: 720px) 100vw, 720px\" \/><figcaption>Niko med sin nye famile<\/figcaption><\/figure>\n","protected":false},"excerpt":{"rendered":"<p>Kl. 00:15 . Nr.2 ble en r\u00f8d hann som veide 259 gr.&nbsp;&nbsp; Nick : NikoRase : ShibaKj\u00f8nn : HannFarge : R\u00f8dF\u00f8dt : 7\/10-2020Reg.nr : NO59231\/20HD : C\/CAD : 0\/0\u00d8yenlyst inkl. gonioskopi: Intet p\u00e5vist Eier :&nbsp;Linn Holthe, Lier<\/p>\n","protected":false},"author":2,"featured_media":0,"parent":3101,"menu_order":2,"comment_status":"closed","ping_status":"closed","template":"","meta":[],"_links":{"self":[{"href":"https:\/\/kichiko.net\/index.php?rest_route=\/wp\/v2\/pages\/3109"}],"collection":[{"href":"https:\/\/kichiko.net\/index.php?rest_route=\/wp\/v2\/pages"}],"about":[{"href":"https:\/\/kichiko.net\/index.php?rest_route=\/wp\/v2\/types\/page"}],"author":[{"embeddable":true,"href":"https:\/\/kichiko.net\/index.php?rest_route=\/wp\/v2\/users\/2"}],"replies":[{"embeddable":true,"href":"https:\/\/kichiko.net\/index.php?rest_route=%2Fwp%2Fv2%2Fcomments&post=3109"}],"version-history":[{"count":16,"href":"https:\/\/kichiko.net\/index.php?rest_route=\/wp\/v2\/pages\/3109\/revisions"}],"predecessor-version":[{"id":4023,"href":"https:\/\/kichiko.net\/index.php?rest_route=\/wp\/v2\/pages\/3109\/revisions\/4023"}],"up":[{"embeddable":true,"href":"https:\/\/kichiko.net\/index.php?rest_route=\/wp\/v2\/pages\/3101"}],"wp:attachment":[{"href":"https:\/\/kichiko.net\/index.php?rest_route=%2Fwp%2Fv2%2Fmedia&parent=3109"}],"curies":[{"name":"wp","href":"https:\/\/api.w.org\/{rel}","templated":true}]}}