{"id":3047,"date":"2020-09-21T22:15:08","date_gmt":"2020-09-21T21:15:08","guid":{"rendered":"http:\/\/kichiko.net\/?page_id=3047"},"modified":"2021-10-18T19:44:25","modified_gmt":"2021-10-18T18:44:25","slug":"kichikos-ae-3","status":"publish","type":"page","link":"https:\/\/kichiko.net\/?page_id=3047","title":{"rendered":"A Mighty Hammer To Fall"},"content":{"rendered":"\n<p>Kl. 23:30. Nr.3 ble en r\u00f8d hann som veide 265 gr.&nbsp;&nbsp;Han fikk navnet : Kichiko`s&nbsp; A Mighty Hammer To Fall. <\/p>\n\n\n\n<p>Nick : Gotto<br>Rase : Shiba<br>Kj\u00f8nn : Hann<br>Farge : R\u00f8d<br>F\u00f8dt : 20\/9-2020<br>Reg.nr : NO58069\/20<br>HD : B\/C<br>AD : 0\/0<br>Patella: 0\/0<\/p>\n\n\n\n<p>Eier :&nbsp;Viktorija og Dmitrij Bocevic, Lier<\/p>\n\n\n\n<figure class=\"wp-block-image\"><img loading=\"lazy\" width=\"922\" height=\"960\" src=\"http:\/\/kichiko.net\/wp-content\/uploads\/2020\/09\/119850286_10158747440806241_1677196951143959304_n.jpg\" alt=\"\" class=\"wp-image-3048\" srcset=\"https:\/\/kichiko.net\/wp-content\/uploads\/2020\/09\/119850286_10158747440806241_1677196951143959304_n.jpg 922w, https:\/\/kichiko.net\/wp-content\/uploads\/2020\/09\/119850286_10158747440806241_1677196951143959304_n-400x416.jpg 400w, https:\/\/kichiko.net\/wp-content\/uploads\/2020\/09\/119850286_10158747440806241_1677196951143959304_n-768x800.jpg 768w\" sizes=\"(max-width: 922px) 100vw, 922px\" \/><\/figure>\n\n\n\n<figure class=\"wp-block-image\"><img loading=\"lazy\" width=\"948\" height=\"960\" src=\"http:\/\/kichiko.net\/wp-content\/uploads\/2020\/09\/3.jpg\" alt=\"\" class=\"wp-image-3054\" srcset=\"https:\/\/kichiko.net\/wp-content\/uploads\/2020\/09\/3.jpg 948w, https:\/\/kichiko.net\/wp-content\/uploads\/2020\/09\/3-400x405.jpg 400w, https:\/\/kichiko.net\/wp-content\/uploads\/2020\/09\/3-768x778.jpg 768w\" sizes=\"(max-width: 948px) 100vw, 948px\" \/><figcaption>1 uke <br><\/figcaption><\/figure>\n\n\n\n<figure class=\"wp-block-image\"><img loading=\"lazy\" width=\"864\" height=\"960\" src=\"http:\/\/kichiko.net\/wp-content\/uploads\/2020\/10\/3.jpg\" alt=\"\" class=\"wp-image-3072\" srcset=\"https:\/\/kichiko.net\/wp-content\/uploads\/2020\/10\/3.jpg 864w, https:\/\/kichiko.net\/wp-content\/uploads\/2020\/10\/3-400x444.jpg 400w, https:\/\/kichiko.net\/wp-content\/uploads\/2020\/10\/3-768x853.jpg 768w\" sizes=\"(max-width: 864px) 100vw, 864px\" \/><figcaption>2 uker <br><\/figcaption><\/figure>\n\n\n\n<figure class=\"wp-block-image\"><img loading=\"lazy\" width=\"944\" height=\"960\" src=\"http:\/\/kichiko.net\/wp-content\/uploads\/2020\/10\/H3.jpg\" alt=\"\" class=\"wp-image-3124\" srcset=\"https:\/\/kichiko.net\/wp-content\/uploads\/2020\/10\/H3.jpg 944w, https:\/\/kichiko.net\/wp-content\/uploads\/2020\/10\/H3-400x407.jpg 400w, https:\/\/kichiko.net\/wp-content\/uploads\/2020\/10\/H3-768x781.jpg 768w\" sizes=\"(max-width: 944px) 100vw, 944px\" \/><figcaption>3 uker<br><\/figcaption><\/figure>\n\n\n\n<figure class=\"wp-block-image\"><img loading=\"lazy\" width=\"756\" height=\"960\" src=\"http:\/\/kichiko.net\/wp-content\/uploads\/2020\/10\/h3-1.jpg\" alt=\"\" class=\"wp-image-3190\" srcset=\"https:\/\/kichiko.net\/wp-content\/uploads\/2020\/10\/h3-1.jpg 756w, https:\/\/kichiko.net\/wp-content\/uploads\/2020\/10\/h3-1-400x508.jpg 400w\" sizes=\"(max-width: 756px) 100vw, 756px\" \/><figcaption>4 uker<br><\/figcaption><\/figure>\n\n\n\n<figure class=\"wp-block-image\"><img loading=\"lazy\" width=\"738\" height=\"960\" src=\"http:\/\/kichiko.net\/wp-content\/uploads\/2020\/10\/h3-3.jpg\" alt=\"\" class=\"wp-image-3243\" srcset=\"https:\/\/kichiko.net\/wp-content\/uploads\/2020\/10\/h3-3.jpg 738w, https:\/\/kichiko.net\/wp-content\/uploads\/2020\/10\/h3-3-400x520.jpg 400w\" sizes=\"(max-width: 738px) 100vw, 738px\" \/><figcaption>5 uker<br><\/figcaption><\/figure>\n\n\n\n<figure class=\"wp-block-image\"><img loading=\"lazy\" width=\"722\" height=\"960\" src=\"http:\/\/kichiko.net\/wp-content\/uploads\/2020\/11\/h3-1.jpg\" alt=\"\" class=\"wp-image-3281\" srcset=\"https:\/\/kichiko.net\/wp-content\/uploads\/2020\/11\/h3-1.jpg 722w, https:\/\/kichiko.net\/wp-content\/uploads\/2020\/11\/h3-1-400x532.jpg 400w\" sizes=\"(max-width: 722px) 100vw, 722px\" \/><figcaption>6 uker<br><\/figcaption><\/figure>\n\n\n\n<figure class=\"wp-block-image\"><img loading=\"lazy\" width=\"628\" height=\"960\" src=\"http:\/\/kichiko.net\/wp-content\/uploads\/2020\/11\/h3-3.jpg\" alt=\"\" class=\"wp-image-3321\" srcset=\"https:\/\/kichiko.net\/wp-content\/uploads\/2020\/11\/h3-3.jpg 628w, https:\/\/kichiko.net\/wp-content\/uploads\/2020\/11\/h3-3-393x600.jpg 393w\" sizes=\"(max-width: 628px) 100vw, 628px\" \/><figcaption>7 uker<br><\/figcaption><\/figure>\n\n\n\n<figure class=\"wp-block-image\"><img loading=\"lazy\" width=\"628\" height=\"960\" src=\"http:\/\/kichiko.net\/wp-content\/uploads\/2020\/11\/125092341_10158896315306241_5449146530041274860_n.jpg\" alt=\"\" class=\"wp-image-3322\" srcset=\"https:\/\/kichiko.net\/wp-content\/uploads\/2020\/11\/125092341_10158896315306241_5449146530041274860_n.jpg 628w, https:\/\/kichiko.net\/wp-content\/uploads\/2020\/11\/125092341_10158896315306241_5449146530041274860_n-393x600.jpg 393w\" sizes=\"(max-width: 628px) 100vw, 628px\" \/><figcaption>Gotto med sine nye eiere, Viktorija og Aleksander<\/figcaption><\/figure>\n","protected":false},"excerpt":{"rendered":"<p>Kl. 23:30. Nr.3 ble en r\u00f8d hann som veide 265 gr.&nbsp;&nbsp;Han fikk navnet : Kichiko`s&nbsp; A Mighty Hammer To Fall. Nick : GottoRase : ShibaKj\u00f8nn : HannFarge : R\u00f8dF\u00f8dt : 20\/9-2020Reg.nr : NO58069\/20HD : B\/CAD : 0\/0Patella: 0\/0 Eier :&nbsp;Viktorija og Dmitrij Bocevic, Lier<\/p>\n","protected":false},"author":2,"featured_media":0,"parent":3033,"menu_order":3,"comment_status":"closed","ping_status":"closed","template":"","meta":[],"_links":{"self":[{"href":"https:\/\/kichiko.net\/index.php?rest_route=\/wp\/v2\/pages\/3047"}],"collection":[{"href":"https:\/\/kichiko.net\/index.php?rest_route=\/wp\/v2\/pages"}],"about":[{"href":"https:\/\/kichiko.net\/index.php?rest_route=\/wp\/v2\/types\/page"}],"author":[{"embeddable":true,"href":"https:\/\/kichiko.net\/index.php?rest_route=\/wp\/v2\/users\/2"}],"replies":[{"embeddable":true,"href":"https:\/\/kichiko.net\/index.php?rest_route=%2Fwp%2Fv2%2Fcomments&post=3047"}],"version-history":[{"count":11,"href":"https:\/\/kichiko.net\/index.php?rest_route=\/wp\/v2\/pages\/3047\/revisions"}],"predecessor-version":[{"id":3856,"href":"https:\/\/kichiko.net\/index.php?rest_route=\/wp\/v2\/pages\/3047\/revisions\/3856"}],"up":[{"embeddable":true,"href":"https:\/\/kichiko.net\/index.php?rest_route=\/wp\/v2\/pages\/3033"}],"wp:attachment":[{"href":"https:\/\/kichiko.net\/index.php?rest_route=%2Fwp%2Fv2%2Fmedia&parent=3047"}],"curies":[{"name":"wp","href":"https:\/\/api.w.org\/{rel}","templated":true}]}}