{"id":3041,"date":"2020-09-21T22:13:22","date_gmt":"2020-09-21T21:13:22","guid":{"rendered":"http:\/\/kichiko.net\/?page_id=3041"},"modified":"2022-01-20T19:17:42","modified_gmt":"2022-01-20T18:17:42","slug":"kichikos-ae-2","status":"publish","type":"page","link":"https:\/\/kichiko.net\/?page_id=3041","title":{"rendered":"A Mighty Somebody To Love"},"content":{"rendered":"\n<p>Kl. 23:05. Nr.2 ble en r\u00f8d hann som veide 280 gr.&nbsp;&nbsp;Han fikk navnet : Kichiko`s&nbsp; A Mighty Somebody To Love. <\/p>\n\n\n\n<p>Nick : Yoshi<br>Rase : Shiba<br>Kj\u00f8nn : Hann<br>Farge : R\u00f8d<br>F\u00f8dt : 20\/9-2020<br>Reg.nr : NO58068\/20<br>HD :<br>AD :<br>Patella: 0\/0<br>\u00d8yenlyst med gonioskopi, intet p\u00e5vist<\/p>\n\n\n\n<p>Eier :&nbsp;Synne Rebekka Josephsen og David Tieu, Kristiansand<\/p>\n\n\n\n<figure class=\"wp-block-image\"><img src=\"blob:http:\/\/kichiko.net\/b422d944-14c6-4280-8513-9c82a8945f9e\" alt=\"\"\/><\/figure>\n\n\n\n<figure class=\"wp-block-image\"><img loading=\"lazy\" width=\"860\" height=\"960\" src=\"http:\/\/kichiko.net\/wp-content\/uploads\/2020\/09\/119860898_10158747440916241_6224129962270030945_n-1.jpg\" alt=\"\" class=\"wp-image-3043\" srcset=\"https:\/\/kichiko.net\/wp-content\/uploads\/2020\/09\/119860898_10158747440916241_6224129962270030945_n-1.jpg 860w, https:\/\/kichiko.net\/wp-content\/uploads\/2020\/09\/119860898_10158747440916241_6224129962270030945_n-1-400x447.jpg 400w, https:\/\/kichiko.net\/wp-content\/uploads\/2020\/09\/119860898_10158747440916241_6224129962270030945_n-1-768x857.jpg 768w\" sizes=\"(max-width: 860px) 100vw, 860px\" \/><figcaption>Nyf\u00f8dt<\/figcaption><\/figure>\n\n\n\n<figure class=\"wp-block-image\"><img loading=\"lazy\" width=\"960\" height=\"870\" src=\"http:\/\/kichiko.net\/wp-content\/uploads\/2020\/09\/2.jpg\" alt=\"\" class=\"wp-image-3052\" srcset=\"https:\/\/kichiko.net\/wp-content\/uploads\/2020\/09\/2.jpg 960w, https:\/\/kichiko.net\/wp-content\/uploads\/2020\/09\/2-400x363.jpg 400w, https:\/\/kichiko.net\/wp-content\/uploads\/2020\/09\/2-768x696.jpg 768w\" sizes=\"(max-width: 960px) 100vw, 960px\" \/><figcaption>1 uke <br><\/figcaption><\/figure>\n\n\n\n<figure class=\"wp-block-image\"><img loading=\"lazy\" width=\"872\" height=\"960\" src=\"http:\/\/kichiko.net\/wp-content\/uploads\/2020\/10\/2.jpg\" alt=\"\" class=\"wp-image-3070\" srcset=\"https:\/\/kichiko.net\/wp-content\/uploads\/2020\/10\/2.jpg 872w, https:\/\/kichiko.net\/wp-content\/uploads\/2020\/10\/2-400x440.jpg 400w, https:\/\/kichiko.net\/wp-content\/uploads\/2020\/10\/2-768x846.jpg 768w\" sizes=\"(max-width: 872px) 100vw, 872px\" \/><figcaption>2 uker <br><\/figcaption><\/figure>\n\n\n\n<figure class=\"wp-block-image\"><img loading=\"lazy\" width=\"904\" height=\"960\" src=\"http:\/\/kichiko.net\/wp-content\/uploads\/2020\/10\/H2-2.jpg\" alt=\"\" class=\"wp-image-3122\" srcset=\"https:\/\/kichiko.net\/wp-content\/uploads\/2020\/10\/H2-2.jpg 904w, https:\/\/kichiko.net\/wp-content\/uploads\/2020\/10\/H2-2-400x425.jpg 400w, https:\/\/kichiko.net\/wp-content\/uploads\/2020\/10\/H2-2-768x816.jpg 768w\" sizes=\"(max-width: 904px) 100vw, 904px\" \/><figcaption>3 uker<br><\/figcaption><\/figure>\n\n\n\n<figure class=\"wp-block-image\"><img loading=\"lazy\" width=\"806\" height=\"960\" src=\"http:\/\/kichiko.net\/wp-content\/uploads\/2020\/10\/h2-1.jpg\" alt=\"\" class=\"wp-image-3188\" srcset=\"https:\/\/kichiko.net\/wp-content\/uploads\/2020\/10\/h2-1.jpg 806w, https:\/\/kichiko.net\/wp-content\/uploads\/2020\/10\/h2-1-400x476.jpg 400w, https:\/\/kichiko.net\/wp-content\/uploads\/2020\/10\/h2-1-768x915.jpg 768w\" sizes=\"(max-width: 806px) 100vw, 806px\" \/><figcaption>4 uker<br><\/figcaption><\/figure>\n\n\n\n<figure class=\"wp-block-image\"><img loading=\"lazy\" width=\"606\" height=\"960\" src=\"http:\/\/kichiko.net\/wp-content\/uploads\/2020\/10\/h2-3.jpg\" alt=\"\" class=\"wp-image-3241\" srcset=\"https:\/\/kichiko.net\/wp-content\/uploads\/2020\/10\/h2-3.jpg 606w, https:\/\/kichiko.net\/wp-content\/uploads\/2020\/10\/h2-3-379x600.jpg 379w\" sizes=\"(max-width: 606px) 100vw, 606px\" \/><figcaption>5 uker<br><\/figcaption><\/figure>\n\n\n\n<figure class=\"wp-block-image\"><img loading=\"lazy\" width=\"844\" height=\"960\" src=\"http:\/\/kichiko.net\/wp-content\/uploads\/2020\/11\/h2-1.jpg\" alt=\"\" class=\"wp-image-3279\" srcset=\"https:\/\/kichiko.net\/wp-content\/uploads\/2020\/11\/h2-1.jpg 844w, https:\/\/kichiko.net\/wp-content\/uploads\/2020\/11\/h2-1-400x455.jpg 400w, https:\/\/kichiko.net\/wp-content\/uploads\/2020\/11\/h2-1-768x874.jpg 768w\" sizes=\"(max-width: 844px) 100vw, 844px\" \/><figcaption>6 uker<br><\/figcaption><\/figure>\n\n\n\n<figure class=\"wp-block-image\"><img loading=\"lazy\" width=\"728\" height=\"960\" src=\"http:\/\/kichiko.net\/wp-content\/uploads\/2020\/11\/h2-3.jpg\" alt=\"\" class=\"wp-image-3318\" srcset=\"https:\/\/kichiko.net\/wp-content\/uploads\/2020\/11\/h2-3.jpg 728w, https:\/\/kichiko.net\/wp-content\/uploads\/2020\/11\/h2-3-400x527.jpg 400w\" sizes=\"(max-width: 728px) 100vw, 728px\" \/><figcaption>7 uker<br><\/figcaption><\/figure>\n\n\n\n<figure class=\"wp-block-image\"><img loading=\"lazy\" width=\"646\" height=\"960\" src=\"http:\/\/kichiko.net\/wp-content\/uploads\/2020\/11\/125012464_10158895969431241_4157639154871072289_n.jpg\" alt=\"\" class=\"wp-image-3319\" srcset=\"https:\/\/kichiko.net\/wp-content\/uploads\/2020\/11\/125012464_10158895969431241_4157639154871072289_n.jpg 646w, https:\/\/kichiko.net\/wp-content\/uploads\/2020\/11\/125012464_10158895969431241_4157639154871072289_n-400x594.jpg 400w\" sizes=\"(max-width: 646px) 100vw, 646px\" \/><figcaption>Yoshi med sine nye eiere, Synne og Daniel<\/figcaption><\/figure>\n","protected":false},"excerpt":{"rendered":"<p>Kl. 23:05. Nr.2 ble en r\u00f8d hann som veide 280 gr.&nbsp;&nbsp;Han fikk navnet : Kichiko`s&nbsp; A Mighty Somebody To Love. Nick : YoshiRase : ShibaKj\u00f8nn : HannFarge : R\u00f8dF\u00f8dt : 20\/9-2020Reg.nr : NO58068\/20HD :AD :Patella: 0\/0\u00d8yenlyst med gonioskopi, intet p\u00e5vist Eier :&nbsp;Synne Rebekka Josephsen og David Tieu, Kristiansand<\/p>\n","protected":false},"author":2,"featured_media":0,"parent":3033,"menu_order":2,"comment_status":"closed","ping_status":"closed","template":"","meta":[],"_links":{"self":[{"href":"https:\/\/kichiko.net\/index.php?rest_route=\/wp\/v2\/pages\/3041"}],"collection":[{"href":"https:\/\/kichiko.net\/index.php?rest_route=\/wp\/v2\/pages"}],"about":[{"href":"https:\/\/kichiko.net\/index.php?rest_route=\/wp\/v2\/types\/page"}],"author":[{"embeddable":true,"href":"https:\/\/kichiko.net\/index.php?rest_route=\/wp\/v2\/users\/2"}],"replies":[{"embeddable":true,"href":"https:\/\/kichiko.net\/index.php?rest_route=%2Fwp%2Fv2%2Fcomments&post=3041"}],"version-history":[{"count":13,"href":"https:\/\/kichiko.net\/index.php?rest_route=\/wp\/v2\/pages\/3041\/revisions"}],"predecessor-version":[{"id":4028,"href":"https:\/\/kichiko.net\/index.php?rest_route=\/wp\/v2\/pages\/3041\/revisions\/4028"}],"up":[{"embeddable":true,"href":"https:\/\/kichiko.net\/index.php?rest_route=\/wp\/v2\/pages\/3033"}],"wp:attachment":[{"href":"https:\/\/kichiko.net\/index.php?rest_route=%2Fwp%2Fv2%2Fmedia&parent=3041"}],"curies":[{"name":"wp","href":"https:\/\/api.w.org\/{rel}","templated":true}]}}