{"id":3030,"date":"2020-09-21T22:01:26","date_gmt":"2020-09-21T21:01:26","guid":{"rendered":"http:\/\/kichiko.net\/?page_id=3030"},"modified":"2020-09-21T22:01:26","modified_gmt":"2020-09-21T21:01:26","slug":"haruna","status":"publish","type":"page","link":"https:\/\/kichiko.net\/?page_id=3030","title":{"rendered":"Haruna"},"content":{"rendered":"\n<figure class=\"wp-block-image\"><img loading=\"lazy\" width=\"1024\" height=\"1015\" src=\"http:\/\/kichiko.net\/wp-content\/uploads\/2020\/09\/haruna-2-1024x1015.jpg\" alt=\"\" class=\"wp-image-3031\" srcset=\"https:\/\/kichiko.net\/wp-content\/uploads\/2020\/09\/haruna-2-1024x1015.jpg 1024w, https:\/\/kichiko.net\/wp-content\/uploads\/2020\/09\/haruna-2-150x150.jpg 150w, https:\/\/kichiko.net\/wp-content\/uploads\/2020\/09\/haruna-2-400x397.jpg 400w, https:\/\/kichiko.net\/wp-content\/uploads\/2020\/09\/haruna-2-768x762.jpg 768w, https:\/\/kichiko.net\/wp-content\/uploads\/2020\/09\/haruna-2.jpg 1185w\" sizes=\"(max-width: 1024px) 100vw, 1024px\" \/><\/figure>\n\n\n\n<p> Navn :\u00a0 Haruna Go Koshiwasou<br>Nick :\u00a0Haruna<br>Rase : Shiba<br>Kj\u00f8nn: Tispe<br>Farge : R\u00f8d<br>F\u00f8dt: 5\/6-2015<br>Reg.nr :\u00a0JKCJS02354\/20-0<br>Oppdretter : Kobayashi Yosuke, Japan<br>HD : A\/A<br>Bitt : Korrekt og fulltannet <\/p>\n","protected":false},"excerpt":{"rendered":"<p>Navn :\u00a0 Haruna Go KoshiwasouNick :\u00a0HarunaRase : ShibaKj\u00f8nn: TispeFarge : R\u00f8dF\u00f8dt: 5\/6-2015Reg.nr :\u00a0JKCJS02354\/20-0Oppdretter : Kobayashi Yosuke, JapanHD : A\/ABitt : Korrekt og fulltannet<\/p>\n","protected":false},"author":2,"featured_media":0,"parent":862,"menu_order":20,"comment_status":"closed","ping_status":"closed","template":"","meta":[],"_links":{"self":[{"href":"https:\/\/kichiko.net\/index.php?rest_route=\/wp\/v2\/pages\/3030"}],"collection":[{"href":"https:\/\/kichiko.net\/index.php?rest_route=\/wp\/v2\/pages"}],"about":[{"href":"https:\/\/kichiko.net\/index.php?rest_route=\/wp\/v2\/types\/page"}],"author":[{"embeddable":true,"href":"https:\/\/kichiko.net\/index.php?rest_route=\/wp\/v2\/users\/2"}],"replies":[{"embeddable":true,"href":"https:\/\/kichiko.net\/index.php?rest_route=%2Fwp%2Fv2%2Fcomments&post=3030"}],"version-history":[{"count":1,"href":"https:\/\/kichiko.net\/index.php?rest_route=\/wp\/v2\/pages\/3030\/revisions"}],"predecessor-version":[{"id":3032,"href":"https:\/\/kichiko.net\/index.php?rest_route=\/wp\/v2\/pages\/3030\/revisions\/3032"}],"up":[{"embeddable":true,"href":"https:\/\/kichiko.net\/index.php?rest_route=\/wp\/v2\/pages\/862"}],"wp:attachment":[{"href":"https:\/\/kichiko.net\/index.php?rest_route=%2Fwp%2Fv2%2Fmedia&parent=3030"}],"curies":[{"name":"wp","href":"https:\/\/api.w.org\/{rel}","templated":true}]}}