{"id":2999,"date":"2020-09-11T21:18:18","date_gmt":"2020-09-11T20:18:18","guid":{"rendered":"http:\/\/kichiko.net\/?page_id=2999"},"modified":"2022-12-14T21:25:56","modified_gmt":"2022-12-14T20:25:56","slug":"kichikos-z-5","status":"publish","type":"page","link":"https:\/\/kichiko.net\/?page_id=2999","title":{"rendered":"Zentai Hanahime"},"content":{"rendered":"<p><!--StartFragment--><\/p>\n\n\n<p>Kl. 11:30 . Nr.5 ble en r\u00f8d tispe som veide 230 gr.&nbsp;&nbsp;Hun fikk navnet : Kichiko`s&nbsp; Zentai Hanahime . Det betyr Helhet Blomsterprinsesse<\/p>\n\n\n\n<p>Nick : Mica<br>Rase : Shiba<br>Kj\u00f8nn : Tispe<br>Farge : R\u00f8d<br>F\u00f8dt : 10\/9-2020<br>Reg.nr : NO 56998\/20<br>HD : C\/D<br>AD : 0\/0<\/p>\n\n\n\n<p>Eier :&nbsp;Marit Foss\u00e5 og Jeanett Landerud, \u00c5mot<\/p>\n\n\n\n<figure class=\"wp-block-image\"><img loading=\"lazy\" width=\"782\" height=\"960\" src=\"http:\/\/kichiko.net\/wp-content\/uploads\/2020\/09\/118949903_10158719355536241_4541446568065109493_n.jpg\" alt=\"\" class=\"wp-image-3000\" srcset=\"https:\/\/kichiko.net\/wp-content\/uploads\/2020\/09\/118949903_10158719355536241_4541446568065109493_n.jpg 782w, https:\/\/kichiko.net\/wp-content\/uploads\/2020\/09\/118949903_10158719355536241_4541446568065109493_n-400x491.jpg 400w, https:\/\/kichiko.net\/wp-content\/uploads\/2020\/09\/118949903_10158719355536241_4541446568065109493_n-768x943.jpg 768w\" sizes=\"(max-width: 782px) 100vw, 782px\" \/><figcaption>Nyf\u00f8dt<br><\/figcaption><\/figure>\n\n\n<p><!--EndFragment--><\/p>\n\n\n<figure class=\"wp-block-image\"><img loading=\"lazy\" width=\"894\" height=\"960\" src=\"http:\/\/kichiko.net\/wp-content\/uploads\/2020\/09\/119663915_10158740042246241_6294844521209375391_n.jpg\" alt=\"\" class=\"wp-image-3023\" srcset=\"https:\/\/kichiko.net\/wp-content\/uploads\/2020\/09\/119663915_10158740042246241_6294844521209375391_n.jpg 894w, https:\/\/kichiko.net\/wp-content\/uploads\/2020\/09\/119663915_10158740042246241_6294844521209375391_n-400x430.jpg 400w, https:\/\/kichiko.net\/wp-content\/uploads\/2020\/09\/119663915_10158740042246241_6294844521209375391_n-768x825.jpg 768w\" sizes=\"(max-width: 894px) 100vw, 894px\" \/><figcaption>1 uke <br><\/figcaption><\/figure>\n\n\n\n<figure class=\"wp-block-image\"><img loading=\"lazy\" width=\"726\" height=\"960\" src=\"http:\/\/kichiko.net\/wp-content\/uploads\/2020\/10\/T3.jpg\" alt=\"\" class=\"wp-image-3092\" srcset=\"https:\/\/kichiko.net\/wp-content\/uploads\/2020\/10\/T3.jpg 726w, https:\/\/kichiko.net\/wp-content\/uploads\/2020\/10\/T3-400x529.jpg 400w\" sizes=\"(max-width: 726px) 100vw, 726px\" \/><figcaption>2 uker<br><\/figcaption><\/figure>\n\n\n\n<figure class=\"wp-block-image\"><img loading=\"lazy\" width=\"802\" height=\"960\" src=\"http:\/\/kichiko.net\/wp-content\/uploads\/2020\/10\/T3-1.jpg\" alt=\"\" class=\"wp-image-3093\" srcset=\"https:\/\/kichiko.net\/wp-content\/uploads\/2020\/10\/T3-1.jpg 802w, https:\/\/kichiko.net\/wp-content\/uploads\/2020\/10\/T3-1-400x479.jpg 400w, https:\/\/kichiko.net\/wp-content\/uploads\/2020\/10\/T3-1-768x919.jpg 768w\" sizes=\"(max-width: 802px) 100vw, 802px\" \/><figcaption>3 uker<br><\/figcaption><\/figure>\n\n\n\n<figure class=\"wp-block-image\"><img loading=\"lazy\" width=\"748\" height=\"960\" src=\"http:\/\/kichiko.net\/wp-content\/uploads\/2020\/10\/T3-2.jpg\" alt=\"\" class=\"wp-image-3170\" srcset=\"https:\/\/kichiko.net\/wp-content\/uploads\/2020\/10\/T3-2.jpg 748w, https:\/\/kichiko.net\/wp-content\/uploads\/2020\/10\/T3-2-400x513.jpg 400w\" sizes=\"(max-width: 748px) 100vw, 748px\" \/><figcaption>4 uker<br><\/figcaption><\/figure>\n\n\n\n<figure class=\"wp-block-image\"><img loading=\"lazy\" width=\"712\" height=\"960\" src=\"http:\/\/kichiko.net\/wp-content\/uploads\/2020\/10\/T3-3.jpg\" alt=\"\" class=\"wp-image-3171\" srcset=\"https:\/\/kichiko.net\/wp-content\/uploads\/2020\/10\/T3-3.jpg 712w, https:\/\/kichiko.net\/wp-content\/uploads\/2020\/10\/T3-3-400x539.jpg 400w\" sizes=\"(max-width: 712px) 100vw, 712px\" \/><figcaption>5 uker<br><\/figcaption><\/figure>\n\n\n\n<figure class=\"wp-block-image\"><img loading=\"lazy\" width=\"778\" height=\"960\" src=\"http:\/\/kichiko.net\/wp-content\/uploads\/2020\/10\/T3-4.jpg\" alt=\"\" class=\"wp-image-3206\" srcset=\"https:\/\/kichiko.net\/wp-content\/uploads\/2020\/10\/T3-4.jpg 778w, https:\/\/kichiko.net\/wp-content\/uploads\/2020\/10\/T3-4-400x494.jpg 400w, https:\/\/kichiko.net\/wp-content\/uploads\/2020\/10\/T3-4-768x948.jpg 768w\" sizes=\"(max-width: 778px) 100vw, 778px\" \/><figcaption>6 uker<br><br><\/figcaption><\/figure>\n\n\n\n<figure class=\"wp-block-image\"><img loading=\"lazy\" width=\"650\" height=\"960\" src=\"http:\/\/kichiko.net\/wp-content\/uploads\/2020\/10\/T3-5.jpg\" alt=\"\" class=\"wp-image-3259\" srcset=\"https:\/\/kichiko.net\/wp-content\/uploads\/2020\/10\/T3-5.jpg 650w, https:\/\/kichiko.net\/wp-content\/uploads\/2020\/10\/T3-5-400x591.jpg 400w\" sizes=\"(max-width: 650px) 100vw, 650px\" \/><figcaption>7 uker<br><\/figcaption><\/figure>\n\n\n\n<figure class=\"wp-block-image\"><img loading=\"lazy\" width=\"900\" height=\"960\" src=\"http:\/\/kichiko.net\/wp-content\/uploads\/2020\/11\/123263193_10158863150976241_5753618878945673457_n.jpg\" alt=\"\" class=\"wp-image-3291\" srcset=\"https:\/\/kichiko.net\/wp-content\/uploads\/2020\/11\/123263193_10158863150976241_5753618878945673457_n.jpg 900w, https:\/\/kichiko.net\/wp-content\/uploads\/2020\/11\/123263193_10158863150976241_5753618878945673457_n-400x427.jpg 400w, https:\/\/kichiko.net\/wp-content\/uploads\/2020\/11\/123263193_10158863150976241_5753618878945673457_n-768x819.jpg 768w\" sizes=\"(max-width: 900px) 100vw, 900px\" \/><figcaption>Mica med sine nye eiere<\/figcaption><\/figure>\n","protected":false},"excerpt":{"rendered":"<p>Kl. 11:30 . Nr.5 ble en r\u00f8d tispe som veide 230 gr.&nbsp;&nbsp;Hun fikk navnet : Kichiko`s&nbsp; Zentai Hanahime . Det betyr Helhet Blomsterprinsesse Nick : MicaRase : ShibaKj\u00f8nn : TispeFarge : R\u00f8dF\u00f8dt : 10\/9-2020Reg.nr : NO 56998\/20HD : C\/DAD : 0\/0 Eier :&nbsp;Marit Foss\u00e5 og Jeanett Landerud, \u00c5mot<\/p>\n","protected":false},"author":2,"featured_media":0,"parent":2976,"menu_order":5,"comment_status":"closed","ping_status":"closed","template":"","meta":[],"_links":{"self":[{"href":"https:\/\/kichiko.net\/index.php?rest_route=\/wp\/v2\/pages\/2999"}],"collection":[{"href":"https:\/\/kichiko.net\/index.php?rest_route=\/wp\/v2\/pages"}],"about":[{"href":"https:\/\/kichiko.net\/index.php?rest_route=\/wp\/v2\/types\/page"}],"author":[{"embeddable":true,"href":"https:\/\/kichiko.net\/index.php?rest_route=\/wp\/v2\/users\/2"}],"replies":[{"embeddable":true,"href":"https:\/\/kichiko.net\/index.php?rest_route=%2Fwp%2Fv2%2Fcomments&post=2999"}],"version-history":[{"count":12,"href":"https:\/\/kichiko.net\/index.php?rest_route=\/wp\/v2\/pages\/2999\/revisions"}],"predecessor-version":[{"id":4548,"href":"https:\/\/kichiko.net\/index.php?rest_route=\/wp\/v2\/pages\/2999\/revisions\/4548"}],"up":[{"embeddable":true,"href":"https:\/\/kichiko.net\/index.php?rest_route=\/wp\/v2\/pages\/2976"}],"wp:attachment":[{"href":"https:\/\/kichiko.net\/index.php?rest_route=%2Fwp%2Fv2%2Fmedia&parent=2999"}],"curies":[{"name":"wp","href":"https:\/\/api.w.org\/{rel}","templated":true}]}}