{"id":2994,"date":"2020-09-11T21:16:46","date_gmt":"2020-09-11T20:16:46","guid":{"rendered":"http:\/\/kichiko.net\/?page_id=2994"},"modified":"2021-10-18T19:45:19","modified_gmt":"2021-10-18T18:45:19","slug":"kichikos-z-4","status":"publish","type":"page","link":"https:\/\/kichiko.net\/?page_id=2994","title":{"rendered":"Zentai Toramaru"},"content":{"rendered":"<p><!--StartFragment--><\/p>\n\n\n<p>Kl. 10:55 . Nr.4 ble en r\u00f8d hann som veide 245 gr.&nbsp;&nbsp;Han fikk navnet : Kichiko`s&nbsp; Zentai Toramaru . Det betyr Helhet Tigergutt<\/p>\n\n\n\n<p>Nick : Arthur<br>Rase : Shiba<br>Kj\u00f8nn : Hann<br>Farge : R\u00f8d<br>F\u00f8dt : 10\/9-2020<br>Reg.nr : NO 56995\/20<br>HD : A\/A<br>AD : 0\/0<\/p>\n\n\n\n<p>Eier :&nbsp;Maylinn B.B. Hansen og Alexander L\u00f8ver, Oslo<\/p>\n\n\n\n<figure class=\"wp-block-image\"><img loading=\"lazy\" width=\"960\" height=\"952\" src=\"http:\/\/kichiko.net\/wp-content\/uploads\/2020\/09\/119058657_10158719355661241_129523886498301876_n.jpg\" alt=\"\" class=\"wp-image-2995\" srcset=\"https:\/\/kichiko.net\/wp-content\/uploads\/2020\/09\/119058657_10158719355661241_129523886498301876_n.jpg 960w, https:\/\/kichiko.net\/wp-content\/uploads\/2020\/09\/119058657_10158719355661241_129523886498301876_n-150x150.jpg 150w, https:\/\/kichiko.net\/wp-content\/uploads\/2020\/09\/119058657_10158719355661241_129523886498301876_n-400x397.jpg 400w, https:\/\/kichiko.net\/wp-content\/uploads\/2020\/09\/119058657_10158719355661241_129523886498301876_n-768x762.jpg 768w\" sizes=\"(max-width: 960px) 100vw, 960px\" \/><figcaption>Nyf\u00f8dt<br><\/figcaption><\/figure>\n\n\n<p><!--EndFragment--><\/p>\n\n\n<figure class=\"wp-block-image\"><img loading=\"lazy\" width=\"960\" height=\"922\" src=\"http:\/\/kichiko.net\/wp-content\/uploads\/2020\/09\/119646066_10158740042421241_3546734480116797449_n.jpg\" alt=\"\" class=\"wp-image-3021\" srcset=\"https:\/\/kichiko.net\/wp-content\/uploads\/2020\/09\/119646066_10158740042421241_3546734480116797449_n.jpg 960w, https:\/\/kichiko.net\/wp-content\/uploads\/2020\/09\/119646066_10158740042421241_3546734480116797449_n-400x384.jpg 400w, https:\/\/kichiko.net\/wp-content\/uploads\/2020\/09\/119646066_10158740042421241_3546734480116797449_n-768x738.jpg 768w\" sizes=\"(max-width: 960px) 100vw, 960px\" \/><figcaption>1 uke<br><\/figcaption><\/figure>\n\n\n\n<figure class=\"wp-block-image\"><img loading=\"lazy\" width=\"874\" height=\"960\" src=\"http:\/\/kichiko.net\/wp-content\/uploads\/2020\/10\/H2.jpg\" alt=\"\" class=\"wp-image-3089\" srcset=\"https:\/\/kichiko.net\/wp-content\/uploads\/2020\/10\/H2.jpg 874w, https:\/\/kichiko.net\/wp-content\/uploads\/2020\/10\/H2-400x439.jpg 400w, https:\/\/kichiko.net\/wp-content\/uploads\/2020\/10\/H2-768x844.jpg 768w\" sizes=\"(max-width: 874px) 100vw, 874px\" \/><figcaption>2 uker<br><\/figcaption><\/figure>\n\n\n\n<figure class=\"wp-block-image\"><img loading=\"lazy\" width=\"792\" height=\"960\" src=\"http:\/\/kichiko.net\/wp-content\/uploads\/2020\/10\/H2-1.jpg\" alt=\"\" class=\"wp-image-3090\" srcset=\"https:\/\/kichiko.net\/wp-content\/uploads\/2020\/10\/H2-1.jpg 792w, https:\/\/kichiko.net\/wp-content\/uploads\/2020\/10\/H2-1-400x485.jpg 400w, https:\/\/kichiko.net\/wp-content\/uploads\/2020\/10\/H2-1-768x931.jpg 768w\" sizes=\"(max-width: 792px) 100vw, 792px\" \/><figcaption>3 uker<br><\/figcaption><\/figure>\n\n\n\n<figure class=\"wp-block-image\"><img loading=\"lazy\" width=\"768\" height=\"960\" src=\"http:\/\/kichiko.net\/wp-content\/uploads\/2020\/10\/H2-4.jpg\" alt=\"\" class=\"wp-image-3167\" srcset=\"https:\/\/kichiko.net\/wp-content\/uploads\/2020\/10\/H2-4.jpg 768w, https:\/\/kichiko.net\/wp-content\/uploads\/2020\/10\/H2-4-400x500.jpg 400w\" sizes=\"(max-width: 768px) 100vw, 768px\" \/><figcaption>4 uker<br><\/figcaption><\/figure>\n\n\n\n<figure class=\"wp-block-image\"><img loading=\"lazy\" width=\"846\" height=\"960\" src=\"http:\/\/kichiko.net\/wp-content\/uploads\/2020\/10\/H2-5.jpg\" alt=\"\" class=\"wp-image-3168\" srcset=\"https:\/\/kichiko.net\/wp-content\/uploads\/2020\/10\/H2-5.jpg 846w, https:\/\/kichiko.net\/wp-content\/uploads\/2020\/10\/H2-5-400x454.jpg 400w, https:\/\/kichiko.net\/wp-content\/uploads\/2020\/10\/H2-5-768x871.jpg 768w\" sizes=\"(max-width: 846px) 100vw, 846px\" \/><figcaption>5 uker<br><\/figcaption><\/figure>\n\n\n\n<figure class=\"wp-block-image\"><img loading=\"lazy\" width=\"794\" height=\"960\" src=\"http:\/\/kichiko.net\/wp-content\/uploads\/2020\/10\/H2-6.jpg\" alt=\"\" class=\"wp-image-3204\" srcset=\"https:\/\/kichiko.net\/wp-content\/uploads\/2020\/10\/H2-6.jpg 794w, https:\/\/kichiko.net\/wp-content\/uploads\/2020\/10\/H2-6-400x484.jpg 400w, https:\/\/kichiko.net\/wp-content\/uploads\/2020\/10\/H2-6-768x929.jpg 768w\" sizes=\"(max-width: 794px) 100vw, 794px\" \/><figcaption>6 uker<br><\/figcaption><\/figure>\n\n\n\n<figure class=\"wp-block-image\"><img loading=\"lazy\" width=\"684\" height=\"960\" src=\"http:\/\/kichiko.net\/wp-content\/uploads\/2020\/10\/H2-8.jpg\" alt=\"\" class=\"wp-image-3257\" srcset=\"https:\/\/kichiko.net\/wp-content\/uploads\/2020\/10\/H2-8.jpg 684w, https:\/\/kichiko.net\/wp-content\/uploads\/2020\/10\/H2-8-400x561.jpg 400w\" sizes=\"(max-width: 684px) 100vw, 684px\" \/><figcaption>7 uker<br><\/figcaption><\/figure>\n\n\n\n<figure class=\"wp-block-image\"><img loading=\"lazy\" width=\"626\" height=\"960\" src=\"http:\/\/kichiko.net\/wp-content\/uploads\/2020\/11\/123609014_10158871167751241_7659420566657536286_n.jpg\" alt=\"\" class=\"wp-image-3289\" srcset=\"https:\/\/kichiko.net\/wp-content\/uploads\/2020\/11\/123609014_10158871167751241_7659420566657536286_n.jpg 626w, https:\/\/kichiko.net\/wp-content\/uploads\/2020\/11\/123609014_10158871167751241_7659420566657536286_n-391x600.jpg 391w\" sizes=\"(max-width: 626px) 100vw, 626px\" \/><figcaption>Arthur med sine nye eiere<\/figcaption><\/figure>\n","protected":false},"excerpt":{"rendered":"<p>Kl. 10:55 . Nr.4 ble en r\u00f8d hann som veide 245 gr.&nbsp;&nbsp;Han fikk navnet : Kichiko`s&nbsp; Zentai Toramaru . Det betyr Helhet Tigergutt Nick : ArthurRase : ShibaKj\u00f8nn : HannFarge : R\u00f8dF\u00f8dt : 10\/9-2020Reg.nr : NO 56995\/20HD : A\/AAD : 0\/0 Eier :&nbsp;Maylinn B.B. Hansen og Alexander L\u00f8ver, Oslo<\/p>\n","protected":false},"author":2,"featured_media":0,"parent":2976,"menu_order":4,"comment_status":"closed","ping_status":"closed","template":"","meta":[],"_links":{"self":[{"href":"https:\/\/kichiko.net\/index.php?rest_route=\/wp\/v2\/pages\/2994"}],"collection":[{"href":"https:\/\/kichiko.net\/index.php?rest_route=\/wp\/v2\/pages"}],"about":[{"href":"https:\/\/kichiko.net\/index.php?rest_route=\/wp\/v2\/types\/page"}],"author":[{"embeddable":true,"href":"https:\/\/kichiko.net\/index.php?rest_route=\/wp\/v2\/users\/2"}],"replies":[{"embeddable":true,"href":"https:\/\/kichiko.net\/index.php?rest_route=%2Fwp%2Fv2%2Fcomments&post=2994"}],"version-history":[{"count":12,"href":"https:\/\/kichiko.net\/index.php?rest_route=\/wp\/v2\/pages\/2994\/revisions"}],"predecessor-version":[{"id":3857,"href":"https:\/\/kichiko.net\/index.php?rest_route=\/wp\/v2\/pages\/2994\/revisions\/3857"}],"up":[{"embeddable":true,"href":"https:\/\/kichiko.net\/index.php?rest_route=\/wp\/v2\/pages\/2976"}],"wp:attachment":[{"href":"https:\/\/kichiko.net\/index.php?rest_route=%2Fwp%2Fv2%2Fmedia&parent=2994"}],"curies":[{"name":"wp","href":"https:\/\/api.w.org\/{rel}","templated":true}]}}