{"id":2989,"date":"2020-09-11T21:14:59","date_gmt":"2020-09-11T20:14:59","guid":{"rendered":"http:\/\/kichiko.net\/?page_id=2989"},"modified":"2021-11-04T20:32:48","modified_gmt":"2021-11-04T19:32:48","slug":"kichikos-z-3","status":"publish","type":"page","link":"https:\/\/kichiko.net\/?page_id=2989","title":{"rendered":"Zentai Beniichi"},"content":{"rendered":"<p><!--StartFragment--><\/p>\n\n\n<p>Kl. 10:15. Nr.3 ble en r\u00f8d hann som veide 290 gr.&nbsp;&nbsp;Han fikk navnet : Kichiko`s&nbsp; Zentai Beniichi . Det betyr Helhet Den f\u00f8rste r\u00f8de<\/p>\n\n\n\n<p>Nick : Iver<br>Rase : Shiba<br>Kj\u00f8nn : Hann<br>Farge : R\u00f8d<br>F\u00f8dt : 10\/9-2020<br>Reg.nr : NO 56994\/20<br>HD : A\/A<br>AD : 0\/0<br>Patella: 0\/0<br>\u00d8yenlyst med gonioskopi: Intet p\u00e5vist<\/p>\n\n\n\n<p>Eier :&nbsp;Mariann og Jon Bohlin, Krager\u00f8<\/p>\n\n\n\n<figure class=\"wp-block-image\"><img loading=\"lazy\" width=\"960\" height=\"864\" src=\"http:\/\/kichiko.net\/wp-content\/uploads\/2020\/09\/119077825_10158719355556241_4194980222587070409_n.jpg\" alt=\"\" class=\"wp-image-2990\" srcset=\"https:\/\/kichiko.net\/wp-content\/uploads\/2020\/09\/119077825_10158719355556241_4194980222587070409_n.jpg 960w, https:\/\/kichiko.net\/wp-content\/uploads\/2020\/09\/119077825_10158719355556241_4194980222587070409_n-400x360.jpg 400w, https:\/\/kichiko.net\/wp-content\/uploads\/2020\/09\/119077825_10158719355556241_4194980222587070409_n-768x691.jpg 768w\" sizes=\"(max-width: 960px) 100vw, 960px\" \/><figcaption>Nyf\u00f8dt<br><\/figcaption><\/figure>\n\n\n<p><!--EndFragment--><\/p>\n\n\n<figure class=\"wp-block-image\"><img loading=\"lazy\" width=\"960\" height=\"884\" src=\"http:\/\/kichiko.net\/wp-content\/uploads\/2020\/09\/119671380_10158740042691241_2868901694182322367_n.jpg\" alt=\"\" class=\"wp-image-3019\" srcset=\"https:\/\/kichiko.net\/wp-content\/uploads\/2020\/09\/119671380_10158740042691241_2868901694182322367_n.jpg 960w, https:\/\/kichiko.net\/wp-content\/uploads\/2020\/09\/119671380_10158740042691241_2868901694182322367_n-400x368.jpg 400w, https:\/\/kichiko.net\/wp-content\/uploads\/2020\/09\/119671380_10158740042691241_2868901694182322367_n-768x707.jpg 768w\" sizes=\"(max-width: 960px) 100vw, 960px\" \/><figcaption>1 uke<br><\/figcaption><\/figure>\n\n\n\n<figure class=\"wp-block-image\"><img loading=\"lazy\" width=\"774\" height=\"960\" src=\"http:\/\/kichiko.net\/wp-content\/uploads\/2020\/10\/H1.jpg\" alt=\"\" class=\"wp-image-3086\" srcset=\"https:\/\/kichiko.net\/wp-content\/uploads\/2020\/10\/H1.jpg 774w, https:\/\/kichiko.net\/wp-content\/uploads\/2020\/10\/H1-400x496.jpg 400w, https:\/\/kichiko.net\/wp-content\/uploads\/2020\/10\/H1-768x953.jpg 768w\" sizes=\"(max-width: 774px) 100vw, 774px\" \/><figcaption>2 uker<br><\/figcaption><\/figure>\n\n\n\n<figure class=\"wp-block-image\"><img loading=\"lazy\" width=\"674\" height=\"960\" src=\"http:\/\/kichiko.net\/wp-content\/uploads\/2020\/10\/H1-1.jpg\" alt=\"\" class=\"wp-image-3087\" srcset=\"https:\/\/kichiko.net\/wp-content\/uploads\/2020\/10\/H1-1.jpg 674w, https:\/\/kichiko.net\/wp-content\/uploads\/2020\/10\/H1-1-400x570.jpg 400w\" sizes=\"(max-width: 674px) 100vw, 674px\" \/><figcaption>3 uker<br><\/figcaption><\/figure>\n\n\n\n<figure class=\"wp-block-image\"><img loading=\"lazy\" width=\"738\" height=\"960\" src=\"http:\/\/kichiko.net\/wp-content\/uploads\/2020\/10\/H1-4.jpg\" alt=\"\" class=\"wp-image-3164\" srcset=\"https:\/\/kichiko.net\/wp-content\/uploads\/2020\/10\/H1-4.jpg 738w, https:\/\/kichiko.net\/wp-content\/uploads\/2020\/10\/H1-4-400x520.jpg 400w\" sizes=\"(max-width: 738px) 100vw, 738px\" \/><figcaption>4 uker<br><\/figcaption><\/figure>\n\n\n\n<figure class=\"wp-block-image\"><img loading=\"lazy\" width=\"730\" height=\"960\" src=\"http:\/\/kichiko.net\/wp-content\/uploads\/2020\/10\/H1-5.jpg\" alt=\"\" class=\"wp-image-3165\" srcset=\"https:\/\/kichiko.net\/wp-content\/uploads\/2020\/10\/H1-5.jpg 730w, https:\/\/kichiko.net\/wp-content\/uploads\/2020\/10\/H1-5-400x526.jpg 400w\" sizes=\"(max-width: 730px) 100vw, 730px\" \/><figcaption>5 uker<br><\/figcaption><\/figure>\n\n\n\n<figure class=\"wp-block-image\"><img loading=\"lazy\" width=\"724\" height=\"960\" src=\"http:\/\/kichiko.net\/wp-content\/uploads\/2020\/10\/H1-6.jpg\" alt=\"\" class=\"wp-image-3202\" srcset=\"https:\/\/kichiko.net\/wp-content\/uploads\/2020\/10\/H1-6.jpg 724w, https:\/\/kichiko.net\/wp-content\/uploads\/2020\/10\/H1-6-400x530.jpg 400w\" sizes=\"(max-width: 724px) 100vw, 724px\" \/><figcaption>6 uker<br><\/figcaption><\/figure>\n\n\n\n<figure class=\"wp-block-image\"><img loading=\"lazy\" width=\"772\" height=\"960\" src=\"http:\/\/kichiko.net\/wp-content\/uploads\/2020\/10\/H1-8.jpg\" alt=\"\" class=\"wp-image-3255\" srcset=\"https:\/\/kichiko.net\/wp-content\/uploads\/2020\/10\/H1-8.jpg 772w, https:\/\/kichiko.net\/wp-content\/uploads\/2020\/10\/H1-8-400x497.jpg 400w, https:\/\/kichiko.net\/wp-content\/uploads\/2020\/10\/H1-8-768x955.jpg 768w\" sizes=\"(max-width: 772px) 100vw, 772px\" \/><figcaption>7 uker<br><\/figcaption><\/figure>\n\n\n\n<figure class=\"wp-block-image\"><img loading=\"lazy\" width=\"720\" height=\"960\" src=\"http:\/\/kichiko.net\/wp-content\/uploads\/2020\/11\/123742261_10158876589406241_5247142560379513199_n.jpg\" alt=\"\" class=\"wp-image-3293\" srcset=\"https:\/\/kichiko.net\/wp-content\/uploads\/2020\/11\/123742261_10158876589406241_5247142560379513199_n.jpg 720w, https:\/\/kichiko.net\/wp-content\/uploads\/2020\/11\/123742261_10158876589406241_5247142560379513199_n-400x533.jpg 400w\" sizes=\"(max-width: 720px) 100vw, 720px\" \/><figcaption>Iver med sine nye eiere<\/figcaption><\/figure>\n","protected":false},"excerpt":{"rendered":"<p>Kl. 10:15. Nr.3 ble en r\u00f8d hann som veide 290 gr.&nbsp;&nbsp;Han fikk navnet : Kichiko`s&nbsp; Zentai Beniichi . Det betyr Helhet Den f\u00f8rste r\u00f8de Nick : IverRase : ShibaKj\u00f8nn : HannFarge : R\u00f8dF\u00f8dt : 10\/9-2020Reg.nr : NO 56994\/20HD : A\/AAD : 0\/0Patella: 0\/0\u00d8yenlyst med gonioskopi: Intet p\u00e5vist Eier :&nbsp;Mariann og Jon Bohlin, Krager\u00f8<\/p>\n","protected":false},"author":2,"featured_media":0,"parent":2976,"menu_order":3,"comment_status":"closed","ping_status":"closed","template":"","meta":[],"_links":{"self":[{"href":"https:\/\/kichiko.net\/index.php?rest_route=\/wp\/v2\/pages\/2989"}],"collection":[{"href":"https:\/\/kichiko.net\/index.php?rest_route=\/wp\/v2\/pages"}],"about":[{"href":"https:\/\/kichiko.net\/index.php?rest_route=\/wp\/v2\/types\/page"}],"author":[{"embeddable":true,"href":"https:\/\/kichiko.net\/index.php?rest_route=\/wp\/v2\/users\/2"}],"replies":[{"embeddable":true,"href":"https:\/\/kichiko.net\/index.php?rest_route=%2Fwp%2Fv2%2Fcomments&post=2989"}],"version-history":[{"count":12,"href":"https:\/\/kichiko.net\/index.php?rest_route=\/wp\/v2\/pages\/2989\/revisions"}],"predecessor-version":[{"id":3922,"href":"https:\/\/kichiko.net\/index.php?rest_route=\/wp\/v2\/pages\/2989\/revisions\/3922"}],"up":[{"embeddable":true,"href":"https:\/\/kichiko.net\/index.php?rest_route=\/wp\/v2\/pages\/2976"}],"wp:attachment":[{"href":"https:\/\/kichiko.net\/index.php?rest_route=%2Fwp%2Fv2%2Fmedia&parent=2989"}],"curies":[{"name":"wp","href":"https:\/\/api.w.org\/{rel}","templated":true}]}}