{"id":2984,"date":"2020-09-11T21:12:50","date_gmt":"2020-09-11T20:12:50","guid":{"rendered":"http:\/\/kichiko.net\/?page_id=2984"},"modified":"2022-01-20T19:22:18","modified_gmt":"2022-01-20T18:22:18","slug":"kichikos-z-2","status":"publish","type":"page","link":"https:\/\/kichiko.net\/?page_id=2984","title":{"rendered":"Zentai Torahime"},"content":{"rendered":"<p><!--StartFragment--><\/p>\n\n\n<p>Kl. 10:00 . Nr.2 ble en r\u00f8d tispe som veide 285 gr.&nbsp;&nbsp;Hun fikk navnet : Kichiko`s&nbsp; Zentai Torahime. Det betyr Helhet Tigerprinsesse<\/p>\n\n\n\n<p>Nick : Kida<br>Rase : Shiba<br>Kj\u00f8nn : Tispe<br>Farge : R\u00f8d<br>F\u00f8dt : 10\/9-2020<br>Reg.nr : NO 56997\/20<br>HD : A\/A<br>AD : 0\/2<br>Patella: 0\/0<br>\u00d8yenlyst, intet p\u00e5vist<\/p>\n\n\n\n<p>Eier :&nbsp;Tone Paulsen, Annikken Heggem Paulsen og Atle Fjellanger, Holmestrand<\/p>\n\n\n\n<figure class=\"wp-block-image\"><img loading=\"lazy\" width=\"868\" height=\"960\" src=\"http:\/\/kichiko.net\/wp-content\/uploads\/2020\/09\/119067728_10158719355211241_8677763946518170407_n.jpg\" alt=\"\" class=\"wp-image-2985\" srcset=\"https:\/\/kichiko.net\/wp-content\/uploads\/2020\/09\/119067728_10158719355211241_8677763946518170407_n.jpg 868w, https:\/\/kichiko.net\/wp-content\/uploads\/2020\/09\/119067728_10158719355211241_8677763946518170407_n-400x442.jpg 400w, https:\/\/kichiko.net\/wp-content\/uploads\/2020\/09\/119067728_10158719355211241_8677763946518170407_n-768x849.jpg 768w\" sizes=\"(max-width: 868px) 100vw, 868px\" \/><figcaption>Nyf\u00f8dt<br><\/figcaption><\/figure>\n\n\n<p><!--EndFragment--><\/p>\n\n\n<figure class=\"wp-block-image\"><img loading=\"lazy\" width=\"960\" height=\"822\" src=\"http:\/\/kichiko.net\/wp-content\/uploads\/2020\/09\/119648224_10158740042426241_4491362849737109722_n.jpg\" alt=\"\" class=\"wp-image-3017\" srcset=\"https:\/\/kichiko.net\/wp-content\/uploads\/2020\/09\/119648224_10158740042426241_4491362849737109722_n.jpg 960w, https:\/\/kichiko.net\/wp-content\/uploads\/2020\/09\/119648224_10158740042426241_4491362849737109722_n-400x343.jpg 400w, https:\/\/kichiko.net\/wp-content\/uploads\/2020\/09\/119648224_10158740042426241_4491362849737109722_n-768x658.jpg 768w\" sizes=\"(max-width: 960px) 100vw, 960px\" \/><figcaption>1 uke<br><\/figcaption><\/figure>\n\n\n\n<figure class=\"wp-block-image\"><img loading=\"lazy\" width=\"904\" height=\"960\" src=\"http:\/\/kichiko.net\/wp-content\/uploads\/2020\/10\/T2.jpg\" alt=\"\" class=\"wp-image-3083\" srcset=\"https:\/\/kichiko.net\/wp-content\/uploads\/2020\/10\/T2.jpg 904w, https:\/\/kichiko.net\/wp-content\/uploads\/2020\/10\/T2-400x425.jpg 400w, https:\/\/kichiko.net\/wp-content\/uploads\/2020\/10\/T2-768x816.jpg 768w\" sizes=\"(max-width: 904px) 100vw, 904px\" \/><figcaption>2 uker <br><\/figcaption><\/figure>\n\n\n\n<figure class=\"wp-block-image\"><img loading=\"lazy\" width=\"822\" height=\"960\" src=\"http:\/\/kichiko.net\/wp-content\/uploads\/2020\/10\/T2-1.jpg\" alt=\"\" class=\"wp-image-3084\" srcset=\"https:\/\/kichiko.net\/wp-content\/uploads\/2020\/10\/T2-1.jpg 822w, https:\/\/kichiko.net\/wp-content\/uploads\/2020\/10\/T2-1-400x467.jpg 400w, https:\/\/kichiko.net\/wp-content\/uploads\/2020\/10\/T2-1-768x897.jpg 768w\" sizes=\"(max-width: 822px) 100vw, 822px\" \/><figcaption>3 uker <br><\/figcaption><\/figure>\n\n\n\n<figure class=\"wp-block-image\"><img loading=\"lazy\" width=\"686\" height=\"960\" src=\"http:\/\/kichiko.net\/wp-content\/uploads\/2020\/10\/T2-2.jpg\" alt=\"\" class=\"wp-image-3161\" srcset=\"https:\/\/kichiko.net\/wp-content\/uploads\/2020\/10\/T2-2.jpg 686w, https:\/\/kichiko.net\/wp-content\/uploads\/2020\/10\/T2-2-400x560.jpg 400w\" sizes=\"(max-width: 686px) 100vw, 686px\" \/><figcaption>4 uker<br><\/figcaption><\/figure>\n\n\n\n<figure class=\"wp-block-image\"><img loading=\"lazy\" width=\"766\" height=\"960\" src=\"http:\/\/kichiko.net\/wp-content\/uploads\/2020\/10\/T2-3.jpg\" alt=\"\" class=\"wp-image-3162\" srcset=\"https:\/\/kichiko.net\/wp-content\/uploads\/2020\/10\/T2-3.jpg 766w, https:\/\/kichiko.net\/wp-content\/uploads\/2020\/10\/T2-3-400x501.jpg 400w\" sizes=\"(max-width: 766px) 100vw, 766px\" \/><figcaption>5 uker<br><\/figcaption><\/figure>\n\n\n\n<figure class=\"wp-block-image\"><img loading=\"lazy\" width=\"720\" height=\"960\" src=\"http:\/\/kichiko.net\/wp-content\/uploads\/2020\/10\/T2-4.jpg\" alt=\"\" class=\"wp-image-3198\" srcset=\"https:\/\/kichiko.net\/wp-content\/uploads\/2020\/10\/T2-4.jpg 720w, https:\/\/kichiko.net\/wp-content\/uploads\/2020\/10\/T2-4-400x533.jpg 400w\" sizes=\"(max-width: 720px) 100vw, 720px\" \/><figcaption>6 uker<br><\/figcaption><\/figure>\n\n\n\n<figure class=\"wp-block-image\"><img loading=\"lazy\" width=\"580\" height=\"960\" src=\"http:\/\/kichiko.net\/wp-content\/uploads\/2020\/10\/T2-5.jpg\" alt=\"\" class=\"wp-image-3253\" srcset=\"https:\/\/kichiko.net\/wp-content\/uploads\/2020\/10\/T2-5.jpg 580w, https:\/\/kichiko.net\/wp-content\/uploads\/2020\/10\/T2-5-363x600.jpg 363w\" sizes=\"(max-width: 580px) 100vw, 580px\" \/><figcaption>7 uker<br><\/figcaption><\/figure>\n\n\n\n<figure class=\"wp-block-image\"><img loading=\"lazy\" width=\"598\" height=\"960\" src=\"http:\/\/kichiko.net\/wp-content\/uploads\/2020\/11\/123245484_10158863143586241_3043711823175915343_n.jpg\" alt=\"\" class=\"wp-image-3287\" srcset=\"https:\/\/kichiko.net\/wp-content\/uploads\/2020\/11\/123245484_10158863143586241_3043711823175915343_n.jpg 598w, https:\/\/kichiko.net\/wp-content\/uploads\/2020\/11\/123245484_10158863143586241_3043711823175915343_n-374x600.jpg 374w\" sizes=\"(max-width: 598px) 100vw, 598px\" \/><figcaption>Kida med sine nye slaver<\/figcaption><\/figure>\n","protected":false},"excerpt":{"rendered":"<p>Kl. 10:00 . Nr.2 ble en r\u00f8d tispe som veide 285 gr.&nbsp;&nbsp;Hun fikk navnet : Kichiko`s&nbsp; Zentai Torahime. Det betyr Helhet Tigerprinsesse Nick : KidaRase : ShibaKj\u00f8nn : TispeFarge : R\u00f8dF\u00f8dt : 10\/9-2020Reg.nr : NO 56997\/20HD : A\/AAD : 0\/2Patella: 0\/0\u00d8yenlyst, intet p\u00e5vist Eier :&nbsp;Tone Paulsen, Annikken Heggem Paulsen og Atle Fjellanger, Holmestrand<\/p>\n","protected":false},"author":2,"featured_media":0,"parent":2976,"menu_order":2,"comment_status":"closed","ping_status":"closed","template":"","meta":[],"_links":{"self":[{"href":"https:\/\/kichiko.net\/index.php?rest_route=\/wp\/v2\/pages\/2984"}],"collection":[{"href":"https:\/\/kichiko.net\/index.php?rest_route=\/wp\/v2\/pages"}],"about":[{"href":"https:\/\/kichiko.net\/index.php?rest_route=\/wp\/v2\/types\/page"}],"author":[{"embeddable":true,"href":"https:\/\/kichiko.net\/index.php?rest_route=\/wp\/v2\/users\/2"}],"replies":[{"embeddable":true,"href":"https:\/\/kichiko.net\/index.php?rest_route=%2Fwp%2Fv2%2Fcomments&post=2984"}],"version-history":[{"count":13,"href":"https:\/\/kichiko.net\/index.php?rest_route=\/wp\/v2\/pages\/2984\/revisions"}],"predecessor-version":[{"id":4032,"href":"https:\/\/kichiko.net\/index.php?rest_route=\/wp\/v2\/pages\/2984\/revisions\/4032"}],"up":[{"embeddable":true,"href":"https:\/\/kichiko.net\/index.php?rest_route=\/wp\/v2\/pages\/2976"}],"wp:attachment":[{"href":"https:\/\/kichiko.net\/index.php?rest_route=%2Fwp%2Fv2%2Fmedia&parent=2984"}],"curies":[{"name":"wp","href":"https:\/\/api.w.org\/{rel}","templated":true}]}}