{"id":2958,"date":"2020-08-13T22:24:01","date_gmt":"2020-08-13T21:24:01","guid":{"rendered":"http:\/\/kichiko.net\/?page_id=2958"},"modified":"2023-12-25T22:24:05","modified_gmt":"2023-12-25T21:24:05","slug":"yankee","status":"publish","type":"page","link":"https:\/\/kichiko.net\/?page_id=2958","title":{"rendered":"Yankee"},"content":{"rendered":"\n<figure class=\"wp-block-image\"><img loading=\"lazy\" width=\"765\" height=\"1024\" src=\"http:\/\/kichiko.net\/wp-content\/uploads\/2020\/08\/IMG_2073-3-1-765x1024.jpg\" alt=\"\" class=\"wp-image-2959\" srcset=\"https:\/\/kichiko.net\/wp-content\/uploads\/2020\/08\/IMG_2073-3-1-765x1024.jpg 765w, https:\/\/kichiko.net\/wp-content\/uploads\/2020\/08\/IMG_2073-3-1-400x536.jpg 400w, https:\/\/kichiko.net\/wp-content\/uploads\/2020\/08\/IMG_2073-3-1-768x1028.jpg 768w, https:\/\/kichiko.net\/wp-content\/uploads\/2020\/08\/IMG_2073-3-1.jpg 1343w\" sizes=\"(max-width: 765px) 100vw, 765px\" \/><figcaption>Yankee<br><br> <\/figcaption><\/figure>\n\n\n\n<p> Navn : Kichiko`s Yasei Yankee<br>Nick : Yankee<br>Rase : Shiba<br>Reg.nr :  NO49262\/20 <br>Kj\u00f8nn: Tispe<br>Farge : R\u00f8d<br>F\u00f8dt: 20\/6-2020<br>Oppdretter : Hilde Schyttelvik<br>F\u00f2rvert: J\u00f8rgen Andr\u00e8 Emaus, Lier<br>HD: B\/B<br>AD: 0\/0<br>Patella: 0\/0<br>Bitt: Korrekt og fulltannet<br>\u00d8yenlyst : Intet p\u00e5vist, Gonioskopi: 30% , mild venstre \u00f8ye<\/p>\n\n\n\n<p>Eier: Hilde Schyttelvik, Forvert: J\u00f8rgen Andre Emaus, Lier<\/p>\n\n\n\n<p><br>Premieringer: Crufts kvalifisert 2022, \u00a0 9 X CK, 3 X CERT, 1 X Nordic CERT, 2 X res.CERT, 2 X res.cacib, 2 X BIR (NKK Sandefjord )<\/p>\n\n\n\n<p>Titler: Norsk Ustillings champion, Nordisk Junior Vinner-21, Vice Norwegian Junior vinner<\/p>\n","protected":false},"excerpt":{"rendered":"<p>Navn : Kichiko`s Yasei YankeeNick : YankeeRase : ShibaReg.nr : NO49262\/20 Kj\u00f8nn: TispeFarge : R\u00f8dF\u00f8dt: 20\/6-2020Oppdretter : Hilde SchyttelvikF\u00f2rvert: J\u00f8rgen Andr\u00e8 Emaus, LierHD: B\/BAD: 0\/0Patella: 0\/0Bitt: Korrekt og fulltannet\u00d8yenlyst : Intet p\u00e5vist, Gonioskopi: 30% , mild venstre \u00f8ye Eier: Hilde Schyttelvik, Forvert: J\u00f8rgen Andre Emaus, Lier Premieringer: Crufts kvalifisert 2022, \u00a0 9 X CK, 3 [&hellip;]<\/p>\n","protected":false},"author":2,"featured_media":0,"parent":2015,"menu_order":10,"comment_status":"closed","ping_status":"closed","template":"","meta":[],"_links":{"self":[{"href":"https:\/\/kichiko.net\/index.php?rest_route=\/wp\/v2\/pages\/2958"}],"collection":[{"href":"https:\/\/kichiko.net\/index.php?rest_route=\/wp\/v2\/pages"}],"about":[{"href":"https:\/\/kichiko.net\/index.php?rest_route=\/wp\/v2\/types\/page"}],"author":[{"embeddable":true,"href":"https:\/\/kichiko.net\/index.php?rest_route=\/wp\/v2\/users\/2"}],"replies":[{"embeddable":true,"href":"https:\/\/kichiko.net\/index.php?rest_route=%2Fwp%2Fv2%2Fcomments&post=2958"}],"version-history":[{"count":10,"href":"https:\/\/kichiko.net\/index.php?rest_route=\/wp\/v2\/pages\/2958\/revisions"}],"predecessor-version":[{"id":5122,"href":"https:\/\/kichiko.net\/index.php?rest_route=\/wp\/v2\/pages\/2958\/revisions\/5122"}],"up":[{"embeddable":true,"href":"https:\/\/kichiko.net\/index.php?rest_route=\/wp\/v2\/pages\/2015"}],"wp:attachment":[{"href":"https:\/\/kichiko.net\/index.php?rest_route=%2Fwp%2Fv2%2Fmedia&parent=2958"}],"curies":[{"name":"wp","href":"https:\/\/api.w.org\/{rel}","templated":true}]}}