{"id":2847,"date":"2020-06-21T17:56:18","date_gmt":"2020-06-21T16:56:18","guid":{"rendered":"http:\/\/kichiko.net\/?page_id=2847"},"modified":"2022-05-27T23:59:03","modified_gmt":"2022-05-27T22:59:03","slug":"kichikos-y-4","status":"publish","type":"page","link":"https:\/\/kichiko.net\/?page_id=2847","title":{"rendered":"Yasei Yukon"},"content":{"rendered":"\n<p>Kl. 03:00 . Nr.4 ble en r\u00f8d hann som veide 240 gr.&nbsp;&nbsp;Han fikk navnet : Kichiko`s&nbsp; Yasei Yukon. Det betyr Vill Ung Rot<\/p>\n\n\n\n<p>Nick : Leo<br>Rase : Shiba<br>Kj\u00f8nn : Hann<br>Farge : R\u00f8d<br>F\u00f8dt : 20\/6-2020<br>Reg.nr : NO49265\/20<br>HD : A\/B<br>AD : 0\/0<\/p>\n\n\n\n<p>Eier :&nbsp;Christoffer Claussen, Skien<\/p>\n\n\n\n<figure class=\"wp-block-image\"><img loading=\"lazy\" width=\"900\" height=\"960\" src=\"http:\/\/kichiko.net\/wp-content\/uploads\/2020\/06\/104763646_10158461640376241_3439008176116944271_n.jpg\" alt=\"\" class=\"wp-image-2866\" srcset=\"https:\/\/kichiko.net\/wp-content\/uploads\/2020\/06\/104763646_10158461640376241_3439008176116944271_n.jpg 900w, https:\/\/kichiko.net\/wp-content\/uploads\/2020\/06\/104763646_10158461640376241_3439008176116944271_n-400x427.jpg 400w, https:\/\/kichiko.net\/wp-content\/uploads\/2020\/06\/104763646_10158461640376241_3439008176116944271_n-768x819.jpg 768w\" sizes=\"(max-width: 900px) 100vw, 900px\" \/><figcaption>Nyf\u00f8dt<br><\/figcaption><\/figure>\n\n\n\n<figure class=\"wp-block-image\"><img loading=\"lazy\" width=\"1024\" height=\"797\" src=\"http:\/\/kichiko.net\/wp-content\/uploads\/2020\/06\/IMG_1940-2-1024x797.jpg\" alt=\"\" class=\"wp-image-2876\" srcset=\"https:\/\/kichiko.net\/wp-content\/uploads\/2020\/06\/IMG_1940-2-1024x797.jpg 1024w, https:\/\/kichiko.net\/wp-content\/uploads\/2020\/06\/IMG_1940-2-400x311.jpg 400w, https:\/\/kichiko.net\/wp-content\/uploads\/2020\/06\/IMG_1940-2-768x598.jpg 768w\" sizes=\"(max-width: 1024px) 100vw, 1024px\" \/><figcaption>1 uke <br><\/figcaption><\/figure>\n\n\n\n<figure class=\"wp-block-image\"><img loading=\"lazy\" width=\"1024\" height=\"838\" src=\"http:\/\/kichiko.net\/wp-content\/uploads\/2020\/07\/IMG_1955-6-1024x838.jpg\" alt=\"\" class=\"wp-image-2890\" srcset=\"https:\/\/kichiko.net\/wp-content\/uploads\/2020\/07\/IMG_1955-6-1024x838.jpg 1024w, https:\/\/kichiko.net\/wp-content\/uploads\/2020\/07\/IMG_1955-6-400x327.jpg 400w, https:\/\/kichiko.net\/wp-content\/uploads\/2020\/07\/IMG_1955-6-768x629.jpg 768w\" sizes=\"(max-width: 1024px) 100vw, 1024px\" \/><figcaption>2 uker<br><\/figcaption><\/figure>\n\n\n\n<figure class=\"wp-block-image\"><img loading=\"lazy\" width=\"935\" height=\"1024\" src=\"http:\/\/kichiko.net\/wp-content\/uploads\/2020\/07\/IMG_1994-2-935x1024.jpg\" alt=\"\" class=\"wp-image-2901\" srcset=\"https:\/\/kichiko.net\/wp-content\/uploads\/2020\/07\/IMG_1994-2-935x1024.jpg 935w, https:\/\/kichiko.net\/wp-content\/uploads\/2020\/07\/IMG_1994-2-400x438.jpg 400w, https:\/\/kichiko.net\/wp-content\/uploads\/2020\/07\/IMG_1994-2-768x841.jpg 768w, https:\/\/kichiko.net\/wp-content\/uploads\/2020\/07\/IMG_1994-2.jpg 1783w\" sizes=\"(max-width: 935px) 100vw, 935px\" \/><figcaption>3 uker <br><\/figcaption><\/figure>\n\n\n\n<figure class=\"wp-block-image\"><img loading=\"lazy\" width=\"992\" height=\"1024\" src=\"http:\/\/kichiko.net\/wp-content\/uploads\/2020\/07\/IMG_2021-2-992x1024.jpg\" alt=\"\" class=\"wp-image-2912\" srcset=\"https:\/\/kichiko.net\/wp-content\/uploads\/2020\/07\/IMG_2021-2-992x1024.jpg 992w, https:\/\/kichiko.net\/wp-content\/uploads\/2020\/07\/IMG_2021-2-400x413.jpg 400w, https:\/\/kichiko.net\/wp-content\/uploads\/2020\/07\/IMG_2021-2-768x792.jpg 768w, https:\/\/kichiko.net\/wp-content\/uploads\/2020\/07\/IMG_2021-2.jpg 1946w\" sizes=\"(max-width: 992px) 100vw, 992px\" \/><figcaption>4 uker<br><\/figcaption><\/figure>\n\n\n\n<figure class=\"wp-block-image\"><img loading=\"lazy\" width=\"916\" height=\"1024\" src=\"http:\/\/kichiko.net\/wp-content\/uploads\/2020\/07\/IMG_2056-2-916x1024.jpg\" alt=\"\" class=\"wp-image-2926\" srcset=\"https:\/\/kichiko.net\/wp-content\/uploads\/2020\/07\/IMG_2056-2-916x1024.jpg 916w, https:\/\/kichiko.net\/wp-content\/uploads\/2020\/07\/IMG_2056-2-400x447.jpg 400w, https:\/\/kichiko.net\/wp-content\/uploads\/2020\/07\/IMG_2056-2-768x859.jpg 768w, https:\/\/kichiko.net\/wp-content\/uploads\/2020\/07\/IMG_2056-2.jpg 1740w\" sizes=\"(max-width: 916px) 100vw, 916px\" \/><figcaption>5 uker<br><\/figcaption><\/figure>\n\n\n\n<figure class=\"wp-block-image\"><img loading=\"lazy\" width=\"620\" height=\"1024\" src=\"http:\/\/kichiko.net\/wp-content\/uploads\/2020\/08\/IMG_2069-2-620x1024.jpg\" alt=\"\" class=\"wp-image-2942\" srcset=\"https:\/\/kichiko.net\/wp-content\/uploads\/2020\/08\/IMG_2069-2-620x1024.jpg 620w, https:\/\/kichiko.net\/wp-content\/uploads\/2020\/08\/IMG_2069-2-363x600.jpg 363w, https:\/\/kichiko.net\/wp-content\/uploads\/2020\/08\/IMG_2069-2-768x1269.jpg 768w, https:\/\/kichiko.net\/wp-content\/uploads\/2020\/08\/IMG_2069-2.jpg 1314w\" sizes=\"(max-width: 620px) 100vw, 620px\" \/><figcaption>6 uker<br><\/figcaption><\/figure>\n\n\n\n<figure class=\"wp-block-image\"><img loading=\"lazy\" width=\"829\" height=\"1024\" src=\"http:\/\/kichiko.net\/wp-content\/uploads\/2020\/08\/IMG_2082-2-829x1024.jpg\" alt=\"\" class=\"wp-image-2952\" srcset=\"https:\/\/kichiko.net\/wp-content\/uploads\/2020\/08\/IMG_2082-2-829x1024.jpg 829w, https:\/\/kichiko.net\/wp-content\/uploads\/2020\/08\/IMG_2082-2-400x494.jpg 400w, https:\/\/kichiko.net\/wp-content\/uploads\/2020\/08\/IMG_2082-2-768x949.jpg 768w, https:\/\/kichiko.net\/wp-content\/uploads\/2020\/08\/IMG_2082-2.jpg 1812w\" sizes=\"(max-width: 829px) 100vw, 829px\" \/><figcaption>7 uker<br><\/figcaption><\/figure>\n\n\n\n<figure class=\"wp-block-image\"><img loading=\"lazy\" width=\"743\" height=\"1024\" src=\"http:\/\/kichiko.net\/wp-content\/uploads\/2020\/08\/IMG_2104-2-743x1024.jpg\" alt=\"\" class=\"wp-image-2953\" srcset=\"https:\/\/kichiko.net\/wp-content\/uploads\/2020\/08\/IMG_2104-2-743x1024.jpg 743w, https:\/\/kichiko.net\/wp-content\/uploads\/2020\/08\/IMG_2104-2-400x551.jpg 400w, https:\/\/kichiko.net\/wp-content\/uploads\/2020\/08\/IMG_2104-2-768x1059.jpg 768w, https:\/\/kichiko.net\/wp-content\/uploads\/2020\/08\/IMG_2104-2.jpg 1821w\" sizes=\"(max-width: 743px) 100vw, 743px\" \/><figcaption>Tetsu med sin nye stolte eier <\/figcaption><\/figure>\n","protected":false},"excerpt":{"rendered":"<p>Kl. 03:00 . Nr.4 ble en r\u00f8d hann som veide 240 gr.&nbsp;&nbsp;Han fikk navnet : Kichiko`s&nbsp; Yasei Yukon. Det betyr Vill Ung Rot Nick : LeoRase : ShibaKj\u00f8nn : HannFarge : R\u00f8dF\u00f8dt : 20\/6-2020Reg.nr : NO49265\/20HD : A\/BAD : 0\/0 Eier :&nbsp;Christoffer Claussen, Skien<\/p>\n","protected":false},"author":2,"featured_media":0,"parent":2839,"menu_order":4,"comment_status":"closed","ping_status":"closed","template":"","meta":[],"_links":{"self":[{"href":"https:\/\/kichiko.net\/index.php?rest_route=\/wp\/v2\/pages\/2847"}],"collection":[{"href":"https:\/\/kichiko.net\/index.php?rest_route=\/wp\/v2\/pages"}],"about":[{"href":"https:\/\/kichiko.net\/index.php?rest_route=\/wp\/v2\/types\/page"}],"author":[{"embeddable":true,"href":"https:\/\/kichiko.net\/index.php?rest_route=\/wp\/v2\/users\/2"}],"replies":[{"embeddable":true,"href":"https:\/\/kichiko.net\/index.php?rest_route=%2Fwp%2Fv2%2Fcomments&post=2847"}],"version-history":[{"count":14,"href":"https:\/\/kichiko.net\/index.php?rest_route=\/wp\/v2\/pages\/2847\/revisions"}],"predecessor-version":[{"id":4141,"href":"https:\/\/kichiko.net\/index.php?rest_route=\/wp\/v2\/pages\/2847\/revisions\/4141"}],"up":[{"embeddable":true,"href":"https:\/\/kichiko.net\/index.php?rest_route=\/wp\/v2\/pages\/2839"}],"wp:attachment":[{"href":"https:\/\/kichiko.net\/index.php?rest_route=%2Fwp%2Fv2%2Fmedia&parent=2847"}],"curies":[{"name":"wp","href":"https:\/\/api.w.org\/{rel}","templated":true}]}}