{"id":2845,"date":"2020-06-21T17:55:49","date_gmt":"2020-06-21T16:55:49","guid":{"rendered":"http:\/\/kichiko.net\/?page_id=2845"},"modified":"2021-10-18T19:49:23","modified_gmt":"2021-10-18T18:49:23","slug":"kichikos-y-3","status":"publish","type":"page","link":"https:\/\/kichiko.net\/?page_id=2845","title":{"rendered":"Yasei Etsuko"},"content":{"rendered":"\n<p>Kl. 01:58 . Nr.3 ble en r\u00f8d tispe som veide 220 gr.&nbsp;&nbsp;Hun fikk navnet : Kichiko`s&nbsp; Yasei Etsuko .Det betyr Vill Frydefull Jente.<\/p>\n\n\n\n<p>Nick : Penny<br>Rase : Shiba<br>Kj\u00f8nn : Tispe<br>Farge : R\u00f8d<br>F\u00f8dt : 20\/6-2020<br>Reg.nr : NO49264\/20<br>HD : B\/B<br>AD : 0\/0<br>Patella : 0\/0<br><\/p>\n\n\n\n<p>Eier :&nbsp;Julie Gatto og Bj\u00f8rn Bergan, Borgen<\/p>\n\n\n\n<figure class=\"wp-block-image\"><img loading=\"lazy\" width=\"952\" height=\"960\" src=\"http:\/\/kichiko.net\/wp-content\/uploads\/2020\/06\/104693953_10158461640506241_3849366250834787774_n.jpg\" alt=\"\" class=\"wp-image-2864\" srcset=\"https:\/\/kichiko.net\/wp-content\/uploads\/2020\/06\/104693953_10158461640506241_3849366250834787774_n.jpg 952w, https:\/\/kichiko.net\/wp-content\/uploads\/2020\/06\/104693953_10158461640506241_3849366250834787774_n-150x150.jpg 150w, https:\/\/kichiko.net\/wp-content\/uploads\/2020\/06\/104693953_10158461640506241_3849366250834787774_n-400x403.jpg 400w, https:\/\/kichiko.net\/wp-content\/uploads\/2020\/06\/104693953_10158461640506241_3849366250834787774_n-768x774.jpg 768w\" sizes=\"(max-width: 952px) 100vw, 952px\" \/><figcaption>Nyf\u00f8dt<br><\/figcaption><\/figure>\n\n\n\n<figure class=\"wp-block-image\"><img loading=\"lazy\" width=\"1009\" height=\"1024\" src=\"http:\/\/kichiko.net\/wp-content\/uploads\/2020\/06\/IMG_1938-5-1009x1024.jpg\" alt=\"\" class=\"wp-image-2874\" srcset=\"https:\/\/kichiko.net\/wp-content\/uploads\/2020\/06\/IMG_1938-5-1009x1024.jpg 1009w, https:\/\/kichiko.net\/wp-content\/uploads\/2020\/06\/IMG_1938-5-400x406.jpg 400w, https:\/\/kichiko.net\/wp-content\/uploads\/2020\/06\/IMG_1938-5-768x780.jpg 768w, https:\/\/kichiko.net\/wp-content\/uploads\/2020\/06\/IMG_1938-5.jpg 1596w\" sizes=\"(max-width: 1009px) 100vw, 1009px\" \/><figcaption>1 uke <br><\/figcaption><\/figure>\n\n\n\n<figure class=\"wp-block-image\"><img loading=\"lazy\" width=\"1004\" height=\"1024\" src=\"http:\/\/kichiko.net\/wp-content\/uploads\/2020\/07\/IMG_1953-4-1004x1024.jpg\" alt=\"\" class=\"wp-image-2888\" srcset=\"https:\/\/kichiko.net\/wp-content\/uploads\/2020\/07\/IMG_1953-4-1004x1024.jpg 1004w, https:\/\/kichiko.net\/wp-content\/uploads\/2020\/07\/IMG_1953-4-400x408.jpg 400w, https:\/\/kichiko.net\/wp-content\/uploads\/2020\/07\/IMG_1953-4-768x783.jpg 768w, https:\/\/kichiko.net\/wp-content\/uploads\/2020\/07\/IMG_1953-4.jpg 1945w\" sizes=\"(max-width: 1004px) 100vw, 1004px\" \/><figcaption>2 uker<br><\/figcaption><\/figure>\n\n\n\n<figure class=\"wp-block-image\"><img loading=\"lazy\" width=\"905\" height=\"1024\" src=\"http:\/\/kichiko.net\/wp-content\/uploads\/2020\/07\/IMG_1993-2-905x1024.jpg\" alt=\"\" class=\"wp-image-2899\" srcset=\"https:\/\/kichiko.net\/wp-content\/uploads\/2020\/07\/IMG_1993-2-905x1024.jpg 905w, https:\/\/kichiko.net\/wp-content\/uploads\/2020\/07\/IMG_1993-2-400x453.jpg 400w, https:\/\/kichiko.net\/wp-content\/uploads\/2020\/07\/IMG_1993-2-768x869.jpg 768w, https:\/\/kichiko.net\/wp-content\/uploads\/2020\/07\/IMG_1993-2.jpg 1751w\" sizes=\"(max-width: 905px) 100vw, 905px\" \/><figcaption>3 uker<br><\/figcaption><\/figure>\n\n\n\n<figure class=\"wp-block-image\"><img loading=\"lazy\" width=\"1002\" height=\"1024\" src=\"http:\/\/kichiko.net\/wp-content\/uploads\/2020\/07\/IMG_2020-2-1002x1024.jpg\" alt=\"\" class=\"wp-image-2910\" srcset=\"https:\/\/kichiko.net\/wp-content\/uploads\/2020\/07\/IMG_2020-2-1002x1024.jpg 1002w, https:\/\/kichiko.net\/wp-content\/uploads\/2020\/07\/IMG_2020-2-400x409.jpg 400w, https:\/\/kichiko.net\/wp-content\/uploads\/2020\/07\/IMG_2020-2-768x785.jpg 768w\" sizes=\"(max-width: 1002px) 100vw, 1002px\" \/><figcaption>4 uker<br><br><\/figcaption><\/figure>\n\n\n\n<figure class=\"wp-block-image\"><img loading=\"lazy\" width=\"894\" height=\"1024\" src=\"http:\/\/kichiko.net\/wp-content\/uploads\/2020\/07\/IMG_2052-2-894x1024.jpg\" alt=\"\" class=\"wp-image-2924\" srcset=\"https:\/\/kichiko.net\/wp-content\/uploads\/2020\/07\/IMG_2052-2-894x1024.jpg 894w, https:\/\/kichiko.net\/wp-content\/uploads\/2020\/07\/IMG_2052-2-400x458.jpg 400w, https:\/\/kichiko.net\/wp-content\/uploads\/2020\/07\/IMG_2052-2-768x880.jpg 768w, https:\/\/kichiko.net\/wp-content\/uploads\/2020\/07\/IMG_2052-2.jpg 1582w\" sizes=\"(max-width: 894px) 100vw, 894px\" \/><figcaption>5 uker<br><\/figcaption><\/figure>\n\n\n\n<figure class=\"wp-block-image\"><img loading=\"lazy\" width=\"833\" height=\"1024\" src=\"http:\/\/kichiko.net\/wp-content\/uploads\/2020\/08\/IMG_2066-2-833x1024.jpg\" alt=\"\" class=\"wp-image-2940\" srcset=\"https:\/\/kichiko.net\/wp-content\/uploads\/2020\/08\/IMG_2066-2-833x1024.jpg 833w, https:\/\/kichiko.net\/wp-content\/uploads\/2020\/08\/IMG_2066-2-400x491.jpg 400w, https:\/\/kichiko.net\/wp-content\/uploads\/2020\/08\/IMG_2066-2-768x944.jpg 768w, https:\/\/kichiko.net\/wp-content\/uploads\/2020\/08\/IMG_2066-2.jpg 1395w\" sizes=\"(max-width: 833px) 100vw, 833px\" \/><figcaption>6 uker<br><\/figcaption><\/figure>\n\n\n\n<figure class=\"wp-block-image\"><img loading=\"lazy\" width=\"675\" height=\"1024\" src=\"http:\/\/kichiko.net\/wp-content\/uploads\/2020\/08\/IMG_2077-2-675x1024.jpg\" alt=\"\" class=\"wp-image-2948\" srcset=\"https:\/\/kichiko.net\/wp-content\/uploads\/2020\/08\/IMG_2077-2-675x1024.jpg 675w, https:\/\/kichiko.net\/wp-content\/uploads\/2020\/08\/IMG_2077-2-396x600.jpg 396w, https:\/\/kichiko.net\/wp-content\/uploads\/2020\/08\/IMG_2077-2-768x1165.jpg 768w, https:\/\/kichiko.net\/wp-content\/uploads\/2020\/08\/IMG_2077-2.jpg 1260w\" sizes=\"(max-width: 675px) 100vw, 675px\" \/><figcaption>7 uker<br><\/figcaption><\/figure>\n\n\n\n<figure class=\"wp-block-image\"><img loading=\"lazy\" width=\"885\" height=\"1024\" src=\"http:\/\/kichiko.net\/wp-content\/uploads\/2020\/08\/IMG_2105-2-885x1024.jpg\" alt=\"\" class=\"wp-image-2950\" srcset=\"https:\/\/kichiko.net\/wp-content\/uploads\/2020\/08\/IMG_2105-2-885x1024.jpg 885w, https:\/\/kichiko.net\/wp-content\/uploads\/2020\/08\/IMG_2105-2-400x463.jpg 400w, https:\/\/kichiko.net\/wp-content\/uploads\/2020\/08\/IMG_2105-2-768x888.jpg 768w\" sizes=\"(max-width: 885px) 100vw, 885px\" \/><figcaption>Penny med sine nye stolte eiere<\/figcaption><\/figure>\n","protected":false},"excerpt":{"rendered":"<p>Kl. 01:58 . Nr.3 ble en r\u00f8d tispe som veide 220 gr.&nbsp;&nbsp;Hun fikk navnet : Kichiko`s&nbsp; Yasei Etsuko .Det betyr Vill Frydefull Jente. Nick : PennyRase : ShibaKj\u00f8nn : TispeFarge : R\u00f8dF\u00f8dt : 20\/6-2020Reg.nr : NO49264\/20HD : B\/BAD : 0\/0Patella : 0\/0 Eier :&nbsp;Julie Gatto og Bj\u00f8rn Bergan, Borgen<\/p>\n","protected":false},"author":2,"featured_media":0,"parent":2839,"menu_order":3,"comment_status":"closed","ping_status":"closed","template":"","meta":[],"_links":{"self":[{"href":"https:\/\/kichiko.net\/index.php?rest_route=\/wp\/v2\/pages\/2845"}],"collection":[{"href":"https:\/\/kichiko.net\/index.php?rest_route=\/wp\/v2\/pages"}],"about":[{"href":"https:\/\/kichiko.net\/index.php?rest_route=\/wp\/v2\/types\/page"}],"author":[{"embeddable":true,"href":"https:\/\/kichiko.net\/index.php?rest_route=\/wp\/v2\/users\/2"}],"replies":[{"embeddable":true,"href":"https:\/\/kichiko.net\/index.php?rest_route=%2Fwp%2Fv2%2Fcomments&post=2845"}],"version-history":[{"count":14,"href":"https:\/\/kichiko.net\/index.php?rest_route=\/wp\/v2\/pages\/2845\/revisions"}],"predecessor-version":[{"id":3860,"href":"https:\/\/kichiko.net\/index.php?rest_route=\/wp\/v2\/pages\/2845\/revisions\/3860"}],"up":[{"embeddable":true,"href":"https:\/\/kichiko.net\/index.php?rest_route=\/wp\/v2\/pages\/2839"}],"wp:attachment":[{"href":"https:\/\/kichiko.net\/index.php?rest_route=%2Fwp%2Fv2%2Fmedia&parent=2845"}],"curies":[{"name":"wp","href":"https:\/\/api.w.org\/{rel}","templated":true}]}}