{"id":2677,"date":"2020-04-17T19:52:35","date_gmt":"2020-04-17T18:52:35","guid":{"rendered":"http:\/\/kichiko.net\/?page_id=2677"},"modified":"2022-01-20T19:19:01","modified_gmt":"2022-01-20T18:19:01","slug":"kichikos-x","status":"publish","type":"page","link":"https:\/\/kichiko.net\/?page_id=2677","title":{"rendered":"Xo-Xo Hanako"},"content":{"rendered":"\n<p>Kl. 13:20 . Nr.2 ble en tispe  som veide 290 gr.&nbsp;&nbsp;Hun fikk navnet : Kichiko`s&nbsp; Xo-Xo Hanako. Det betyr &laquo;Kisses &amp; hugs Liten Blomst&raquo;<\/p>\n\n\n\n<p>Nick : Mika<br>Rase : Shiba<br>Kj\u00f8nn : Tispe<br>Farge : R\u00f8d<br>F\u00f8dt : 17\/4-2020<br>Reg.nr : NO 41120\/20<br>HD : C\/C<br>AD : 0\/0<\/p>\n\n\n\n<p>Eier :&nbsp;Glenn Terje Str\u00f8mmen, Kristiansand<\/p>\n\n\n\n<figure class=\"wp-block-image\"><img loading=\"lazy\" width=\"960\" height=\"888\" src=\"http:\/\/kichiko.net\/wp-content\/uploads\/2020\/04\/93277455_10158220627516241_5013279307577950208_n.jpg\" alt=\"\" class=\"wp-image-2685\" srcset=\"https:\/\/kichiko.net\/wp-content\/uploads\/2020\/04\/93277455_10158220627516241_5013279307577950208_n.jpg 960w, https:\/\/kichiko.net\/wp-content\/uploads\/2020\/04\/93277455_10158220627516241_5013279307577950208_n-400x370.jpg 400w, https:\/\/kichiko.net\/wp-content\/uploads\/2020\/04\/93277455_10158220627516241_5013279307577950208_n-768x710.jpg 768w\" sizes=\"(max-width: 960px) 100vw, 960px\" \/><figcaption>Nyf\u00f8dt<br><\/figcaption><\/figure>\n\n\n\n<figure class=\"wp-block-image\"><img loading=\"lazy\" width=\"981\" height=\"1024\" src=\"http:\/\/kichiko.net\/wp-content\/uploads\/2020\/04\/IMG_1608-981x1024.jpg\" alt=\"\" class=\"wp-image-2707\" srcset=\"https:\/\/kichiko.net\/wp-content\/uploads\/2020\/04\/IMG_1608-981x1024.jpg 981w, https:\/\/kichiko.net\/wp-content\/uploads\/2020\/04\/IMG_1608-400x418.jpg 400w, https:\/\/kichiko.net\/wp-content\/uploads\/2020\/04\/IMG_1608-768x802.jpg 768w, https:\/\/kichiko.net\/wp-content\/uploads\/2020\/04\/IMG_1608.jpg 1726w\" sizes=\"(max-width: 981px) 100vw, 981px\" \/><figcaption>1 uke<br><\/figcaption><\/figure>\n\n\n\n<figure class=\"wp-block-image\"><img loading=\"lazy\" width=\"914\" height=\"1024\" src=\"http:\/\/kichiko.net\/wp-content\/uploads\/2020\/05\/IMG_1623-914x1024.jpg\" alt=\"\" class=\"wp-image-2747\" srcset=\"https:\/\/kichiko.net\/wp-content\/uploads\/2020\/05\/IMG_1623-914x1024.jpg 914w, https:\/\/kichiko.net\/wp-content\/uploads\/2020\/05\/IMG_1623-400x448.jpg 400w, https:\/\/kichiko.net\/wp-content\/uploads\/2020\/05\/IMG_1623-768x861.jpg 768w\" sizes=\"(max-width: 914px) 100vw, 914px\" \/><figcaption>2 uker<\/figcaption><\/figure>\n\n\n\n<figure class=\"wp-block-image\"><img loading=\"lazy\" width=\"1024\" height=\"994\" src=\"http:\/\/kichiko.net\/wp-content\/uploads\/2020\/05\/IMG_1655-1024x994.jpg\" alt=\"\" class=\"wp-image-2749\" srcset=\"https:\/\/kichiko.net\/wp-content\/uploads\/2020\/05\/IMG_1655-1024x994.jpg 1024w, https:\/\/kichiko.net\/wp-content\/uploads\/2020\/05\/IMG_1655-400x388.jpg 400w, https:\/\/kichiko.net\/wp-content\/uploads\/2020\/05\/IMG_1655-768x745.jpg 768w\" sizes=\"(max-width: 1024px) 100vw, 1024px\" \/><figcaption>3 uker<br><\/figcaption><\/figure>\n\n\n\n<figure class=\"wp-block-image\"><img loading=\"lazy\" width=\"1015\" height=\"1024\" src=\"http:\/\/kichiko.net\/wp-content\/uploads\/2020\/05\/IMG_1693-3-1015x1024.jpg\" alt=\"\" class=\"wp-image-2770\" srcset=\"https:\/\/kichiko.net\/wp-content\/uploads\/2020\/05\/IMG_1693-3-1015x1024.jpg 1015w, https:\/\/kichiko.net\/wp-content\/uploads\/2020\/05\/IMG_1693-3-150x150.jpg 150w, https:\/\/kichiko.net\/wp-content\/uploads\/2020\/05\/IMG_1693-3-400x403.jpg 400w, https:\/\/kichiko.net\/wp-content\/uploads\/2020\/05\/IMG_1693-3-768x774.jpg 768w, https:\/\/kichiko.net\/wp-content\/uploads\/2020\/05\/IMG_1693-3.jpg 1774w\" sizes=\"(max-width: 1015px) 100vw, 1015px\" \/><figcaption>4 uker<br><\/figcaption><\/figure>\n\n\n\n<figure class=\"wp-block-image\"><img loading=\"lazy\" width=\"836\" height=\"1024\" src=\"http:\/\/kichiko.net\/wp-content\/uploads\/2020\/05\/IMG_1801-3-836x1024.jpg\" alt=\"\" class=\"wp-image-2788\" srcset=\"https:\/\/kichiko.net\/wp-content\/uploads\/2020\/05\/IMG_1801-3-836x1024.jpg 836w, https:\/\/kichiko.net\/wp-content\/uploads\/2020\/05\/IMG_1801-3-400x490.jpg 400w, https:\/\/kichiko.net\/wp-content\/uploads\/2020\/05\/IMG_1801-3-768x941.jpg 768w, https:\/\/kichiko.net\/wp-content\/uploads\/2020\/05\/IMG_1801-3.jpg 1682w\" sizes=\"(max-width: 836px) 100vw, 836px\" \/><figcaption>5 uker<br><\/figcaption><\/figure>\n\n\n\n<figure class=\"wp-block-image\"><img loading=\"lazy\" width=\"793\" height=\"1024\" src=\"http:\/\/kichiko.net\/wp-content\/uploads\/2020\/05\/IMG_1826-2-793x1024.jpg\" alt=\"\" class=\"wp-image-2801\" srcset=\"https:\/\/kichiko.net\/wp-content\/uploads\/2020\/05\/IMG_1826-2-793x1024.jpg 793w, https:\/\/kichiko.net\/wp-content\/uploads\/2020\/05\/IMG_1826-2-400x516.jpg 400w, https:\/\/kichiko.net\/wp-content\/uploads\/2020\/05\/IMG_1826-2-768x991.jpg 768w, https:\/\/kichiko.net\/wp-content\/uploads\/2020\/05\/IMG_1826-2.jpg 1534w\" sizes=\"(max-width: 793px) 100vw, 793px\" \/><figcaption>6 uker<br><\/figcaption><\/figure>\n\n\n\n<figure class=\"wp-block-image\"><img loading=\"lazy\" width=\"621\" height=\"1024\" src=\"http:\/\/kichiko.net\/wp-content\/uploads\/2020\/06\/IMG_1843-2-621x1024.jpg\" alt=\"\" class=\"wp-image-2813\" srcset=\"https:\/\/kichiko.net\/wp-content\/uploads\/2020\/06\/IMG_1843-2-621x1024.jpg 621w, https:\/\/kichiko.net\/wp-content\/uploads\/2020\/06\/IMG_1843-2-364x600.jpg 364w, https:\/\/kichiko.net\/wp-content\/uploads\/2020\/06\/IMG_1843-2-768x1267.jpg 768w, https:\/\/kichiko.net\/wp-content\/uploads\/2020\/06\/IMG_1843-2.jpg 1055w\" sizes=\"(max-width: 621px) 100vw, 621px\" \/><figcaption>7 uker<br><\/figcaption><\/figure>\n\n\n\n<figure class=\"wp-block-image\"><img loading=\"lazy\" width=\"742\" height=\"1024\" src=\"http:\/\/kichiko.net\/wp-content\/uploads\/2020\/06\/IMG_1868-2-742x1024.jpg\" alt=\"\" class=\"wp-image-2821\" srcset=\"https:\/\/kichiko.net\/wp-content\/uploads\/2020\/06\/IMG_1868-2-742x1024.jpg 742w, https:\/\/kichiko.net\/wp-content\/uploads\/2020\/06\/IMG_1868-2-400x552.jpg 400w, https:\/\/kichiko.net\/wp-content\/uploads\/2020\/06\/IMG_1868-2-768x1060.jpg 768w, https:\/\/kichiko.net\/wp-content\/uploads\/2020\/06\/IMG_1868-2.jpg 1279w\" sizes=\"(max-width: 742px) 100vw, 742px\" \/><figcaption>8 uker<br><\/figcaption><\/figure>\n\n\n\n<figure class=\"wp-block-image\"><img loading=\"lazy\" width=\"393\" height=\"1024\" src=\"http:\/\/kichiko.net\/wp-content\/uploads\/2020\/06\/IMG_1929-2-393x1024.jpg\" alt=\"\" class=\"wp-image-2825\" srcset=\"https:\/\/kichiko.net\/wp-content\/uploads\/2020\/06\/IMG_1929-2-393x1024.jpg 393w, https:\/\/kichiko.net\/wp-content\/uploads\/2020\/06\/IMG_1929-2-230x600.jpg 230w, https:\/\/kichiko.net\/wp-content\/uploads\/2020\/06\/IMG_1929-2-768x2003.jpg 768w, https:\/\/kichiko.net\/wp-content\/uploads\/2020\/06\/IMG_1929-2.jpg 1041w\" sizes=\"(max-width: 393px) 100vw, 393px\" \/><figcaption>Mika med sin nye eier, Glenn<\/figcaption><\/figure>\n","protected":false},"excerpt":{"rendered":"<p>Kl. 13:20 . Nr.2 ble en tispe som veide 290 gr.&nbsp;&nbsp;Hun fikk navnet : Kichiko`s&nbsp; Xo-Xo Hanako. Det betyr &laquo;Kisses &amp; hugs Liten Blomst&raquo; Nick : MikaRase : ShibaKj\u00f8nn : TispeFarge : R\u00f8dF\u00f8dt : 17\/4-2020Reg.nr : NO 41120\/20HD : C\/CAD : 0\/0 Eier :&nbsp;Glenn Terje Str\u00f8mmen, Kristiansand<\/p>\n","protected":false},"author":2,"featured_media":0,"parent":2673,"menu_order":3,"comment_status":"closed","ping_status":"closed","template":"","meta":[],"_links":{"self":[{"href":"https:\/\/kichiko.net\/index.php?rest_route=\/wp\/v2\/pages\/2677"}],"collection":[{"href":"https:\/\/kichiko.net\/index.php?rest_route=\/wp\/v2\/pages"}],"about":[{"href":"https:\/\/kichiko.net\/index.php?rest_route=\/wp\/v2\/types\/page"}],"author":[{"embeddable":true,"href":"https:\/\/kichiko.net\/index.php?rest_route=\/wp\/v2\/users\/2"}],"replies":[{"embeddable":true,"href":"https:\/\/kichiko.net\/index.php?rest_route=%2Fwp%2Fv2%2Fcomments&post=2677"}],"version-history":[{"count":16,"href":"https:\/\/kichiko.net\/index.php?rest_route=\/wp\/v2\/pages\/2677\/revisions"}],"predecessor-version":[{"id":4029,"href":"https:\/\/kichiko.net\/index.php?rest_route=\/wp\/v2\/pages\/2677\/revisions\/4029"}],"up":[{"embeddable":true,"href":"https:\/\/kichiko.net\/index.php?rest_route=\/wp\/v2\/pages\/2673"}],"wp:attachment":[{"href":"https:\/\/kichiko.net\/index.php?rest_route=%2Fwp%2Fv2%2Fmedia&parent=2677"}],"curies":[{"name":"wp","href":"https:\/\/api.w.org\/{rel}","templated":true}]}}