{"id":2675,"date":"2020-04-17T19:52:03","date_gmt":"2020-04-17T18:52:03","guid":{"rendered":"http:\/\/kichiko.net\/?page_id=2675"},"modified":"2021-06-21T21:51:29","modified_gmt":"2021-06-21T20:51:29","slug":"kichikos-w","status":"publish","type":"page","link":"https:\/\/kichiko.net\/?page_id=2675","title":{"rendered":"Xo-Xo Musha"},"content":{"rendered":"\n<p>Kl. 12:40 . Nr.1 ble en r\u00f8d hann som veide 330 gr.&nbsp;&nbsp;Han fikk navnet : Kichiko`s&nbsp; Xo-Xo Musha. Det betyr &laquo;kisses &amp; hugs Soldat&raquo;<\/p>\n\n\n\n<p>Nick : Lillebj\u00f8rn<br>Rase : Shiba<br>Kj\u00f8nn : Hann<br>Farge : R\u00f8d<br>F\u00f8dt : 17\/4-2020<br>Reg.nr : NO 41119\/20<br>HD : A\/A<br>AD : 0\/0<br>Patella :&nbsp;<\/p>\n\n\n\n<p>Eier :&nbsp;Lasse Rud Einarsen og Kristine Prestby, Oslo<\/p>\n\n\n\n<figure class=\"wp-block-image\"><img loading=\"lazy\" width=\"960\" height=\"856\" src=\"http:\/\/kichiko.net\/wp-content\/uploads\/2020\/04\/93243670_10158220627686241_2454066342098108416_n.jpg\" alt=\"\" class=\"wp-image-2683\" srcset=\"https:\/\/kichiko.net\/wp-content\/uploads\/2020\/04\/93243670_10158220627686241_2454066342098108416_n.jpg 960w, https:\/\/kichiko.net\/wp-content\/uploads\/2020\/04\/93243670_10158220627686241_2454066342098108416_n-400x357.jpg 400w, https:\/\/kichiko.net\/wp-content\/uploads\/2020\/04\/93243670_10158220627686241_2454066342098108416_n-768x685.jpg 768w\" sizes=\"(max-width: 960px) 100vw, 960px\" \/><figcaption>Nyf\u00f8dt<br><\/figcaption><\/figure>\n\n\n\n<figure class=\"wp-block-image\"><img loading=\"lazy\" width=\"1024\" height=\"830\" src=\"http:\/\/kichiko.net\/wp-content\/uploads\/2020\/04\/IMG_1605-1024x830.jpg\" alt=\"\" class=\"wp-image-2705\" srcset=\"https:\/\/kichiko.net\/wp-content\/uploads\/2020\/04\/IMG_1605-1024x830.jpg 1024w, https:\/\/kichiko.net\/wp-content\/uploads\/2020\/04\/IMG_1605-400x324.jpg 400w, https:\/\/kichiko.net\/wp-content\/uploads\/2020\/04\/IMG_1605-768x622.jpg 768w, https:\/\/kichiko.net\/wp-content\/uploads\/2020\/04\/IMG_1605.jpg 1973w\" sizes=\"(max-width: 1024px) 100vw, 1024px\" \/><figcaption>1 uke<br><\/figcaption><\/figure>\n\n\n\n<figure class=\"wp-block-image\"><img loading=\"lazy\" width=\"987\" height=\"1024\" src=\"http:\/\/kichiko.net\/wp-content\/uploads\/2020\/05\/IMG_1622-987x1024.jpg\" alt=\"\" class=\"wp-image-2745\" srcset=\"https:\/\/kichiko.net\/wp-content\/uploads\/2020\/05\/IMG_1622-987x1024.jpg 987w, https:\/\/kichiko.net\/wp-content\/uploads\/2020\/05\/IMG_1622-400x415.jpg 400w, https:\/\/kichiko.net\/wp-content\/uploads\/2020\/05\/IMG_1622-768x797.jpg 768w\" sizes=\"(max-width: 987px) 100vw, 987px\" \/><figcaption>2 uker<\/figcaption><\/figure>\n\n\n\n<figure class=\"wp-block-image\"><img loading=\"lazy\" width=\"909\" height=\"1024\" src=\"http:\/\/kichiko.net\/wp-content\/uploads\/2020\/05\/IMG_1653-909x1024.jpg\" alt=\"\" class=\"wp-image-2751\" srcset=\"https:\/\/kichiko.net\/wp-content\/uploads\/2020\/05\/IMG_1653-909x1024.jpg 909w, https:\/\/kichiko.net\/wp-content\/uploads\/2020\/05\/IMG_1653-400x451.jpg 400w, https:\/\/kichiko.net\/wp-content\/uploads\/2020\/05\/IMG_1653-768x865.jpg 768w\" sizes=\"(max-width: 909px) 100vw, 909px\" \/><figcaption>3 uker<br><\/figcaption><\/figure>\n\n\n\n<figure class=\"wp-block-image\"><img loading=\"lazy\" width=\"838\" height=\"1024\" src=\"http:\/\/kichiko.net\/wp-content\/uploads\/2020\/05\/IMG_1691-2-838x1024.jpg\" alt=\"\" class=\"wp-image-2768\" srcset=\"https:\/\/kichiko.net\/wp-content\/uploads\/2020\/05\/IMG_1691-2-838x1024.jpg 838w, https:\/\/kichiko.net\/wp-content\/uploads\/2020\/05\/IMG_1691-2-400x489.jpg 400w, https:\/\/kichiko.net\/wp-content\/uploads\/2020\/05\/IMG_1691-2-768x938.jpg 768w, https:\/\/kichiko.net\/wp-content\/uploads\/2020\/05\/IMG_1691-2.jpg 1893w\" sizes=\"(max-width: 838px) 100vw, 838px\" \/><figcaption>4 uker<\/figcaption><\/figure>\n\n\n\n<figure class=\"wp-block-image\"><img loading=\"lazy\" width=\"958\" height=\"1024\" src=\"http:\/\/kichiko.net\/wp-content\/uploads\/2020\/05\/IMG_1797-2-958x1024.jpg\" alt=\"\" class=\"wp-image-2786\" srcset=\"https:\/\/kichiko.net\/wp-content\/uploads\/2020\/05\/IMG_1797-2-958x1024.jpg 958w, https:\/\/kichiko.net\/wp-content\/uploads\/2020\/05\/IMG_1797-2-400x427.jpg 400w, https:\/\/kichiko.net\/wp-content\/uploads\/2020\/05\/IMG_1797-2-768x821.jpg 768w, https:\/\/kichiko.net\/wp-content\/uploads\/2020\/05\/IMG_1797-2.jpg 1897w\" sizes=\"(max-width: 958px) 100vw, 958px\" \/><figcaption>5 uker<br><\/figcaption><\/figure>\n\n\n\n<figure class=\"wp-block-image\"><img loading=\"lazy\" width=\"823\" height=\"1024\" src=\"http:\/\/kichiko.net\/wp-content\/uploads\/2020\/05\/IMG_1811-2-823x1024.jpg\" alt=\"\" class=\"wp-image-2799\" srcset=\"https:\/\/kichiko.net\/wp-content\/uploads\/2020\/05\/IMG_1811-2-823x1024.jpg 823w, https:\/\/kichiko.net\/wp-content\/uploads\/2020\/05\/IMG_1811-2-400x498.jpg 400w, https:\/\/kichiko.net\/wp-content\/uploads\/2020\/05\/IMG_1811-2-768x956.jpg 768w, https:\/\/kichiko.net\/wp-content\/uploads\/2020\/05\/IMG_1811-2.jpg 1512w\" sizes=\"(max-width: 823px) 100vw, 823px\" \/><figcaption>6 uker<\/figcaption><\/figure>\n\n\n\n<figure class=\"wp-block-image\"><img loading=\"lazy\" width=\"644\" height=\"1024\" src=\"http:\/\/kichiko.net\/wp-content\/uploads\/2020\/06\/IMG_1844-2-644x1024.jpg\" alt=\"\" class=\"wp-image-2810\" srcset=\"https:\/\/kichiko.net\/wp-content\/uploads\/2020\/06\/IMG_1844-2-644x1024.jpg 644w, https:\/\/kichiko.net\/wp-content\/uploads\/2020\/06\/IMG_1844-2-377x600.jpg 377w, https:\/\/kichiko.net\/wp-content\/uploads\/2020\/06\/IMG_1844-2-768x1221.jpg 768w, https:\/\/kichiko.net\/wp-content\/uploads\/2020\/06\/IMG_1844-2.jpg 1043w\" sizes=\"(max-width: 644px) 100vw, 644px\" \/><figcaption>7 uker<br><\/figcaption><\/figure>\n\n\n\n<figure class=\"wp-block-image\"><img loading=\"lazy\" width=\"818\" height=\"1024\" src=\"http:\/\/kichiko.net\/wp-content\/uploads\/2020\/06\/IMG_1856-2-818x1024.jpg\" alt=\"\" class=\"wp-image-2823\" srcset=\"https:\/\/kichiko.net\/wp-content\/uploads\/2020\/06\/IMG_1856-2-818x1024.jpg 818w, https:\/\/kichiko.net\/wp-content\/uploads\/2020\/06\/IMG_1856-2-400x501.jpg 400w, https:\/\/kichiko.net\/wp-content\/uploads\/2020\/06\/IMG_1856-2-768x961.jpg 768w, https:\/\/kichiko.net\/wp-content\/uploads\/2020\/06\/IMG_1856-2.jpg 1543w\" sizes=\"(max-width: 818px) 100vw, 818px\" \/><figcaption>8 uker<br><\/figcaption><\/figure>\n\n\n\n<figure class=\"wp-block-image\"><img loading=\"lazy\" width=\"603\" height=\"1024\" src=\"http:\/\/kichiko.net\/wp-content\/uploads\/2020\/06\/IMG_1930-3-603x1024.jpg\" alt=\"\" class=\"wp-image-2830\" srcset=\"https:\/\/kichiko.net\/wp-content\/uploads\/2020\/06\/IMG_1930-3-603x1024.jpg 603w, https:\/\/kichiko.net\/wp-content\/uploads\/2020\/06\/IMG_1930-3-354x600.jpg 354w, https:\/\/kichiko.net\/wp-content\/uploads\/2020\/06\/IMG_1930-3-768x1303.jpg 768w, https:\/\/kichiko.net\/wp-content\/uploads\/2020\/06\/IMG_1930-3.jpg 1681w\" sizes=\"(max-width: 603px) 100vw, 603px\" \/><figcaption>Lillebj\u00f8rn med sine nye eiere, Kristine og Lasse<br><\/figcaption><\/figure>\n\n\n\n<figure class=\"wp-block-image\"><img loading=\"lazy\" width=\"1024\" height=\"768\" src=\"http:\/\/kichiko.net\/wp-content\/uploads\/2021\/06\/198851743_197845188886884_4216155199693148280_n-1024x768.jpg\" alt=\"\" class=\"wp-image-3564\" srcset=\"https:\/\/kichiko.net\/wp-content\/uploads\/2021\/06\/198851743_197845188886884_4216155199693148280_n-1024x768.jpg 1024w, https:\/\/kichiko.net\/wp-content\/uploads\/2021\/06\/198851743_197845188886884_4216155199693148280_n-400x300.jpg 400w, https:\/\/kichiko.net\/wp-content\/uploads\/2021\/06\/198851743_197845188886884_4216155199693148280_n-768x576.jpg 768w\" sizes=\"(max-width: 1024px) 100vw, 1024px\" \/><figcaption>Lillebj\u00f8rn, 1 \u00e5r <\/figcaption><\/figure>\n","protected":false},"excerpt":{"rendered":"<p>Kl. 12:40 . Nr.1 ble en r\u00f8d hann som veide 330 gr.&nbsp;&nbsp;Han fikk navnet : Kichiko`s&nbsp; Xo-Xo Musha. Det betyr &laquo;kisses &amp; hugs Soldat&raquo; Nick : Lillebj\u00f8rnRase : ShibaKj\u00f8nn : HannFarge : R\u00f8dF\u00f8dt : 17\/4-2020Reg.nr : NO 41119\/20HD : A\/AAD : 0\/0Patella :&nbsp; Eier :&nbsp;Lasse Rud Einarsen og Kristine Prestby, Oslo<\/p>\n","protected":false},"author":2,"featured_media":0,"parent":2673,"menu_order":1,"comment_status":"closed","ping_status":"closed","template":"","meta":[],"_links":{"self":[{"href":"https:\/\/kichiko.net\/index.php?rest_route=\/wp\/v2\/pages\/2675"}],"collection":[{"href":"https:\/\/kichiko.net\/index.php?rest_route=\/wp\/v2\/pages"}],"about":[{"href":"https:\/\/kichiko.net\/index.php?rest_route=\/wp\/v2\/types\/page"}],"author":[{"embeddable":true,"href":"https:\/\/kichiko.net\/index.php?rest_route=\/wp\/v2\/users\/2"}],"replies":[{"embeddable":true,"href":"https:\/\/kichiko.net\/index.php?rest_route=%2Fwp%2Fv2%2Fcomments&post=2675"}],"version-history":[{"count":20,"href":"https:\/\/kichiko.net\/index.php?rest_route=\/wp\/v2\/pages\/2675\/revisions"}],"predecessor-version":[{"id":3565,"href":"https:\/\/kichiko.net\/index.php?rest_route=\/wp\/v2\/pages\/2675\/revisions\/3565"}],"up":[{"embeddable":true,"href":"https:\/\/kichiko.net\/index.php?rest_route=\/wp\/v2\/pages\/2673"}],"wp:attachment":[{"href":"https:\/\/kichiko.net\/index.php?rest_route=%2Fwp%2Fv2%2Fmedia&parent=2675"}],"curies":[{"name":"wp","href":"https:\/\/api.w.org\/{rel}","templated":true}]}}