{"id":2634,"date":"2020-03-30T20:13:00","date_gmt":"2020-03-30T19:13:00","guid":{"rendered":"http:\/\/kichiko.net\/?page_id=2634"},"modified":"2022-02-07T19:51:42","modified_gmt":"2022-02-07T18:51:42","slug":"kichikos-w-4","status":"publish","type":"page","link":"https:\/\/kichiko.net\/?page_id=2634","title":{"rendered":"Worthy Dai-Ichi Erai"},"content":{"rendered":"\n<p>Kl. 19:50 . Nr.4 ble en r\u00f8d hann som veide 210 gr.&nbsp;&nbsp;Han fikk navnet : Kichiko`s&nbsp; Worthy Dai-Ichi Erai. Det betyr: Verdig den f\u00f8rste storhet<\/p>\n\n\n\n<p>Nick : Iso<br>Rase : Shiba<br>Kj\u00f8nn : Hann<br>Farge : R\u00f8d<br>F\u00f8dt : 30\/3-2020<br>Reg.nr : NO 41118\/20<br>HD : B\/B<br>AD : 0\/0<br>Patella :\u00a00\/0<\/p>\n\n\n\n<p>Eier :&nbsp;Hanne Fagertun, V\u00e6r\u00f8y<\/p>\n\n\n\n<figure class=\"wp-block-image\"><img loading=\"lazy\" width=\"960\" height=\"802\" src=\"http:\/\/kichiko.net\/wp-content\/uploads\/2020\/03\/90988373_10158150780771241_852252181611413504_n.jpg\" alt=\"\" class=\"wp-image-2647\" srcset=\"https:\/\/kichiko.net\/wp-content\/uploads\/2020\/03\/90988373_10158150780771241_852252181611413504_n.jpg 960w, https:\/\/kichiko.net\/wp-content\/uploads\/2020\/03\/90988373_10158150780771241_852252181611413504_n-400x334.jpg 400w, https:\/\/kichiko.net\/wp-content\/uploads\/2020\/03\/90988373_10158150780771241_852252181611413504_n-768x642.jpg 768w\" sizes=\"(max-width: 960px) 100vw, 960px\" \/><figcaption>Nyf\u00f8dt<br><\/figcaption><\/figure>\n\n\n\n<figure class=\"wp-block-image\"><img loading=\"lazy\" width=\"1021\" height=\"1024\" src=\"http:\/\/kichiko.net\/wp-content\/uploads\/2020\/04\/IMG_1562-1021x1024.jpg\" alt=\"\" class=\"wp-image-2660\" srcset=\"https:\/\/kichiko.net\/wp-content\/uploads\/2020\/04\/IMG_1562-1021x1024.jpg 1021w, https:\/\/kichiko.net\/wp-content\/uploads\/2020\/04\/IMG_1562-150x150.jpg 150w, https:\/\/kichiko.net\/wp-content\/uploads\/2020\/04\/IMG_1562-400x401.jpg 400w, https:\/\/kichiko.net\/wp-content\/uploads\/2020\/04\/IMG_1562-768x770.jpg 768w, https:\/\/kichiko.net\/wp-content\/uploads\/2020\/04\/IMG_1562.jpg 1636w\" sizes=\"(max-width: 1021px) 100vw, 1021px\" \/><figcaption>1 uke<br><\/figcaption><\/figure>\n\n\n\n<figure class=\"wp-block-image\"><img loading=\"lazy\" width=\"773\" height=\"1024\" src=\"http:\/\/kichiko.net\/wp-content\/uploads\/2020\/04\/IMG_1577-773x1024.jpg\" alt=\"\" class=\"wp-image-2671\" srcset=\"https:\/\/kichiko.net\/wp-content\/uploads\/2020\/04\/IMG_1577-773x1024.jpg 773w, https:\/\/kichiko.net\/wp-content\/uploads\/2020\/04\/IMG_1577-400x530.jpg 400w, https:\/\/kichiko.net\/wp-content\/uploads\/2020\/04\/IMG_1577-768x1018.jpg 768w, https:\/\/kichiko.net\/wp-content\/uploads\/2020\/04\/IMG_1577.jpg 1283w\" sizes=\"(max-width: 773px) 100vw, 773px\" \/><figcaption>2 uker<br><\/figcaption><\/figure>\n\n\n\n<figure class=\"wp-block-image\"><img loading=\"lazy\" width=\"869\" height=\"1024\" src=\"http:\/\/kichiko.net\/wp-content\/uploads\/2020\/04\/IMG_1591-869x1024.jpg\" alt=\"\" class=\"wp-image-2699\" srcset=\"https:\/\/kichiko.net\/wp-content\/uploads\/2020\/04\/IMG_1591-869x1024.jpg 869w, https:\/\/kichiko.net\/wp-content\/uploads\/2020\/04\/IMG_1591-400x471.jpg 400w, https:\/\/kichiko.net\/wp-content\/uploads\/2020\/04\/IMG_1591-768x905.jpg 768w, https:\/\/kichiko.net\/wp-content\/uploads\/2020\/04\/IMG_1591.jpg 1793w\" sizes=\"(max-width: 869px) 100vw, 869px\" \/><figcaption>3 uker<br><\/figcaption><\/figure>\n\n\n\n<figure class=\"wp-block-image\"><img loading=\"lazy\" width=\"914\" height=\"1024\" src=\"http:\/\/kichiko.net\/wp-content\/uploads\/2020\/04\/IMG_1615-914x1024.jpg\" alt=\"\" class=\"wp-image-2717\" srcset=\"https:\/\/kichiko.net\/wp-content\/uploads\/2020\/04\/IMG_1615-914x1024.jpg 914w, https:\/\/kichiko.net\/wp-content\/uploads\/2020\/04\/IMG_1615-400x448.jpg 400w, https:\/\/kichiko.net\/wp-content\/uploads\/2020\/04\/IMG_1615-768x860.jpg 768w\" sizes=\"(max-width: 914px) 100vw, 914px\" \/><figcaption>4 uker<br><\/figcaption><\/figure>\n\n\n\n<figure class=\"wp-block-image\"><img loading=\"lazy\" width=\"889\" height=\"1024\" src=\"http:\/\/kichiko.net\/wp-content\/uploads\/2020\/05\/IMG_1639-889x1024.jpg\" alt=\"\" class=\"wp-image-2728\" srcset=\"https:\/\/kichiko.net\/wp-content\/uploads\/2020\/05\/IMG_1639-889x1024.jpg 889w, https:\/\/kichiko.net\/wp-content\/uploads\/2020\/05\/IMG_1639-400x461.jpg 400w, https:\/\/kichiko.net\/wp-content\/uploads\/2020\/05\/IMG_1639-768x885.jpg 768w, https:\/\/kichiko.net\/wp-content\/uploads\/2020\/05\/IMG_1639.jpg 1640w\" sizes=\"(max-width: 889px) 100vw, 889px\" \/><figcaption>5 uker<br><\/figcaption><\/figure>\n\n\n\n<figure class=\"wp-block-image\"><img loading=\"lazy\" width=\"807\" height=\"1024\" src=\"http:\/\/kichiko.net\/wp-content\/uploads\/2020\/05\/IMG_1673-1-807x1024.jpg\" alt=\"\" class=\"wp-image-2764\" srcset=\"https:\/\/kichiko.net\/wp-content\/uploads\/2020\/05\/IMG_1673-1-807x1024.jpg 807w, https:\/\/kichiko.net\/wp-content\/uploads\/2020\/05\/IMG_1673-1-400x507.jpg 400w, https:\/\/kichiko.net\/wp-content\/uploads\/2020\/05\/IMG_1673-1-768x974.jpg 768w, https:\/\/kichiko.net\/wp-content\/uploads\/2020\/05\/IMG_1673-1.jpg 1721w\" sizes=\"(max-width: 807px) 100vw, 807px\" \/><figcaption>6 uker<br><\/figcaption><\/figure>\n\n\n\n<figure class=\"wp-block-image\"><img loading=\"lazy\" width=\"808\" height=\"1024\" src=\"http:\/\/kichiko.net\/wp-content\/uploads\/2020\/05\/IMG_1719-2-808x1024.jpg\" alt=\"\" class=\"wp-image-2781\" srcset=\"https:\/\/kichiko.net\/wp-content\/uploads\/2020\/05\/IMG_1719-2-808x1024.jpg 808w, https:\/\/kichiko.net\/wp-content\/uploads\/2020\/05\/IMG_1719-2-400x507.jpg 400w, https:\/\/kichiko.net\/wp-content\/uploads\/2020\/05\/IMG_1719-2-768x974.jpg 768w, https:\/\/kichiko.net\/wp-content\/uploads\/2020\/05\/IMG_1719-2.jpg 1393w\" sizes=\"(max-width: 808px) 100vw, 808px\" \/><figcaption>7 uker<br><\/figcaption><\/figure>\n\n\n\n<figure class=\"wp-block-image\"><img loading=\"lazy\" width=\"419\" height=\"1024\" src=\"http:\/\/kichiko.net\/wp-content\/uploads\/2020\/06\/IMG_1827-2-419x1024.jpg\" alt=\"\" class=\"wp-image-2803\" srcset=\"https:\/\/kichiko.net\/wp-content\/uploads\/2020\/06\/IMG_1827-2-419x1024.jpg 419w, https:\/\/kichiko.net\/wp-content\/uploads\/2020\/06\/IMG_1827-2-245x600.jpg 245w, https:\/\/kichiko.net\/wp-content\/uploads\/2020\/06\/IMG_1827-2-768x1878.jpg 768w, https:\/\/kichiko.net\/wp-content\/uploads\/2020\/06\/IMG_1827-2.jpg 1267w\" sizes=\"(max-width: 419px) 100vw, 419px\" \/><figcaption>Iso med sitt nye menneske<\/figcaption><\/figure>\n","protected":false},"excerpt":{"rendered":"<p>Kl. 19:50 . Nr.4 ble en r\u00f8d hann som veide 210 gr.&nbsp;&nbsp;Han fikk navnet : Kichiko`s&nbsp; Worthy Dai-Ichi Erai. Det betyr: Verdig den f\u00f8rste storhet Nick : IsoRase : ShibaKj\u00f8nn : HannFarge : R\u00f8dF\u00f8dt : 30\/3-2020Reg.nr : NO 41118\/20HD : B\/BAD : 0\/0Patella :\u00a00\/0 Eier :&nbsp;Hanne Fagertun, V\u00e6r\u00f8y<\/p>\n","protected":false},"author":2,"featured_media":0,"parent":2626,"menu_order":3,"comment_status":"closed","ping_status":"closed","template":"","meta":[],"_links":{"self":[{"href":"https:\/\/kichiko.net\/index.php?rest_route=\/wp\/v2\/pages\/2634"}],"collection":[{"href":"https:\/\/kichiko.net\/index.php?rest_route=\/wp\/v2\/pages"}],"about":[{"href":"https:\/\/kichiko.net\/index.php?rest_route=\/wp\/v2\/types\/page"}],"author":[{"embeddable":true,"href":"https:\/\/kichiko.net\/index.php?rest_route=\/wp\/v2\/users\/2"}],"replies":[{"embeddable":true,"href":"https:\/\/kichiko.net\/index.php?rest_route=%2Fwp%2Fv2%2Fcomments&post=2634"}],"version-history":[{"count":13,"href":"https:\/\/kichiko.net\/index.php?rest_route=\/wp\/v2\/pages\/2634\/revisions"}],"predecessor-version":[{"id":4046,"href":"https:\/\/kichiko.net\/index.php?rest_route=\/wp\/v2\/pages\/2634\/revisions\/4046"}],"up":[{"embeddable":true,"href":"https:\/\/kichiko.net\/index.php?rest_route=\/wp\/v2\/pages\/2626"}],"wp:attachment":[{"href":"https:\/\/kichiko.net\/index.php?rest_route=%2Fwp%2Fv2%2Fmedia&parent=2634"}],"curies":[{"name":"wp","href":"https:\/\/api.w.org\/{rel}","templated":true}]}}