{"id":2632,"date":"2020-03-30T20:12:38","date_gmt":"2020-03-30T19:12:38","guid":{"rendered":"http:\/\/kichiko.net\/?page_id=2632"},"modified":"2021-05-07T13:41:03","modified_gmt":"2021-05-07T12:41:03","slug":"kichikos-w-3","status":"publish","type":"page","link":"https:\/\/kichiko.net\/?page_id=2632","title":{"rendered":"Worthy Dai-Ichi Korobeni"},"content":{"rendered":"\n<p>Kl. 19:35 . Nr.3 ble en r\u00f8d hann som veide 210 gr.&nbsp;&nbsp;Han fikk navnet : Kichiko`s&nbsp; Worthy Dai-Ichi Korobeni. Det betyr: Verdig den f\u00f8rste r\u00f8d hund<\/p>\n\n\n\n<p>Nick : Buck-Kenai<br>Rase : Shiba<br>Kj\u00f8nn : Hann<br>Farge : R\u00f8d<br>F\u00f8dt : 30\/3-2020<br>Reg.nr : NO 41117\/20<br>HD : C\/D<br>AD : 0\/0<br>Patella :\u00a00\/0<\/p>\n\n\n\n<p>Eier :&nbsp;Marita Ven\u00e5shagen, Einar og Gina Braastad, F\u00e5vang<\/p>\n\n\n\n<p><\/p>\n\n\n\n<figure class=\"wp-block-image\"><img loading=\"lazy\" width=\"960\" height=\"858\" src=\"http:\/\/kichiko.net\/wp-content\/uploads\/2020\/03\/91118995_10158150780751241_2575726315869044736_n.jpg\" alt=\"\" class=\"wp-image-2645\" srcset=\"https:\/\/kichiko.net\/wp-content\/uploads\/2020\/03\/91118995_10158150780751241_2575726315869044736_n.jpg 960w, https:\/\/kichiko.net\/wp-content\/uploads\/2020\/03\/91118995_10158150780751241_2575726315869044736_n-400x358.jpg 400w, https:\/\/kichiko.net\/wp-content\/uploads\/2020\/03\/91118995_10158150780751241_2575726315869044736_n-768x686.jpg 768w\" sizes=\"(max-width: 960px) 100vw, 960px\" \/><figcaption>Nyf\u00f8dt<br><\/figcaption><\/figure>\n\n\n\n<figure class=\"wp-block-image\"><img loading=\"lazy\" width=\"997\" height=\"1024\" src=\"http:\/\/kichiko.net\/wp-content\/uploads\/2020\/04\/IMG_1560-997x1024.jpg\" alt=\"\" class=\"wp-image-2658\" srcset=\"https:\/\/kichiko.net\/wp-content\/uploads\/2020\/04\/IMG_1560-997x1024.jpg 997w, https:\/\/kichiko.net\/wp-content\/uploads\/2020\/04\/IMG_1560-400x411.jpg 400w, https:\/\/kichiko.net\/wp-content\/uploads\/2020\/04\/IMG_1560-768x788.jpg 768w, https:\/\/kichiko.net\/wp-content\/uploads\/2020\/04\/IMG_1560.jpg 1653w\" sizes=\"(max-width: 997px) 100vw, 997px\" \/><figcaption>1 uke <br><\/figcaption><\/figure>\n\n\n\n<figure class=\"wp-block-image\"><img loading=\"lazy\" width=\"1024\" height=\"847\" src=\"http:\/\/kichiko.net\/wp-content\/uploads\/2020\/04\/IMG_1576-1024x847.jpg\" alt=\"\" class=\"wp-image-2669\" srcset=\"https:\/\/kichiko.net\/wp-content\/uploads\/2020\/04\/IMG_1576-1024x847.jpg 1024w, https:\/\/kichiko.net\/wp-content\/uploads\/2020\/04\/IMG_1576-400x331.jpg 400w, https:\/\/kichiko.net\/wp-content\/uploads\/2020\/04\/IMG_1576-768x635.jpg 768w, https:\/\/kichiko.net\/wp-content\/uploads\/2020\/04\/IMG_1576.jpg 1655w\" sizes=\"(max-width: 1024px) 100vw, 1024px\" \/><figcaption>2 uker<br><\/figcaption><\/figure>\n\n\n\n<figure class=\"wp-block-image\"><img loading=\"lazy\" width=\"1024\" height=\"888\" src=\"http:\/\/kichiko.net\/wp-content\/uploads\/2020\/04\/IMG_1590-1024x888.jpg\" alt=\"\" class=\"wp-image-2697\" srcset=\"https:\/\/kichiko.net\/wp-content\/uploads\/2020\/04\/IMG_1590-1024x888.jpg 1024w, https:\/\/kichiko.net\/wp-content\/uploads\/2020\/04\/IMG_1590-400x347.jpg 400w, https:\/\/kichiko.net\/wp-content\/uploads\/2020\/04\/IMG_1590-768x666.jpg 768w\" sizes=\"(max-width: 1024px) 100vw, 1024px\" \/><figcaption>3 uker<br><\/figcaption><\/figure>\n\n\n\n<figure class=\"wp-block-image\"><img loading=\"lazy\" width=\"993\" height=\"1024\" src=\"http:\/\/kichiko.net\/wp-content\/uploads\/2020\/04\/IMG_1614-993x1024.jpg\" alt=\"\" class=\"wp-image-2715\" srcset=\"https:\/\/kichiko.net\/wp-content\/uploads\/2020\/04\/IMG_1614-993x1024.jpg 993w, https:\/\/kichiko.net\/wp-content\/uploads\/2020\/04\/IMG_1614-400x413.jpg 400w, https:\/\/kichiko.net\/wp-content\/uploads\/2020\/04\/IMG_1614-768x792.jpg 768w\" sizes=\"(max-width: 993px) 100vw, 993px\" \/><figcaption>4 uker<br><\/figcaption><\/figure>\n\n\n\n<figure class=\"wp-block-image\"><img loading=\"lazy\" width=\"767\" height=\"1024\" src=\"http:\/\/kichiko.net\/wp-content\/uploads\/2020\/05\/IMG_1638-767x1024.jpg\" alt=\"\" class=\"wp-image-2726\" srcset=\"https:\/\/kichiko.net\/wp-content\/uploads\/2020\/05\/IMG_1638-767x1024.jpg 767w, https:\/\/kichiko.net\/wp-content\/uploads\/2020\/05\/IMG_1638-400x534.jpg 400w, https:\/\/kichiko.net\/wp-content\/uploads\/2020\/05\/IMG_1638-768x1025.jpg 768w, https:\/\/kichiko.net\/wp-content\/uploads\/2020\/05\/IMG_1638.jpg 1451w\" sizes=\"(max-width: 767px) 100vw, 767px\" \/><figcaption>5 uker<br><br><\/figcaption><\/figure>\n\n\n\n<figure class=\"wp-block-image\"><img loading=\"lazy\" width=\"738\" height=\"1024\" src=\"http:\/\/kichiko.net\/wp-content\/uploads\/2020\/05\/IMG_1672-2-738x1024.jpg\" alt=\"\" class=\"wp-image-2762\" srcset=\"https:\/\/kichiko.net\/wp-content\/uploads\/2020\/05\/IMG_1672-2-738x1024.jpg 738w, https:\/\/kichiko.net\/wp-content\/uploads\/2020\/05\/IMG_1672-2-400x555.jpg 400w, https:\/\/kichiko.net\/wp-content\/uploads\/2020\/05\/IMG_1672-2-768x1066.jpg 768w, https:\/\/kichiko.net\/wp-content\/uploads\/2020\/05\/IMG_1672-2.jpg 1579w\" sizes=\"(max-width: 738px) 100vw, 738px\" \/><figcaption>6 uker<br><\/figcaption><\/figure>\n\n\n\n<figure class=\"wp-block-image\"><img loading=\"lazy\" width=\"712\" height=\"1024\" src=\"http:\/\/kichiko.net\/wp-content\/uploads\/2020\/05\/IMG_1717-2-712x1024.jpg\" alt=\"\" class=\"wp-image-2779\" srcset=\"https:\/\/kichiko.net\/wp-content\/uploads\/2020\/05\/IMG_1717-2-712x1024.jpg 712w, https:\/\/kichiko.net\/wp-content\/uploads\/2020\/05\/IMG_1717-2-400x575.jpg 400w, https:\/\/kichiko.net\/wp-content\/uploads\/2020\/05\/IMG_1717-2-768x1104.jpg 768w, https:\/\/kichiko.net\/wp-content\/uploads\/2020\/05\/IMG_1717-2.jpg 1299w\" sizes=\"(max-width: 712px) 100vw, 712px\" \/><figcaption>7 uker<br><\/figcaption><\/figure>\n\n\n\n<figure class=\"wp-block-image\"><img loading=\"lazy\" width=\"733\" height=\"1024\" src=\"http:\/\/kichiko.net\/wp-content\/uploads\/2020\/05\/IMG_1809-2-733x1024.jpg\" alt=\"\" class=\"wp-image-2794\" srcset=\"https:\/\/kichiko.net\/wp-content\/uploads\/2020\/05\/IMG_1809-2-733x1024.jpg 733w, https:\/\/kichiko.net\/wp-content\/uploads\/2020\/05\/IMG_1809-2-400x559.jpg 400w, https:\/\/kichiko.net\/wp-content\/uploads\/2020\/05\/IMG_1809-2-768x1073.jpg 768w, https:\/\/kichiko.net\/wp-content\/uploads\/2020\/05\/IMG_1809-2.jpg 1679w\" sizes=\"(max-width: 733px) 100vw, 733px\" \/><figcaption>Buck-Kenai med sine nye eiere<\/figcaption><\/figure>\n","protected":false},"excerpt":{"rendered":"<p>Kl. 19:35 . Nr.3 ble en r\u00f8d hann som veide 210 gr.&nbsp;&nbsp;Han fikk navnet : Kichiko`s&nbsp; Worthy Dai-Ichi Korobeni. Det betyr: Verdig den f\u00f8rste r\u00f8d hund Nick : Buck-KenaiRase : ShibaKj\u00f8nn : HannFarge : R\u00f8dF\u00f8dt : 30\/3-2020Reg.nr : NO 41117\/20HD : C\/DAD : 0\/0Patella :\u00a00\/0 Eier :&nbsp;Marita Ven\u00e5shagen, Einar og Gina Braastad, F\u00e5vang<\/p>\n","protected":false},"author":2,"featured_media":0,"parent":2626,"menu_order":2,"comment_status":"closed","ping_status":"closed","template":"","meta":[],"_links":{"self":[{"href":"https:\/\/kichiko.net\/index.php?rest_route=\/wp\/v2\/pages\/2632"}],"collection":[{"href":"https:\/\/kichiko.net\/index.php?rest_route=\/wp\/v2\/pages"}],"about":[{"href":"https:\/\/kichiko.net\/index.php?rest_route=\/wp\/v2\/types\/page"}],"author":[{"embeddable":true,"href":"https:\/\/kichiko.net\/index.php?rest_route=\/wp\/v2\/users\/2"}],"replies":[{"embeddable":true,"href":"https:\/\/kichiko.net\/index.php?rest_route=%2Fwp%2Fv2%2Fcomments&post=2632"}],"version-history":[{"count":12,"href":"https:\/\/kichiko.net\/index.php?rest_route=\/wp\/v2\/pages\/2632\/revisions"}],"predecessor-version":[{"id":3560,"href":"https:\/\/kichiko.net\/index.php?rest_route=\/wp\/v2\/pages\/2632\/revisions\/3560"}],"up":[{"embeddable":true,"href":"https:\/\/kichiko.net\/index.php?rest_route=\/wp\/v2\/pages\/2626"}],"wp:attachment":[{"href":"https:\/\/kichiko.net\/index.php?rest_route=%2Fwp%2Fv2%2Fmedia&parent=2632"}],"curies":[{"name":"wp","href":"https:\/\/api.w.org\/{rel}","templated":true}]}}