{"id":2628,"date":"2020-03-30T20:11:53","date_gmt":"2020-03-30T19:11:53","guid":{"rendered":"http:\/\/kichiko.net\/?page_id=2628"},"modified":"2022-02-07T19:50:00","modified_gmt":"2022-02-07T18:50:00","slug":"kichikos-w","status":"publish","type":"page","link":"https:\/\/kichiko.net\/?page_id=2628","title":{"rendered":"Worthy Dai-Ichi Kazan"},"content":{"rendered":"\n<p>Kl. 17:55 . Nr.1 ble en r\u00f8d hann som veide 240 gr.&nbsp;&nbsp;Han fikk navnet : Kichiko`s&nbsp; Worthy Dai-Ichi Kazan. Det betyr: Verdig den f\u00f8rste vulkan <\/p>\n\n\n\n<p>Nick : Max<br>Rase : Shiba<br>Kj\u00f8nn : Hann<br>Farge : R\u00f8d<br>F\u00f8dt : 30\/3-2020<br>Reg.nr : NO 41115\/20<br>HD : E\/E<br>AD : 0\/0<br>Patella :\u00a0<\/p>\n\n\n\n<p>Eier :&nbsp; Tim og Olga Crome, Kongsberg<\/p>\n\n\n\n<figure class=\"wp-block-image\"><img loading=\"lazy\" width=\"960\" height=\"934\" src=\"http:\/\/kichiko.net\/wp-content\/uploads\/2020\/03\/91387813_10158150780481241_533496802872131584_n.jpg\" alt=\"\" class=\"wp-image-2640\" srcset=\"https:\/\/kichiko.net\/wp-content\/uploads\/2020\/03\/91387813_10158150780481241_533496802872131584_n.jpg 960w, https:\/\/kichiko.net\/wp-content\/uploads\/2020\/03\/91387813_10158150780481241_533496802872131584_n-400x389.jpg 400w, https:\/\/kichiko.net\/wp-content\/uploads\/2020\/03\/91387813_10158150780481241_533496802872131584_n-768x747.jpg 768w\" sizes=\"(max-width: 960px) 100vw, 960px\" \/><figcaption>Nyf\u00f8dt<br><\/figcaption><\/figure>\n\n\n\n<figure class=\"wp-block-image\"><img loading=\"lazy\" width=\"995\" height=\"1024\" src=\"http:\/\/kichiko.net\/wp-content\/uploads\/2020\/04\/IMG_1556-995x1024.jpg\" alt=\"\" class=\"wp-image-2653\" srcset=\"https:\/\/kichiko.net\/wp-content\/uploads\/2020\/04\/IMG_1556-995x1024.jpg 995w, https:\/\/kichiko.net\/wp-content\/uploads\/2020\/04\/IMG_1556-400x412.jpg 400w, https:\/\/kichiko.net\/wp-content\/uploads\/2020\/04\/IMG_1556-768x790.jpg 768w, https:\/\/kichiko.net\/wp-content\/uploads\/2020\/04\/IMG_1556.jpg 1717w\" sizes=\"(max-width: 995px) 100vw, 995px\" \/><figcaption>1 uke <br><\/figcaption><\/figure>\n\n\n\n<figure class=\"wp-block-image\"><img loading=\"lazy\" width=\"864\" height=\"1024\" src=\"http:\/\/kichiko.net\/wp-content\/uploads\/2020\/04\/IMG_1574-864x1024.jpg\" alt=\"\" class=\"wp-image-2665\" srcset=\"https:\/\/kichiko.net\/wp-content\/uploads\/2020\/04\/IMG_1574-864x1024.jpg 864w, https:\/\/kichiko.net\/wp-content\/uploads\/2020\/04\/IMG_1574-400x474.jpg 400w, https:\/\/kichiko.net\/wp-content\/uploads\/2020\/04\/IMG_1574-768x910.jpg 768w, https:\/\/kichiko.net\/wp-content\/uploads\/2020\/04\/IMG_1574.jpg 1528w\" sizes=\"(max-width: 864px) 100vw, 864px\" \/><figcaption>2 uker<br><\/figcaption><\/figure>\n\n\n\n<figure class=\"wp-block-image\"><img loading=\"lazy\" width=\"926\" height=\"1024\" src=\"http:\/\/kichiko.net\/wp-content\/uploads\/2020\/04\/IMG_1587-926x1024.jpg\" alt=\"\" class=\"wp-image-2692\" srcset=\"https:\/\/kichiko.net\/wp-content\/uploads\/2020\/04\/IMG_1587-926x1024.jpg 926w, https:\/\/kichiko.net\/wp-content\/uploads\/2020\/04\/IMG_1587-400x442.jpg 400w, https:\/\/kichiko.net\/wp-content\/uploads\/2020\/04\/IMG_1587-768x849.jpg 768w, https:\/\/kichiko.net\/wp-content\/uploads\/2020\/04\/IMG_1587.jpg 1919w\" sizes=\"(max-width: 926px) 100vw, 926px\" \/><figcaption>3 uker<br><\/figcaption><\/figure>\n\n\n\n<figure class=\"wp-block-image\"><img loading=\"lazy\" width=\"1024\" height=\"980\" src=\"http:\/\/kichiko.net\/wp-content\/uploads\/2020\/04\/IMG_1612-1024x980.jpg\" alt=\"\" class=\"wp-image-2711\" srcset=\"https:\/\/kichiko.net\/wp-content\/uploads\/2020\/04\/IMG_1612-1024x980.jpg 1024w, https:\/\/kichiko.net\/wp-content\/uploads\/2020\/04\/IMG_1612-400x383.jpg 400w, https:\/\/kichiko.net\/wp-content\/uploads\/2020\/04\/IMG_1612-768x735.jpg 768w\" sizes=\"(max-width: 1024px) 100vw, 1024px\" \/><figcaption>4 uker<br><\/figcaption><\/figure>\n\n\n\n<figure class=\"wp-block-image\"><img loading=\"lazy\" width=\"677\" height=\"1024\" src=\"http:\/\/kichiko.net\/wp-content\/uploads\/2020\/05\/IMG_1632-677x1024.jpg\" alt=\"\" class=\"wp-image-2722\" srcset=\"https:\/\/kichiko.net\/wp-content\/uploads\/2020\/05\/IMG_1632-677x1024.jpg 677w, https:\/\/kichiko.net\/wp-content\/uploads\/2020\/05\/IMG_1632-397x600.jpg 397w, https:\/\/kichiko.net\/wp-content\/uploads\/2020\/05\/IMG_1632-768x1161.jpg 768w, https:\/\/kichiko.net\/wp-content\/uploads\/2020\/05\/IMG_1632.jpg 1339w\" sizes=\"(max-width: 677px) 100vw, 677px\" \/><figcaption>5 uker<br><\/figcaption><\/figure>\n\n\n\n<figure class=\"wp-block-image\"><img loading=\"lazy\" width=\"924\" height=\"1024\" src=\"http:\/\/kichiko.net\/wp-content\/uploads\/2020\/05\/IMG_1667-924x1024.jpg\" alt=\"\" class=\"wp-image-2756\" srcset=\"https:\/\/kichiko.net\/wp-content\/uploads\/2020\/05\/IMG_1667-924x1024.jpg 924w, https:\/\/kichiko.net\/wp-content\/uploads\/2020\/05\/IMG_1667-400x443.jpg 400w, https:\/\/kichiko.net\/wp-content\/uploads\/2020\/05\/IMG_1667-768x851.jpg 768w, https:\/\/kichiko.net\/wp-content\/uploads\/2020\/05\/IMG_1667.jpg 1838w\" sizes=\"(max-width: 924px) 100vw, 924px\" \/><figcaption>6 uker<br><\/figcaption><\/figure>\n\n\n\n<figure class=\"wp-block-image\"><img loading=\"lazy\" width=\"795\" height=\"1024\" src=\"http:\/\/kichiko.net\/wp-content\/uploads\/2020\/05\/IMG_1710-2-795x1024.jpg\" alt=\"\" class=\"wp-image-2775\" srcset=\"https:\/\/kichiko.net\/wp-content\/uploads\/2020\/05\/IMG_1710-2-795x1024.jpg 795w, https:\/\/kichiko.net\/wp-content\/uploads\/2020\/05\/IMG_1710-2-400x515.jpg 400w, https:\/\/kichiko.net\/wp-content\/uploads\/2020\/05\/IMG_1710-2-768x990.jpg 768w, https:\/\/kichiko.net\/wp-content\/uploads\/2020\/05\/IMG_1710-2.jpg 1517w\" sizes=\"(max-width: 795px) 100vw, 795px\" \/><figcaption>7 uker<br><\/figcaption><\/figure>\n\n\n\n<figure class=\"wp-block-image\"><img loading=\"lazy\" width=\"1024\" height=\"1020\" src=\"http:\/\/kichiko.net\/wp-content\/uploads\/2020\/05\/IMG_1808-2-1024x1020.jpg\" alt=\"\" class=\"wp-image-2790\" srcset=\"https:\/\/kichiko.net\/wp-content\/uploads\/2020\/05\/IMG_1808-2-1024x1020.jpg 1024w, https:\/\/kichiko.net\/wp-content\/uploads\/2020\/05\/IMG_1808-2-150x150.jpg 150w, https:\/\/kichiko.net\/wp-content\/uploads\/2020\/05\/IMG_1808-2-400x399.jpg 400w, https:\/\/kichiko.net\/wp-content\/uploads\/2020\/05\/IMG_1808-2-768x765.jpg 768w, https:\/\/kichiko.net\/wp-content\/uploads\/2020\/05\/IMG_1808-2.jpg 2022w\" sizes=\"(max-width: 1024px) 100vw, 1024px\" \/><figcaption>Max med sine nye eiere<\/figcaption><\/figure>\n","protected":false},"excerpt":{"rendered":"<p>Kl. 17:55 . Nr.1 ble en r\u00f8d hann som veide 240 gr.&nbsp;&nbsp;Han fikk navnet : Kichiko`s&nbsp; Worthy Dai-Ichi Kazan. Det betyr: Verdig den f\u00f8rste vulkan Nick : MaxRase : ShibaKj\u00f8nn : HannFarge : R\u00f8dF\u00f8dt : 30\/3-2020Reg.nr : NO 41115\/20HD : E\/EAD : 0\/0Patella :\u00a0 Eier :&nbsp; Tim og Olga Crome, Kongsberg<\/p>\n","protected":false},"author":2,"featured_media":0,"parent":2626,"menu_order":0,"comment_status":"closed","ping_status":"closed","template":"","meta":[],"_links":{"self":[{"href":"https:\/\/kichiko.net\/index.php?rest_route=\/wp\/v2\/pages\/2628"}],"collection":[{"href":"https:\/\/kichiko.net\/index.php?rest_route=\/wp\/v2\/pages"}],"about":[{"href":"https:\/\/kichiko.net\/index.php?rest_route=\/wp\/v2\/types\/page"}],"author":[{"embeddable":true,"href":"https:\/\/kichiko.net\/index.php?rest_route=\/wp\/v2\/users\/2"}],"replies":[{"embeddable":true,"href":"https:\/\/kichiko.net\/index.php?rest_route=%2Fwp%2Fv2%2Fcomments&post=2628"}],"version-history":[{"count":14,"href":"https:\/\/kichiko.net\/index.php?rest_route=\/wp\/v2\/pages\/2628\/revisions"}],"predecessor-version":[{"id":4044,"href":"https:\/\/kichiko.net\/index.php?rest_route=\/wp\/v2\/pages\/2628\/revisions\/4044"}],"up":[{"embeddable":true,"href":"https:\/\/kichiko.net\/index.php?rest_route=\/wp\/v2\/pages\/2626"}],"wp:attachment":[{"href":"https:\/\/kichiko.net\/index.php?rest_route=%2Fwp%2Fv2%2Fmedia&parent=2628"}],"curies":[{"name":"wp","href":"https:\/\/api.w.org\/{rel}","templated":true}]}}