{"id":2423,"date":"2019-11-05T22:58:45","date_gmt":"2019-11-05T21:58:45","guid":{"rendered":"http:\/\/kichiko.net\/?page_id=2423"},"modified":"2021-11-18T22:29:03","modified_gmt":"2021-11-18T21:29:03","slug":"kichikos-v-4","status":"publish","type":"page","link":"https:\/\/kichiko.net\/?page_id=2423","title":{"rendered":"Valuable CallHimWhatUWant"},"content":{"rendered":"\n<p>Kl. 13:30 . Nr.4 ble en r\u00f8d hann som veide 260 gr.&nbsp;&nbsp;Han fikk navnet : Kichiko`s&nbsp; Valuable CallHimWhatever. Det betyr : Verdifull &laquo;Kall han hva du vil&raquo;<\/p>\n\n\n\n<p>Nick : Nick<br>Rase : Shiba<br>Kj\u00f8nn : Hann<br>Farge : R\u00f8d<br>F\u00f8dt : 5\/11-2019<br>Reg.nr : NO 59446\/19<br>HD : A\/A<br>AD : 0\/0<br>Patella :\u00a00\/0<br>\u00d8yenlyst m\/gonioskopi: Intet p\u00e5vist<\/p>\n\n\n\n<p>Eier :&nbsp;Wenche Ulleberg-B\u00f8hmer, Nannestad<\/p>\n\n\n\n<p>Titler: Norsk Junior Vinner-20<\/p>\n\n\n\n<p>Premieringer: 2 X HP, 2 X BIR valp, 1 X 4.BIG valp<\/p>\n\n\n\n<p>2 X CK, 2 X CERT<\/p>\n\n\n\n<figure class=\"wp-block-image\"><img loading=\"lazy\" width=\"944\" height=\"960\" src=\"http:\/\/kichiko.net\/wp-content\/uploads\/2019\/11\/76268032_10157668794526241_4925528268112658432_n.jpg\" alt=\"\" class=\"wp-image-2438\" srcset=\"https:\/\/kichiko.net\/wp-content\/uploads\/2019\/11\/76268032_10157668794526241_4925528268112658432_n.jpg 944w, https:\/\/kichiko.net\/wp-content\/uploads\/2019\/11\/76268032_10157668794526241_4925528268112658432_n-400x407.jpg 400w, https:\/\/kichiko.net\/wp-content\/uploads\/2019\/11\/76268032_10157668794526241_4925528268112658432_n-768x781.jpg 768w\" sizes=\"(max-width: 944px) 100vw, 944px\" \/><figcaption>Nyf\u00f8dt<br><\/figcaption><\/figure>\n\n\n\n<figure class=\"wp-block-image\"><img loading=\"lazy\" width=\"1024\" height=\"882\" src=\"http:\/\/kichiko.net\/wp-content\/uploads\/2019\/11\/IMG_1146-1024x882.jpg\" alt=\"\" class=\"wp-image-2457\" srcset=\"https:\/\/kichiko.net\/wp-content\/uploads\/2019\/11\/IMG_1146-1024x882.jpg 1024w, https:\/\/kichiko.net\/wp-content\/uploads\/2019\/11\/IMG_1146-400x345.jpg 400w, https:\/\/kichiko.net\/wp-content\/uploads\/2019\/11\/IMG_1146-768x662.jpg 768w, https:\/\/kichiko.net\/wp-content\/uploads\/2019\/11\/IMG_1146.jpg 2040w\" sizes=\"(max-width: 1024px) 100vw, 1024px\" \/><figcaption>1 uke<br><\/figcaption><\/figure>\n\n\n\n<figure class=\"wp-block-image\"><img loading=\"lazy\" width=\"1024\" height=\"1006\" src=\"http:\/\/kichiko.net\/wp-content\/uploads\/2019\/11\/IMG_1155-1024x1006.jpg\" alt=\"\" class=\"wp-image-2475\" srcset=\"https:\/\/kichiko.net\/wp-content\/uploads\/2019\/11\/IMG_1155-1024x1006.jpg 1024w, https:\/\/kichiko.net\/wp-content\/uploads\/2019\/11\/IMG_1155-400x393.jpg 400w, https:\/\/kichiko.net\/wp-content\/uploads\/2019\/11\/IMG_1155-768x754.jpg 768w\" sizes=\"(max-width: 1024px) 100vw, 1024px\" \/><figcaption>2 uker<br><\/figcaption><\/figure>\n\n\n\n<figure class=\"wp-block-image\"><img loading=\"lazy\" width=\"883\" height=\"1024\" src=\"http:\/\/kichiko.net\/wp-content\/uploads\/2019\/11\/IMG_1189-883x1024.jpg\" alt=\"\" class=\"wp-image-2488\" srcset=\"https:\/\/kichiko.net\/wp-content\/uploads\/2019\/11\/IMG_1189-883x1024.jpg 883w, https:\/\/kichiko.net\/wp-content\/uploads\/2019\/11\/IMG_1189-400x464.jpg 400w, https:\/\/kichiko.net\/wp-content\/uploads\/2019\/11\/IMG_1189-768x890.jpg 768w, https:\/\/kichiko.net\/wp-content\/uploads\/2019\/11\/IMG_1189.jpg 1342w\" sizes=\"(max-width: 883px) 100vw, 883px\" \/><figcaption>3 uker<br><\/figcaption><\/figure>\n\n\n\n<figure class=\"wp-block-image\"><img loading=\"lazy\" width=\"1024\" height=\"996\" src=\"http:\/\/kichiko.net\/wp-content\/uploads\/2019\/12\/IMG_1320-1024x996.jpg\" alt=\"\" class=\"wp-image-2506\" srcset=\"https:\/\/kichiko.net\/wp-content\/uploads\/2019\/12\/IMG_1320-1024x996.jpg 1024w, https:\/\/kichiko.net\/wp-content\/uploads\/2019\/12\/IMG_1320-400x389.jpg 400w, https:\/\/kichiko.net\/wp-content\/uploads\/2019\/12\/IMG_1320-768x747.jpg 768w, https:\/\/kichiko.net\/wp-content\/uploads\/2019\/12\/IMG_1320.jpg 1996w\" sizes=\"(max-width: 1024px) 100vw, 1024px\" \/><figcaption>4 uker<\/figcaption><\/figure>\n\n\n\n<figure class=\"wp-block-image\"><img loading=\"lazy\" width=\"631\" height=\"1024\" src=\"http:\/\/kichiko.net\/wp-content\/uploads\/2019\/12\/IMG_1337-631x1024.jpg\" alt=\"\" class=\"wp-image-2518\" srcset=\"https:\/\/kichiko.net\/wp-content\/uploads\/2019\/12\/IMG_1337-631x1024.jpg 631w, https:\/\/kichiko.net\/wp-content\/uploads\/2019\/12\/IMG_1337-370x600.jpg 370w, https:\/\/kichiko.net\/wp-content\/uploads\/2019\/12\/IMG_1337-768x1246.jpg 768w, https:\/\/kichiko.net\/wp-content\/uploads\/2019\/12\/IMG_1337.jpg 1333w\" sizes=\"(max-width: 631px) 100vw, 631px\" \/><figcaption>5 uker<br><\/figcaption><\/figure>\n\n\n\n<figure class=\"wp-block-image\"><img loading=\"lazy\" width=\"664\" height=\"1024\" src=\"http:\/\/kichiko.net\/wp-content\/uploads\/2019\/12\/IMG_1378-664x1024.jpg\" alt=\"\" class=\"wp-image-2543\" srcset=\"https:\/\/kichiko.net\/wp-content\/uploads\/2019\/12\/IMG_1378-664x1024.jpg 664w, https:\/\/kichiko.net\/wp-content\/uploads\/2019\/12\/IMG_1378-389x600.jpg 389w, https:\/\/kichiko.net\/wp-content\/uploads\/2019\/12\/IMG_1378-768x1184.jpg 768w, https:\/\/kichiko.net\/wp-content\/uploads\/2019\/12\/IMG_1378.jpg 1299w\" sizes=\"(max-width: 664px) 100vw, 664px\" \/><figcaption>6 uker<br><\/figcaption><\/figure>\n\n\n\n<figure class=\"wp-block-image\"><img loading=\"lazy\" width=\"790\" height=\"1024\" src=\"http:\/\/kichiko.net\/wp-content\/uploads\/2019\/12\/IMG_1458-790x1024.jpg\" alt=\"\" class=\"wp-image-2556\" srcset=\"https:\/\/kichiko.net\/wp-content\/uploads\/2019\/12\/IMG_1458-790x1024.jpg 790w, https:\/\/kichiko.net\/wp-content\/uploads\/2019\/12\/IMG_1458-400x518.jpg 400w, https:\/\/kichiko.net\/wp-content\/uploads\/2019\/12\/IMG_1458-768x995.jpg 768w, https:\/\/kichiko.net\/wp-content\/uploads\/2019\/12\/IMG_1458.jpg 1505w\" sizes=\"(max-width: 790px) 100vw, 790px\" \/><figcaption>7 uker<br><\/figcaption><\/figure>\n\n\n\n<figure class=\"wp-block-image\"><img loading=\"lazy\" width=\"619\" height=\"1024\" src=\"http:\/\/kichiko.net\/wp-content\/uploads\/2019\/12\/IMG_1520-619x1024.jpg\" alt=\"\" class=\"wp-image-2592\" srcset=\"https:\/\/kichiko.net\/wp-content\/uploads\/2019\/12\/IMG_1520-619x1024.jpg 619w, https:\/\/kichiko.net\/wp-content\/uploads\/2019\/12\/IMG_1520-363x600.jpg 363w, https:\/\/kichiko.net\/wp-content\/uploads\/2019\/12\/IMG_1520-768x1271.jpg 768w, https:\/\/kichiko.net\/wp-content\/uploads\/2019\/12\/IMG_1520.jpg 1351w\" sizes=\"(max-width: 619px) 100vw, 619px\" \/><figcaption>8 uker<br><\/figcaption><\/figure>\n\n\n\n<figure class=\"wp-block-image\"><img loading=\"lazy\" width=\"1024\" height=\"982\" src=\"http:\/\/kichiko.net\/wp-content\/uploads\/2020\/01\/IMG_1552-1024x982.jpg\" alt=\"\" class=\"wp-image-2598\" srcset=\"https:\/\/kichiko.net\/wp-content\/uploads\/2020\/01\/IMG_1552-1024x982.jpg 1024w, https:\/\/kichiko.net\/wp-content\/uploads\/2020\/01\/IMG_1552-400x384.jpg 400w, https:\/\/kichiko.net\/wp-content\/uploads\/2020\/01\/IMG_1552-768x737.jpg 768w\" sizes=\"(max-width: 1024px) 100vw, 1024px\" \/><figcaption>Nick med sine nye slaver, Wenche, Svein og Svein-Thore<br><\/figcaption><\/figure>\n\n\n\n<figure class=\"wp-block-image\"><img loading=\"lazy\" width=\"473\" height=\"1024\" src=\"http:\/\/kichiko.net\/wp-content\/uploads\/2020\/07\/Nick-BIR-473x1024.jpg\" alt=\"\" class=\"wp-image-2914\" srcset=\"https:\/\/kichiko.net\/wp-content\/uploads\/2020\/07\/Nick-BIR-473x1024.jpg 473w, https:\/\/kichiko.net\/wp-content\/uploads\/2020\/07\/Nick-BIR-277x600.jpg 277w, https:\/\/kichiko.net\/wp-content\/uploads\/2020\/07\/Nick-BIR-768x1663.jpg 768w, https:\/\/kichiko.net\/wp-content\/uploads\/2020\/07\/Nick-BIR.jpg 946w\" sizes=\"(max-width: 473px) 100vw, 473px\" \/><figcaption>18\/7-20 HP, BIR og 4.BIG p\u00e5 valpeshow 6-9 mnd<br>Dommer: Terje Lindstr\u00f8m<\/figcaption><\/figure>\n","protected":false},"excerpt":{"rendered":"<p>Kl. 13:30 . Nr.4 ble en r\u00f8d hann som veide 260 gr.&nbsp;&nbsp;Han fikk navnet : Kichiko`s&nbsp; Valuable CallHimWhatever. Det betyr : Verdifull &laquo;Kall han hva du vil&raquo; Nick : NickRase : ShibaKj\u00f8nn : HannFarge : R\u00f8dF\u00f8dt : 5\/11-2019Reg.nr : NO 59446\/19HD : A\/AAD : 0\/0Patella :\u00a00\/0\u00d8yenlyst m\/gonioskopi: Intet p\u00e5vist Eier :&nbsp;Wenche Ulleberg-B\u00f8hmer, Nannestad Titler: Norsk [&hellip;]<\/p>\n","protected":false},"author":2,"featured_media":0,"parent":2415,"menu_order":4,"comment_status":"closed","ping_status":"closed","template":"","meta":[],"_links":{"self":[{"href":"https:\/\/kichiko.net\/index.php?rest_route=\/wp\/v2\/pages\/2423"}],"collection":[{"href":"https:\/\/kichiko.net\/index.php?rest_route=\/wp\/v2\/pages"}],"about":[{"href":"https:\/\/kichiko.net\/index.php?rest_route=\/wp\/v2\/types\/page"}],"author":[{"embeddable":true,"href":"https:\/\/kichiko.net\/index.php?rest_route=\/wp\/v2\/users\/2"}],"replies":[{"embeddable":true,"href":"https:\/\/kichiko.net\/index.php?rest_route=%2Fwp%2Fv2%2Fcomments&post=2423"}],"version-history":[{"count":21,"href":"https:\/\/kichiko.net\/index.php?rest_route=\/wp\/v2\/pages\/2423\/revisions"}],"predecessor-version":[{"id":3991,"href":"https:\/\/kichiko.net\/index.php?rest_route=\/wp\/v2\/pages\/2423\/revisions\/3991"}],"up":[{"embeddable":true,"href":"https:\/\/kichiko.net\/index.php?rest_route=\/wp\/v2\/pages\/2415"}],"wp:attachment":[{"href":"https:\/\/kichiko.net\/index.php?rest_route=%2Fwp%2Fv2%2Fmedia&parent=2423"}],"curies":[{"name":"wp","href":"https:\/\/api.w.org\/{rel}","templated":true}]}}