{"id":2421,"date":"2019-11-05T22:58:07","date_gmt":"2019-11-05T21:58:07","guid":{"rendered":"http:\/\/kichiko.net\/?page_id=2421"},"modified":"2021-01-31T22:32:10","modified_gmt":"2021-01-31T21:32:10","slug":"kichikos-v-3","status":"publish","type":"page","link":"https:\/\/kichiko.net\/?page_id=2421","title":{"rendered":"Valuable Chikai Fubiki"},"content":{"rendered":"\n<p>Kl. 15:05 . Nr.3 ble en r\u00f8d tispe som veide 280 gr.&nbsp;&nbsp;Hun fikk navnet : Kichiko`s&nbsp; Valuable Chikai Fubiki. Det betyr : Verdifull n\u00e6r Sn\u00f8storm<\/p>\n\n\n\n<p>Nick : Zora<br>Rase : Shiba<br>Kj\u00f8nn : Tispe<br>Farge : R\u00f8d<br>F\u00f8dt : 5\/11-2019<br>Reg.nr : NO 59447\/19<br>HD : B\/C<br>AD : 0\/0<br>Patella :\u00a00\/1<\/p>\n\n\n\n<p>Eier :\u00a0Hilde Schyttelvik<\/p>\n\n\n\n<figure class=\"wp-block-image\"><img loading=\"lazy\" width=\"930\" height=\"960\" src=\"http:\/\/kichiko.net\/wp-content\/uploads\/2019\/11\/75237584_10157668794511241_8340486507810783232_n.jpg\" alt=\"\" class=\"wp-image-2436\" srcset=\"https:\/\/kichiko.net\/wp-content\/uploads\/2019\/11\/75237584_10157668794511241_8340486507810783232_n.jpg 930w, https:\/\/kichiko.net\/wp-content\/uploads\/2019\/11\/75237584_10157668794511241_8340486507810783232_n-400x413.jpg 400w, https:\/\/kichiko.net\/wp-content\/uploads\/2019\/11\/75237584_10157668794511241_8340486507810783232_n-768x793.jpg 768w\" sizes=\"(max-width: 930px) 100vw, 930px\" \/><figcaption>Nyf\u00f8dt<br><\/figcaption><\/figure>\n\n\n\n<figure class=\"wp-block-image\"><img loading=\"lazy\" width=\"1024\" height=\"942\" src=\"http:\/\/kichiko.net\/wp-content\/uploads\/2019\/11\/IMG_1143-1024x942.jpg\" alt=\"\" class=\"wp-image-2455\" srcset=\"https:\/\/kichiko.net\/wp-content\/uploads\/2019\/11\/IMG_1143-1024x942.jpg 1024w, https:\/\/kichiko.net\/wp-content\/uploads\/2019\/11\/IMG_1143-400x368.jpg 400w, https:\/\/kichiko.net\/wp-content\/uploads\/2019\/11\/IMG_1143-768x706.jpg 768w, https:\/\/kichiko.net\/wp-content\/uploads\/2019\/11\/IMG_1143.jpg 2015w\" sizes=\"(max-width: 1024px) 100vw, 1024px\" \/><figcaption>1 uke <br><\/figcaption><\/figure>\n\n\n\n<figure class=\"wp-block-image\"><img loading=\"lazy\" width=\"1024\" height=\"877\" src=\"http:\/\/kichiko.net\/wp-content\/uploads\/2019\/11\/IMG_1153-1024x877.jpg\" alt=\"\" class=\"wp-image-2473\" srcset=\"https:\/\/kichiko.net\/wp-content\/uploads\/2019\/11\/IMG_1153-1024x877.jpg 1024w, https:\/\/kichiko.net\/wp-content\/uploads\/2019\/11\/IMG_1153-400x343.jpg 400w, https:\/\/kichiko.net\/wp-content\/uploads\/2019\/11\/IMG_1153-768x658.jpg 768w\" sizes=\"(max-width: 1024px) 100vw, 1024px\" \/><figcaption>2 uker<br><\/figcaption><\/figure>\n\n\n\n<figure class=\"wp-block-image\"><img loading=\"lazy\" width=\"998\" height=\"1024\" src=\"http:\/\/kichiko.net\/wp-content\/uploads\/2019\/11\/IMG_1187-998x1024.jpg\" alt=\"\" class=\"wp-image-2485\" srcset=\"https:\/\/kichiko.net\/wp-content\/uploads\/2019\/11\/IMG_1187-998x1024.jpg 998w, https:\/\/kichiko.net\/wp-content\/uploads\/2019\/11\/IMG_1187-400x410.jpg 400w, https:\/\/kichiko.net\/wp-content\/uploads\/2019\/11\/IMG_1187-768x788.jpg 768w, https:\/\/kichiko.net\/wp-content\/uploads\/2019\/11\/IMG_1187.jpg 1320w\" sizes=\"(max-width: 998px) 100vw, 998px\" \/><figcaption>3 uker<br><\/figcaption><\/figure>\n\n\n\n<figure class=\"wp-block-image\"><img loading=\"lazy\" width=\"1024\" height=\"899\" src=\"http:\/\/kichiko.net\/wp-content\/uploads\/2019\/12\/IMG_1316-1024x899.jpg\" alt=\"\" class=\"wp-image-2504\" srcset=\"https:\/\/kichiko.net\/wp-content\/uploads\/2019\/12\/IMG_1316-1024x899.jpg 1024w, https:\/\/kichiko.net\/wp-content\/uploads\/2019\/12\/IMG_1316-400x351.jpg 400w, https:\/\/kichiko.net\/wp-content\/uploads\/2019\/12\/IMG_1316-768x674.jpg 768w, https:\/\/kichiko.net\/wp-content\/uploads\/2019\/12\/IMG_1316.jpg 1890w\" sizes=\"(max-width: 1024px) 100vw, 1024px\" \/><figcaption>4 uker<\/figcaption><\/figure>\n\n\n\n<figure class=\"wp-block-image\"><img loading=\"lazy\" width=\"695\" height=\"1024\" src=\"http:\/\/kichiko.net\/wp-content\/uploads\/2019\/12\/IMG_1335-695x1024.jpg\" alt=\"\" class=\"wp-image-2516\" srcset=\"https:\/\/kichiko.net\/wp-content\/uploads\/2019\/12\/IMG_1335-695x1024.jpg 695w, https:\/\/kichiko.net\/wp-content\/uploads\/2019\/12\/IMG_1335-400x589.jpg 400w, https:\/\/kichiko.net\/wp-content\/uploads\/2019\/12\/IMG_1335-768x1131.jpg 768w, https:\/\/kichiko.net\/wp-content\/uploads\/2019\/12\/IMG_1335.jpg 1357w\" sizes=\"(max-width: 695px) 100vw, 695px\" \/><figcaption>5 uker<br><\/figcaption><\/figure>\n\n\n\n<figure class=\"wp-block-image\"><img loading=\"lazy\" width=\"815\" height=\"1024\" src=\"http:\/\/kichiko.net\/wp-content\/uploads\/2019\/12\/IMG_1373-815x1024.jpg\" alt=\"\" class=\"wp-image-2541\" srcset=\"https:\/\/kichiko.net\/wp-content\/uploads\/2019\/12\/IMG_1373-815x1024.jpg 815w, https:\/\/kichiko.net\/wp-content\/uploads\/2019\/12\/IMG_1373-400x502.jpg 400w, https:\/\/kichiko.net\/wp-content\/uploads\/2019\/12\/IMG_1373-768x965.jpg 768w, https:\/\/kichiko.net\/wp-content\/uploads\/2019\/12\/IMG_1373.jpg 1313w\" sizes=\"(max-width: 815px) 100vw, 815px\" \/><figcaption>6 uker<br><\/figcaption><\/figure>\n\n\n\n<figure class=\"wp-block-image\"><img loading=\"lazy\" width=\"832\" height=\"1024\" src=\"http:\/\/kichiko.net\/wp-content\/uploads\/2019\/12\/IMG_1457-832x1024.jpg\" alt=\"\" class=\"wp-image-2553\" srcset=\"https:\/\/kichiko.net\/wp-content\/uploads\/2019\/12\/IMG_1457-832x1024.jpg 832w, https:\/\/kichiko.net\/wp-content\/uploads\/2019\/12\/IMG_1457-400x492.jpg 400w, https:\/\/kichiko.net\/wp-content\/uploads\/2019\/12\/IMG_1457-768x945.jpg 768w, https:\/\/kichiko.net\/wp-content\/uploads\/2019\/12\/IMG_1457.jpg 1662w\" sizes=\"(max-width: 832px) 100vw, 832px\" \/><figcaption>7 uker<\/figcaption><\/figure>\n\n\n\n<figure class=\"wp-block-image\"><img loading=\"lazy\" width=\"938\" height=\"1024\" src=\"http:\/\/kichiko.net\/wp-content\/uploads\/2019\/12\/IMG_1514-938x1024.jpg\" alt=\"\" class=\"wp-image-2575\" srcset=\"https:\/\/kichiko.net\/wp-content\/uploads\/2019\/12\/IMG_1514-938x1024.jpg 938w, https:\/\/kichiko.net\/wp-content\/uploads\/2019\/12\/IMG_1514-400x437.jpg 400w, https:\/\/kichiko.net\/wp-content\/uploads\/2019\/12\/IMG_1514-768x839.jpg 768w\" sizes=\"(max-width: 938px) 100vw, 938px\" \/><figcaption>8 uker ca<br><\/figcaption><\/figure>\n\n\n\n<figure class=\"wp-block-image\"><img loading=\"lazy\" width=\"615\" height=\"553\" src=\"http:\/\/kichiko.net\/wp-content\/uploads\/2021\/01\/Zora1-2.jpg\" alt=\"\" class=\"wp-image-3451\" srcset=\"https:\/\/kichiko.net\/wp-content\/uploads\/2021\/01\/Zora1-2.jpg 615w, https:\/\/kichiko.net\/wp-content\/uploads\/2021\/01\/Zora1-2-400x360.jpg 400w\" sizes=\"(max-width: 615px) 100vw, 615px\" \/><\/figure>\n","protected":false},"excerpt":{"rendered":"<p>Kl. 15:05 . Nr.3 ble en r\u00f8d tispe som veide 280 gr.&nbsp;&nbsp;Hun fikk navnet : Kichiko`s&nbsp; Valuable Chikai Fubiki. Det betyr : Verdifull n\u00e6r Sn\u00f8storm Nick : ZoraRase : ShibaKj\u00f8nn : TispeFarge : R\u00f8dF\u00f8dt : 5\/11-2019Reg.nr : NO 59447\/19HD : B\/CAD : 0\/0Patella :\u00a00\/1 Eier :\u00a0Hilde Schyttelvik<\/p>\n","protected":false},"author":2,"featured_media":0,"parent":2415,"menu_order":3,"comment_status":"closed","ping_status":"closed","template":"","meta":[],"_links":{"self":[{"href":"https:\/\/kichiko.net\/index.php?rest_route=\/wp\/v2\/pages\/2421"}],"collection":[{"href":"https:\/\/kichiko.net\/index.php?rest_route=\/wp\/v2\/pages"}],"about":[{"href":"https:\/\/kichiko.net\/index.php?rest_route=\/wp\/v2\/types\/page"}],"author":[{"embeddable":true,"href":"https:\/\/kichiko.net\/index.php?rest_route=\/wp\/v2\/users\/2"}],"replies":[{"embeddable":true,"href":"https:\/\/kichiko.net\/index.php?rest_route=%2Fwp%2Fv2%2Fcomments&post=2421"}],"version-history":[{"count":13,"href":"https:\/\/kichiko.net\/index.php?rest_route=\/wp\/v2\/pages\/2421\/revisions"}],"predecessor-version":[{"id":3452,"href":"https:\/\/kichiko.net\/index.php?rest_route=\/wp\/v2\/pages\/2421\/revisions\/3452"}],"up":[{"embeddable":true,"href":"https:\/\/kichiko.net\/index.php?rest_route=\/wp\/v2\/pages\/2415"}],"wp:attachment":[{"href":"https:\/\/kichiko.net\/index.php?rest_route=%2Fwp%2Fv2%2Fmedia&parent=2421"}],"curies":[{"name":"wp","href":"https:\/\/api.w.org\/{rel}","templated":true}]}}