{"id":2401,"date":"2019-10-14T13:30:01","date_gmt":"2019-10-14T12:30:01","guid":{"rendered":"http:\/\/kichiko.net\/?page_id=2401"},"modified":"2022-08-18T21:34:12","modified_gmt":"2022-08-18T20:34:12","slug":"satu","status":"publish","type":"page","link":"https:\/\/kichiko.net\/?page_id=2401","title":{"rendered":"Satu"},"content":{"rendered":"\n<figure class=\"wp-block-image\"><img loading=\"lazy\" width=\"1022\" height=\"1024\" src=\"http:\/\/kichiko.net\/wp-content\/uploads\/2019\/12\/Satu-1022x1024.jpg\" alt=\"\" class=\"wp-image-2533\" srcset=\"https:\/\/kichiko.net\/wp-content\/uploads\/2019\/12\/Satu-1022x1024.jpg 1022w, https:\/\/kichiko.net\/wp-content\/uploads\/2019\/12\/Satu-150x150.jpg 150w, https:\/\/kichiko.net\/wp-content\/uploads\/2019\/12\/Satu-400x401.jpg 400w, https:\/\/kichiko.net\/wp-content\/uploads\/2019\/12\/Satu-768x770.jpg 768w, https:\/\/kichiko.net\/wp-content\/uploads\/2019\/12\/Satu.jpg 1805w\" sizes=\"(max-width: 1022px) 100vw, 1022px\" \/><\/figure>\n\n\n\n<p>Navn :&nbsp; Satsukiryuu Go Koshiwasou<br>Nick :&nbsp;Satu<br>Rase : Shiba<br>Kj\u00f8nn: Hann<br>Farge : R\u00f8d<br>F\u00f8dt: 20\/5-2019<br>Reg.nr :&nbsp;JKC-JS-07532\/19-0, NP\/R1-14679<br>Oppdretter : Kobayashi Yosuke, Niigatashi, Japan<br>HD : C\/D<br>Bitt : Korrekt og Fulltannet<br>\u00d8yenlyst : Intet p\u00e5vist<\/p>\n\n\n\n<p>Premieringer: 3 X HP, 2 X BIR valp, 1 X BIM valp, 1 X 1.BIG valp, 1 X BEST IN SHOW valp<\/p>\n\n\n\n<p>Premieringer voksen: 2 X CK, 2 X CERT, 1 X BIR, 1 X BIM<\/p>\n\n\n\n<figure class=\"wp-block-image\"><img loading=\"lazy\" width=\"672\" height=\"960\" src=\"http:\/\/kichiko.net\/wp-content\/uploads\/2019\/12\/80577621_10157833936641241_985858744355127296_n.jpg\" alt=\"\" class=\"wp-image-2565\" srcset=\"https:\/\/kichiko.net\/wp-content\/uploads\/2019\/12\/80577621_10157833936641241_985858744355127296_n.jpg 672w, https:\/\/kichiko.net\/wp-content\/uploads\/2019\/12\/80577621_10157833936641241_985858744355127296_n-400x571.jpg 400w\" sizes=\"(max-width: 672px) 100vw, 672px\" \/><figcaption>28\/12-1 9Satu BIR og Jojo BIM valp<br>Dommer:  Dagmar Klein, Romania <\/figcaption><\/figure>\n\n\n\n<figure class=\"wp-block-image\"><img loading=\"lazy\" width=\"960\" height=\"946\" src=\"http:\/\/kichiko.net\/wp-content\/uploads\/2019\/12\/81130919_10157834597416241_4729856528838819840_n.jpg\" alt=\"\" class=\"wp-image-2566\" srcset=\"https:\/\/kichiko.net\/wp-content\/uploads\/2019\/12\/81130919_10157834597416241_4729856528838819840_n.jpg 960w, https:\/\/kichiko.net\/wp-content\/uploads\/2019\/12\/81130919_10157834597416241_4729856528838819840_n-400x394.jpg 400w, https:\/\/kichiko.net\/wp-content\/uploads\/2019\/12\/81130919_10157834597416241_4729856528838819840_n-768x757.jpg 768w\" sizes=\"(max-width: 960px) 100vw, 960px\" \/><figcaption> 28\/12-19 Satu 1. BIG valp<br>Dommer:  Zaur Agabeyli. <\/figcaption><\/figure>\n\n\n\n<figure class=\"wp-block-image\"><img loading=\"lazy\" width=\"960\" height=\"708\" src=\"http:\/\/kichiko.net\/wp-content\/uploads\/2019\/12\/80749238_10157834597426241_6059109685309472768_n.jpg\" alt=\"\" class=\"wp-image-2567\" srcset=\"https:\/\/kichiko.net\/wp-content\/uploads\/2019\/12\/80749238_10157834597426241_6059109685309472768_n.jpg 960w, https:\/\/kichiko.net\/wp-content\/uploads\/2019\/12\/80749238_10157834597426241_6059109685309472768_n-400x295.jpg 400w, https:\/\/kichiko.net\/wp-content\/uploads\/2019\/12\/80749238_10157834597426241_6059109685309472768_n-768x566.jpg 768w\" sizes=\"(max-width: 960px) 100vw, 960px\" \/><figcaption> 28\/12-19 Satu BEST IN SHOW<br>Dommer: Annika Ulltveit Mo<\/figcaption><\/figure>\n\n\n\n<figure class=\"wp-block-image\"><img loading=\"lazy\" width=\"618\" height=\"960\" src=\"http:\/\/kichiko.net\/wp-content\/uploads\/2019\/10\/70558277_10157528089016241_5107548239087796224_n.jpg\" alt=\"\" class=\"wp-image-2402\" srcset=\"https:\/\/kichiko.net\/wp-content\/uploads\/2019\/10\/70558277_10157528089016241_5107548239087796224_n.jpg 618w, https:\/\/kichiko.net\/wp-content\/uploads\/2019\/10\/70558277_10157528089016241_5107548239087796224_n-386x600.jpg 386w\" sizes=\"(max-width: 618px) 100vw, 618px\" \/><\/figure>\n","protected":false},"excerpt":{"rendered":"<p>Navn :&nbsp; Satsukiryuu Go KoshiwasouNick :&nbsp;SatuRase : ShibaKj\u00f8nn: HannFarge : R\u00f8dF\u00f8dt: 20\/5-2019Reg.nr :&nbsp;JKC-JS-07532\/19-0, NP\/R1-14679Oppdretter : Kobayashi Yosuke, Niigatashi, JapanHD : C\/DBitt : Korrekt og Fulltannet\u00d8yenlyst : Intet p\u00e5vist Premieringer: 3 X HP, 2 X BIR valp, 1 X BIM valp, 1 X 1.BIG valp, 1 X BEST IN SHOW valp Premieringer voksen: 2 X CK, [&hellip;]<\/p>\n","protected":false},"author":2,"featured_media":0,"parent":2015,"menu_order":8,"comment_status":"closed","ping_status":"closed","template":"","meta":[],"_links":{"self":[{"href":"https:\/\/kichiko.net\/index.php?rest_route=\/wp\/v2\/pages\/2401"}],"collection":[{"href":"https:\/\/kichiko.net\/index.php?rest_route=\/wp\/v2\/pages"}],"about":[{"href":"https:\/\/kichiko.net\/index.php?rest_route=\/wp\/v2\/types\/page"}],"author":[{"embeddable":true,"href":"https:\/\/kichiko.net\/index.php?rest_route=\/wp\/v2\/users\/2"}],"replies":[{"embeddable":true,"href":"https:\/\/kichiko.net\/index.php?rest_route=%2Fwp%2Fv2%2Fcomments&post=2401"}],"version-history":[{"count":11,"href":"https:\/\/kichiko.net\/index.php?rest_route=\/wp\/v2\/pages\/2401\/revisions"}],"predecessor-version":[{"id":4376,"href":"https:\/\/kichiko.net\/index.php?rest_route=\/wp\/v2\/pages\/2401\/revisions\/4376"}],"up":[{"embeddable":true,"href":"https:\/\/kichiko.net\/index.php?rest_route=\/wp\/v2\/pages\/2015"}],"wp:attachment":[{"href":"https:\/\/kichiko.net\/index.php?rest_route=%2Fwp%2Fv2%2Fmedia&parent=2401"}],"curies":[{"name":"wp","href":"https:\/\/api.w.org\/{rel}","templated":true}]}}