{"id":2391,"date":"2019-10-14T13:14:04","date_gmt":"2019-10-14T12:14:04","guid":{"rendered":"http:\/\/kichiko.net\/?page_id=2391"},"modified":"2025-02-09T17:19:34","modified_gmt":"2025-02-09T16:19:34","slug":"jojo","status":"publish","type":"page","link":"https:\/\/kichiko.net\/?page_id=2391","title":{"rendered":"Jojo"},"content":{"rendered":"\n<figure class=\"wp-block-image\"><img loading=\"lazy\" width=\"1024\" height=\"840\" src=\"http:\/\/kichiko.net\/wp-content\/uploads\/2019\/12\/Jojo1-1024x840.jpg\" alt=\"\" class=\"wp-image-2527\" srcset=\"https:\/\/kichiko.net\/wp-content\/uploads\/2019\/12\/Jojo1-1024x840.jpg 1024w, https:\/\/kichiko.net\/wp-content\/uploads\/2019\/12\/Jojo1-400x328.jpg 400w, https:\/\/kichiko.net\/wp-content\/uploads\/2019\/12\/Jojo1-768x630.jpg 768w, https:\/\/kichiko.net\/wp-content\/uploads\/2019\/12\/Jojo1.jpg 1967w\" sizes=\"(max-width: 1024px) 100vw, 1024px\" \/><\/figure>\n\n\n\n<p>Navn :&nbsp; Kichiko`s Ureshii Kiku<br>Nick :&nbsp;Jojo<br>Rase : Shiba<br>Kj\u00f8nn: Tispe<br>Farge : R\u00f8d<br>F\u00f8dt: 14\/8-2019<br>Reg.nr :&nbsp;NO52902\/19<br>Oppdretter : Hilde Schyttelvik<\/p>\n\n\n\n<p>Eier: Lise Schyttelvik Sauer, \u00c5ros<\/p>\n\n\n\n<p><br>HD : E<br>AD: 0\/0<\/p>\n\n\n\n<p>Premieringer: 2 X HP, 2 X BIM valp<\/p>\n\n\n\n<figure class=\"wp-block-image\"><img loading=\"lazy\" width=\"672\" height=\"960\" src=\"http:\/\/kichiko.net\/wp-content\/uploads\/2019\/12\/80577621_10157833936641241_985858744355127296_n-1.jpg\" alt=\"\" class=\"wp-image-2573\" srcset=\"https:\/\/kichiko.net\/wp-content\/uploads\/2019\/12\/80577621_10157833936641241_985858744355127296_n-1.jpg 672w, https:\/\/kichiko.net\/wp-content\/uploads\/2019\/12\/80577621_10157833936641241_985858744355127296_n-1-400x571.jpg 400w\" sizes=\"(max-width: 672px) 100vw, 672px\" \/><figcaption>28\/12-19 Satu BIR og Jojo BIM<br>Dommer: Dagmar Klein<\/figcaption><\/figure>\n\n\n\n<figure class=\"wp-block-image\"><img loading=\"lazy\" width=\"960\" height=\"754\" src=\"http:\/\/kichiko.net\/wp-content\/uploads\/2019\/10\/Jojo.jpg\" alt=\"\" class=\"wp-image-2397\" srcset=\"https:\/\/kichiko.net\/wp-content\/uploads\/2019\/10\/Jojo.jpg 960w, https:\/\/kichiko.net\/wp-content\/uploads\/2019\/10\/Jojo-400x314.jpg 400w, https:\/\/kichiko.net\/wp-content\/uploads\/2019\/10\/Jojo-768x603.jpg 768w\" sizes=\"(max-width: 960px) 100vw, 960px\" \/><\/figure>\n","protected":false},"excerpt":{"rendered":"<p>Navn :&nbsp; Kichiko`s Ureshii KikuNick :&nbsp;JojoRase : ShibaKj\u00f8nn: TispeFarge : R\u00f8dF\u00f8dt: 14\/8-2019Reg.nr :&nbsp;NO52902\/19Oppdretter : Hilde Schyttelvik Eier: Lise Schyttelvik Sauer, \u00c5ros HD : EAD: 0\/0 Premieringer: 2 X HP, 2 X BIM valp<\/p>\n","protected":false},"author":2,"featured_media":0,"parent":2015,"menu_order":23,"comment_status":"closed","ping_status":"closed","template":"","meta":[],"_links":{"self":[{"href":"https:\/\/kichiko.net\/index.php?rest_route=\/wp\/v2\/pages\/2391"}],"collection":[{"href":"https:\/\/kichiko.net\/index.php?rest_route=\/wp\/v2\/pages"}],"about":[{"href":"https:\/\/kichiko.net\/index.php?rest_route=\/wp\/v2\/types\/page"}],"author":[{"embeddable":true,"href":"https:\/\/kichiko.net\/index.php?rest_route=\/wp\/v2\/users\/2"}],"replies":[{"embeddable":true,"href":"https:\/\/kichiko.net\/index.php?rest_route=%2Fwp%2Fv2%2Fcomments&post=2391"}],"version-history":[{"count":16,"href":"https:\/\/kichiko.net\/index.php?rest_route=\/wp\/v2\/pages\/2391\/revisions"}],"predecessor-version":[{"id":5618,"href":"https:\/\/kichiko.net\/index.php?rest_route=\/wp\/v2\/pages\/2391\/revisions\/5618"}],"up":[{"embeddable":true,"href":"https:\/\/kichiko.net\/index.php?rest_route=\/wp\/v2\/pages\/2015"}],"wp:attachment":[{"href":"https:\/\/kichiko.net\/index.php?rest_route=%2Fwp%2Fv2%2Fmedia&parent=2391"}],"curies":[{"name":"wp","href":"https:\/\/api.w.org\/{rel}","templated":true}]}}