{"id":2267,"date":"2019-08-08T22:53:26","date_gmt":"2019-08-08T21:53:26","guid":{"rendered":"http:\/\/kichiko.net\/?page_id=2267"},"modified":"2019-10-09T18:23:57","modified_gmt":"2019-10-09T17:23:57","slug":"kichikos-u-2","status":"publish","type":"page","link":"https:\/\/kichiko.net\/?page_id=2267","title":{"rendered":"Ureshii Kiku"},"content":{"rendered":"\n<p>Kl. 21:15 . Nr.2 ble en r\u00f8d tispe som veide 215 gr.&nbsp;&nbsp;Hun fikk navnet : Kichiko`s&nbsp; Ureshii Kiku. Det betyr : Lykkelig Krysantemum<\/p>\n\n\n\n<p>Nick :\u00a0Jojo<br>Rase : Shiba<br>Kj\u00f8nn : Tispe<br>Farge : R\u00f8d<br>F\u00f8dt : 14\/8-2019<br>Reg.nr : NO 52902\/19<br>HD :<br>AD :<br>Patella :\u00a0<\/p>\n\n\n\n<p>Eier :&nbsp;<\/p>\n\n\n\n<figure class=\"wp-block-image\"><img loading=\"lazy\" width=\"720\" height=\"960\" src=\"http:\/\/kichiko.net\/wp-content\/uploads\/2019\/08\/68568618_10157433833116241_720489783335321600_n.jpg\" alt=\"\" class=\"wp-image-2276\" srcset=\"https:\/\/kichiko.net\/wp-content\/uploads\/2019\/08\/68568618_10157433833116241_720489783335321600_n.jpg 720w, https:\/\/kichiko.net\/wp-content\/uploads\/2019\/08\/68568618_10157433833116241_720489783335321600_n-400x533.jpg 400w\" sizes=\"(max-width: 720px) 100vw, 720px\" \/><figcaption>Nyf\u00f8dt<br><\/figcaption><\/figure>\n\n\n\n<figure class=\"wp-block-image\"><img loading=\"lazy\" width=\"850\" height=\"1024\" src=\"http:\/\/kichiko.net\/wp-content\/uploads\/2019\/08\/IMG_0897-850x1024.jpg\" alt=\"\" class=\"wp-image-2289\" srcset=\"https:\/\/kichiko.net\/wp-content\/uploads\/2019\/08\/IMG_0897-850x1024.jpg 850w, https:\/\/kichiko.net\/wp-content\/uploads\/2019\/08\/IMG_0897-400x482.jpg 400w, https:\/\/kichiko.net\/wp-content\/uploads\/2019\/08\/IMG_0897-768x925.jpg 768w, https:\/\/kichiko.net\/wp-content\/uploads\/2019\/08\/IMG_0897.jpg 1384w\" sizes=\"(max-width: 850px) 100vw, 850px\" \/><figcaption>1 uke <br><\/figcaption><\/figure>\n\n\n\n<ul class=\"wp-container-2 wp-block-gallery-1 wp-block-gallery columns-1 is-cropped\"><li class=\"blocks-gallery-item\"><figure><img loading=\"lazy\" width=\"1024\" height=\"886\" src=\"http:\/\/kichiko.net\/wp-content\/uploads\/2019\/08\/IMG_0925-1024x886.jpg\" alt=\"\" data-id=\"2309\" data-link=\"http:\/\/kichiko.net\/?attachment_id=2309\" class=\"wp-image-2309\" srcset=\"https:\/\/kichiko.net\/wp-content\/uploads\/2019\/08\/IMG_0925-1024x886.jpg 1024w, https:\/\/kichiko.net\/wp-content\/uploads\/2019\/08\/IMG_0925-400x346.jpg 400w, https:\/\/kichiko.net\/wp-content\/uploads\/2019\/08\/IMG_0925-768x665.jpg 768w\" sizes=\"(max-width: 1024px) 100vw, 1024px\" \/><\/figure><\/li><\/ul>\n\n\n\n<p style=\"text-align:center\">2 uker<\/p>\n\n\n\n<figure class=\"wp-block-image\"><img loading=\"lazy\" width=\"1024\" height=\"925\" src=\"http:\/\/kichiko.net\/wp-content\/uploads\/2019\/09\/IMG_0957-1024x925.jpg\" alt=\"\" class=\"wp-image-2319\" srcset=\"https:\/\/kichiko.net\/wp-content\/uploads\/2019\/09\/IMG_0957-1024x925.jpg 1024w, https:\/\/kichiko.net\/wp-content\/uploads\/2019\/09\/IMG_0957-400x361.jpg 400w, https:\/\/kichiko.net\/wp-content\/uploads\/2019\/09\/IMG_0957-768x694.jpg 768w, https:\/\/kichiko.net\/wp-content\/uploads\/2019\/09\/IMG_0957.jpg 1799w\" sizes=\"(max-width: 1024px) 100vw, 1024px\" \/><figcaption>3 uker<br><\/figcaption><\/figure>\n\n\n\n<figure class=\"wp-block-image\"><img loading=\"lazy\" width=\"953\" height=\"1024\" src=\"http:\/\/kichiko.net\/wp-content\/uploads\/2019\/09\/IMG_0986-953x1024.jpg\" alt=\"\" class=\"wp-image-2327\" srcset=\"https:\/\/kichiko.net\/wp-content\/uploads\/2019\/09\/IMG_0986-953x1024.jpg 953w, https:\/\/kichiko.net\/wp-content\/uploads\/2019\/09\/IMG_0986-400x430.jpg 400w, https:\/\/kichiko.net\/wp-content\/uploads\/2019\/09\/IMG_0986-768x825.jpg 768w, https:\/\/kichiko.net\/wp-content\/uploads\/2019\/09\/IMG_0986.jpg 1749w\" sizes=\"(max-width: 953px) 100vw, 953px\" \/><figcaption>4 uker<br><\/figcaption><\/figure>\n\n\n\n<figure class=\"wp-block-image\"><img loading=\"lazy\" width=\"758\" height=\"1024\" src=\"http:\/\/kichiko.net\/wp-content\/uploads\/2019\/09\/IMG_1001-758x1024.jpg\" alt=\"\" class=\"wp-image-2338\" srcset=\"https:\/\/kichiko.net\/wp-content\/uploads\/2019\/09\/IMG_1001-758x1024.jpg 758w, https:\/\/kichiko.net\/wp-content\/uploads\/2019\/09\/IMG_1001-400x540.jpg 400w, https:\/\/kichiko.net\/wp-content\/uploads\/2019\/09\/IMG_1001-768x1038.jpg 768w, https:\/\/kichiko.net\/wp-content\/uploads\/2019\/09\/IMG_1001.jpg 1339w\" sizes=\"(max-width: 758px) 100vw, 758px\" \/><figcaption>5 uker<br><\/figcaption><\/figure>\n\n\n\n<figure class=\"wp-block-image\"><img loading=\"lazy\" width=\"944\" height=\"1024\" src=\"http:\/\/kichiko.net\/wp-content\/uploads\/2019\/09\/IMG_1027-944x1024.jpg\" alt=\"\" class=\"wp-image-2353\" srcset=\"https:\/\/kichiko.net\/wp-content\/uploads\/2019\/09\/IMG_1027-944x1024.jpg 944w, https:\/\/kichiko.net\/wp-content\/uploads\/2019\/09\/IMG_1027-400x434.jpg 400w, https:\/\/kichiko.net\/wp-content\/uploads\/2019\/09\/IMG_1027-768x833.jpg 768w, https:\/\/kichiko.net\/wp-content\/uploads\/2019\/09\/IMG_1027.jpg 1764w\" sizes=\"(max-width: 944px) 100vw, 944px\" \/><figcaption>6 uker<br><\/figcaption><\/figure>\n\n\n\n<figure class=\"wp-block-image\"><img loading=\"lazy\" width=\"662\" height=\"1024\" src=\"http:\/\/kichiko.net\/wp-content\/uploads\/2019\/10\/IMG_1054-662x1024.jpg\" alt=\"\" class=\"wp-image-2367\" srcset=\"https:\/\/kichiko.net\/wp-content\/uploads\/2019\/10\/IMG_1054-662x1024.jpg 662w, https:\/\/kichiko.net\/wp-content\/uploads\/2019\/10\/IMG_1054-388x600.jpg 388w, https:\/\/kichiko.net\/wp-content\/uploads\/2019\/10\/IMG_1054-768x1188.jpg 768w, https:\/\/kichiko.net\/wp-content\/uploads\/2019\/10\/IMG_1054.jpg 1197w\" sizes=\"(max-width: 662px) 100vw, 662px\" \/><figcaption>7 uker<br><\/figcaption><\/figure>\n\n\n\n<figure class=\"wp-block-image\"><img loading=\"lazy\" width=\"836\" height=\"1024\" src=\"http:\/\/kichiko.net\/wp-content\/uploads\/2019\/10\/IMG_1091-836x1024.jpg\" alt=\"\" class=\"wp-image-2380\" srcset=\"https:\/\/kichiko.net\/wp-content\/uploads\/2019\/10\/IMG_1091-836x1024.jpg 836w, https:\/\/kichiko.net\/wp-content\/uploads\/2019\/10\/IMG_1091-400x490.jpg 400w, https:\/\/kichiko.net\/wp-content\/uploads\/2019\/10\/IMG_1091-768x941.jpg 768w, https:\/\/kichiko.net\/wp-content\/uploads\/2019\/10\/IMG_1091.jpg 1691w\" sizes=\"(max-width: 836px) 100vw, 836px\" \/><figcaption>8 uker<\/figcaption><\/figure>\n","protected":false},"excerpt":{"rendered":"<p>Kl. 21:15 . Nr.2 ble en r\u00f8d tispe som veide 215 gr.&nbsp;&nbsp;Hun fikk navnet : Kichiko`s&nbsp; Ureshii Kiku. Det betyr : Lykkelig Krysantemum Nick :\u00a0JojoRase : ShibaKj\u00f8nn : TispeFarge : R\u00f8dF\u00f8dt : 14\/8-2019Reg.nr : NO 52902\/19HD :AD :Patella :\u00a0 Eier :&nbsp; 2 uker<\/p>\n","protected":false},"author":2,"featured_media":0,"parent":2259,"menu_order":3,"comment_status":"closed","ping_status":"closed","template":"","meta":[],"_links":{"self":[{"href":"https:\/\/kichiko.net\/index.php?rest_route=\/wp\/v2\/pages\/2267"}],"collection":[{"href":"https:\/\/kichiko.net\/index.php?rest_route=\/wp\/v2\/pages"}],"about":[{"href":"https:\/\/kichiko.net\/index.php?rest_route=\/wp\/v2\/types\/page"}],"author":[{"embeddable":true,"href":"https:\/\/kichiko.net\/index.php?rest_route=\/wp\/v2\/users\/2"}],"replies":[{"embeddable":true,"href":"https:\/\/kichiko.net\/index.php?rest_route=%2Fwp%2Fv2%2Fcomments&post=2267"}],"version-history":[{"count":13,"href":"https:\/\/kichiko.net\/index.php?rest_route=\/wp\/v2\/pages\/2267\/revisions"}],"predecessor-version":[{"id":2381,"href":"https:\/\/kichiko.net\/index.php?rest_route=\/wp\/v2\/pages\/2267\/revisions\/2381"}],"up":[{"embeddable":true,"href":"https:\/\/kichiko.net\/index.php?rest_route=\/wp\/v2\/pages\/2259"}],"wp:attachment":[{"href":"https:\/\/kichiko.net\/index.php?rest_route=%2Fwp%2Fv2%2Fmedia&parent=2267"}],"curies":[{"name":"wp","href":"https:\/\/api.w.org\/{rel}","templated":true}]}}